{"id":1779,"date":"2023-03-09T18:45:30","date_gmt":"2023-03-09T18:45:30","guid":{"rendered":"https:\/\/www.retros-gallery.com\/?page_id=1779"},"modified":"2024-04-30T11:37:23","modified_gmt":"2024-04-30T08:37:23","slug":"politica-de-confidentialitate","status":"publish","type":"page","link":"https:\/\/www.retros-gallery.com\/ro\/politica-de-confidentialitate\/","title":{"rendered":"Politica de confiden\u021bialitatea"},"content":{"rendered":"<div data-elementor-type=\"wp-page\" data-elementor-id=\"1779\" class=\"elementor elementor-1779\" data-elementor-post-type=\"page\">\n\t\t\t\t\t\t<section class=\"has_eae_slider elementor-section elementor-top-section elementor-element elementor-element-7e3a3ea elementor-section-boxed elementor-section-height-default elementor-section-height-default\" data-eae-slider=\"85156\" data-id=\"7e3a3ea\" data-element_type=\"section\">\n\t\t\t\t\t\t<div class=\"elementor-container elementor-column-gap-default\">\n\t\t\t\t\t<div class=\"has_eae_slider elementor-column elementor-col-25 elementor-top-column elementor-element elementor-element-4ffd0af\" data-eae-slider=\"72781\" data-id=\"4ffd0af\" data-element_type=\"column\">\n\t\t\t<div class=\"elementor-widget-wrap\">\n\t\t\t\t\t\t\t<\/div>\n\t\t<\/div>\n\t\t\t\t<div class=\"has_eae_slider elementor-column elementor-col-25 elementor-top-column elementor-element elementor-element-bc72731\" data-eae-slider=\"35531\" data-id=\"bc72731\" data-element_type=\"column\">\n\t\t\t<div class=\"elementor-widget-wrap elementor-element-populated\">\n\t\t\t\t\t\t<div class=\"elementor-element elementor-element-6787ef2 elementor-widget elementor-widget-heading\" data-id=\"6787ef2\" data-element_type=\"widget\" data-widget_type=\"heading.default\">\n\t\t\t\t<div class=\"elementor-widget-container\">\n\t\t\t\t\t<h2 class=\"elementor-heading-title elementor-size-default\">Politica de confiden\u021bialitatea<\/h2>\t\t\t\t<\/div>\n\t\t\t\t<\/div>\n\t\t\t\t\t<\/div>\n\t\t<\/div>\n\t\t\t\t<div class=\"has_eae_slider elementor-column elementor-col-25 elementor-top-column elementor-element elementor-element-8376c8b\" data-eae-slider=\"9066\" data-id=\"8376c8b\" data-element_type=\"column\">\n\t\t\t<div class=\"elementor-widget-wrap\">\n\t\t\t\t\t\t\t<\/div>\n\t\t<\/div>\n\t\t\t\t<div class=\"has_eae_slider elementor-column elementor-col-25 elementor-top-column elementor-element elementor-element-80d92ac\" data-eae-slider=\"62396\" data-id=\"80d92ac\" data-element_type=\"column\">\n\t\t\t<div class=\"elementor-widget-wrap elementor-element-populated\">\n\t\t\t\t\t\t<div class=\"elementor-element elementor-element-8e68631 elementor-widget elementor-widget-spacer\" data-id=\"8e68631\" data-element_type=\"widget\" data-widget_type=\"spacer.default\">\n\t\t\t\t<div class=\"elementor-widget-container\">\n\t\t\t\t\t\t\t<div class=\"elementor-spacer\">\n\t\t\t<div class=\"elementor-spacer-inner\"><\/div>\n\t\t<\/div>\n\t\t\t\t\t\t<\/div>\n\t\t\t\t<\/div>\n\t\t\t\t<div class=\"elementor-element elementor-element-43c5942 elementor-widget elementor-widget-breadcrumbs\" data-id=\"43c5942\" data-element_type=\"widget\" data-widget_type=\"breadcrumbs.default\">\n\t\t\t\t<div class=\"elementor-widget-container\">\n\t\t\t\t\t<div id=\"breadcrumbs\"><span><span><a href=\"https:\/\/www.retros-gallery.com\/ro\/\">Acas\u0103<\/a><\/span><\/span><\/div>\t\t\t\t<\/div>\n\t\t\t\t<\/div>\n\t\t\t\t<div class=\"elementor-element elementor-element-48bd15e elementor-widget elementor-widget-text-editor\" data-id=\"48bd15e\" data-element_type=\"widget\" data-widget_type=\"text-editor.default\">\n\t\t\t\t<div class=\"elementor-widget-container\">\n\t\t\t\t\t\t\t\t\tI.\tInforma\u021bii generale\n<br><br>\n1.\tConfiden\u021bialitatea datelor dumneavoastr\u0103 cu caracter personal constituie o preocupare important\u0103 pentru RETROS GALLERY SRL, \u00een calitate de operator de date.\nAcest document are rolul de a v\u0103 informa cu privire la prelucrarea datelor dumneavoastr\u0103 cu caracter personal, \u00een contextul utiliz\u0103rii Site-ului www.retros-gallery.com.\n<br><br>\nII.\tCategoriile de date cu caracter personal prelucrate<br><br>\n1.\tDac\u0103 sunte\u021bi client al Site-ului www.retros-gallery.com, RETROS GALLERY SRL va prelucra datele dumneavoastr\u0103 cu caracter personal, cum ar fi nume \u015fi prenume, telefon, adresa de e-mail, adresa de facturare, adresa de livrare, Ip, date referitoare la modul \u00een care utiliza\u021bi Site-ul, precum \u0219i orice alte categorii de date pe care le furniza\u021bi \u00een mod direct \u00een contextul cre\u0103rii contului de utilizator, \u00een contextul plas\u0103rii unei comenzi prin intermediul site-ului sau \u00een orice alt mod care rezult\u0103 din utilizarea Site-ului.<br>\n2.\tDac\u0103 sunte\u021bi vizitator al Site-ului vom prelucra datele dumneavoastr\u0103 cu caracter personal pe care le furniza\u021bi \u00een mod direct \u00een contextul utiliz\u0103rii Site-ului, cum ar fi datele pe care le furniza\u021bi \u00een cadrul sec\u021biunii de contact, \u00een m\u0103sura \u00een care ne contacta\u021bi \u00een acest fel.\n<br><br>\nIII.\tScopurile \u0219i temeiurile prelucr\u0103rii\n<br><br>\n1. Dac\u0103 sunte\u021bi client al Site-ului www.retros-gallery.com, RETROS GALLERY SRL prelucreaz\u0103 datele dumneavoastr\u0103 cu caracter personal astfel:<br>\n-\tpentru desf\u0103\u0219urarea rela\u021biei contractuale dintre dumneavoastr\u0103 \u015fi RETROS GALLERY SRL, respectiv pentru preluarea, validarea, expedierea \u015fi facturarea comenzii plasate pe Site, informarea dumneavoastr\u0103 asupra st\u0103rii comenzii, organizarea returului de produse comandate etc.<br>\n-\tpentru \u00eendeplinirea obliga\u021biilor legale care incumb\u0103 RETROS GALLERY SRL \u00een contextul serviciilor prestate prin intermediul Site-ului, inclusiv a obliga\u021biilor \u00een materie fiscal\u0103, precum \u0219i \u00een materie de arhivare.<br>\n-\tpentru activit\u0103\u0163i de marketing, respectiv pentru transmiterea, prin intermediul mijloacelor de comunicare la distan\u0163\u0103 (e-mail, sms)<br>\n2.\tV\u0103 pute\u021bi exprima consim\u021b\u0103m\u00e2ntul pentru prelucrarea datelor \u00een acest scop prin bifarea c\u0103su\u021bei corespunz\u0103toare de la momentul cre\u0103rii contului, sau ulterior cre\u0103rii contului, la sec\u021biunea Informa\u021biile contului meu. Pentru dezabonarea de la primirea unor astfel de comunic\u0103ri comerciale pute\u021bi folosi op\u0163iunea de la finalul fiec\u0103rui e-mail con\u0163in\u00e2nd comunic\u0103ri comerciale. \u00cen plus, pute\u021bi s\u0103 v\u0103 dezabona\u021bi prin accesarea sec\u021biunii Informa\u021biile contului meu.<br>\n3.\tFurnizarea datelor dumneavoastr\u0103 \u00een acest scop este voluntar\u0103. Refuzul furniz\u0103rii consim\u021b\u0103m\u00e2ntului pentru prelucrarea datelor dumneavoastr\u0103 \u00een acest scop nu va avea urm\u0103ri negative pentru dumneavoastr\u0103.<br>\n4.\tDac\u0103 sunte\u021bi vizitator al Site-ului, RETROS GALLERY SRL prelucreaz\u0103 datele dumneavoastr\u0103 cu caracter personal pentru activit\u0103\u0163i de marketing, respectiv pentru transmiterea, prin intermediul mijloacelor de comunicare la distan\u0163\u0103 (e-mail), de comunic\u0103ri comerciale privind produsele \u015fi serviciile oferite de RETROS GALLERY SRL, prin intermediul Site-ului. Prelucrarea datelor dumneavoastr\u0103 pentru acest scop are la baz\u0103 consim\u021b\u0103m\u00e2ntul dumneavoastr\u0103, dac\u0103 alege\u021bi s\u0103-l furniza\u021bi.<br>\n5.\tV\u0103 pute\u021bi exprima consim\u021b\u0103m\u00e2ntul pentru prelucrarea datelor \u00een acest scop prin completarea \u0219i bifarea c\u0103su\u021bei corespunz\u0103toare din formularul pentru abonarea la newsletter disponibil pe Site. Pentru dezabonarea de la primirea unor astfel de comunic\u0103ri comerciale pute\u021bi folosi op\u0163iunea de la finalul fiec\u0103rui e-mail con\u0163in\u00e2nd comunic\u0103ri comerciale.<br>\n6.\tFurnizarea datelor dumneavoastr\u0103 \u00een acest scop este voluntar\u0103. Refuzul furniz\u0103rii consim\u021b\u0103m\u00e2ntului pentru prelucrarea datelor dumneavoastr\u0103 \u00een acest scop nu va avea urm\u0103ri negative pentru dumneavoastr\u0103.\n<br><br>\nIV.\tDurata pentru care v\u0103 prelucr\u0103m datele\n<br><br>\n1.\tCa principiu, RETROS GALLERY SRL va prelucra datele dumneavoastr\u0103 cu caracter personal at\u00e2t c\u00e2t este necesar pentru realizarea scopurilor de prelucrare men\u021bionate mai sus.<br>\n2.\t\u00cen cazul \u00een care sunte\u021bi client, vom prelucra datele dumneavoastr\u0103 pe \u00eentreaga durat\u0103 a raporturilor contractuale \u0219i ulterior conform obliga\u0163iilor legale care revin \u00een sarcina RETROS GALLERY SRL (de ex., \u00een cazul documentelor justificative financiar-contabile pentru care termenul de p\u0103strare prev\u0103zut de lege este de 10 ani de la data \u00eencheierii exerci\u0163iului financiar \u00een cursul c\u0103ruia au fost \u00eentocmite).<br>\n3.\tDac\u0103 v\u0103 retrage\u021bi consim\u021b\u0103m\u00e2ntul pentru prelucrarea datelor \u00een scop de marketing, [de\u021bin\u0103torul website-ului] va \u00eenceta prelucrarea datelor dumneavoastr\u0103 cu caracter personal \u00een acest scop.\n<br><br>\nV.\tDrepturile de care beneficia\u021bi<br><br>\n\u00cen condi\u021biile prev\u0103zute de legisla\u021bia \u00een materia prelucr\u0103rii datelor cu caracter personal, \u00een calitate de persoane vizate, beneficia\u021bi de urm\u0103toarele drepturi:<br>\na)\tdreptul la informare, respectiv dreptul de a primi detalii privind activit\u0103\u021bile de prelucrare efectuate de c\u0103tre RETROS GALLERY SRL, conform celor descrise \u00een prezentul document;<br>\nb)\tdreptul de acces la date, respectiv dreptul de a ob\u021bine confirmarea din partea RETROS GALLERY SRL cu privire la prelucrarea datelor cu caracter personal, precum \u0219i detalii privind activit\u0103\u021bile de prelucrare precum modalitatea \u00een care sunt prelucrate datele, scopul \u00een care se face prelucrarea, destinatarii sau categoriile de destinatari ai datelor, etc;<br>\nc)\tdreptul la rectificare, respectiv dreptul de a ob\u021bine corectarea, f\u0103r\u0103 \u00eent\u00e2rzieri justificate, de c\u0103tre RETROS GALLERY SRL a datelor cu caracter personal inexacte\/ nejustificate, precum \u0219i completarea datelor incomplete; Rectificarea\/ completarea va fi comunicat\u0103 fiec\u0103rui destinatar la care au fost transmise datele, cu excep\u021bia cazului \u00een care acest lucru se dovede\u0219te imposibil sau presupune eforturi dispropor\u021bionate.<br>\nd)\tdreptul la \u0219tergerea datelor, f\u0103r\u0103 \u00eent\u00e2rzieri nejustificate, (\u201edreptul de a fi uitat\"). Este posibil ca, \u00een urma solicit\u0103rii de \u0219tergere a datelor, SC RETROS GALLERY SRL s\u0103 anonimizeze aceste date (lipsindu-le astfel de caracterul personal) \u0219i s\u0103 continue \u00een aceste condi\u021bii prelucrarea pentru scopuri statistice;<br>\ne)\tdreptul de a nu fi subiectul unei decizii luate numai pe baza unor activit\u0103\u021bi de prelucrare automate, inclusiv crearea de profiluri, care produce efecte juridice care privesc persoana vizat\u0103 sau o afecteaz\u0103 \u00een mod similar \u00eentr-o m\u0103sur\u0103 semnificativ\u0103;<br>\nf)\tdreptul de a v\u0103 adresa Autorit\u0103\u0163ii Na\u0163ionale de Supraveghere a Prelucr\u0103rii Datelor cu Caracter Personal sau instan\u021belor competente, \u00een m\u0103sura \u00een care considera\u021bi necesar.\n<br><br><br>\n\nPentru orice \u00eentreb\u0103ri suplimentare cu privire la modul \u00een care datele cu caracter personal sunt prelucrate \u0219i pentru a v\u0103 exercita drepturile men\u021bionate mai sus, v\u0103 rug\u0103m s\u0103 v\u0103 adresa\u021bi la adresa de email: marius@datamar.ro, telefon : 074288888 (Data Mar Srl).\n\t\t\t\t\t\t\t\t<\/div>\n\t\t\t\t<\/div>\n\t\t\t\t\t<\/div>\n\t\t<\/div>\n\t\t\t\t\t<\/div>\n\t\t<\/section>\n\t\t\t\t<\/div>","protected":false},"excerpt":{"rendered":"<p>Privacy Policy I. General information 1. The privacy of your personal data is an important concern for RETROS GALLERY SRL as data controller. The purpose of this document is to inform you about the processing of your personal data in the context of the use of the www.retros-gallery.com website. II. Categories of personal data processed [&hellip;]<\/p>","protected":false},"author":1,"featured_media":0,"parent":0,"menu_order":0,"comment_status":"closed","ping_status":"closed","template":"elementor_header_footer","meta":{"footnotes":""},"class_list":["post-1779","page","type-page","status-publish","hentry"],"yoast_head":"<!-- This site is optimized with the Yoast SEO Premium plugin v24.6 (Yoast SEO v27.4) - https:\/\/yoast.com\/product\/yoast-seo-premium-wordpress\/ -->\n<title>Privacy Policy - Retros Gallery<\/title>\n<meta name=\"description\" content=\"Come and visit Retros Gallery: Your Destination for Timeless Mid Century Modern Furniture curated from all over the Globe.\" \/>\n<meta name=\"robots\" content=\"noindex, follow\" \/>\n<meta property=\"og:locale\" content=\"ro_RO\" \/>\n<meta property=\"og:type\" content=\"article\" \/>\n<meta property=\"og:title\" content=\"Privacy Policy\" \/>\n<meta property=\"og:description\" content=\"Come and visit Retros Gallery: Your Destination for Timeless Mid Century Modern Furniture curated from all over the Globe.\" \/>\n<meta property=\"og:url\" content=\"https:\/\/www.retros-gallery.com\/ro\/politica-de-confidentialitate\/\" \/>\n<meta property=\"og:site_name\" content=\"Retros Gallery\" \/>\n<meta property=\"article:publisher\" content=\"https:\/\/www.facebook.com\/retrosfurniture\/\" \/>\n<meta property=\"article:modified_time\" content=\"2024-04-30T08:37:23+00:00\" \/>\n<meta name=\"twitter:card\" content=\"summary_large_image\" \/>\n<meta name=\"twitter:label1\" content=\"Timp estimat pentru citire\" \/>\n\t<meta name=\"twitter:data1\" content=\"5 minute\" \/>\n<script type=\"application\/ld+json\" class=\"yoast-schema-graph\">{\"@context\":\"https:\\\/\\\/schema.org\",\"@graph\":[{\"@type\":\"WebPage\",\"@id\":\"https:\\\/\\\/www.retros-gallery.com\\\/privacy-policy\\\/\",\"url\":\"https:\\\/\\\/www.retros-gallery.com\\\/privacy-policy\\\/\",\"name\":\"Privacy Policy - Retros Gallery\",\"isPartOf\":{\"@id\":\"https:\\\/\\\/www.retros-gallery.com\\\/#website\"},\"datePublished\":\"2023-03-09T18:45:30+00:00\",\"dateModified\":\"2024-04-30T08:37:23+00:00\",\"description\":\"Come and visit Retros Gallery: Your Destination for Timeless Mid Century Modern Furniture curated from all over the Globe.\",\"breadcrumb\":{\"@id\":\"https:\\\/\\\/www.retros-gallery.com\\\/privacy-policy\\\/#breadcrumb\"},\"inLanguage\":\"ro-RO\",\"potentialAction\":[{\"@type\":\"ReadAction\",\"target\":[\"https:\\\/\\\/www.retros-gallery.com\\\/privacy-policy\\\/\"]}]},{\"@type\":\"BreadcrumbList\",\"@id\":\"https:\\\/\\\/www.retros-gallery.com\\\/privacy-policy\\\/#breadcrumb\",\"itemListElement\":[{\"@type\":\"ListItem\",\"position\":1,\"name\":\"Home\",\"item\":\"https:\\\/\\\/www.retros-gallery.com\\\/\"},{\"@type\":\"ListItem\",\"position\":2,\"name\":\"Privacy Policy\"}]},{\"@type\":\"WebSite\",\"@id\":\"https:\\\/\\\/www.retros-gallery.com\\\/#website\",\"url\":\"https:\\\/\\\/www.retros-gallery.com\\\/\",\"name\":\"Retros Gallery\",\"description\":\"Vintage Furniture Vendor\",\"publisher\":{\"@id\":\"https:\\\/\\\/www.retros-gallery.com\\\/#organization\"},\"potentialAction\":[{\"@type\":\"SearchAction\",\"target\":{\"@type\":\"EntryPoint\",\"urlTemplate\":\"https:\\\/\\\/www.retros-gallery.com\\\/?s={search_term_string}\"},\"query-input\":{\"@type\":\"PropertyValueSpecification\",\"valueRequired\":true,\"valueName\":\"search_term_string\"}}],\"inLanguage\":\"ro-RO\"},{\"@type\":[\"Organization\",\"Place\"],\"@id\":\"https:\\\/\\\/www.retros-gallery.com\\\/#organization\",\"name\":\"Retros Gallery\",\"url\":\"https:\\\/\\\/www.retros-gallery.com\\\/\",\"logo\":{\"@id\":\"https:\\\/\\\/www.retros-gallery.com\\\/privacy-policy\\\/#local-main-organization-logo\"},\"image\":{\"@id\":\"https:\\\/\\\/www.retros-gallery.com\\\/privacy-policy\\\/#local-main-organization-logo\"},\"sameAs\":[\"https:\\\/\\\/www.facebook.com\\\/retrosfurniture\\\/\",\"https:\\\/\\\/www.instagram.com\\\/retros.ro\\\/\"],\"telephone\":[],\"openingHoursSpecification\":[{\"@type\":\"OpeningHoursSpecification\",\"dayOfWeek\":[\"Monday\",\"Tuesday\",\"Wednesday\",\"Thursday\",\"Friday\",\"Saturday\",\"Sunday\"],\"opens\":\"09:00\",\"closes\":\"17:00\"}]},{\"@type\":\"ImageObject\",\"inLanguage\":\"ro-RO\",\"@id\":\"https:\\\/\\\/www.retros-gallery.com\\\/privacy-policy\\\/#local-main-organization-logo\",\"url\":\"https:\\\/\\\/www.retros-gallery.com\\\/wp-content\\\/uploads\\\/2023\\\/02\\\/Asset-2@4x-1.png\",\"contentUrl\":\"https:\\\/\\\/www.retros-gallery.com\\\/wp-content\\\/uploads\\\/2023\\\/02\\\/Asset-2@4x-1.png\",\"width\":2329,\"height\":248,\"caption\":\"Retros Gallery\"}]}<\/script>\n<!-- \/ Yoast SEO Premium plugin. -->","yoast_head_json":{"title":"Politica de confiden\u021bialitate - Retros Gallery","description":"Vino \u0219i viziteaz\u0103 Galeria Retros: Destina\u021bia ta pentru mobilier modern atemporal de la mijlocul secolului, selectat de pe tot globul","robots":{"index":"noindex","follow":"follow"},"og_locale":"ro_RO","og_type":"article","og_title":"Privacy Policy","og_description":"Come and visit Retros Gallery: Your Destination for Timeless Mid Century Modern Furniture curated from all over the Globe.","og_url":"https:\/\/www.retros-gallery.com\/ro\/politica-de-confidentialitate\/","og_site_name":"Retros Gallery","article_publisher":"https:\/\/www.facebook.com\/retrosfurniture\/","article_modified_time":"2024-04-30T08:37:23+00:00","twitter_card":"summary_large_image","twitter_misc":{"Timp estimat pentru citire":"5 minute"},"schema":{"@context":"https:\/\/schema.org","@graph":[{"@type":"WebPage","@id":"https:\/\/www.retros-gallery.com\/privacy-policy\/","url":"https:\/\/www.retros-gallery.com\/privacy-policy\/","name":"Politica de confiden\u021bialitate - Retros Gallery","isPartOf":{"@id":"https:\/\/www.retros-gallery.com\/#website"},"datePublished":"2023-03-09T18:45:30+00:00","dateModified":"2024-04-30T08:37:23+00:00","description":"Vino \u0219i viziteaz\u0103 Galeria Retros: Destina\u021bia ta pentru mobilier modern atemporal de la mijlocul secolului, selectat de pe tot globul","breadcrumb":{"@id":"https:\/\/www.retros-gallery.com\/privacy-policy\/#breadcrumb"},"inLanguage":"ro-RO","potentialAction":[{"@type":"ReadAction","target":["https:\/\/www.retros-gallery.com\/privacy-policy\/"]}]},{"@type":"BreadcrumbList","@id":"https:\/\/www.retros-gallery.com\/privacy-policy\/#breadcrumb","itemListElement":[{"@type":"ListItem","position":1,"name":"Home","item":"https:\/\/www.retros-gallery.com\/"},{"@type":"ListItem","position":2,"name":"Privacy Policy"}]},{"@type":"WebSite","@id":"https:\/\/www.retros-gallery.com\/#website","url":"https:\/\/www.retros-gallery.com\/","name":"Retros Gallery","description":"V\u00e2nz\u0103tor de mobil\u0103 de epoc\u0103","publisher":{"@id":"https:\/\/www.retros-gallery.com\/#organization"},"potentialAction":[{"@type":"SearchAction","target":{"@type":"EntryPoint","urlTemplate":"https:\/\/www.retros-gallery.com\/?s={search_term_string}"},"query-input":{"@type":"PropertyValueSpecification","valueRequired":true,"valueName":"search_term_string"}}],"inLanguage":"ro-RO"},{"@type":["Organization","Place"],"@id":"https:\/\/www.retros-gallery.com\/#organization","name":"Retros Gallery","url":"https:\/\/www.retros-gallery.com\/","logo":{"@id":"https:\/\/www.retros-gallery.com\/privacy-policy\/#local-main-organization-logo"},"image":{"@id":"https:\/\/www.retros-gallery.com\/privacy-policy\/#local-main-organization-logo"},"sameAs":["https:\/\/www.facebook.com\/retrosfurniture\/","https:\/\/www.instagram.com\/retros.ro\/"],"telephone":[],"openingHoursSpecification":[{"@type":"OpeningHoursSpecification","dayOfWeek":["Monday","Tuesday","Wednesday","Thursday","Friday","Saturday","Sunday"],"opens":"09:00","closes":"17:00"}]},{"@type":"ImageObject","inLanguage":"ro-RO","@id":"https:\/\/www.retros-gallery.com\/privacy-policy\/#local-main-organization-logo","url":"https:\/\/www.retros-gallery.com\/wp-content\/uploads\/2023\/02\/Asset-2@4x-1.png","contentUrl":"https:\/\/www.retros-gallery.com\/wp-content\/uploads\/2023\/02\/Asset-2@4x-1.png","width":2329,"height":248,"caption":"Retros Gallery"}]}},"_links":{"self":[{"href":"https:\/\/www.retros-gallery.com\/ro\/wp-json\/wp\/v2\/pages\/1779","targetHints":{"allow":["GET"]}}],"collection":[{"href":"https:\/\/www.retros-gallery.com\/ro\/wp-json\/wp\/v2\/pages"}],"about":[{"href":"https:\/\/www.retros-gallery.com\/ro\/wp-json\/wp\/v2\/types\/page"}],"author":[{"embeddable":true,"href":"https:\/\/www.retros-gallery.com\/ro\/wp-json\/wp\/v2\/users\/1"}],"replies":[{"embeddable":true,"href":"https:\/\/www.retros-gallery.com\/ro\/wp-json\/wp\/v2\/comments?post=1779"}],"version-history":[{"count":0,"href":"https:\/\/www.retros-gallery.com\/ro\/wp-json\/wp\/v2\/pages\/1779\/revisions"}],"wp:attachment":[{"href":"https:\/\/www.retros-gallery.com\/ro\/wp-json\/wp\/v2\/media?parent=1779"}],"curies":[{"name":"wp","href":"https:\/\/api.w.org\/{rel}","templated":true}]}}