{"id":87,"date":"2023-02-16T10:01:11","date_gmt":"2023-02-16T10:01:11","guid":{"rendered":"https:\/\/www.retros-gallery.com\/?page_id=87"},"modified":"2026-04-01T14:03:27","modified_gmt":"2026-04-01T11:03:27","slug":"contacteaza","status":"publish","type":"page","link":"https:\/\/www.retros-gallery.com\/ro\/contacteaza\/","title":{"rendered":"Contact"},"content":{"rendered":"<div data-elementor-type=\"wp-page\" data-elementor-id=\"87\" class=\"elementor elementor-87\" data-elementor-post-type=\"page\">\n\t\t\t\t\t\t<section class=\"has_eae_slider elementor-section elementor-top-section elementor-element elementor-element-7bf24da elementor-section-boxed elementor-section-height-default elementor-section-height-default\" data-eae-slider=\"85504\" data-id=\"7bf24da\" data-element_type=\"section\">\n\t\t\t\t\t\t<div class=\"elementor-container elementor-column-gap-default\">\n\t\t\t\t\t<div class=\"has_eae_slider elementor-column elementor-col-25 elementor-top-column elementor-element elementor-element-7ddc091 elementor-hidden-mobile\" data-eae-slider=\"77051\" data-id=\"7ddc091\" data-element_type=\"column\">\n\t\t\t<div class=\"elementor-widget-wrap elementor-element-populated\">\n\t\t\t\t\t\t<div class=\"elementor-element elementor-element-7ceef30 e-transform elementor-widget elementor-widget-heading\" data-id=\"7ceef30\" data-element_type=\"widget\" data-settings=\"{&quot;_transform_rotateZ_effect&quot;:{&quot;unit&quot;:&quot;px&quot;,&quot;size&quot;:-90,&quot;sizes&quot;:[]},&quot;_transform_rotateZ_effect_tablet&quot;:{&quot;unit&quot;:&quot;deg&quot;,&quot;size&quot;:&quot;&quot;,&quot;sizes&quot;:[]},&quot;_transform_rotateZ_effect_mobile&quot;:{&quot;unit&quot;:&quot;deg&quot;,&quot;size&quot;:&quot;&quot;,&quot;sizes&quot;:[]}}\" data-widget_type=\"heading.default\">\n\t\t\t\t<div class=\"elementor-widget-container\">\n\t\t\t\t\t<h1 class=\"elementor-heading-title elementor-size-default\">Contact&nbsp;us<\/h1>\t\t\t\t<\/div>\n\t\t\t\t<\/div>\n\t\t\t\t\t<\/div>\n\t\t<\/div>\n\t\t\t\t<div class=\"has_eae_slider elementor-column elementor-col-25 elementor-top-column elementor-element elementor-element-85ba60e\" data-eae-slider=\"83958\" data-id=\"85ba60e\" data-element_type=\"column\">\n\t\t\t<div class=\"elementor-widget-wrap\">\n\t\t\t\t\t\t\t<\/div>\n\t\t<\/div>\n\t\t\t\t<div class=\"has_eae_slider elementor-column elementor-col-25 elementor-top-column elementor-element elementor-element-358acb5 elementor-hidden-desktop elementor-hidden-tablet elementor-hidden-mobile\" data-eae-slider=\"5813\" data-id=\"358acb5\" data-element_type=\"column\">\n\t\t\t<div class=\"elementor-widget-wrap\">\n\t\t\t\t\t\t\t<\/div>\n\t\t<\/div>\n\t\t\t\t<div class=\"has_eae_slider elementor-column elementor-col-25 elementor-top-column elementor-element elementor-element-d63dba5\" data-eae-slider=\"86681\" data-id=\"d63dba5\" data-element_type=\"column\">\n\t\t\t<div class=\"elementor-widget-wrap elementor-element-populated\">\n\t\t\t\t\t\t<div class=\"elementor-element elementor-element-bab4556 elementor-widget elementor-widget-breadcrumbs\" data-id=\"bab4556\" data-element_type=\"widget\" data-widget_type=\"breadcrumbs.default\">\n\t\t\t\t<div class=\"elementor-widget-container\">\n\t\t\t\t\t<div id=\"breadcrumbs\"><span><span><a href=\"https:\/\/www.retros-gallery.com\/ro\/\">Acas\u0103<\/a><\/span><\/span><\/div>\t\t\t\t<\/div>\n\t\t\t\t<\/div>\n\t\t\t\t<div class=\"elementor-element elementor-element-50bb139 elementor-widget elementor-widget-text-editor\" data-id=\"50bb139\" data-element_type=\"widget\" data-widget_type=\"text-editor.default\">\n\t\t\t\t<div class=\"elementor-widget-container\">\n\t\t\t\t\t\t\t\t\t<p class=\"\" data-start=\"283\" data-end=\"482\">We are always delighted to hear from you\u2014so feel free to contact us.<br data-start=\"346\" data-end=\"349\" \/>Dac\u0103 e\u0219ti \u00een c\u0103utarea unei piese vintage unice, vrei s\u0103 programezi o vizit\u0103 privat\u0103 sau pur \u0219i simplu vrei s\u0103 ne salu\u021bi\u2014Retros Gallery \u00ee\u021bi este aproape.<\/p><p class=\"\" data-start=\"484\" data-end=\"608\">Ne po\u021bi suna, scrie sau vizita cu programare pentru a descoperi universul nostru atent curatoriat de design atemporal.<\/p><p class=\"\" data-start=\"610\" data-end=\"694\">Designul este personal. \u0218i conexiunea la fel. Hai s\u0103 \u00eencepem o conversa\u021bie.<\/p>\t\t\t\t\t\t\t\t<\/div>\n\t\t\t\t<\/div>\n\t\t\t\t<section class=\"has_eae_slider elementor-section elementor-inner-section elementor-element elementor-element-3e46af7 elementor-section-boxed elementor-section-height-default elementor-section-height-default\" data-eae-slider=\"88798\" data-id=\"3e46af7\" data-element_type=\"section\">\n\t\t\t\t\t\t<div class=\"elementor-container elementor-column-gap-default\">\n\t\t\t\t\t<div class=\"has_eae_slider elementor-column elementor-col-100 elementor-inner-column elementor-element elementor-element-32dd8de\" data-eae-slider=\"21309\" data-id=\"32dd8de\" data-element_type=\"column\">\n\t\t\t<div class=\"elementor-widget-wrap elementor-element-populated\">\n\t\t\t\t\t\t<div class=\"elementor-element elementor-element-a272ef9 contact-location elementor-widget elementor-widget-image\" data-id=\"a272ef9\" data-element_type=\"widget\" data-widget_type=\"image.default\">\n\t\t\t\t<div class=\"elementor-widget-container\">\n\t\t\t\t\t\t\t\t\t\t\t\t\t\t\t<img fetchpriority=\"high\" decoding=\"async\" width=\"2560\" height=\"1707\" src=\"https:\/\/www.retros-gallery.com\/wp-content\/uploads\/2026\/03\/DSC02324-scaled.jpg\" class=\"attachment-full size-full wp-image-10942\" alt=\"\" srcset=\"https:\/\/www.retros-gallery.com\/wp-content\/uploads\/2026\/03\/DSC02324-scaled.jpg 2560w, https:\/\/www.retros-gallery.com\/wp-content\/uploads\/2026\/03\/DSC02324-300x200.jpg 300w, https:\/\/www.retros-gallery.com\/wp-content\/uploads\/2026\/03\/DSC02324-1024x683.jpg 1024w, https:\/\/www.retros-gallery.com\/wp-content\/uploads\/2026\/03\/DSC02324-768x512.jpg 768w, https:\/\/www.retros-gallery.com\/wp-content\/uploads\/2026\/03\/DSC02324-1536x1024.jpg 1536w, https:\/\/www.retros-gallery.com\/wp-content\/uploads\/2026\/03\/DSC02324-2048x1365.jpg 2048w, https:\/\/www.retros-gallery.com\/wp-content\/uploads\/2026\/03\/DSC02324-18x12.jpg 18w, https:\/\/www.retros-gallery.com\/wp-content\/uploads\/2026\/03\/DSC02324-600x400.jpg 600w\" sizes=\"(max-width: 2560px) 100vw, 2560px\" \/>\t\t\t\t\t\t\t\t\t\t\t\t\t\t\t<\/div>\n\t\t\t\t<\/div>\n\t\t\t\t<div class=\"elementor-element elementor-element-0a40961 elementor-widget elementor-widget-heading\" data-id=\"0a40961\" data-element_type=\"widget\" data-widget_type=\"heading.default\">\n\t\t\t\t<div class=\"elementor-widget-container\">\n\t\t\t\t\t<h2 class=\"elementor-heading-title elementor-size-default\">The Showroom<\/h2>\t\t\t\t<\/div>\n\t\t\t\t<\/div>\n\t\t\t\t<div class=\"elementor-element elementor-element-8889326 elementor-widget elementor-widget-heading\" data-id=\"8889326\" data-element_type=\"widget\" data-widget_type=\"heading.default\">\n\t\t\t\t<div class=\"elementor-widget-container\">\n\t\t\t\t\t<p class=\"elementor-heading-title elementor-size-default\"><a href=\"tel:+40731191444\">+40 731191444<\/a><\/p>\t\t\t\t<\/div>\n\t\t\t\t<\/div>\n\t\t\t\t<div class=\"elementor-element elementor-element-db4bdee elementor-widget elementor-widget-heading\" data-id=\"db4bdee\" data-element_type=\"widget\" data-widget_type=\"heading.default\">\n\t\t\t\t<div class=\"elementor-widget-container\">\n\t\t\t\t\t<p class=\"elementor-heading-title elementor-size-default\"><a href=\"mailto:contact@retros-gallery.com\">contact@retros-gallery.com<\/a><\/p>\t\t\t\t<\/div>\n\t\t\t\t<\/div>\n\t\t\t\t<div class=\"elementor-element elementor-element-c64a4a2 elementor-widget elementor-widget-heading\" data-id=\"c64a4a2\" data-element_type=\"widget\" data-widget_type=\"heading.default\">\n\t\t\t\t<div class=\"elementor-widget-container\">\n\t\t\t\t\t<p class=\"elementor-heading-title elementor-size-default\"><a href=\"https:\/\/g.co\/kgs\/FBDnbeJ\" target=\"_blank\"><u>Duetului 54,<\/u> Bucuresti <br><b>cu programare<\/b><br><br>Luni - Vineri 11am - 6pm | Sambata 11am - 3pm<br><\/a><\/p>\t\t\t\t<\/div>\n\t\t\t\t<\/div>\n\t\t\t\t\t<\/div>\n\t\t<\/div>\n\t\t\t\t\t<\/div>\n\t\t<\/section>\n\t\t\t\t\t<\/div>\n\t\t<\/div>\n\t\t\t\t\t<\/div>\n\t\t<\/section>\n\t\t\t\t<\/div>","protected":false},"excerpt":{"rendered":"<p>Contact&nbsp;us We are always delighted to hear from you\u2014so feel free to contact us.Whether you&#8217;re looking for a unique vintage piece, want to book a private visit, or simply want to say hello, Retros Gallery is here. You can get in touch by writing, calling, or scheduling an appointment to explore our curated universe of [&hellip;]<\/p>","protected":false},"author":1,"featured_media":0,"parent":0,"menu_order":0,"comment_status":"closed","ping_status":"closed","template":"elementor_header_footer","meta":{"footnotes":""},"class_list":["post-87","page","type-page","status-publish","hentry"],"yoast_head":"<!-- This site is optimized with the Yoast SEO Premium plugin v24.6 (Yoast SEO v27.4) - https:\/\/yoast.com\/product\/yoast-seo-premium-wordpress\/ -->\n<title>Contact us \u2013 Get in Touch | Retros Gallery<\/title>\n<meta name=\"description\" content=\"Have a question or looking for a special piece? Contact us for: inquiries, appointments, collaboration ideas. We\u2019re here to help you discover your next treasure\" \/>\n<meta name=\"robots\" content=\"index, follow, max-snippet:-1, max-image-preview:large, max-video-preview:-1\" \/>\n<link rel=\"canonical\" href=\"https:\/\/www.retros-gallery.com\/ro\/contacteaza\/\" \/>\n<meta property=\"og:locale\" content=\"ro_RO\" \/>\n<meta property=\"og:type\" content=\"article\" \/>\n<meta property=\"og:title\" content=\"Contact Us\" \/>\n<meta property=\"og:description\" content=\"Have a question or looking for a special piece? Contact us for: inquiries, appointments, collaboration ideas. We\u2019re here to help you discover your next treasure\" \/>\n<meta property=\"og:url\" content=\"https:\/\/www.retros-gallery.com\/ro\/contacteaza\/\" \/>\n<meta property=\"og:site_name\" content=\"Retros Gallery\" \/>\n<meta property=\"article:publisher\" content=\"https:\/\/www.facebook.com\/retrosfurniture\/\" \/>\n<meta property=\"article:modified_time\" content=\"2026-04-01T11:03:27+00:00\" \/>\n<meta property=\"og:image\" content=\"https:\/\/www.retros-gallery.com\/wp-content\/uploads\/2026\/03\/DSC02324-scaled.jpg\" \/>\n\t<meta property=\"og:image:width\" content=\"2560\" \/>\n\t<meta property=\"og:image:height\" content=\"1707\" \/>\n\t<meta property=\"og:image:type\" content=\"image\/jpeg\" \/>\n<meta name=\"twitter:card\" content=\"summary_large_image\" \/>\n<meta name=\"twitter:label1\" content=\"Timp estimat pentru citire\" \/>\n\t<meta name=\"twitter:data1\" content=\"1 minut\" \/>\n<script type=\"application\/ld+json\" class=\"yoast-schema-graph\">{\"@context\":\"https:\\\/\\\/schema.org\",\"@graph\":[{\"@type\":\"WebPage\",\"@id\":\"https:\\\/\\\/www.retros-gallery.com\\\/contact-us\\\/\",\"url\":\"https:\\\/\\\/www.retros-gallery.com\\\/contact-us\\\/\",\"name\":\"Contact us \u2013 Get in Touch | Retros Gallery\",\"isPartOf\":{\"@id\":\"https:\\\/\\\/www.retros-gallery.com\\\/#website\"},\"primaryImageOfPage\":{\"@id\":\"https:\\\/\\\/www.retros-gallery.com\\\/contact-us\\\/#primaryimage\"},\"image\":{\"@id\":\"https:\\\/\\\/www.retros-gallery.com\\\/contact-us\\\/#primaryimage\"},\"thumbnailUrl\":\"https:\\\/\\\/www.retros-gallery.com\\\/wp-content\\\/uploads\\\/2026\\\/03\\\/DSC02324-scaled.jpg\",\"datePublished\":\"2023-02-16T10:01:11+00:00\",\"dateModified\":\"2026-04-01T11:03:27+00:00\",\"description\":\"Have a question or looking for a special piece? Contact us for: inquiries, appointments, collaboration ideas. We\u2019re here to help you discover your next treasure\",\"breadcrumb\":{\"@id\":\"https:\\\/\\\/www.retros-gallery.com\\\/contact-us\\\/#breadcrumb\"},\"inLanguage\":\"ro-RO\",\"potentialAction\":[{\"@type\":\"ReadAction\",\"target\":[\"https:\\\/\\\/www.retros-gallery.com\\\/contact-us\\\/\"]}]},{\"@type\":\"ImageObject\",\"inLanguage\":\"ro-RO\",\"@id\":\"https:\\\/\\\/www.retros-gallery.com\\\/contact-us\\\/#primaryimage\",\"url\":\"https:\\\/\\\/www.retros-gallery.com\\\/wp-content\\\/uploads\\\/2026\\\/03\\\/DSC02324-scaled.jpg\",\"contentUrl\":\"https:\\\/\\\/www.retros-gallery.com\\\/wp-content\\\/uploads\\\/2026\\\/03\\\/DSC02324-scaled.jpg\"},{\"@type\":\"BreadcrumbList\",\"@id\":\"https:\\\/\\\/www.retros-gallery.com\\\/contact-us\\\/#breadcrumb\",\"itemListElement\":[{\"@type\":\"ListItem\",\"position\":1,\"name\":\"Home\",\"item\":\"https:\\\/\\\/www.retros-gallery.com\\\/\"},{\"@type\":\"ListItem\",\"position\":2,\"name\":\"Contact Us\"}]},{\"@type\":\"WebSite\",\"@id\":\"https:\\\/\\\/www.retros-gallery.com\\\/#website\",\"url\":\"https:\\\/\\\/www.retros-gallery.com\\\/\",\"name\":\"Retros Gallery\",\"description\":\"Vintage Furniture Vendor\",\"publisher\":{\"@id\":\"https:\\\/\\\/www.retros-gallery.com\\\/#organization\"},\"potentialAction\":[{\"@type\":\"SearchAction\",\"target\":{\"@type\":\"EntryPoint\",\"urlTemplate\":\"https:\\\/\\\/www.retros-gallery.com\\\/?s={search_term_string}\"},\"query-input\":{\"@type\":\"PropertyValueSpecification\",\"valueRequired\":true,\"valueName\":\"search_term_string\"}}],\"inLanguage\":\"ro-RO\"},{\"@type\":[\"Organization\",\"Place\"],\"@id\":\"https:\\\/\\\/www.retros-gallery.com\\\/#organization\",\"name\":\"Retros Gallery\",\"url\":\"https:\\\/\\\/www.retros-gallery.com\\\/\",\"logo\":{\"@id\":\"https:\\\/\\\/www.retros-gallery.com\\\/contact-us\\\/#local-main-organization-logo\"},\"image\":{\"@id\":\"https:\\\/\\\/www.retros-gallery.com\\\/contact-us\\\/#local-main-organization-logo\"},\"sameAs\":[\"https:\\\/\\\/www.facebook.com\\\/retrosfurniture\\\/\",\"https:\\\/\\\/www.instagram.com\\\/retros.ro\\\/\"],\"telephone\":[],\"openingHoursSpecification\":[{\"@type\":\"OpeningHoursSpecification\",\"dayOfWeek\":[\"Monday\",\"Tuesday\",\"Wednesday\",\"Thursday\",\"Friday\",\"Saturday\",\"Sunday\"],\"opens\":\"09:00\",\"closes\":\"17:00\"}]},{\"@type\":\"ImageObject\",\"inLanguage\":\"ro-RO\",\"@id\":\"https:\\\/\\\/www.retros-gallery.com\\\/contact-us\\\/#local-main-organization-logo\",\"url\":\"https:\\\/\\\/www.retros-gallery.com\\\/wp-content\\\/uploads\\\/2023\\\/02\\\/Asset-2@4x-1.png\",\"contentUrl\":\"https:\\\/\\\/www.retros-gallery.com\\\/wp-content\\\/uploads\\\/2023\\\/02\\\/Asset-2@4x-1.png\",\"width\":2329,\"height\":248,\"caption\":\"Retros Gallery\"}]}<\/script>\n<!-- \/ Yoast SEO Premium plugin. -->","yoast_head_json":{"title":"Contacteaza Retros Gallery | Ia legatura cu noi","description":"Ai o intrebare sau cauti o piesa de mobilier vintage speciala? Contacteaza Retros Gallery pentru informatii, programari si colaborari. Suntem aici sa te ajutam!","robots":{"index":"index","follow":"follow","max-snippet":"max-snippet:-1","max-image-preview":"max-image-preview:large","max-video-preview":"max-video-preview:-1"},"canonical":"https:\/\/www.retros-gallery.com\/ro\/contacteaza\/","og_locale":"ro_RO","og_type":"article","og_title":"Contact Us","og_description":"Have a question or looking for a special piece? Contact us for: inquiries, appointments, collaboration ideas. We\u2019re here to help you discover your next treasure","og_url":"https:\/\/www.retros-gallery.com\/ro\/contacteaza\/","og_site_name":"Retros Gallery","article_publisher":"https:\/\/www.facebook.com\/retrosfurniture\/","article_modified_time":"2026-04-01T11:03:27+00:00","og_image":[{"width":2560,"height":1707,"url":"https:\/\/www.retros-gallery.com\/wp-content\/uploads\/2026\/03\/DSC02324-scaled.jpg","type":"image\/jpeg"}],"twitter_card":"summary_large_image","twitter_misc":{"Timp estimat pentru citire":"1 minut"},"schema":{"@context":"https:\/\/schema.org","@graph":[{"@type":"WebPage","@id":"https:\/\/www.retros-gallery.com\/contact-us\/","url":"https:\/\/www.retros-gallery.com\/contact-us\/","name":"Contacteaza Retros Gallery | Ia legatura cu noi","isPartOf":{"@id":"https:\/\/www.retros-gallery.com\/#website"},"primaryImageOfPage":{"@id":"https:\/\/www.retros-gallery.com\/contact-us\/#primaryimage"},"image":{"@id":"https:\/\/www.retros-gallery.com\/contact-us\/#primaryimage"},"thumbnailUrl":"https:\/\/www.retros-gallery.com\/wp-content\/uploads\/2026\/03\/DSC02324-scaled.jpg","datePublished":"2023-02-16T10:01:11+00:00","dateModified":"2026-04-01T11:03:27+00:00","description":"Ai o intrebare sau cauti o piesa de mobilier vintage speciala? Contacteaza Retros Gallery pentru informatii, programari si colaborari. Suntem aici sa te ajutam!","breadcrumb":{"@id":"https:\/\/www.retros-gallery.com\/contact-us\/#breadcrumb"},"inLanguage":"ro-RO","potentialAction":[{"@type":"ReadAction","target":["https:\/\/www.retros-gallery.com\/contact-us\/"]}]},{"@type":"ImageObject","inLanguage":"ro-RO","@id":"https:\/\/www.retros-gallery.com\/contact-us\/#primaryimage","url":"https:\/\/www.retros-gallery.com\/wp-content\/uploads\/2026\/03\/DSC02324-scaled.jpg","contentUrl":"https:\/\/www.retros-gallery.com\/wp-content\/uploads\/2026\/03\/DSC02324-scaled.jpg"},{"@type":"BreadcrumbList","@id":"https:\/\/www.retros-gallery.com\/contact-us\/#breadcrumb","itemListElement":[{"@type":"ListItem","position":1,"name":"Home","item":"https:\/\/www.retros-gallery.com\/"},{"@type":"ListItem","position":2,"name":"Contact Us"}]},{"@type":"WebSite","@id":"https:\/\/www.retros-gallery.com\/#website","url":"https:\/\/www.retros-gallery.com\/","name":"Retros Gallery","description":"V\u00e2nz\u0103tor de mobil\u0103 de epoc\u0103","publisher":{"@id":"https:\/\/www.retros-gallery.com\/#organization"},"potentialAction":[{"@type":"SearchAction","target":{"@type":"EntryPoint","urlTemplate":"https:\/\/www.retros-gallery.com\/?s={search_term_string}"},"query-input":{"@type":"PropertyValueSpecification","valueRequired":true,"valueName":"search_term_string"}}],"inLanguage":"ro-RO"},{"@type":["Organization","Place"],"@id":"https:\/\/www.retros-gallery.com\/#organization","name":"Retros Gallery","url":"https:\/\/www.retros-gallery.com\/","logo":{"@id":"https:\/\/www.retros-gallery.com\/contact-us\/#local-main-organization-logo"},"image":{"@id":"https:\/\/www.retros-gallery.com\/contact-us\/#local-main-organization-logo"},"sameAs":["https:\/\/www.facebook.com\/retrosfurniture\/","https:\/\/www.instagram.com\/retros.ro\/"],"telephone":[],"openingHoursSpecification":[{"@type":"OpeningHoursSpecification","dayOfWeek":["Monday","Tuesday","Wednesday","Thursday","Friday","Saturday","Sunday"],"opens":"09:00","closes":"17:00"}]},{"@type":"ImageObject","inLanguage":"ro-RO","@id":"https:\/\/www.retros-gallery.com\/contact-us\/#local-main-organization-logo","url":"https:\/\/www.retros-gallery.com\/wp-content\/uploads\/2023\/02\/Asset-2@4x-1.png","contentUrl":"https:\/\/www.retros-gallery.com\/wp-content\/uploads\/2023\/02\/Asset-2@4x-1.png","width":2329,"height":248,"caption":"Retros Gallery"}]}},"_links":{"self":[{"href":"https:\/\/www.retros-gallery.com\/ro\/wp-json\/wp\/v2\/pages\/87","targetHints":{"allow":["GET"]}}],"collection":[{"href":"https:\/\/www.retros-gallery.com\/ro\/wp-json\/wp\/v2\/pages"}],"about":[{"href":"https:\/\/www.retros-gallery.com\/ro\/wp-json\/wp\/v2\/types\/page"}],"author":[{"embeddable":true,"href":"https:\/\/www.retros-gallery.com\/ro\/wp-json\/wp\/v2\/users\/1"}],"replies":[{"embeddable":true,"href":"https:\/\/www.retros-gallery.com\/ro\/wp-json\/wp\/v2\/comments?post=87"}],"version-history":[{"count":64,"href":"https:\/\/www.retros-gallery.com\/ro\/wp-json\/wp\/v2\/pages\/87\/revisions"}],"predecessor-version":[{"id":10952,"href":"https:\/\/www.retros-gallery.com\/ro\/wp-json\/wp\/v2\/pages\/87\/revisions\/10952"}],"wp:attachment":[{"href":"https:\/\/www.retros-gallery.com\/ro\/wp-json\/wp\/v2\/media?parent=87"}],"curies":[{"name":"wp","href":"https:\/\/api.w.org\/{rel}","templated":true}]}}