{"id":10249,"date":"2026-02-02T16:40:43","date_gmt":"2026-02-02T13:40:43","guid":{"rendered":"https:\/\/www.retros-gallery.com\/?post_type=product&#038;p=10249"},"modified":"2026-04-08T01:13:02","modified_gmt":"2026-04-07T22:13:02","slug":"wittman-aura-sofa-set-by-paolo-piva-austria-1980s","status":"publish","type":"product","link":"https:\/\/www.retros-gallery.com\/ro\/colectii\/canapele-fotolii-scaune\/canapele\/wittman-aura-sofa-set-by-paolo-piva-austria-1980s\/","title":{"rendered":"Wittman Aura Sofa Set By Paolo Piva, Austria, 1980s"},"content":{"rendered":"<p>The Aura armchair by Wittmann is upholstered in blue genuine leather and stands on black legs. It is characterized by its simple appearance and rounded, classic design.<\/p>\n<h2>Why This Wittmann Aura Sofa Set Stands Out<\/h2>\n<ul>\n<li data-start=\"48\" data-end=\"103\">\n<p style=\"text-align: left\" data-start=\"50\" data-end=\"103\">Designed by Paolo Piva for Wittmann, Austria, 1980s<\/p>\n<\/li>\n<li style=\"text-align: left\" data-start=\"104\" data-end=\"130\">\n<p data-start=\"106\" data-end=\"130\">Iconic <em data-start=\"113\" data-end=\"119\">Aura<\/em> sofa set<\/p>\n<\/li>\n<li style=\"text-align: left\" data-start=\"131\" data-end=\"195\">\n<p data-start=\"133\" data-end=\"195\">Upholstered in high-quality materials with refined detailing<\/p>\n<\/li>\n<li style=\"text-align: left\" data-start=\"196\" data-end=\"260\">\n<p data-start=\"198\" data-end=\"260\">Sculptural postmodern design with clean, architectural lines<\/p>\n<\/li>\n<li style=\"text-align: left\" data-start=\"261\" data-end=\"330\">\n<p data-start=\"263\" data-end=\"330\">Comfortable seating combined with timeless European craftsmanship<\/p>\n<\/li>\n<li style=\"text-align: left\" data-start=\"331\" data-end=\"392\" data-is-last-node=\"\">\n<p data-start=\"333\" data-end=\"392\" data-is-last-node=\"\">Rare and sought-after collectible from the 1980s design era<\/p>\n<\/li>\n<\/ul>\n<p style=\"text-align: left\"><strong>Specifica\u021bii \u0219i detalii<\/strong><\/p>\n<p style=\"text-align: left\">\u00a0 \u00a0 \u00a0Origine: Austria<\/p>\n<p style=\"text-align: left\">\u00a0 \u00a0 \u00a0Perioada: 1980<\/p>\n<p style=\"text-align: left\">\u00a0 \u00a0 \u00a0Designer: Paolo Piva<\/p>\n<p style=\"text-align: left\">\u00a0 \u00a0 \u00a0Manufacturer: Wittman<\/p>\n<p style=\"text-align: left\"><strong>Materiale:<\/strong> Leather, metal frame<\/p>\n<p style=\"text-align: left\"><strong>Dimensiuni:<\/strong><\/p>\n<p style=\"text-align: left\">Sofa:<\/p>\n<ul style=\"text-align: left\">\n<li>Height: 76 cm<\/li>\n<li>Width: 145 cm<\/li>\n<li>Depth: 46 cm<\/li>\n<li>\u00cen\u0103l\u021bime \u0219ezut: 44 cm<\/li>\n<\/ul>\n<p style=\"text-align: left\">Armchair:<\/p>\n<ul>\n<li style=\"text-align: left\">Height: 76 cm<\/li>\n<li style=\"text-align: left\">L\u0103\u021bime: 80 cm<\/li>\n<li style=\"text-align: left\">Depth: 46 cm<\/li>\n<li style=\"text-align: left\">\u00cen\u0103l\u021bime \u0219ezut: 44 cm<\/li>\n<\/ul>\n<p><strong>Stare:<\/strong> Stare excelent\u0103, cu urme minime de utilizare<\/p>\n<p>An elegant and rare piece from one of Austria most prestigious furniture houses \u2014 available now from Retros Gallery.<\/p>","protected":false},"excerpt":{"rendered":"<p>The Aura armchair by Wittmann is upholstered in blue genuine leather and stands on black legs. It is characterized by its simple appearance and rounded, classic design. Why This Wittmann Aura Sofa Set Stands Out Designed by Paolo Piva for Wittmann, Austria, 1980s Iconic Aura sofa set Upholstered in high-quality materials with refined detailing Sculptural [&hellip;]<\/p>","protected":false},"featured_media":11323,"comment_status":"open","ping_status":"closed","template":"","meta":[],"product_brand":[],"product_cat":[35,36,61],"product_tag":[],"class_list":{"0":"post-10249","1":"product","2":"type-product","3":"status-publish","4":"has-post-thumbnail","6":"product_cat-furniture","7":"product_cat-seating","8":"product_cat-sofas","10":"first","11":"instock","12":"shipping-taxable","13":"purchasable","14":"product-type-simple"},"yoast_head":"<!-- This site is optimized with the Yoast SEO Premium plugin v24.6 (Yoast SEO v27.4) - https:\/\/yoast.com\/product\/yoast-seo-premium-wordpress\/ -->\n<title>Wittman Aura Sofa Set By Paolo Piva, Austria, 1980s - Retros Gallery<\/title>\n<meta name=\"description\" content=\"Elegant Wittmann Aura sofa set by Paolo Piva, Austria, 1980s\u2014iconic postmodern design with sculptural lines, premium craftsmanship, and timeless appeal.\" \/>\n<meta name=\"robots\" content=\"index, follow, max-snippet:-1, max-image-preview:large, max-video-preview:-1\" \/>\n<link rel=\"canonical\" href=\"https:\/\/www.retros-gallery.com\/ro\/colectii\/canapele-fotolii-scaune\/canapele\/wittman-aura-sofa-set-by-paolo-piva-austria-1980s\/\" \/>\n<meta property=\"og:locale\" content=\"ro_RO\" \/>\n<meta property=\"og:type\" content=\"article\" \/>\n<meta property=\"og:title\" content=\"Wittman Aura Sofa Set By Paolo Piva, Austria, 1980s\" \/>\n<meta property=\"og:description\" content=\"Elegant Wittmann Aura sofa set by Paolo Piva, Austria, 1980s\u2014iconic postmodern design with sculptural lines, premium craftsmanship, and timeless appeal.\" \/>\n<meta property=\"og:url\" content=\"https:\/\/www.retros-gallery.com\/ro\/colectii\/canapele-fotolii-scaune\/canapele\/wittman-aura-sofa-set-by-paolo-piva-austria-1980s\/\" \/>\n<meta property=\"og:site_name\" content=\"Retros Gallery\" \/>\n<meta property=\"article:publisher\" content=\"https:\/\/www.facebook.com\/retrosfurniture\/\" \/>\n<meta property=\"article:modified_time\" content=\"2026-04-07T22:13:02+00:00\" \/>\n<meta property=\"og:image\" content=\"https:\/\/www.retros-gallery.com\/wp-content\/uploads\/2026\/02\/wittmann-aura-sofa-set-paolo-piva-austria-1980s.jpg\" \/>\n\t<meta property=\"og:image:width\" content=\"1300\" \/>\n\t<meta property=\"og:image:height\" content=\"867\" \/>\n\t<meta property=\"og:image:type\" content=\"image\/jpeg\" \/>\n<meta name=\"twitter:card\" content=\"summary_large_image\" \/>\n<meta name=\"twitter:label1\" content=\"Pre\u021b\" \/>\n\t<meta name=\"twitter:data1\" content=\"\u20ac3.500\" \/>\n\t<meta name=\"twitter:label2\" content=\"Disponibilitate\" \/>\n\t<meta name=\"twitter:data2\" content=\"\u00cen stoc\" \/>\n<script type=\"application\/ld+json\" class=\"yoast-schema-graph\">{\"@context\":\"https:\\\/\\\/schema.org\",\"@graph\":[{\"@type\":\"WebPage\",\"@id\":\"https:\\\/\\\/www.retros-gallery.com\\\/collection\\\/seating\\\/sofas\\\/wittman-aura-sofa-set-by-paolo-piva-austria-1980s\\\/\",\"url\":\"https:\\\/\\\/www.retros-gallery.com\\\/collection\\\/seating\\\/sofas\\\/wittman-aura-sofa-set-by-paolo-piva-austria-1980s\\\/\",\"name\":\"Wittman Aura Sofa Set By Paolo Piva, Austria, 1980s - Retros Gallery\",\"isPartOf\":{\"@id\":\"https:\\\/\\\/www.retros-gallery.com\\\/#website\"},\"primaryImageOfPage\":{\"@id\":\"https:\\\/\\\/www.retros-gallery.com\\\/collection\\\/seating\\\/sofas\\\/wittman-aura-sofa-set-by-paolo-piva-austria-1980s\\\/#primaryimage\"},\"image\":{\"@id\":\"https:\\\/\\\/www.retros-gallery.com\\\/collection\\\/seating\\\/sofas\\\/wittman-aura-sofa-set-by-paolo-piva-austria-1980s\\\/#primaryimage\"},\"thumbnailUrl\":\"https:\\\/\\\/www.retros-gallery.com\\\/wp-content\\\/uploads\\\/2026\\\/02\\\/wittmann-aura-sofa-set-paolo-piva-austria-1980s.jpg\",\"datePublished\":\"2026-02-02T13:40:43+00:00\",\"dateModified\":\"2026-04-07T22:13:02+00:00\",\"description\":\"Elegant Wittmann Aura sofa set by Paolo Piva, Austria, 1980s\u2014iconic postmodern design with sculptural lines, premium craftsmanship, and timeless appeal.\",\"breadcrumb\":{\"@id\":\"https:\\\/\\\/www.retros-gallery.com\\\/collection\\\/seating\\\/sofas\\\/wittman-aura-sofa-set-by-paolo-piva-austria-1980s\\\/#breadcrumb\"},\"inLanguage\":\"ro-RO\",\"potentialAction\":[{\"@type\":\"ReadAction\",\"target\":[\"https:\\\/\\\/www.retros-gallery.com\\\/collection\\\/seating\\\/sofas\\\/wittman-aura-sofa-set-by-paolo-piva-austria-1980s\\\/\"]}]},{\"@type\":\"ImageObject\",\"inLanguage\":\"ro-RO\",\"@id\":\"https:\\\/\\\/www.retros-gallery.com\\\/collection\\\/seating\\\/sofas\\\/wittman-aura-sofa-set-by-paolo-piva-austria-1980s\\\/#primaryimage\",\"url\":\"https:\\\/\\\/www.retros-gallery.com\\\/wp-content\\\/uploads\\\/2026\\\/02\\\/wittmann-aura-sofa-set-paolo-piva-austria-1980s.jpg\",\"contentUrl\":\"https:\\\/\\\/www.retros-gallery.com\\\/wp-content\\\/uploads\\\/2026\\\/02\\\/wittmann-aura-sofa-set-paolo-piva-austria-1980s.jpg\",\"width\":1300,\"height\":867,\"caption\":\"wittmann-aura-sofa-set-paolo-piva-austria-1980s\"},{\"@type\":\"BreadcrumbList\",\"@id\":\"https:\\\/\\\/www.retros-gallery.com\\\/collection\\\/seating\\\/sofas\\\/wittman-aura-sofa-set-by-paolo-piva-austria-1980s\\\/#breadcrumb\",\"itemListElement\":[{\"@type\":\"ListItem\",\"position\":1,\"name\":\"Home\",\"item\":\"https:\\\/\\\/www.retros-gallery.com\\\/\"},{\"@type\":\"ListItem\",\"position\":2,\"name\":\"Collection\",\"item\":\"https:\\\/\\\/www.retros-gallery.com\\\/collection\\\/\"},{\"@type\":\"ListItem\",\"position\":3,\"name\":\"Seating\",\"item\":\"https:\\\/\\\/www.retros-gallery.com\\\/product-category\\\/seating\\\/\"},{\"@type\":\"ListItem\",\"position\":4,\"name\":\"Sofas\",\"item\":\"https:\\\/\\\/www.retros-gallery.com\\\/product-category\\\/seating\\\/sofas\\\/\"},{\"@type\":\"ListItem\",\"position\":5,\"name\":\"Wittman Aura Sofa Set By Paolo Piva, Austria, 1980s\"}]},{\"@type\":\"WebSite\",\"@id\":\"https:\\\/\\\/www.retros-gallery.com\\\/#website\",\"url\":\"https:\\\/\\\/www.retros-gallery.com\\\/\",\"name\":\"Retros Gallery\",\"description\":\"Vintage Furniture Vendor\",\"publisher\":{\"@id\":\"https:\\\/\\\/www.retros-gallery.com\\\/#organization\"},\"potentialAction\":[{\"@type\":\"SearchAction\",\"target\":{\"@type\":\"EntryPoint\",\"urlTemplate\":\"https:\\\/\\\/www.retros-gallery.com\\\/?s={search_term_string}\"},\"query-input\":{\"@type\":\"PropertyValueSpecification\",\"valueRequired\":true,\"valueName\":\"search_term_string\"}}],\"inLanguage\":\"ro-RO\"},{\"@type\":[\"Organization\",\"Place\"],\"@id\":\"https:\\\/\\\/www.retros-gallery.com\\\/#organization\",\"name\":\"Retros Gallery\",\"url\":\"https:\\\/\\\/www.retros-gallery.com\\\/\",\"logo\":{\"@id\":\"https:\\\/\\\/www.retros-gallery.com\\\/collection\\\/seating\\\/sofas\\\/wittman-aura-sofa-set-by-paolo-piva-austria-1980s\\\/#local-main-organization-logo\"},\"image\":{\"@id\":\"https:\\\/\\\/www.retros-gallery.com\\\/collection\\\/seating\\\/sofas\\\/wittman-aura-sofa-set-by-paolo-piva-austria-1980s\\\/#local-main-organization-logo\"},\"sameAs\":[\"https:\\\/\\\/www.facebook.com\\\/retrosfurniture\\\/\",\"https:\\\/\\\/www.instagram.com\\\/retros.ro\\\/\"],\"telephone\":[],\"openingHoursSpecification\":[{\"@type\":\"OpeningHoursSpecification\",\"dayOfWeek\":[\"Monday\",\"Tuesday\",\"Wednesday\",\"Thursday\",\"Friday\",\"Saturday\",\"Sunday\"],\"opens\":\"09:00\",\"closes\":\"17:00\"}]},{\"@type\":\"ImageObject\",\"inLanguage\":\"ro-RO\",\"@id\":\"https:\\\/\\\/www.retros-gallery.com\\\/collection\\\/seating\\\/sofas\\\/wittman-aura-sofa-set-by-paolo-piva-austria-1980s\\\/#local-main-organization-logo\",\"url\":\"https:\\\/\\\/www.retros-gallery.com\\\/wp-content\\\/uploads\\\/2023\\\/02\\\/Asset-2@4x-1.png\",\"contentUrl\":\"https:\\\/\\\/www.retros-gallery.com\\\/wp-content\\\/uploads\\\/2023\\\/02\\\/Asset-2@4x-1.png\",\"width\":2329,\"height\":248,\"caption\":\"Retros Gallery\"}]}<\/script>\n<meta property=\"product:price:amount\" content=\"3500\" \/>\n<meta property=\"product:price:currency\" content=\"EUR\" \/>\n<meta property=\"og:availability\" content=\"instock\" \/>\n<meta property=\"product:availability\" content=\"instock\" \/>\n<meta property=\"product:retailer_item_id\" content=\"INV818\" \/>\n<meta property=\"product:condition\" content=\"new\" \/>\n<!-- \/ Yoast SEO Premium plugin. -->","yoast_head_json":{"title":"Wittman Aura Sofa Set By Paolo Piva, Austria, 1980s - Retros Gallery","description":"Elegant Wittmann Aura sofa set by Paolo Piva, Austria, 1980s\u2014iconic postmodern design with sculptural lines, premium craftsmanship, and timeless appeal.","robots":{"index":"index","follow":"follow","max-snippet":"max-snippet:-1","max-image-preview":"max-image-preview:large","max-video-preview":"max-video-preview:-1"},"canonical":"https:\/\/www.retros-gallery.com\/ro\/colectii\/canapele-fotolii-scaune\/canapele\/wittman-aura-sofa-set-by-paolo-piva-austria-1980s\/","og_locale":"ro_RO","og_type":"article","og_title":"Wittman Aura Sofa Set By Paolo Piva, Austria, 1980s","og_description":"Elegant Wittmann Aura sofa set by Paolo Piva, Austria, 1980s\u2014iconic postmodern design with sculptural lines, premium craftsmanship, and timeless appeal.","og_url":"https:\/\/www.retros-gallery.com\/ro\/colectii\/canapele-fotolii-scaune\/canapele\/wittman-aura-sofa-set-by-paolo-piva-austria-1980s\/","og_site_name":"Retros Gallery","article_publisher":"https:\/\/www.facebook.com\/retrosfurniture\/","article_modified_time":"2026-04-07T22:13:02+00:00","og_image":[{"width":1300,"height":867,"url":"https:\/\/www.retros-gallery.com\/wp-content\/uploads\/2026\/02\/wittmann-aura-sofa-set-paolo-piva-austria-1980s.jpg","type":"image\/jpeg"}],"twitter_card":"summary_large_image","twitter_misc":{"Pre\u021b":"\u20ac3.500","Disponibilitate":"\u00cen stoc"},"schema":{"@context":"https:\/\/schema.org","@graph":[{"@type":"WebPage","@id":"https:\/\/www.retros-gallery.com\/collection\/seating\/sofas\/wittman-aura-sofa-set-by-paolo-piva-austria-1980s\/","url":"https:\/\/www.retros-gallery.com\/collection\/seating\/sofas\/wittman-aura-sofa-set-by-paolo-piva-austria-1980s\/","name":"Wittman Aura Sofa Set By Paolo Piva, Austria, 1980s - Retros Gallery","isPartOf":{"@id":"https:\/\/www.retros-gallery.com\/#website"},"primaryImageOfPage":{"@id":"https:\/\/www.retros-gallery.com\/collection\/seating\/sofas\/wittman-aura-sofa-set-by-paolo-piva-austria-1980s\/#primaryimage"},"image":{"@id":"https:\/\/www.retros-gallery.com\/collection\/seating\/sofas\/wittman-aura-sofa-set-by-paolo-piva-austria-1980s\/#primaryimage"},"thumbnailUrl":"https:\/\/www.retros-gallery.com\/wp-content\/uploads\/2026\/02\/wittmann-aura-sofa-set-paolo-piva-austria-1980s.jpg","datePublished":"2026-02-02T13:40:43+00:00","dateModified":"2026-04-07T22:13:02+00:00","description":"Elegant Wittmann Aura sofa set by Paolo Piva, Austria, 1980s\u2014iconic postmodern design with sculptural lines, premium craftsmanship, and timeless appeal.","breadcrumb":{"@id":"https:\/\/www.retros-gallery.com\/collection\/seating\/sofas\/wittman-aura-sofa-set-by-paolo-piva-austria-1980s\/#breadcrumb"},"inLanguage":"ro-RO","potentialAction":[{"@type":"ReadAction","target":["https:\/\/www.retros-gallery.com\/collection\/seating\/sofas\/wittman-aura-sofa-set-by-paolo-piva-austria-1980s\/"]}]},{"@type":"ImageObject","inLanguage":"ro-RO","@id":"https:\/\/www.retros-gallery.com\/collection\/seating\/sofas\/wittman-aura-sofa-set-by-paolo-piva-austria-1980s\/#primaryimage","url":"https:\/\/www.retros-gallery.com\/wp-content\/uploads\/2026\/02\/wittmann-aura-sofa-set-paolo-piva-austria-1980s.jpg","contentUrl":"https:\/\/www.retros-gallery.com\/wp-content\/uploads\/2026\/02\/wittmann-aura-sofa-set-paolo-piva-austria-1980s.jpg","width":1300,"height":867,"caption":"wittmann-aura-sofa-set-paolo-piva-austria-1980s"},{"@type":"BreadcrumbList","@id":"https:\/\/www.retros-gallery.com\/collection\/seating\/sofas\/wittman-aura-sofa-set-by-paolo-piva-austria-1980s\/#breadcrumb","itemListElement":[{"@type":"ListItem","position":1,"name":"Home","item":"https:\/\/www.retros-gallery.com\/"},{"@type":"ListItem","position":2,"name":"Collection","item":"https:\/\/www.retros-gallery.com\/collection\/"},{"@type":"ListItem","position":3,"name":"Seating","item":"https:\/\/www.retros-gallery.com\/product-category\/seating\/"},{"@type":"ListItem","position":4,"name":"Sofas","item":"https:\/\/www.retros-gallery.com\/product-category\/seating\/sofas\/"},{"@type":"ListItem","position":5,"name":"Wittman Aura Sofa Set By Paolo Piva, Austria, 1980s"}]},{"@type":"WebSite","@id":"https:\/\/www.retros-gallery.com\/#website","url":"https:\/\/www.retros-gallery.com\/","name":"Retros Gallery","description":"V\u00e2nz\u0103tor de mobil\u0103 de epoc\u0103","publisher":{"@id":"https:\/\/www.retros-gallery.com\/#organization"},"potentialAction":[{"@type":"SearchAction","target":{"@type":"EntryPoint","urlTemplate":"https:\/\/www.retros-gallery.com\/?s={search_term_string}"},"query-input":{"@type":"PropertyValueSpecification","valueRequired":true,"valueName":"search_term_string"}}],"inLanguage":"ro-RO"},{"@type":["Organization","Place"],"@id":"https:\/\/www.retros-gallery.com\/#organization","name":"Retros Gallery","url":"https:\/\/www.retros-gallery.com\/","logo":{"@id":"https:\/\/www.retros-gallery.com\/collection\/seating\/sofas\/wittman-aura-sofa-set-by-paolo-piva-austria-1980s\/#local-main-organization-logo"},"image":{"@id":"https:\/\/www.retros-gallery.com\/collection\/seating\/sofas\/wittman-aura-sofa-set-by-paolo-piva-austria-1980s\/#local-main-organization-logo"},"sameAs":["https:\/\/www.facebook.com\/retrosfurniture\/","https:\/\/www.instagram.com\/retros.ro\/"],"telephone":[],"openingHoursSpecification":[{"@type":"OpeningHoursSpecification","dayOfWeek":["Monday","Tuesday","Wednesday","Thursday","Friday","Saturday","Sunday"],"opens":"09:00","closes":"17:00"}]},{"@type":"ImageObject","inLanguage":"ro-RO","@id":"https:\/\/www.retros-gallery.com\/collection\/seating\/sofas\/wittman-aura-sofa-set-by-paolo-piva-austria-1980s\/#local-main-organization-logo","url":"https:\/\/www.retros-gallery.com\/wp-content\/uploads\/2023\/02\/Asset-2@4x-1.png","contentUrl":"https:\/\/www.retros-gallery.com\/wp-content\/uploads\/2023\/02\/Asset-2@4x-1.png","width":2329,"height":248,"caption":"Retros Gallery"}]},"product_price_amount":"3500","product_price_currency":"EUR","og_availability":"instock","product_availability":"instock","product_retailer_item_id":"INV818","product_condition":"new"},"_links":{"self":[{"href":"https:\/\/www.retros-gallery.com\/ro\/wp-json\/wp\/v2\/product\/10249","targetHints":{"allow":["GET"]}}],"collection":[{"href":"https:\/\/www.retros-gallery.com\/ro\/wp-json\/wp\/v2\/product"}],"about":[{"href":"https:\/\/www.retros-gallery.com\/ro\/wp-json\/wp\/v2\/types\/product"}],"replies":[{"embeddable":true,"href":"https:\/\/www.retros-gallery.com\/ro\/wp-json\/wp\/v2\/comments?post=10249"}],"wp:featuredmedia":[{"embeddable":true,"href":"https:\/\/www.retros-gallery.com\/ro\/wp-json\/wp\/v2\/media\/11323"}],"wp:attachment":[{"href":"https:\/\/www.retros-gallery.com\/ro\/wp-json\/wp\/v2\/media?parent=10249"}],"wp:term":[{"taxonomy":"product_brand","embeddable":true,"href":"https:\/\/www.retros-gallery.com\/ro\/wp-json\/wp\/v2\/product_brand?post=10249"},{"taxonomy":"product_cat","embeddable":true,"href":"https:\/\/www.retros-gallery.com\/ro\/wp-json\/wp\/v2\/product_cat?post=10249"},{"taxonomy":"product_tag","embeddable":true,"href":"https:\/\/www.retros-gallery.com\/ro\/wp-json\/wp\/v2\/product_tag?post=10249"}],"curies":[{"name":"wp","href":"https:\/\/api.w.org\/{rel}","templated":true}]}}