{"id":10437,"date":"2026-02-03T05:20:41","date_gmt":"2026-02-03T02:20:41","guid":{"rendered":"https:\/\/www.retros-gallery.com\/?post_type=product&#038;p=10437"},"modified":"2026-04-08T00:00:25","modified_gmt":"2026-04-07T21:00:25","slug":"mid-century-armchair-and-sofa-set-by-gillis-lundgren-ikea-sweden-1970s","status":"publish","type":"product","link":"https:\/\/www.retros-gallery.com\/ro\/colectii\/canapele-fotolii-scaune\/canapele\/mid-century-armchair-and-sofa-set-by-gillis-lundgren-ikea-sweden-1970s\/","title":{"rendered":"Mid century Armchair and sofa set By Gillis Lundgren Ikea Sweden 1970&#8217;s"},"content":{"rendered":"<p>Exceptional and rare vintage scandinavian armchair by gillis lundgren, swedish designer for ikea in the 1970s, vintage dark brown velvet with large ribs. Tubular chrome metal structure, original velvet fabric for the seat and the 2 storage compartments.<\/p>\n<p data-start=\"673\" data-end=\"720\"><strong data-start=\"673\" data-end=\"718\">Why This 1970s IKEA Lounge Set Stands Out<\/strong><\/p>\n<ul data-start=\"721\" data-end=\"1044\">\n<li data-start=\"721\" data-end=\"776\">\n<p data-start=\"723\" data-end=\"776\">Designed by Gillis Lundgren for IKEA, Sweden, 1970s<\/p>\n<\/li>\n<li data-start=\"777\" data-end=\"832\">\n<p data-start=\"779\" data-end=\"832\">Rare Scandinavian mid-century armchair and sofa set<\/p>\n<\/li>\n<li data-start=\"833\" data-end=\"885\">\n<p data-start=\"835\" data-end=\"885\">Tubular chrome steel frame with sculptural lines<\/p>\n<\/li>\n<li data-start=\"886\" data-end=\"934\">\n<p data-start=\"888\" data-end=\"934\">Original dark brown ribbed velvet upholstery<\/p>\n<\/li>\n<li data-start=\"935\" data-end=\"994\">\n<p data-start=\"937\" data-end=\"994\">Integrated storage compartments for added functionality<\/p>\n<\/li>\n<li data-start=\"995\" data-end=\"1044\">\n<p data-start=\"997\" data-end=\"1044\">Collectible example of vintage Swedish design<\/p>\n<\/li>\n<\/ul>\n<p data-start=\"1046\" data-end=\"1195\"><strong data-start=\"1046\" data-end=\"1074\">Specifica\u021bii \u0219i detalii<\/strong><br data-start=\"1074\" data-end=\"1077\" \/>Origin: Sweden<br data-start=\"1091\" data-end=\"1094\" \/>Perioada: Anii 1970<br data-start=\"1107\" data-end=\"1110\" \/>Designer: Gillis Lundgren<br data-start=\"1135\" data-end=\"1138\" \/>Producer: IKEA<br data-start=\"1152\" data-end=\"1155\" \/>Materials: Tubular steel, foam, fabric<\/p>\n<p data-start=\"1197\" data-end=\"1287\"><strong>Dimensiuni:<\/strong><br data-start=\"1208\" data-end=\"1211\" \/>Sofa:<br data-start=\"1216\" data-end=\"1219\" \/>Length: 120 cm<br data-start=\"1233\" data-end=\"1236\" \/>Ad\u00e2ncime: 90 cm<br data-start=\"1248\" data-end=\"1251\" \/>Height: 92 cm<br data-start=\"1264\" data-end=\"1267\" \/>Seat height: 42 cm<\/p>\n<p data-start=\"1289\" data-end=\"1368\">Armchair:<br data-start=\"1298\" data-end=\"1301\" \/>Length: 62 cm<br data-start=\"1314\" data-end=\"1317\" \/>Ad\u00e2ncime: 90 cm<br data-start=\"1329\" data-end=\"1332\" \/>Height: 92 cm<br data-start=\"1345\" data-end=\"1348\" \/>Seat height: 42 cm<\/p>\n<p data-start=\"1289\" data-end=\"1368\"><strong>Stare: <\/strong>Very good condition<\/p>\n<p data-start=\"1370\" data-end=\"1514\" data-is-last-node=\"\" data-is-only-node=\"\">A rare and character-rich Scandinavian set that perfectly balances comfort, function, and bold 1970s design \u2014 available now from Retros Gallery.<\/p>","protected":false},"excerpt":{"rendered":"<p>Exceptional and rare vintage scandinavian armchair by gillis lundgren, swedish designer for ikea in the 1970s, vintage dark brown velvet with large ribs. Tubular chrome metal structure, original velvet fabric for the seat and the 2 storage compartments. Why This 1970s IKEA Lounge Set Stands Out Designed by Gillis Lundgren for IKEA, Sweden, 1970s Rare [&hellip;]<\/p>","protected":false},"featured_media":11204,"comment_status":"open","ping_status":"closed","template":"","meta":[],"product_brand":[],"product_cat":[35,36,49,61],"product_tag":[],"class_list":{"0":"post-10437","1":"product","2":"type-product","3":"status-publish","4":"has-post-thumbnail","6":"product_cat-furniture","7":"product_cat-seating","8":"product_cat-armchairs","9":"product_cat-sofas","11":"first","12":"instock","13":"shipping-taxable","14":"purchasable","15":"product-type-simple"},"yoast_head":"<!-- This site is optimized with the Yoast SEO Premium plugin v24.6 (Yoast SEO v27.4) - https:\/\/yoast.com\/product\/yoast-seo-premium-wordpress\/ -->\n<title>Mid century Armchair and sofa set By Gillis Lundgren Ikea Sweden 1970&#039;s - Retros Gallery<\/title>\n<meta name=\"description\" content=\"1970s IKEA armchair and sofa set by Gillis Lundgren, Sweden\u2014tubular steel frame with ribbed velvet upholstery and classic Scandinavian style.\" \/>\n<meta name=\"robots\" content=\"index, follow, max-snippet:-1, max-image-preview:large, max-video-preview:-1\" \/>\n<link rel=\"canonical\" href=\"https:\/\/www.retros-gallery.com\/ro\/colectii\/canapele-fotolii-scaune\/canapele\/mid-century-armchair-and-sofa-set-by-gillis-lundgren-ikea-sweden-1970s\/\" \/>\n<meta property=\"og:locale\" content=\"ro_RO\" \/>\n<meta property=\"og:type\" content=\"article\" \/>\n<meta property=\"og:title\" content=\"Mid century Armchair and sofa set By Gillis Lundgren Ikea Sweden 1970&#039;s\" \/>\n<meta property=\"og:description\" content=\"1970s IKEA armchair and sofa set by Gillis Lundgren, Sweden\u2014tubular steel frame with ribbed velvet upholstery and classic Scandinavian style.\" \/>\n<meta property=\"og:url\" content=\"https:\/\/www.retros-gallery.com\/ro\/colectii\/canapele-fotolii-scaune\/canapele\/mid-century-armchair-and-sofa-set-by-gillis-lundgren-ikea-sweden-1970s\/\" \/>\n<meta property=\"og:site_name\" content=\"Retros Gallery\" \/>\n<meta property=\"article:publisher\" content=\"https:\/\/www.facebook.com\/retrosfurniture\/\" \/>\n<meta property=\"article:modified_time\" content=\"2026-04-07T21:00:25+00:00\" \/>\n<meta property=\"og:image\" content=\"https:\/\/www.retros-gallery.com\/wp-content\/uploads\/2026\/02\/mid-century-armchair-sofa-set-gillis-lundgren-ikea-sweden-1970s.jpg\" \/>\n\t<meta property=\"og:image:width\" content=\"1300\" \/>\n\t<meta property=\"og:image:height\" content=\"867\" \/>\n\t<meta property=\"og:image:type\" content=\"image\/jpeg\" \/>\n<meta name=\"twitter:card\" content=\"summary_large_image\" \/>\n<meta name=\"twitter:label1\" content=\"Pre\u021b\" \/>\n\t<meta name=\"twitter:data1\" content=\"\u20ac1.000\" \/>\n\t<meta name=\"twitter:label2\" content=\"Disponibilitate\" \/>\n\t<meta name=\"twitter:data2\" content=\"\u00cen stoc\" \/>\n<script type=\"application\/ld+json\" class=\"yoast-schema-graph\">{\"@context\":\"https:\\\/\\\/schema.org\",\"@graph\":[{\"@type\":\"WebPage\",\"@id\":\"https:\\\/\\\/www.retros-gallery.com\\\/collection\\\/seating\\\/sofas\\\/mid-century-armchair-and-sofa-set-by-gillis-lundgren-ikea-sweden-1970s\\\/\",\"url\":\"https:\\\/\\\/www.retros-gallery.com\\\/collection\\\/seating\\\/sofas\\\/mid-century-armchair-and-sofa-set-by-gillis-lundgren-ikea-sweden-1970s\\\/\",\"name\":\"Mid century Armchair and sofa set By Gillis Lundgren Ikea Sweden 1970's - Retros Gallery\",\"isPartOf\":{\"@id\":\"https:\\\/\\\/www.retros-gallery.com\\\/#website\"},\"primaryImageOfPage\":{\"@id\":\"https:\\\/\\\/www.retros-gallery.com\\\/collection\\\/seating\\\/sofas\\\/mid-century-armchair-and-sofa-set-by-gillis-lundgren-ikea-sweden-1970s\\\/#primaryimage\"},\"image\":{\"@id\":\"https:\\\/\\\/www.retros-gallery.com\\\/collection\\\/seating\\\/sofas\\\/mid-century-armchair-and-sofa-set-by-gillis-lundgren-ikea-sweden-1970s\\\/#primaryimage\"},\"thumbnailUrl\":\"https:\\\/\\\/www.retros-gallery.com\\\/wp-content\\\/uploads\\\/2026\\\/02\\\/mid-century-armchair-sofa-set-gillis-lundgren-ikea-sweden-1970s.jpg\",\"datePublished\":\"2026-02-03T02:20:41+00:00\",\"dateModified\":\"2026-04-07T21:00:25+00:00\",\"description\":\"1970s IKEA armchair and sofa set by Gillis Lundgren, Sweden\u2014tubular steel frame with ribbed velvet upholstery and classic Scandinavian style.\",\"breadcrumb\":{\"@id\":\"https:\\\/\\\/www.retros-gallery.com\\\/collection\\\/seating\\\/sofas\\\/mid-century-armchair-and-sofa-set-by-gillis-lundgren-ikea-sweden-1970s\\\/#breadcrumb\"},\"inLanguage\":\"ro-RO\",\"potentialAction\":[{\"@type\":\"ReadAction\",\"target\":[\"https:\\\/\\\/www.retros-gallery.com\\\/collection\\\/seating\\\/sofas\\\/mid-century-armchair-and-sofa-set-by-gillis-lundgren-ikea-sweden-1970s\\\/\"]}]},{\"@type\":\"ImageObject\",\"inLanguage\":\"ro-RO\",\"@id\":\"https:\\\/\\\/www.retros-gallery.com\\\/collection\\\/seating\\\/sofas\\\/mid-century-armchair-and-sofa-set-by-gillis-lundgren-ikea-sweden-1970s\\\/#primaryimage\",\"url\":\"https:\\\/\\\/www.retros-gallery.com\\\/wp-content\\\/uploads\\\/2026\\\/02\\\/mid-century-armchair-sofa-set-gillis-lundgren-ikea-sweden-1970s.jpg\",\"contentUrl\":\"https:\\\/\\\/www.retros-gallery.com\\\/wp-content\\\/uploads\\\/2026\\\/02\\\/mid-century-armchair-sofa-set-gillis-lundgren-ikea-sweden-1970s.jpg\",\"width\":1300,\"height\":867,\"caption\":\"mid-century-armchair-sofa-set-gillis-lundgren-ikea-sweden-1970s\"},{\"@type\":\"BreadcrumbList\",\"@id\":\"https:\\\/\\\/www.retros-gallery.com\\\/collection\\\/seating\\\/sofas\\\/mid-century-armchair-and-sofa-set-by-gillis-lundgren-ikea-sweden-1970s\\\/#breadcrumb\",\"itemListElement\":[{\"@type\":\"ListItem\",\"position\":1,\"name\":\"Home\",\"item\":\"https:\\\/\\\/www.retros-gallery.com\\\/\"},{\"@type\":\"ListItem\",\"position\":2,\"name\":\"Collection\",\"item\":\"https:\\\/\\\/www.retros-gallery.com\\\/collection\\\/\"},{\"@type\":\"ListItem\",\"position\":3,\"name\":\"Seating\",\"item\":\"https:\\\/\\\/www.retros-gallery.com\\\/product-category\\\/seating\\\/\"},{\"@type\":\"ListItem\",\"position\":4,\"name\":\"Sofas\",\"item\":\"https:\\\/\\\/www.retros-gallery.com\\\/product-category\\\/seating\\\/sofas\\\/\"},{\"@type\":\"ListItem\",\"position\":5,\"name\":\"Mid century Armchair and sofa set By Gillis Lundgren Ikea Sweden 1970&#8217;s\"}]},{\"@type\":\"WebSite\",\"@id\":\"https:\\\/\\\/www.retros-gallery.com\\\/#website\",\"url\":\"https:\\\/\\\/www.retros-gallery.com\\\/\",\"name\":\"Retros Gallery\",\"description\":\"Vintage Furniture Vendor\",\"publisher\":{\"@id\":\"https:\\\/\\\/www.retros-gallery.com\\\/#organization\"},\"potentialAction\":[{\"@type\":\"SearchAction\",\"target\":{\"@type\":\"EntryPoint\",\"urlTemplate\":\"https:\\\/\\\/www.retros-gallery.com\\\/?s={search_term_string}\"},\"query-input\":{\"@type\":\"PropertyValueSpecification\",\"valueRequired\":true,\"valueName\":\"search_term_string\"}}],\"inLanguage\":\"ro-RO\"},{\"@type\":[\"Organization\",\"Place\"],\"@id\":\"https:\\\/\\\/www.retros-gallery.com\\\/#organization\",\"name\":\"Retros Gallery\",\"url\":\"https:\\\/\\\/www.retros-gallery.com\\\/\",\"logo\":{\"@id\":\"https:\\\/\\\/www.retros-gallery.com\\\/collection\\\/seating\\\/sofas\\\/mid-century-armchair-and-sofa-set-by-gillis-lundgren-ikea-sweden-1970s\\\/#local-main-organization-logo\"},\"image\":{\"@id\":\"https:\\\/\\\/www.retros-gallery.com\\\/collection\\\/seating\\\/sofas\\\/mid-century-armchair-and-sofa-set-by-gillis-lundgren-ikea-sweden-1970s\\\/#local-main-organization-logo\"},\"sameAs\":[\"https:\\\/\\\/www.facebook.com\\\/retrosfurniture\\\/\",\"https:\\\/\\\/www.instagram.com\\\/retros.ro\\\/\"],\"telephone\":[],\"openingHoursSpecification\":[{\"@type\":\"OpeningHoursSpecification\",\"dayOfWeek\":[\"Monday\",\"Tuesday\",\"Wednesday\",\"Thursday\",\"Friday\",\"Saturday\",\"Sunday\"],\"opens\":\"09:00\",\"closes\":\"17:00\"}]},{\"@type\":\"ImageObject\",\"inLanguage\":\"ro-RO\",\"@id\":\"https:\\\/\\\/www.retros-gallery.com\\\/collection\\\/seating\\\/sofas\\\/mid-century-armchair-and-sofa-set-by-gillis-lundgren-ikea-sweden-1970s\\\/#local-main-organization-logo\",\"url\":\"https:\\\/\\\/www.retros-gallery.com\\\/wp-content\\\/uploads\\\/2023\\\/02\\\/Asset-2@4x-1.png\",\"contentUrl\":\"https:\\\/\\\/www.retros-gallery.com\\\/wp-content\\\/uploads\\\/2023\\\/02\\\/Asset-2@4x-1.png\",\"width\":2329,\"height\":248,\"caption\":\"Retros Gallery\"}]}<\/script>\n<meta property=\"product:price:amount\" content=\"1000\" \/>\n<meta property=\"product:price:currency\" content=\"EUR\" \/>\n<meta property=\"og:availability\" content=\"instock\" \/>\n<meta property=\"product:availability\" content=\"instock\" \/>\n<meta property=\"product:retailer_item_id\" content=\"INV803\" \/>\n<meta property=\"product:condition\" content=\"new\" \/>\n<!-- \/ Yoast SEO Premium plugin. -->","yoast_head_json":{"title":"Mid century Armchair and sofa set By Gillis Lundgren Ikea Sweden 1970's - Retros Gallery","description":"1970s IKEA armchair and sofa set by Gillis Lundgren, Sweden\u2014tubular steel frame with ribbed velvet upholstery and classic Scandinavian style.","robots":{"index":"index","follow":"follow","max-snippet":"max-snippet:-1","max-image-preview":"max-image-preview:large","max-video-preview":"max-video-preview:-1"},"canonical":"https:\/\/www.retros-gallery.com\/ro\/colectii\/canapele-fotolii-scaune\/canapele\/mid-century-armchair-and-sofa-set-by-gillis-lundgren-ikea-sweden-1970s\/","og_locale":"ro_RO","og_type":"article","og_title":"Mid century Armchair and sofa set By Gillis Lundgren Ikea Sweden 1970's","og_description":"1970s IKEA armchair and sofa set by Gillis Lundgren, Sweden\u2014tubular steel frame with ribbed velvet upholstery and classic Scandinavian style.","og_url":"https:\/\/www.retros-gallery.com\/ro\/colectii\/canapele-fotolii-scaune\/canapele\/mid-century-armchair-and-sofa-set-by-gillis-lundgren-ikea-sweden-1970s\/","og_site_name":"Retros Gallery","article_publisher":"https:\/\/www.facebook.com\/retrosfurniture\/","article_modified_time":"2026-04-07T21:00:25+00:00","og_image":[{"width":1300,"height":867,"url":"https:\/\/www.retros-gallery.com\/wp-content\/uploads\/2026\/02\/mid-century-armchair-sofa-set-gillis-lundgren-ikea-sweden-1970s.jpg","type":"image\/jpeg"}],"twitter_card":"summary_large_image","twitter_misc":{"Pre\u021b":"\u20ac1.000","Disponibilitate":"\u00cen stoc"},"schema":{"@context":"https:\/\/schema.org","@graph":[{"@type":"WebPage","@id":"https:\/\/www.retros-gallery.com\/collection\/seating\/sofas\/mid-century-armchair-and-sofa-set-by-gillis-lundgren-ikea-sweden-1970s\/","url":"https:\/\/www.retros-gallery.com\/collection\/seating\/sofas\/mid-century-armchair-and-sofa-set-by-gillis-lundgren-ikea-sweden-1970s\/","name":"Mid century Armchair and sofa set By Gillis Lundgren Ikea Sweden 1970's - Retros Gallery","isPartOf":{"@id":"https:\/\/www.retros-gallery.com\/#website"},"primaryImageOfPage":{"@id":"https:\/\/www.retros-gallery.com\/collection\/seating\/sofas\/mid-century-armchair-and-sofa-set-by-gillis-lundgren-ikea-sweden-1970s\/#primaryimage"},"image":{"@id":"https:\/\/www.retros-gallery.com\/collection\/seating\/sofas\/mid-century-armchair-and-sofa-set-by-gillis-lundgren-ikea-sweden-1970s\/#primaryimage"},"thumbnailUrl":"https:\/\/www.retros-gallery.com\/wp-content\/uploads\/2026\/02\/mid-century-armchair-sofa-set-gillis-lundgren-ikea-sweden-1970s.jpg","datePublished":"2026-02-03T02:20:41+00:00","dateModified":"2026-04-07T21:00:25+00:00","description":"1970s IKEA armchair and sofa set by Gillis Lundgren, Sweden\u2014tubular steel frame with ribbed velvet upholstery and classic Scandinavian style.","breadcrumb":{"@id":"https:\/\/www.retros-gallery.com\/collection\/seating\/sofas\/mid-century-armchair-and-sofa-set-by-gillis-lundgren-ikea-sweden-1970s\/#breadcrumb"},"inLanguage":"ro-RO","potentialAction":[{"@type":"ReadAction","target":["https:\/\/www.retros-gallery.com\/collection\/seating\/sofas\/mid-century-armchair-and-sofa-set-by-gillis-lundgren-ikea-sweden-1970s\/"]}]},{"@type":"ImageObject","inLanguage":"ro-RO","@id":"https:\/\/www.retros-gallery.com\/collection\/seating\/sofas\/mid-century-armchair-and-sofa-set-by-gillis-lundgren-ikea-sweden-1970s\/#primaryimage","url":"https:\/\/www.retros-gallery.com\/wp-content\/uploads\/2026\/02\/mid-century-armchair-sofa-set-gillis-lundgren-ikea-sweden-1970s.jpg","contentUrl":"https:\/\/www.retros-gallery.com\/wp-content\/uploads\/2026\/02\/mid-century-armchair-sofa-set-gillis-lundgren-ikea-sweden-1970s.jpg","width":1300,"height":867,"caption":"mid-century-armchair-sofa-set-gillis-lundgren-ikea-sweden-1970s"},{"@type":"BreadcrumbList","@id":"https:\/\/www.retros-gallery.com\/collection\/seating\/sofas\/mid-century-armchair-and-sofa-set-by-gillis-lundgren-ikea-sweden-1970s\/#breadcrumb","itemListElement":[{"@type":"ListItem","position":1,"name":"Home","item":"https:\/\/www.retros-gallery.com\/"},{"@type":"ListItem","position":2,"name":"Collection","item":"https:\/\/www.retros-gallery.com\/collection\/"},{"@type":"ListItem","position":3,"name":"Seating","item":"https:\/\/www.retros-gallery.com\/product-category\/seating\/"},{"@type":"ListItem","position":4,"name":"Sofas","item":"https:\/\/www.retros-gallery.com\/product-category\/seating\/sofas\/"},{"@type":"ListItem","position":5,"name":"Mid century Armchair and sofa set By Gillis Lundgren Ikea Sweden 1970&#8217;s"}]},{"@type":"WebSite","@id":"https:\/\/www.retros-gallery.com\/#website","url":"https:\/\/www.retros-gallery.com\/","name":"Retros Gallery","description":"V\u00e2nz\u0103tor de mobil\u0103 de epoc\u0103","publisher":{"@id":"https:\/\/www.retros-gallery.com\/#organization"},"potentialAction":[{"@type":"SearchAction","target":{"@type":"EntryPoint","urlTemplate":"https:\/\/www.retros-gallery.com\/?s={search_term_string}"},"query-input":{"@type":"PropertyValueSpecification","valueRequired":true,"valueName":"search_term_string"}}],"inLanguage":"ro-RO"},{"@type":["Organization","Place"],"@id":"https:\/\/www.retros-gallery.com\/#organization","name":"Retros Gallery","url":"https:\/\/www.retros-gallery.com\/","logo":{"@id":"https:\/\/www.retros-gallery.com\/collection\/seating\/sofas\/mid-century-armchair-and-sofa-set-by-gillis-lundgren-ikea-sweden-1970s\/#local-main-organization-logo"},"image":{"@id":"https:\/\/www.retros-gallery.com\/collection\/seating\/sofas\/mid-century-armchair-and-sofa-set-by-gillis-lundgren-ikea-sweden-1970s\/#local-main-organization-logo"},"sameAs":["https:\/\/www.facebook.com\/retrosfurniture\/","https:\/\/www.instagram.com\/retros.ro\/"],"telephone":[],"openingHoursSpecification":[{"@type":"OpeningHoursSpecification","dayOfWeek":["Monday","Tuesday","Wednesday","Thursday","Friday","Saturday","Sunday"],"opens":"09:00","closes":"17:00"}]},{"@type":"ImageObject","inLanguage":"ro-RO","@id":"https:\/\/www.retros-gallery.com\/collection\/seating\/sofas\/mid-century-armchair-and-sofa-set-by-gillis-lundgren-ikea-sweden-1970s\/#local-main-organization-logo","url":"https:\/\/www.retros-gallery.com\/wp-content\/uploads\/2023\/02\/Asset-2@4x-1.png","contentUrl":"https:\/\/www.retros-gallery.com\/wp-content\/uploads\/2023\/02\/Asset-2@4x-1.png","width":2329,"height":248,"caption":"Retros Gallery"}]},"product_price_amount":"1000","product_price_currency":"EUR","og_availability":"instock","product_availability":"instock","product_retailer_item_id":"INV803","product_condition":"new"},"_links":{"self":[{"href":"https:\/\/www.retros-gallery.com\/ro\/wp-json\/wp\/v2\/product\/10437","targetHints":{"allow":["GET"]}}],"collection":[{"href":"https:\/\/www.retros-gallery.com\/ro\/wp-json\/wp\/v2\/product"}],"about":[{"href":"https:\/\/www.retros-gallery.com\/ro\/wp-json\/wp\/v2\/types\/product"}],"replies":[{"embeddable":true,"href":"https:\/\/www.retros-gallery.com\/ro\/wp-json\/wp\/v2\/comments?post=10437"}],"wp:featuredmedia":[{"embeddable":true,"href":"https:\/\/www.retros-gallery.com\/ro\/wp-json\/wp\/v2\/media\/11204"}],"wp:attachment":[{"href":"https:\/\/www.retros-gallery.com\/ro\/wp-json\/wp\/v2\/media?parent=10437"}],"wp:term":[{"taxonomy":"product_brand","embeddable":true,"href":"https:\/\/www.retros-gallery.com\/ro\/wp-json\/wp\/v2\/product_brand?post=10437"},{"taxonomy":"product_cat","embeddable":true,"href":"https:\/\/www.retros-gallery.com\/ro\/wp-json\/wp\/v2\/product_cat?post=10437"},{"taxonomy":"product_tag","embeddable":true,"href":"https:\/\/www.retros-gallery.com\/ro\/wp-json\/wp\/v2\/product_tag?post=10437"}],"curies":[{"name":"wp","href":"https:\/\/api.w.org\/{rel}","templated":true}]}}