{"id":10492,"date":"2026-02-03T09:42:26","date_gmt":"2026-02-03T06:42:26","guid":{"rendered":"https:\/\/www.retros-gallery.com\/?post_type=product&#038;p=10492"},"modified":"2026-04-07T23:25:29","modified_gmt":"2026-04-07T20:25:29","slug":"vintage-president-desk-by-galotti-radice-italy-1970s","status":"publish","type":"product","link":"https:\/\/www.retros-gallery.com\/ro\/colectii\/mobilier\/birouri-vintage\/vintage-president-desk-by-galotti-radice-italy-1970s\/","title":{"rendered":"Vintage President Desk by Galotti &amp; Radice Italy 1970&#8217;s"},"content":{"rendered":"<p>President Desk made of safety glass with a stainless steel frame. Originally designed by Gallotti &amp; Radice in 1971, this piece is made circa 1988. Marked with label. Gallotti &amp; Radice is a renowned Italian furniture and design company that has been crafting timeless pieces for over 60 years.<\/p>\n<p data-start=\"633\" data-end=\"691\"><strong data-start=\"633\" data-end=\"689\">Why This Gallotti &amp; Radice President Desk Stands Out<\/strong><\/p>\n<ul data-start=\"692\" data-end=\"980\">\n<li data-start=\"692\" data-end=\"745\">\n<p data-start=\"694\" data-end=\"745\">Iconic President Desk design by Gallotti &amp; Radice<\/p>\n<\/li>\n<li data-start=\"746\" data-end=\"784\">\n<p data-start=\"748\" data-end=\"784\">Originally designed in 1971, Italy<\/p>\n<\/li>\n<li data-start=\"785\" data-end=\"844\">\n<p data-start=\"787\" data-end=\"844\">Construction in glass with stainless steel frame<\/p>\n<\/li>\n<li data-start=\"845\" data-end=\"900\">\n<p data-start=\"847\" data-end=\"900\">Minimalist, architectural look with strong presence<\/p>\n<\/li>\n<li data-start=\"901\" data-end=\"931\">\n<p data-start=\"903\" data-end=\"931\">Marked with\u00a0 label<\/p>\n<\/li>\n<li data-start=\"932\" data-end=\"980\">\n<p data-start=\"934\" data-end=\"980\">Collectible example of Italian modern design<\/p>\n<\/li>\n<\/ul>\n<p data-start=\"982\" data-end=\"1159\"><strong data-start=\"982\" data-end=\"1010\">Specifica\u021bii \u0219i detalii<\/strong><br data-start=\"1010\" data-end=\"1013\" \/>Origine: Italia<br data-start=\"1026\" data-end=\"1029\" \/>Perioada: Anii 1970\u00a0<br data-start=\"1064\" data-end=\"1067\" \/>Designer: Gallotti &amp; Radice<br data-start=\"1094\" data-end=\"1097\" \/>Producer: Unknown<br data-start=\"1124\" data-end=\"1127\" \/>Materials: Metal, glass<\/p>\n<p data-start=\"1161\" data-end=\"1222\"><strong>Dimensiuni:<\/strong><br data-start=\"1172\" data-end=\"1175\" \/>Length: 172 cm<br data-start=\"1189\" data-end=\"1192\" \/>Ad\u00e2ncime: 80 cm<br data-start=\"1204\" data-end=\"1207\" \/>Inaltime: 74 cm<\/p>\n<p data-start=\"1161\" data-end=\"1222\"><strong>Stare: <\/strong>good condition<\/p>\n<p data-start=\"1224\" data-end=\"1343\" data-is-last-node=\"\" data-is-only-node=\"\">A timeless Italian design piece that combines transparency, strength, and elegance \u2014 available now from Retros Gallery.<\/p>","protected":false},"excerpt":{"rendered":"<p>President Desk made of safety glass with a stainless steel frame. Originally designed by Gallotti &amp; Radice in 1971, this piece is made circa 1988. Marked with label. Gallotti &amp; Radice is a renowned Italian furniture and design company that has been crafting timeless pieces for over 60 years. Why This Gallotti &amp; Radice President [&hellip;]<\/p>","protected":false},"featured_media":11180,"comment_status":"open","ping_status":"closed","template":"","meta":[],"product_brand":[],"product_cat":[35,44],"product_tag":[],"class_list":{"0":"post-10492","1":"product","2":"type-product","3":"status-publish","4":"has-post-thumbnail","6":"product_cat-furniture","7":"product_cat-vintage-desks","9":"first","10":"instock","11":"shipping-taxable","12":"purchasable","13":"product-type-simple"},"yoast_head":"<!-- This site is optimized with the Yoast SEO Premium plugin v24.6 (Yoast SEO v27.4) - https:\/\/yoast.com\/product\/yoast-seo-premium-wordpress\/ -->\n<title>Vintage President Desk by Galotti &amp; Radice Italy 1970&#039;s - Retros Gallery<\/title>\n<meta name=\"description\" content=\"Vintage President Desk by Gallotti &amp; Radice, Italy 1970&#039;s, glass and stainless steel design with a clean, modern look.\" \/>\n<meta name=\"robots\" content=\"index, follow, max-snippet:-1, max-image-preview:large, max-video-preview:-1\" \/>\n<link rel=\"canonical\" href=\"https:\/\/www.retros-gallery.com\/ro\/colectii\/mobilier\/birouri-vintage\/vintage-president-desk-by-galotti-radice-italy-1970s\/\" \/>\n<meta property=\"og:locale\" content=\"ro_RO\" \/>\n<meta property=\"og:type\" content=\"article\" \/>\n<meta property=\"og:title\" content=\"Vintage President Desk by Galotti &amp; Radice Italy 1970&#039;s\" \/>\n<meta property=\"og:description\" content=\"Vintage President Desk by Gallotti &amp; Radice, Italy 1970&#039;s, glass and stainless steel design with a clean, modern look.\" \/>\n<meta property=\"og:url\" content=\"https:\/\/www.retros-gallery.com\/ro\/colectii\/mobilier\/birouri-vintage\/vintage-president-desk-by-galotti-radice-italy-1970s\/\" \/>\n<meta property=\"og:site_name\" content=\"Retros Gallery\" \/>\n<meta property=\"article:publisher\" content=\"https:\/\/www.facebook.com\/retrosfurniture\/\" \/>\n<meta property=\"article:modified_time\" content=\"2026-04-07T20:25:29+00:00\" \/>\n<meta property=\"og:image\" content=\"https:\/\/www.retros-gallery.com\/wp-content\/uploads\/2026\/02\/1970s-italy-vintage-president-desk-galotti-radice.jpg\" \/>\n\t<meta property=\"og:image:width\" content=\"1300\" \/>\n\t<meta property=\"og:image:height\" content=\"867\" \/>\n\t<meta property=\"og:image:type\" content=\"image\/jpeg\" \/>\n<meta name=\"twitter:card\" content=\"summary_large_image\" \/>\n<meta name=\"twitter:label1\" content=\"Pre\u021b\" \/>\n\t<meta name=\"twitter:data1\" content=\"\u20ac1.700\" \/>\n\t<meta name=\"twitter:label2\" content=\"Disponibilitate\" \/>\n\t<meta name=\"twitter:data2\" content=\"\u00cen stoc\" \/>\n<script type=\"application\/ld+json\" class=\"yoast-schema-graph\">{\"@context\":\"https:\\\/\\\/schema.org\",\"@graph\":[{\"@type\":\"WebPage\",\"@id\":\"https:\\\/\\\/www.retros-gallery.com\\\/collection\\\/furniture\\\/vintage-desks\\\/vintage-president-desk-by-galotti-radice-italy-1970s\\\/\",\"url\":\"https:\\\/\\\/www.retros-gallery.com\\\/collection\\\/furniture\\\/vintage-desks\\\/vintage-president-desk-by-galotti-radice-italy-1970s\\\/\",\"name\":\"Vintage President Desk by Galotti &amp; Radice Italy 1970's - Retros Gallery\",\"isPartOf\":{\"@id\":\"https:\\\/\\\/www.retros-gallery.com\\\/#website\"},\"primaryImageOfPage\":{\"@id\":\"https:\\\/\\\/www.retros-gallery.com\\\/collection\\\/furniture\\\/vintage-desks\\\/vintage-president-desk-by-galotti-radice-italy-1970s\\\/#primaryimage\"},\"image\":{\"@id\":\"https:\\\/\\\/www.retros-gallery.com\\\/collection\\\/furniture\\\/vintage-desks\\\/vintage-president-desk-by-galotti-radice-italy-1970s\\\/#primaryimage\"},\"thumbnailUrl\":\"https:\\\/\\\/www.retros-gallery.com\\\/wp-content\\\/uploads\\\/2026\\\/02\\\/1970s-italy-vintage-president-desk-galotti-radice.jpg\",\"datePublished\":\"2026-02-03T06:42:26+00:00\",\"dateModified\":\"2026-04-07T20:25:29+00:00\",\"description\":\"Vintage President Desk by Gallotti & Radice, Italy 1970's, glass and stainless steel design with a clean, modern look.\",\"breadcrumb\":{\"@id\":\"https:\\\/\\\/www.retros-gallery.com\\\/collection\\\/furniture\\\/vintage-desks\\\/vintage-president-desk-by-galotti-radice-italy-1970s\\\/#breadcrumb\"},\"inLanguage\":\"ro-RO\",\"potentialAction\":[{\"@type\":\"ReadAction\",\"target\":[\"https:\\\/\\\/www.retros-gallery.com\\\/collection\\\/furniture\\\/vintage-desks\\\/vintage-president-desk-by-galotti-radice-italy-1970s\\\/\"]}]},{\"@type\":\"ImageObject\",\"inLanguage\":\"ro-RO\",\"@id\":\"https:\\\/\\\/www.retros-gallery.com\\\/collection\\\/furniture\\\/vintage-desks\\\/vintage-president-desk-by-galotti-radice-italy-1970s\\\/#primaryimage\",\"url\":\"https:\\\/\\\/www.retros-gallery.com\\\/wp-content\\\/uploads\\\/2026\\\/02\\\/1970s-italy-vintage-president-desk-galotti-radice.jpg\",\"contentUrl\":\"https:\\\/\\\/www.retros-gallery.com\\\/wp-content\\\/uploads\\\/2026\\\/02\\\/1970s-italy-vintage-president-desk-galotti-radice.jpg\",\"width\":1300,\"height\":867,\"caption\":\"1970s-italy-vintage-president-desk-galotti-radice\"},{\"@type\":\"BreadcrumbList\",\"@id\":\"https:\\\/\\\/www.retros-gallery.com\\\/collection\\\/furniture\\\/vintage-desks\\\/vintage-president-desk-by-galotti-radice-italy-1970s\\\/#breadcrumb\",\"itemListElement\":[{\"@type\":\"ListItem\",\"position\":1,\"name\":\"Home\",\"item\":\"https:\\\/\\\/www.retros-gallery.com\\\/\"},{\"@type\":\"ListItem\",\"position\":2,\"name\":\"Collection\",\"item\":\"https:\\\/\\\/www.retros-gallery.com\\\/collection\\\/\"},{\"@type\":\"ListItem\",\"position\":3,\"name\":\"Furniture\",\"item\":\"https:\\\/\\\/www.retros-gallery.com\\\/product-category\\\/furniture\\\/\"},{\"@type\":\"ListItem\",\"position\":4,\"name\":\"Desks\",\"item\":\"https:\\\/\\\/www.retros-gallery.com\\\/product-category\\\/furniture\\\/vintage-desks\\\/\"},{\"@type\":\"ListItem\",\"position\":5,\"name\":\"Vintage President Desk by Galotti &amp; Radice Italy 1970&#8217;s\"}]},{\"@type\":\"WebSite\",\"@id\":\"https:\\\/\\\/www.retros-gallery.com\\\/#website\",\"url\":\"https:\\\/\\\/www.retros-gallery.com\\\/\",\"name\":\"Retros Gallery\",\"description\":\"Vintage Furniture Vendor\",\"publisher\":{\"@id\":\"https:\\\/\\\/www.retros-gallery.com\\\/#organization\"},\"potentialAction\":[{\"@type\":\"SearchAction\",\"target\":{\"@type\":\"EntryPoint\",\"urlTemplate\":\"https:\\\/\\\/www.retros-gallery.com\\\/?s={search_term_string}\"},\"query-input\":{\"@type\":\"PropertyValueSpecification\",\"valueRequired\":true,\"valueName\":\"search_term_string\"}}],\"inLanguage\":\"ro-RO\"},{\"@type\":[\"Organization\",\"Place\"],\"@id\":\"https:\\\/\\\/www.retros-gallery.com\\\/#organization\",\"name\":\"Retros Gallery\",\"url\":\"https:\\\/\\\/www.retros-gallery.com\\\/\",\"logo\":{\"@id\":\"https:\\\/\\\/www.retros-gallery.com\\\/collection\\\/furniture\\\/vintage-desks\\\/vintage-president-desk-by-galotti-radice-italy-1970s\\\/#local-main-organization-logo\"},\"image\":{\"@id\":\"https:\\\/\\\/www.retros-gallery.com\\\/collection\\\/furniture\\\/vintage-desks\\\/vintage-president-desk-by-galotti-radice-italy-1970s\\\/#local-main-organization-logo\"},\"sameAs\":[\"https:\\\/\\\/www.facebook.com\\\/retrosfurniture\\\/\",\"https:\\\/\\\/www.instagram.com\\\/retros.ro\\\/\"],\"telephone\":[],\"openingHoursSpecification\":[{\"@type\":\"OpeningHoursSpecification\",\"dayOfWeek\":[\"Monday\",\"Tuesday\",\"Wednesday\",\"Thursday\",\"Friday\",\"Saturday\",\"Sunday\"],\"opens\":\"09:00\",\"closes\":\"17:00\"}]},{\"@type\":\"ImageObject\",\"inLanguage\":\"ro-RO\",\"@id\":\"https:\\\/\\\/www.retros-gallery.com\\\/collection\\\/furniture\\\/vintage-desks\\\/vintage-president-desk-by-galotti-radice-italy-1970s\\\/#local-main-organization-logo\",\"url\":\"https:\\\/\\\/www.retros-gallery.com\\\/wp-content\\\/uploads\\\/2023\\\/02\\\/Asset-2@4x-1.png\",\"contentUrl\":\"https:\\\/\\\/www.retros-gallery.com\\\/wp-content\\\/uploads\\\/2023\\\/02\\\/Asset-2@4x-1.png\",\"width\":2329,\"height\":248,\"caption\":\"Retros Gallery\"}]}<\/script>\n<meta property=\"product:price:amount\" content=\"1700\" \/>\n<meta property=\"product:price:currency\" content=\"EUR\" \/>\n<meta property=\"og:availability\" content=\"instock\" \/>\n<meta property=\"product:availability\" content=\"instock\" \/>\n<meta property=\"product:retailer_item_id\" content=\"consignatie 5\" \/>\n<meta property=\"product:condition\" content=\"new\" \/>\n<!-- \/ Yoast SEO Premium plugin. -->","yoast_head_json":{"title":"Vintage President Desk by Galotti &amp; Radice Italy 1970's - Retros Gallery","description":"Vintage President Desk by Gallotti & Radice, Italy 1970's, glass and stainless steel design with a clean, modern look.","robots":{"index":"index","follow":"follow","max-snippet":"max-snippet:-1","max-image-preview":"max-image-preview:large","max-video-preview":"max-video-preview:-1"},"canonical":"https:\/\/www.retros-gallery.com\/ro\/colectii\/mobilier\/birouri-vintage\/vintage-president-desk-by-galotti-radice-italy-1970s\/","og_locale":"ro_RO","og_type":"article","og_title":"Vintage President Desk by Galotti &amp; Radice Italy 1970's","og_description":"Vintage President Desk by Gallotti & Radice, Italy 1970's, glass and stainless steel design with a clean, modern look.","og_url":"https:\/\/www.retros-gallery.com\/ro\/colectii\/mobilier\/birouri-vintage\/vintage-president-desk-by-galotti-radice-italy-1970s\/","og_site_name":"Retros Gallery","article_publisher":"https:\/\/www.facebook.com\/retrosfurniture\/","article_modified_time":"2026-04-07T20:25:29+00:00","og_image":[{"width":1300,"height":867,"url":"https:\/\/www.retros-gallery.com\/wp-content\/uploads\/2026\/02\/1970s-italy-vintage-president-desk-galotti-radice.jpg","type":"image\/jpeg"}],"twitter_card":"summary_large_image","twitter_misc":{"Pre\u021b":"\u20ac1.700","Disponibilitate":"\u00cen stoc"},"schema":{"@context":"https:\/\/schema.org","@graph":[{"@type":"WebPage","@id":"https:\/\/www.retros-gallery.com\/collection\/furniture\/vintage-desks\/vintage-president-desk-by-galotti-radice-italy-1970s\/","url":"https:\/\/www.retros-gallery.com\/collection\/furniture\/vintage-desks\/vintage-president-desk-by-galotti-radice-italy-1970s\/","name":"Vintage President Desk by Galotti &amp; Radice Italy 1970's - Retros Gallery","isPartOf":{"@id":"https:\/\/www.retros-gallery.com\/#website"},"primaryImageOfPage":{"@id":"https:\/\/www.retros-gallery.com\/collection\/furniture\/vintage-desks\/vintage-president-desk-by-galotti-radice-italy-1970s\/#primaryimage"},"image":{"@id":"https:\/\/www.retros-gallery.com\/collection\/furniture\/vintage-desks\/vintage-president-desk-by-galotti-radice-italy-1970s\/#primaryimage"},"thumbnailUrl":"https:\/\/www.retros-gallery.com\/wp-content\/uploads\/2026\/02\/1970s-italy-vintage-president-desk-galotti-radice.jpg","datePublished":"2026-02-03T06:42:26+00:00","dateModified":"2026-04-07T20:25:29+00:00","description":"Vintage President Desk by Gallotti & Radice, Italy 1970's, glass and stainless steel design with a clean, modern look.","breadcrumb":{"@id":"https:\/\/www.retros-gallery.com\/collection\/furniture\/vintage-desks\/vintage-president-desk-by-galotti-radice-italy-1970s\/#breadcrumb"},"inLanguage":"ro-RO","potentialAction":[{"@type":"ReadAction","target":["https:\/\/www.retros-gallery.com\/collection\/furniture\/vintage-desks\/vintage-president-desk-by-galotti-radice-italy-1970s\/"]}]},{"@type":"ImageObject","inLanguage":"ro-RO","@id":"https:\/\/www.retros-gallery.com\/collection\/furniture\/vintage-desks\/vintage-president-desk-by-galotti-radice-italy-1970s\/#primaryimage","url":"https:\/\/www.retros-gallery.com\/wp-content\/uploads\/2026\/02\/1970s-italy-vintage-president-desk-galotti-radice.jpg","contentUrl":"https:\/\/www.retros-gallery.com\/wp-content\/uploads\/2026\/02\/1970s-italy-vintage-president-desk-galotti-radice.jpg","width":1300,"height":867,"caption":"1970s-italy-vintage-president-desk-galotti-radice"},{"@type":"BreadcrumbList","@id":"https:\/\/www.retros-gallery.com\/collection\/furniture\/vintage-desks\/vintage-president-desk-by-galotti-radice-italy-1970s\/#breadcrumb","itemListElement":[{"@type":"ListItem","position":1,"name":"Home","item":"https:\/\/www.retros-gallery.com\/"},{"@type":"ListItem","position":2,"name":"Collection","item":"https:\/\/www.retros-gallery.com\/collection\/"},{"@type":"ListItem","position":3,"name":"Furniture","item":"https:\/\/www.retros-gallery.com\/product-category\/furniture\/"},{"@type":"ListItem","position":4,"name":"Desks","item":"https:\/\/www.retros-gallery.com\/product-category\/furniture\/vintage-desks\/"},{"@type":"ListItem","position":5,"name":"Vintage President Desk by Galotti &amp; Radice Italy 1970&#8217;s"}]},{"@type":"WebSite","@id":"https:\/\/www.retros-gallery.com\/#website","url":"https:\/\/www.retros-gallery.com\/","name":"Retros Gallery","description":"V\u00e2nz\u0103tor de mobil\u0103 de epoc\u0103","publisher":{"@id":"https:\/\/www.retros-gallery.com\/#organization"},"potentialAction":[{"@type":"SearchAction","target":{"@type":"EntryPoint","urlTemplate":"https:\/\/www.retros-gallery.com\/?s={search_term_string}"},"query-input":{"@type":"PropertyValueSpecification","valueRequired":true,"valueName":"search_term_string"}}],"inLanguage":"ro-RO"},{"@type":["Organization","Place"],"@id":"https:\/\/www.retros-gallery.com\/#organization","name":"Retros Gallery","url":"https:\/\/www.retros-gallery.com\/","logo":{"@id":"https:\/\/www.retros-gallery.com\/collection\/furniture\/vintage-desks\/vintage-president-desk-by-galotti-radice-italy-1970s\/#local-main-organization-logo"},"image":{"@id":"https:\/\/www.retros-gallery.com\/collection\/furniture\/vintage-desks\/vintage-president-desk-by-galotti-radice-italy-1970s\/#local-main-organization-logo"},"sameAs":["https:\/\/www.facebook.com\/retrosfurniture\/","https:\/\/www.instagram.com\/retros.ro\/"],"telephone":[],"openingHoursSpecification":[{"@type":"OpeningHoursSpecification","dayOfWeek":["Monday","Tuesday","Wednesday","Thursday","Friday","Saturday","Sunday"],"opens":"09:00","closes":"17:00"}]},{"@type":"ImageObject","inLanguage":"ro-RO","@id":"https:\/\/www.retros-gallery.com\/collection\/furniture\/vintage-desks\/vintage-president-desk-by-galotti-radice-italy-1970s\/#local-main-organization-logo","url":"https:\/\/www.retros-gallery.com\/wp-content\/uploads\/2023\/02\/Asset-2@4x-1.png","contentUrl":"https:\/\/www.retros-gallery.com\/wp-content\/uploads\/2023\/02\/Asset-2@4x-1.png","width":2329,"height":248,"caption":"Retros Gallery"}]},"product_price_amount":"1700","product_price_currency":"EUR","og_availability":"instock","product_availability":"instock","product_retailer_item_id":"consignatie 5","product_condition":"new"},"_links":{"self":[{"href":"https:\/\/www.retros-gallery.com\/ro\/wp-json\/wp\/v2\/product\/10492","targetHints":{"allow":["GET"]}}],"collection":[{"href":"https:\/\/www.retros-gallery.com\/ro\/wp-json\/wp\/v2\/product"}],"about":[{"href":"https:\/\/www.retros-gallery.com\/ro\/wp-json\/wp\/v2\/types\/product"}],"replies":[{"embeddable":true,"href":"https:\/\/www.retros-gallery.com\/ro\/wp-json\/wp\/v2\/comments?post=10492"}],"wp:featuredmedia":[{"embeddable":true,"href":"https:\/\/www.retros-gallery.com\/ro\/wp-json\/wp\/v2\/media\/11180"}],"wp:attachment":[{"href":"https:\/\/www.retros-gallery.com\/ro\/wp-json\/wp\/v2\/media?parent=10492"}],"wp:term":[{"taxonomy":"product_brand","embeddable":true,"href":"https:\/\/www.retros-gallery.com\/ro\/wp-json\/wp\/v2\/product_brand?post=10492"},{"taxonomy":"product_cat","embeddable":true,"href":"https:\/\/www.retros-gallery.com\/ro\/wp-json\/wp\/v2\/product_cat?post=10492"},{"taxonomy":"product_tag","embeddable":true,"href":"https:\/\/www.retros-gallery.com\/ro\/wp-json\/wp\/v2\/product_tag?post=10492"}],"curies":[{"name":"wp","href":"https:\/\/api.w.org\/{rel}","templated":true}]}}