{"id":10500,"date":"2026-02-03T12:27:33","date_gmt":"2026-02-03T09:27:33","guid":{"rendered":"https:\/\/www.retros-gallery.com\/?post_type=product&#038;p=10500"},"modified":"2026-02-03T12:29:29","modified_gmt":"2026-02-03T09:29:29","slug":"ad-hoc-executive-writing-desk-by-antonio-citterio-for-vitra-germany-1990s","status":"publish","type":"product","link":"https:\/\/www.retros-gallery.com\/ro\/colectii\/mobilier\/birouri-vintage\/ad-hoc-executive-writing-desk-by-antonio-citterio-for-vitra-germany-1990s\/","title":{"rendered":"Ad Hoc Executive Writing Desk By Antonio  Citterio For Vitra, Germany 1990&#8217;s"},"content":{"rendered":"<p data-start=\"567\" data-end=\"613\">Designed by Antonio Citterio, the desk combines functional elegance with modern materials. Citterio, a renowned designer, is known for his timeless and innovative furniture pieces that are both aesthetically pleasing and highly practical.<\/p>\n<p data-start=\"567\" data-end=\"613\"><strong data-start=\"567\" data-end=\"611\">Why This 1990s Executive Desk Stands Out<\/strong><\/p>\n<ul data-start=\"614\" data-end=\"913\">\n<li data-start=\"614\" data-end=\"672\">\n<p data-start=\"616\" data-end=\"672\">Designed by Antonio Citterio for Vitra, Germany, 1990s<\/p>\n<\/li>\n<li data-start=\"673\" data-end=\"712\">\n<p data-start=\"675\" data-end=\"712\">Ad Hoc executive writing desk model<\/p>\n<\/li>\n<li data-start=\"713\" data-end=\"762\">\n<p data-start=\"715\" data-end=\"762\">Clean, modern design with functional elegance<\/p>\n<\/li>\n<li data-start=\"763\" data-end=\"806\">\n<p data-start=\"765\" data-end=\"806\">Combination of wood and metal<\/p>\n<\/li>\n<li data-start=\"807\" data-end=\"852\">\n<p data-start=\"809\" data-end=\"852\">Timeless and practical workspace solution<\/p>\n<\/li>\n<li data-start=\"853\" data-end=\"913\">\n<p data-start=\"855\" data-end=\"913\">Collectible example of late 20th-century European design<\/p>\n<\/li>\n<\/ul>\n<p data-start=\"915\" data-end=\"1051\"><strong data-start=\"915\" data-end=\"943\">Specifica\u021bii \u0219i detalii<\/strong><br data-start=\"943\" data-end=\"946\" \/>Origine: Germania<br data-start=\"961\" data-end=\"964\" \/>Perioada: 1990<br data-start=\"977\" data-end=\"980\" \/>Designer: Antonio Citterio<br data-start=\"1006\" data-end=\"1009\" \/>Producer: Vitra<br data-start=\"1024\" data-end=\"1027\" \/>Materials: Wood, metal<\/p>\n<p data-start=\"1053\" data-end=\"1115\"><strong>Dimensiuni:<\/strong><br data-start=\"1064\" data-end=\"1067\" \/>Length: 142 cm<br data-start=\"1081\" data-end=\"1084\" \/>Ad\u00e2ncime: 100 cm<br data-start=\"1097\" data-end=\"1100\" \/>\u00cen\u0103l\u021bime: 72 cm<\/p>\n<p data-start=\"1053\" data-end=\"1115\"><strong>Stare:<\/strong> Very good condition<\/p>\n<p data-start=\"1117\" data-end=\"1228\" data-is-last-node=\"\" data-is-only-node=\"\">A sophisticated desk that blends modern design with everyday functionality \u2014 available now from Retros Gallery.<\/p>","protected":false},"excerpt":{"rendered":"<p>Designed by Antonio Citterio, the desk combines functional elegance with modern materials. Citterio, a renowned designer, is known for his timeless and innovative furniture pieces that are both aesthetically pleasing and highly practical. Why This 1990s Executive Desk Stands Out Designed by Antonio Citterio for Vitra, Germany, 1990s Ad Hoc executive writing desk model Clean, [&hellip;]<\/p>","protected":false},"featured_media":10503,"comment_status":"open","ping_status":"closed","template":"","meta":[],"product_brand":[],"product_cat":[35,44],"product_tag":[],"class_list":{"0":"post-10500","1":"product","2":"type-product","3":"status-publish","4":"has-post-thumbnail","6":"product_cat-furniture","7":"product_cat-vintage-desks","9":"first","10":"instock","11":"shipping-taxable","12":"purchasable","13":"product-type-simple"},"yoast_head":"<!-- This site is optimized with the Yoast SEO Premium plugin v24.6 (Yoast SEO v27.4) - https:\/\/yoast.com\/product\/yoast-seo-premium-wordpress\/ -->\n<title>Ad Hoc Executive Writing Desk By Antonio Citterio For Vitra, Germany 1990&#039;s - Retros Gallery<\/title>\n<meta name=\"description\" content=\"Ad Hoc executive desk by Antonio Citterio for Vitra, Germany 1990s\u2014clean modern design in wood and metal, practical and elegant.\" \/>\n<meta name=\"robots\" content=\"index, follow, max-snippet:-1, max-image-preview:large, max-video-preview:-1\" \/>\n<link rel=\"canonical\" href=\"https:\/\/www.retros-gallery.com\/ro\/colectii\/mobilier\/birouri-vintage\/ad-hoc-executive-writing-desk-by-antonio-citterio-for-vitra-germany-1990s\/\" \/>\n<meta property=\"og:locale\" content=\"ro_RO\" \/>\n<meta property=\"og:type\" content=\"article\" \/>\n<meta property=\"og:title\" content=\"Ad Hoc Executive Writing Desk By Antonio Citterio For Vitra, Germany 1990&#039;s\" \/>\n<meta property=\"og:description\" content=\"Ad Hoc executive desk by Antonio Citterio for Vitra, Germany 1990s\u2014clean modern design in wood and metal, practical and elegant.\" \/>\n<meta property=\"og:url\" content=\"https:\/\/www.retros-gallery.com\/ro\/colectii\/mobilier\/birouri-vintage\/ad-hoc-executive-writing-desk-by-antonio-citterio-for-vitra-germany-1990s\/\" \/>\n<meta property=\"og:site_name\" content=\"Retros Gallery\" \/>\n<meta property=\"article:publisher\" content=\"https:\/\/www.facebook.com\/retrosfurniture\/\" \/>\n<meta property=\"article:modified_time\" content=\"2026-02-03T09:29:29+00:00\" \/>\n<meta property=\"og:image\" content=\"https:\/\/www.retros-gallery.com\/wp-content\/uploads\/2026\/02\/2-Ad-Hoc-Executive-Writing-Desk-By-Antonio-Citterio-For-Vitra-Germany-1990s.jpg\" \/>\n\t<meta property=\"og:image:width\" content=\"1300\" \/>\n\t<meta property=\"og:image:height\" content=\"867\" \/>\n\t<meta property=\"og:image:type\" content=\"image\/jpeg\" \/>\n<meta name=\"twitter:card\" content=\"summary_large_image\" \/>\n<meta name=\"twitter:label1\" content=\"Pre\u021b\" \/>\n\t<meta name=\"twitter:data1\" content=\"\u20ac500\" \/>\n\t<meta name=\"twitter:label2\" content=\"Disponibilitate\" \/>\n\t<meta name=\"twitter:data2\" content=\"\u00cen stoc\" \/>\n<script type=\"application\/ld+json\" class=\"yoast-schema-graph\">{\"@context\":\"https:\\\/\\\/schema.org\",\"@graph\":[{\"@type\":\"WebPage\",\"@id\":\"https:\\\/\\\/www.retros-gallery.com\\\/collection\\\/furniture\\\/vintage-desks\\\/ad-hoc-executive-writing-desk-by-antonio-citterio-for-vitra-germany-1990s\\\/\",\"url\":\"https:\\\/\\\/www.retros-gallery.com\\\/collection\\\/furniture\\\/vintage-desks\\\/ad-hoc-executive-writing-desk-by-antonio-citterio-for-vitra-germany-1990s\\\/\",\"name\":\"Ad Hoc Executive Writing Desk By Antonio Citterio For Vitra, Germany 1990's - Retros Gallery\",\"isPartOf\":{\"@id\":\"https:\\\/\\\/www.retros-gallery.com\\\/#website\"},\"primaryImageOfPage\":{\"@id\":\"https:\\\/\\\/www.retros-gallery.com\\\/collection\\\/furniture\\\/vintage-desks\\\/ad-hoc-executive-writing-desk-by-antonio-citterio-for-vitra-germany-1990s\\\/#primaryimage\"},\"image\":{\"@id\":\"https:\\\/\\\/www.retros-gallery.com\\\/collection\\\/furniture\\\/vintage-desks\\\/ad-hoc-executive-writing-desk-by-antonio-citterio-for-vitra-germany-1990s\\\/#primaryimage\"},\"thumbnailUrl\":\"https:\\\/\\\/www.retros-gallery.com\\\/wp-content\\\/uploads\\\/2026\\\/02\\\/2-Ad-Hoc-Executive-Writing-Desk-By-Antonio-Citterio-For-Vitra-Germany-1990s.jpg\",\"datePublished\":\"2026-02-03T09:27:33+00:00\",\"dateModified\":\"2026-02-03T09:29:29+00:00\",\"description\":\"Ad Hoc executive desk by Antonio Citterio for Vitra, Germany 1990s\u2014clean modern design in wood and metal, practical and elegant.\",\"breadcrumb\":{\"@id\":\"https:\\\/\\\/www.retros-gallery.com\\\/collection\\\/furniture\\\/vintage-desks\\\/ad-hoc-executive-writing-desk-by-antonio-citterio-for-vitra-germany-1990s\\\/#breadcrumb\"},\"inLanguage\":\"ro-RO\",\"potentialAction\":[{\"@type\":\"ReadAction\",\"target\":[\"https:\\\/\\\/www.retros-gallery.com\\\/collection\\\/furniture\\\/vintage-desks\\\/ad-hoc-executive-writing-desk-by-antonio-citterio-for-vitra-germany-1990s\\\/\"]}]},{\"@type\":\"ImageObject\",\"inLanguage\":\"ro-RO\",\"@id\":\"https:\\\/\\\/www.retros-gallery.com\\\/collection\\\/furniture\\\/vintage-desks\\\/ad-hoc-executive-writing-desk-by-antonio-citterio-for-vitra-germany-1990s\\\/#primaryimage\",\"url\":\"https:\\\/\\\/www.retros-gallery.com\\\/wp-content\\\/uploads\\\/2026\\\/02\\\/2-Ad-Hoc-Executive-Writing-Desk-By-Antonio-Citterio-For-Vitra-Germany-1990s.jpg\",\"contentUrl\":\"https:\\\/\\\/www.retros-gallery.com\\\/wp-content\\\/uploads\\\/2026\\\/02\\\/2-Ad-Hoc-Executive-Writing-Desk-By-Antonio-Citterio-For-Vitra-Germany-1990s.jpg\",\"width\":1300,\"height\":867,\"caption\":\"2-Ad-Hoc-Executive-Writing-Desk-By-Antonio-Citterio-For-Vitra-Germany-1990s\"},{\"@type\":\"BreadcrumbList\",\"@id\":\"https:\\\/\\\/www.retros-gallery.com\\\/collection\\\/furniture\\\/vintage-desks\\\/ad-hoc-executive-writing-desk-by-antonio-citterio-for-vitra-germany-1990s\\\/#breadcrumb\",\"itemListElement\":[{\"@type\":\"ListItem\",\"position\":1,\"name\":\"Home\",\"item\":\"https:\\\/\\\/www.retros-gallery.com\\\/\"},{\"@type\":\"ListItem\",\"position\":2,\"name\":\"Collection\",\"item\":\"https:\\\/\\\/www.retros-gallery.com\\\/collection\\\/\"},{\"@type\":\"ListItem\",\"position\":3,\"name\":\"Furniture\",\"item\":\"https:\\\/\\\/www.retros-gallery.com\\\/product-category\\\/furniture\\\/\"},{\"@type\":\"ListItem\",\"position\":4,\"name\":\"Desks\",\"item\":\"https:\\\/\\\/www.retros-gallery.com\\\/product-category\\\/furniture\\\/vintage-desks\\\/\"},{\"@type\":\"ListItem\",\"position\":5,\"name\":\"Ad Hoc Executive Writing Desk By Antonio Citterio For Vitra, Germany 1990&#8217;s\"}]},{\"@type\":\"WebSite\",\"@id\":\"https:\\\/\\\/www.retros-gallery.com\\\/#website\",\"url\":\"https:\\\/\\\/www.retros-gallery.com\\\/\",\"name\":\"Retros Gallery\",\"description\":\"Vintage Furniture Vendor\",\"publisher\":{\"@id\":\"https:\\\/\\\/www.retros-gallery.com\\\/#organization\"},\"potentialAction\":[{\"@type\":\"SearchAction\",\"target\":{\"@type\":\"EntryPoint\",\"urlTemplate\":\"https:\\\/\\\/www.retros-gallery.com\\\/?s={search_term_string}\"},\"query-input\":{\"@type\":\"PropertyValueSpecification\",\"valueRequired\":true,\"valueName\":\"search_term_string\"}}],\"inLanguage\":\"ro-RO\"},{\"@type\":[\"Organization\",\"Place\"],\"@id\":\"https:\\\/\\\/www.retros-gallery.com\\\/#organization\",\"name\":\"Retros Gallery\",\"url\":\"https:\\\/\\\/www.retros-gallery.com\\\/\",\"logo\":{\"@id\":\"https:\\\/\\\/www.retros-gallery.com\\\/collection\\\/furniture\\\/vintage-desks\\\/ad-hoc-executive-writing-desk-by-antonio-citterio-for-vitra-germany-1990s\\\/#local-main-organization-logo\"},\"image\":{\"@id\":\"https:\\\/\\\/www.retros-gallery.com\\\/collection\\\/furniture\\\/vintage-desks\\\/ad-hoc-executive-writing-desk-by-antonio-citterio-for-vitra-germany-1990s\\\/#local-main-organization-logo\"},\"sameAs\":[\"https:\\\/\\\/www.facebook.com\\\/retrosfurniture\\\/\",\"https:\\\/\\\/www.instagram.com\\\/retros.ro\\\/\"],\"telephone\":[],\"openingHoursSpecification\":[{\"@type\":\"OpeningHoursSpecification\",\"dayOfWeek\":[\"Monday\",\"Tuesday\",\"Wednesday\",\"Thursday\",\"Friday\",\"Saturday\",\"Sunday\"],\"opens\":\"09:00\",\"closes\":\"17:00\"}]},{\"@type\":\"ImageObject\",\"inLanguage\":\"ro-RO\",\"@id\":\"https:\\\/\\\/www.retros-gallery.com\\\/collection\\\/furniture\\\/vintage-desks\\\/ad-hoc-executive-writing-desk-by-antonio-citterio-for-vitra-germany-1990s\\\/#local-main-organization-logo\",\"url\":\"https:\\\/\\\/www.retros-gallery.com\\\/wp-content\\\/uploads\\\/2023\\\/02\\\/Asset-2@4x-1.png\",\"contentUrl\":\"https:\\\/\\\/www.retros-gallery.com\\\/wp-content\\\/uploads\\\/2023\\\/02\\\/Asset-2@4x-1.png\",\"width\":2329,\"height\":248,\"caption\":\"Retros Gallery\"}]}<\/script>\n<meta property=\"product:price:amount\" content=\"500\" \/>\n<meta property=\"product:price:currency\" content=\"EUR\" \/>\n<meta property=\"og:availability\" content=\"instock\" \/>\n<meta property=\"product:availability\" content=\"instock\" \/>\n<meta property=\"product:retailer_item_id\" content=\"#\" \/>\n<meta property=\"product:condition\" content=\"new\" \/>\n<!-- \/ Yoast SEO Premium plugin. -->","yoast_head_json":{"title":"Ad Hoc Executive Writing Desk By Antonio Citterio For Vitra, Germany 1990's - Retros Gallery","description":"Ad Hoc executive desk by Antonio Citterio for Vitra, Germany 1990s\u2014clean modern design in wood and metal, practical and elegant.","robots":{"index":"index","follow":"follow","max-snippet":"max-snippet:-1","max-image-preview":"max-image-preview:large","max-video-preview":"max-video-preview:-1"},"canonical":"https:\/\/www.retros-gallery.com\/ro\/colectii\/mobilier\/birouri-vintage\/ad-hoc-executive-writing-desk-by-antonio-citterio-for-vitra-germany-1990s\/","og_locale":"ro_RO","og_type":"article","og_title":"Ad Hoc Executive Writing Desk By Antonio Citterio For Vitra, Germany 1990's","og_description":"Ad Hoc executive desk by Antonio Citterio for Vitra, Germany 1990s\u2014clean modern design in wood and metal, practical and elegant.","og_url":"https:\/\/www.retros-gallery.com\/ro\/colectii\/mobilier\/birouri-vintage\/ad-hoc-executive-writing-desk-by-antonio-citterio-for-vitra-germany-1990s\/","og_site_name":"Retros Gallery","article_publisher":"https:\/\/www.facebook.com\/retrosfurniture\/","article_modified_time":"2026-02-03T09:29:29+00:00","og_image":[{"width":1300,"height":867,"url":"https:\/\/www.retros-gallery.com\/wp-content\/uploads\/2026\/02\/2-Ad-Hoc-Executive-Writing-Desk-By-Antonio-Citterio-For-Vitra-Germany-1990s.jpg","type":"image\/jpeg"}],"twitter_card":"summary_large_image","twitter_misc":{"Pre\u021b":"\u20ac500","Disponibilitate":"\u00cen stoc"},"schema":{"@context":"https:\/\/schema.org","@graph":[{"@type":"WebPage","@id":"https:\/\/www.retros-gallery.com\/collection\/furniture\/vintage-desks\/ad-hoc-executive-writing-desk-by-antonio-citterio-for-vitra-germany-1990s\/","url":"https:\/\/www.retros-gallery.com\/collection\/furniture\/vintage-desks\/ad-hoc-executive-writing-desk-by-antonio-citterio-for-vitra-germany-1990s\/","name":"Ad Hoc Executive Writing Desk By Antonio Citterio For Vitra, Germany 1990's - Retros Gallery","isPartOf":{"@id":"https:\/\/www.retros-gallery.com\/#website"},"primaryImageOfPage":{"@id":"https:\/\/www.retros-gallery.com\/collection\/furniture\/vintage-desks\/ad-hoc-executive-writing-desk-by-antonio-citterio-for-vitra-germany-1990s\/#primaryimage"},"image":{"@id":"https:\/\/www.retros-gallery.com\/collection\/furniture\/vintage-desks\/ad-hoc-executive-writing-desk-by-antonio-citterio-for-vitra-germany-1990s\/#primaryimage"},"thumbnailUrl":"https:\/\/www.retros-gallery.com\/wp-content\/uploads\/2026\/02\/2-Ad-Hoc-Executive-Writing-Desk-By-Antonio-Citterio-For-Vitra-Germany-1990s.jpg","datePublished":"2026-02-03T09:27:33+00:00","dateModified":"2026-02-03T09:29:29+00:00","description":"Ad Hoc executive desk by Antonio Citterio for Vitra, Germany 1990s\u2014clean modern design in wood and metal, practical and elegant.","breadcrumb":{"@id":"https:\/\/www.retros-gallery.com\/collection\/furniture\/vintage-desks\/ad-hoc-executive-writing-desk-by-antonio-citterio-for-vitra-germany-1990s\/#breadcrumb"},"inLanguage":"ro-RO","potentialAction":[{"@type":"ReadAction","target":["https:\/\/www.retros-gallery.com\/collection\/furniture\/vintage-desks\/ad-hoc-executive-writing-desk-by-antonio-citterio-for-vitra-germany-1990s\/"]}]},{"@type":"ImageObject","inLanguage":"ro-RO","@id":"https:\/\/www.retros-gallery.com\/collection\/furniture\/vintage-desks\/ad-hoc-executive-writing-desk-by-antonio-citterio-for-vitra-germany-1990s\/#primaryimage","url":"https:\/\/www.retros-gallery.com\/wp-content\/uploads\/2026\/02\/2-Ad-Hoc-Executive-Writing-Desk-By-Antonio-Citterio-For-Vitra-Germany-1990s.jpg","contentUrl":"https:\/\/www.retros-gallery.com\/wp-content\/uploads\/2026\/02\/2-Ad-Hoc-Executive-Writing-Desk-By-Antonio-Citterio-For-Vitra-Germany-1990s.jpg","width":1300,"height":867,"caption":"2-Ad-Hoc-Executive-Writing-Desk-By-Antonio-Citterio-For-Vitra-Germany-1990s"},{"@type":"BreadcrumbList","@id":"https:\/\/www.retros-gallery.com\/collection\/furniture\/vintage-desks\/ad-hoc-executive-writing-desk-by-antonio-citterio-for-vitra-germany-1990s\/#breadcrumb","itemListElement":[{"@type":"ListItem","position":1,"name":"Home","item":"https:\/\/www.retros-gallery.com\/"},{"@type":"ListItem","position":2,"name":"Collection","item":"https:\/\/www.retros-gallery.com\/collection\/"},{"@type":"ListItem","position":3,"name":"Furniture","item":"https:\/\/www.retros-gallery.com\/product-category\/furniture\/"},{"@type":"ListItem","position":4,"name":"Desks","item":"https:\/\/www.retros-gallery.com\/product-category\/furniture\/vintage-desks\/"},{"@type":"ListItem","position":5,"name":"Ad Hoc Executive Writing Desk By Antonio Citterio For Vitra, Germany 1990&#8217;s"}]},{"@type":"WebSite","@id":"https:\/\/www.retros-gallery.com\/#website","url":"https:\/\/www.retros-gallery.com\/","name":"Retros Gallery","description":"V\u00e2nz\u0103tor de mobil\u0103 de epoc\u0103","publisher":{"@id":"https:\/\/www.retros-gallery.com\/#organization"},"potentialAction":[{"@type":"SearchAction","target":{"@type":"EntryPoint","urlTemplate":"https:\/\/www.retros-gallery.com\/?s={search_term_string}"},"query-input":{"@type":"PropertyValueSpecification","valueRequired":true,"valueName":"search_term_string"}}],"inLanguage":"ro-RO"},{"@type":["Organization","Place"],"@id":"https:\/\/www.retros-gallery.com\/#organization","name":"Retros Gallery","url":"https:\/\/www.retros-gallery.com\/","logo":{"@id":"https:\/\/www.retros-gallery.com\/collection\/furniture\/vintage-desks\/ad-hoc-executive-writing-desk-by-antonio-citterio-for-vitra-germany-1990s\/#local-main-organization-logo"},"image":{"@id":"https:\/\/www.retros-gallery.com\/collection\/furniture\/vintage-desks\/ad-hoc-executive-writing-desk-by-antonio-citterio-for-vitra-germany-1990s\/#local-main-organization-logo"},"sameAs":["https:\/\/www.facebook.com\/retrosfurniture\/","https:\/\/www.instagram.com\/retros.ro\/"],"telephone":[],"openingHoursSpecification":[{"@type":"OpeningHoursSpecification","dayOfWeek":["Monday","Tuesday","Wednesday","Thursday","Friday","Saturday","Sunday"],"opens":"09:00","closes":"17:00"}]},{"@type":"ImageObject","inLanguage":"ro-RO","@id":"https:\/\/www.retros-gallery.com\/collection\/furniture\/vintage-desks\/ad-hoc-executive-writing-desk-by-antonio-citterio-for-vitra-germany-1990s\/#local-main-organization-logo","url":"https:\/\/www.retros-gallery.com\/wp-content\/uploads\/2023\/02\/Asset-2@4x-1.png","contentUrl":"https:\/\/www.retros-gallery.com\/wp-content\/uploads\/2023\/02\/Asset-2@4x-1.png","width":2329,"height":248,"caption":"Retros Gallery"}]},"product_price_amount":"500","product_price_currency":"EUR","og_availability":"instock","product_availability":"instock","product_retailer_item_id":"#","product_condition":"new"},"_links":{"self":[{"href":"https:\/\/www.retros-gallery.com\/ro\/wp-json\/wp\/v2\/product\/10500","targetHints":{"allow":["GET"]}}],"collection":[{"href":"https:\/\/www.retros-gallery.com\/ro\/wp-json\/wp\/v2\/product"}],"about":[{"href":"https:\/\/www.retros-gallery.com\/ro\/wp-json\/wp\/v2\/types\/product"}],"replies":[{"embeddable":true,"href":"https:\/\/www.retros-gallery.com\/ro\/wp-json\/wp\/v2\/comments?post=10500"}],"wp:featuredmedia":[{"embeddable":true,"href":"https:\/\/www.retros-gallery.com\/ro\/wp-json\/wp\/v2\/media\/10503"}],"wp:attachment":[{"href":"https:\/\/www.retros-gallery.com\/ro\/wp-json\/wp\/v2\/media?parent=10500"}],"wp:term":[{"taxonomy":"product_brand","embeddable":true,"href":"https:\/\/www.retros-gallery.com\/ro\/wp-json\/wp\/v2\/product_brand?post=10500"},{"taxonomy":"product_cat","embeddable":true,"href":"https:\/\/www.retros-gallery.com\/ro\/wp-json\/wp\/v2\/product_cat?post=10500"},{"taxonomy":"product_tag","embeddable":true,"href":"https:\/\/www.retros-gallery.com\/ro\/wp-json\/wp\/v2\/product_tag?post=10500"}],"curies":[{"name":"wp","href":"https:\/\/api.w.org\/{rel}","templated":true}]}}