{"id":10512,"date":"2026-02-03T12:50:59","date_gmt":"2026-02-03T09:50:59","guid":{"rendered":"https:\/\/www.retros-gallery.com\/?post_type=product&#038;p=10512"},"modified":"2026-02-03T12:51:00","modified_gmt":"2026-02-03T09:51:00","slug":"vintage-bamboo-bedframe-asia-1990s","status":"publish","type":"product","link":"https:\/\/www.retros-gallery.com\/ro\/colectii\/canapele-fotolii-scaune\/canapele\/vintage-bamboo-bedframe-asia-1990s\/","title":{"rendered":"Vintage Bamboo Bedframe , Asia 1990\u2019s"},"content":{"rendered":"<p data-start=\"0\" data-end=\"209\">A large vintage bamboo bed frame from Thailand, dating to the 1990s. Crafted entirely from bamboo, this king-size bed reflects traditional Asian craftsmanship combined with a simple, functional design.<\/p>\n<p data-start=\"211\" data-end=\"478\">The structure is constructed using bamboo rods and secured with bamboo pegs and nuts, giving it an authentic, organic look. Lightweight yet sturdy, the frame brings a warm, relaxed feel to the bedroom and works beautifully in both modern and bohemian interiors.<\/p>\n<p data-start=\"480\" data-end=\"528\"><strong data-start=\"480\" data-end=\"526\">Why This 1990s Bamboo Bed Frame Stands Out<\/strong><\/p>\n<ul data-start=\"529\" data-end=\"809\">\n<li data-start=\"529\" data-end=\"578\">\n<p data-start=\"531\" data-end=\"578\">Vintage bamboo bed frame from Thailand, 1990s<\/p>\n<\/li>\n<li data-start=\"579\" data-end=\"629\">\n<p data-start=\"581\" data-end=\"629\">King-size proportions with generous dimensions<\/p>\n<\/li>\n<li data-start=\"672\" data-end=\"722\">\n<p data-start=\"674\" data-end=\"722\">Traditional joinery using bamboo rods and nuts<\/p>\n<\/li>\n<li data-start=\"723\" data-end=\"767\">\n<p data-start=\"725\" data-end=\"767\">Light, durable, and visually warm design<\/p>\n<\/li>\n<li data-start=\"768\" data-end=\"809\">\n<p data-start=\"770\" data-end=\"809\">Unique and hard-to-find vintage piece<\/p>\n<\/li>\n<\/ul>\n<p data-start=\"811\" data-end=\"936\"><strong data-start=\"811\" data-end=\"839\">Specifica\u021bii \u0219i detalii<\/strong><br data-start=\"839\" data-end=\"842\" \/>Origin: Thailand<br data-start=\"858\" data-end=\"861\" \/>Perioada: 1990<br data-start=\"874\" data-end=\"877\" \/>Designer: Necunoscut<br data-start=\"894\" data-end=\"897\" \/>Producer: Unknown<br data-start=\"914\" data-end=\"917\" \/>Materials: Bamboo<\/p>\n<p data-start=\"938\" data-end=\"1000\">Dimensiuni:<br data-start=\"949\" data-end=\"952\" \/>Length: 230 cm<br data-start=\"966\" data-end=\"969\" \/>Depth: 200 cm<br data-start=\"982\" data-end=\"985\" \/>Height: 46 cm<\/p>\n<p data-start=\"938\" data-end=\"1000\"><strong>Stare:<\/strong> good condition<\/p>\n<p data-start=\"1002\" data-end=\"1129\" data-is-last-node=\"\" data-is-only-node=\"\">A natural and character-rich bed frame that brings texture and authenticity to any bedroom \u2014 available now from Retros Gallery.<\/p>","protected":false},"excerpt":{"rendered":"<p>A large vintage bamboo bed frame from Thailand, dating to the 1990s. Crafted entirely from bamboo, this king-size bed reflects traditional Asian craftsmanship combined with a simple, functional design. The structure is constructed using bamboo rods and secured with bamboo pegs and nuts, giving it an authentic, organic look. Lightweight yet sturdy, the frame brings [&hellip;]<\/p>","protected":false},"featured_media":10514,"comment_status":"open","ping_status":"closed","template":"","meta":[],"product_brand":[],"product_cat":[35,36,61],"product_tag":[],"class_list":{"0":"post-10512","1":"product","2":"type-product","3":"status-publish","4":"has-post-thumbnail","6":"product_cat-furniture","7":"product_cat-seating","8":"product_cat-sofas","10":"first","11":"instock","12":"shipping-taxable","13":"purchasable","14":"product-type-simple"},"yoast_head":"<!-- This site is optimized with the Yoast SEO Premium plugin v24.6 (Yoast SEO v27.4) - https:\/\/yoast.com\/product\/yoast-seo-premium-wordpress\/ -->\n<title>Vintage Bamboo Bedframe , Asia 1990\u2019s - Retros Gallery<\/title>\n<meta name=\"description\" content=\"Vintage 1990&#039;s bamboo bed frame from Thailand, sturdy king-size design with a warm, organic look.\" \/>\n<meta name=\"robots\" content=\"index, follow, max-snippet:-1, max-image-preview:large, max-video-preview:-1\" \/>\n<link rel=\"canonical\" href=\"https:\/\/www.retros-gallery.com\/ro\/colectii\/canapele-fotolii-scaune\/canapele\/vintage-bamboo-bedframe-asia-1990s\/\" \/>\n<meta property=\"og:locale\" content=\"ro_RO\" \/>\n<meta property=\"og:type\" content=\"article\" \/>\n<meta property=\"og:title\" content=\"Vintage Bamboo Bedframe , Asia 1990\u2019s\" \/>\n<meta property=\"og:description\" content=\"Vintage 1990&#039;s bamboo bed frame from Thailand, sturdy king-size design with a warm, organic look.\" \/>\n<meta property=\"og:url\" content=\"https:\/\/www.retros-gallery.com\/ro\/colectii\/canapele-fotolii-scaune\/canapele\/vintage-bamboo-bedframe-asia-1990s\/\" \/>\n<meta property=\"og:site_name\" content=\"Retros Gallery\" \/>\n<meta property=\"article:publisher\" content=\"https:\/\/www.facebook.com\/retrosfurniture\/\" \/>\n<meta property=\"article:modified_time\" content=\"2026-02-03T09:51:00+00:00\" \/>\n<meta property=\"og:image\" content=\"https:\/\/www.retros-gallery.com\/wp-content\/uploads\/2026\/02\/2-Vintage-Bamboo-Bedframe-Asia-1990s.jpg\" \/>\n\t<meta property=\"og:image:width\" content=\"1300\" \/>\n\t<meta property=\"og:image:height\" content=\"867\" \/>\n\t<meta property=\"og:image:type\" content=\"image\/jpeg\" \/>\n<meta name=\"twitter:card\" content=\"summary_large_image\" \/>\n<meta name=\"twitter:label1\" content=\"Pre\u021b\" \/>\n\t<meta name=\"twitter:data1\" content=\"\u20ac900\" \/>\n\t<meta name=\"twitter:label2\" content=\"Disponibilitate\" \/>\n\t<meta name=\"twitter:data2\" content=\"\u00cen stoc\" \/>\n<script type=\"application\/ld+json\" class=\"yoast-schema-graph\">{\"@context\":\"https:\\\/\\\/schema.org\",\"@graph\":[{\"@type\":\"WebPage\",\"@id\":\"https:\\\/\\\/www.retros-gallery.com\\\/collection\\\/seating\\\/sofas\\\/vintage-bamboo-bedframe-asia-1990s\\\/\",\"url\":\"https:\\\/\\\/www.retros-gallery.com\\\/collection\\\/seating\\\/sofas\\\/vintage-bamboo-bedframe-asia-1990s\\\/\",\"name\":\"Vintage Bamboo Bedframe , Asia 1990\u2019s - Retros Gallery\",\"isPartOf\":{\"@id\":\"https:\\\/\\\/www.retros-gallery.com\\\/#website\"},\"primaryImageOfPage\":{\"@id\":\"https:\\\/\\\/www.retros-gallery.com\\\/collection\\\/seating\\\/sofas\\\/vintage-bamboo-bedframe-asia-1990s\\\/#primaryimage\"},\"image\":{\"@id\":\"https:\\\/\\\/www.retros-gallery.com\\\/collection\\\/seating\\\/sofas\\\/vintage-bamboo-bedframe-asia-1990s\\\/#primaryimage\"},\"thumbnailUrl\":\"https:\\\/\\\/www.retros-gallery.com\\\/wp-content\\\/uploads\\\/2026\\\/02\\\/2-Vintage-Bamboo-Bedframe-Asia-1990s.jpg\",\"datePublished\":\"2026-02-03T09:50:59+00:00\",\"dateModified\":\"2026-02-03T09:51:00+00:00\",\"description\":\"Vintage 1990's bamboo bed frame from Thailand, sturdy king-size design with a warm, organic look.\",\"breadcrumb\":{\"@id\":\"https:\\\/\\\/www.retros-gallery.com\\\/collection\\\/seating\\\/sofas\\\/vintage-bamboo-bedframe-asia-1990s\\\/#breadcrumb\"},\"inLanguage\":\"ro-RO\",\"potentialAction\":[{\"@type\":\"ReadAction\",\"target\":[\"https:\\\/\\\/www.retros-gallery.com\\\/collection\\\/seating\\\/sofas\\\/vintage-bamboo-bedframe-asia-1990s\\\/\"]}]},{\"@type\":\"ImageObject\",\"inLanguage\":\"ro-RO\",\"@id\":\"https:\\\/\\\/www.retros-gallery.com\\\/collection\\\/seating\\\/sofas\\\/vintage-bamboo-bedframe-asia-1990s\\\/#primaryimage\",\"url\":\"https:\\\/\\\/www.retros-gallery.com\\\/wp-content\\\/uploads\\\/2026\\\/02\\\/2-Vintage-Bamboo-Bedframe-Asia-1990s.jpg\",\"contentUrl\":\"https:\\\/\\\/www.retros-gallery.com\\\/wp-content\\\/uploads\\\/2026\\\/02\\\/2-Vintage-Bamboo-Bedframe-Asia-1990s.jpg\",\"width\":1300,\"height\":867,\"caption\":\"2-Vintage-Bamboo-Bedframe-Asia-1990s\"},{\"@type\":\"BreadcrumbList\",\"@id\":\"https:\\\/\\\/www.retros-gallery.com\\\/collection\\\/seating\\\/sofas\\\/vintage-bamboo-bedframe-asia-1990s\\\/#breadcrumb\",\"itemListElement\":[{\"@type\":\"ListItem\",\"position\":1,\"name\":\"Home\",\"item\":\"https:\\\/\\\/www.retros-gallery.com\\\/\"},{\"@type\":\"ListItem\",\"position\":2,\"name\":\"Collection\",\"item\":\"https:\\\/\\\/www.retros-gallery.com\\\/collection\\\/\"},{\"@type\":\"ListItem\",\"position\":3,\"name\":\"Seating\",\"item\":\"https:\\\/\\\/www.retros-gallery.com\\\/product-category\\\/seating\\\/\"},{\"@type\":\"ListItem\",\"position\":4,\"name\":\"Sofas\",\"item\":\"https:\\\/\\\/www.retros-gallery.com\\\/product-category\\\/seating\\\/sofas\\\/\"},{\"@type\":\"ListItem\",\"position\":5,\"name\":\"Vintage Bamboo Bedframe , Asia 1990\u2019s\"}]},{\"@type\":\"WebSite\",\"@id\":\"https:\\\/\\\/www.retros-gallery.com\\\/#website\",\"url\":\"https:\\\/\\\/www.retros-gallery.com\\\/\",\"name\":\"Retros Gallery\",\"description\":\"Vintage Furniture Vendor\",\"publisher\":{\"@id\":\"https:\\\/\\\/www.retros-gallery.com\\\/#organization\"},\"potentialAction\":[{\"@type\":\"SearchAction\",\"target\":{\"@type\":\"EntryPoint\",\"urlTemplate\":\"https:\\\/\\\/www.retros-gallery.com\\\/?s={search_term_string}\"},\"query-input\":{\"@type\":\"PropertyValueSpecification\",\"valueRequired\":true,\"valueName\":\"search_term_string\"}}],\"inLanguage\":\"ro-RO\"},{\"@type\":[\"Organization\",\"Place\"],\"@id\":\"https:\\\/\\\/www.retros-gallery.com\\\/#organization\",\"name\":\"Retros Gallery\",\"url\":\"https:\\\/\\\/www.retros-gallery.com\\\/\",\"logo\":{\"@id\":\"https:\\\/\\\/www.retros-gallery.com\\\/collection\\\/seating\\\/sofas\\\/vintage-bamboo-bedframe-asia-1990s\\\/#local-main-organization-logo\"},\"image\":{\"@id\":\"https:\\\/\\\/www.retros-gallery.com\\\/collection\\\/seating\\\/sofas\\\/vintage-bamboo-bedframe-asia-1990s\\\/#local-main-organization-logo\"},\"sameAs\":[\"https:\\\/\\\/www.facebook.com\\\/retrosfurniture\\\/\",\"https:\\\/\\\/www.instagram.com\\\/retros.ro\\\/\"],\"telephone\":[],\"openingHoursSpecification\":[{\"@type\":\"OpeningHoursSpecification\",\"dayOfWeek\":[\"Monday\",\"Tuesday\",\"Wednesday\",\"Thursday\",\"Friday\",\"Saturday\",\"Sunday\"],\"opens\":\"09:00\",\"closes\":\"17:00\"}]},{\"@type\":\"ImageObject\",\"inLanguage\":\"ro-RO\",\"@id\":\"https:\\\/\\\/www.retros-gallery.com\\\/collection\\\/seating\\\/sofas\\\/vintage-bamboo-bedframe-asia-1990s\\\/#local-main-organization-logo\",\"url\":\"https:\\\/\\\/www.retros-gallery.com\\\/wp-content\\\/uploads\\\/2023\\\/02\\\/Asset-2@4x-1.png\",\"contentUrl\":\"https:\\\/\\\/www.retros-gallery.com\\\/wp-content\\\/uploads\\\/2023\\\/02\\\/Asset-2@4x-1.png\",\"width\":2329,\"height\":248,\"caption\":\"Retros Gallery\"}]}<\/script>\n<meta property=\"product:price:amount\" content=\"900\" \/>\n<meta property=\"product:price:currency\" content=\"EUR\" \/>\n<meta property=\"og:availability\" content=\"instock\" \/>\n<meta property=\"product:availability\" content=\"instock\" \/>\n<meta property=\"product:retailer_item_id\" content=\"BED0225BM06\" \/>\n<meta property=\"product:condition\" content=\"new\" \/>\n<!-- \/ Yoast SEO Premium plugin. -->","yoast_head_json":{"title":"Vintage Bamboo Bedframe , Asia 1990\u2019s - Retros Gallery","description":"Vintage 1990's bamboo bed frame from Thailand, sturdy king-size design with a warm, organic look.","robots":{"index":"index","follow":"follow","max-snippet":"max-snippet:-1","max-image-preview":"max-image-preview:large","max-video-preview":"max-video-preview:-1"},"canonical":"https:\/\/www.retros-gallery.com\/ro\/colectii\/canapele-fotolii-scaune\/canapele\/vintage-bamboo-bedframe-asia-1990s\/","og_locale":"ro_RO","og_type":"article","og_title":"Vintage Bamboo Bedframe , Asia 1990\u2019s","og_description":"Vintage 1990's bamboo bed frame from Thailand, sturdy king-size design with a warm, organic look.","og_url":"https:\/\/www.retros-gallery.com\/ro\/colectii\/canapele-fotolii-scaune\/canapele\/vintage-bamboo-bedframe-asia-1990s\/","og_site_name":"Retros Gallery","article_publisher":"https:\/\/www.facebook.com\/retrosfurniture\/","article_modified_time":"2026-02-03T09:51:00+00:00","og_image":[{"width":1300,"height":867,"url":"https:\/\/www.retros-gallery.com\/wp-content\/uploads\/2026\/02\/2-Vintage-Bamboo-Bedframe-Asia-1990s.jpg","type":"image\/jpeg"}],"twitter_card":"summary_large_image","twitter_misc":{"Pre\u021b":"\u20ac900","Disponibilitate":"\u00cen stoc"},"schema":{"@context":"https:\/\/schema.org","@graph":[{"@type":"WebPage","@id":"https:\/\/www.retros-gallery.com\/collection\/seating\/sofas\/vintage-bamboo-bedframe-asia-1990s\/","url":"https:\/\/www.retros-gallery.com\/collection\/seating\/sofas\/vintage-bamboo-bedframe-asia-1990s\/","name":"Vintage Bamboo Bedframe , Asia 1990\u2019s - Retros Gallery","isPartOf":{"@id":"https:\/\/www.retros-gallery.com\/#website"},"primaryImageOfPage":{"@id":"https:\/\/www.retros-gallery.com\/collection\/seating\/sofas\/vintage-bamboo-bedframe-asia-1990s\/#primaryimage"},"image":{"@id":"https:\/\/www.retros-gallery.com\/collection\/seating\/sofas\/vintage-bamboo-bedframe-asia-1990s\/#primaryimage"},"thumbnailUrl":"https:\/\/www.retros-gallery.com\/wp-content\/uploads\/2026\/02\/2-Vintage-Bamboo-Bedframe-Asia-1990s.jpg","datePublished":"2026-02-03T09:50:59+00:00","dateModified":"2026-02-03T09:51:00+00:00","description":"Vintage 1990's bamboo bed frame from Thailand, sturdy king-size design with a warm, organic look.","breadcrumb":{"@id":"https:\/\/www.retros-gallery.com\/collection\/seating\/sofas\/vintage-bamboo-bedframe-asia-1990s\/#breadcrumb"},"inLanguage":"ro-RO","potentialAction":[{"@type":"ReadAction","target":["https:\/\/www.retros-gallery.com\/collection\/seating\/sofas\/vintage-bamboo-bedframe-asia-1990s\/"]}]},{"@type":"ImageObject","inLanguage":"ro-RO","@id":"https:\/\/www.retros-gallery.com\/collection\/seating\/sofas\/vintage-bamboo-bedframe-asia-1990s\/#primaryimage","url":"https:\/\/www.retros-gallery.com\/wp-content\/uploads\/2026\/02\/2-Vintage-Bamboo-Bedframe-Asia-1990s.jpg","contentUrl":"https:\/\/www.retros-gallery.com\/wp-content\/uploads\/2026\/02\/2-Vintage-Bamboo-Bedframe-Asia-1990s.jpg","width":1300,"height":867,"caption":"2-Vintage-Bamboo-Bedframe-Asia-1990s"},{"@type":"BreadcrumbList","@id":"https:\/\/www.retros-gallery.com\/collection\/seating\/sofas\/vintage-bamboo-bedframe-asia-1990s\/#breadcrumb","itemListElement":[{"@type":"ListItem","position":1,"name":"Home","item":"https:\/\/www.retros-gallery.com\/"},{"@type":"ListItem","position":2,"name":"Collection","item":"https:\/\/www.retros-gallery.com\/collection\/"},{"@type":"ListItem","position":3,"name":"Seating","item":"https:\/\/www.retros-gallery.com\/product-category\/seating\/"},{"@type":"ListItem","position":4,"name":"Sofas","item":"https:\/\/www.retros-gallery.com\/product-category\/seating\/sofas\/"},{"@type":"ListItem","position":5,"name":"Vintage Bamboo Bedframe , Asia 1990\u2019s"}]},{"@type":"WebSite","@id":"https:\/\/www.retros-gallery.com\/#website","url":"https:\/\/www.retros-gallery.com\/","name":"Retros Gallery","description":"V\u00e2nz\u0103tor de mobil\u0103 de epoc\u0103","publisher":{"@id":"https:\/\/www.retros-gallery.com\/#organization"},"potentialAction":[{"@type":"SearchAction","target":{"@type":"EntryPoint","urlTemplate":"https:\/\/www.retros-gallery.com\/?s={search_term_string}"},"query-input":{"@type":"PropertyValueSpecification","valueRequired":true,"valueName":"search_term_string"}}],"inLanguage":"ro-RO"},{"@type":["Organization","Place"],"@id":"https:\/\/www.retros-gallery.com\/#organization","name":"Retros Gallery","url":"https:\/\/www.retros-gallery.com\/","logo":{"@id":"https:\/\/www.retros-gallery.com\/collection\/seating\/sofas\/vintage-bamboo-bedframe-asia-1990s\/#local-main-organization-logo"},"image":{"@id":"https:\/\/www.retros-gallery.com\/collection\/seating\/sofas\/vintage-bamboo-bedframe-asia-1990s\/#local-main-organization-logo"},"sameAs":["https:\/\/www.facebook.com\/retrosfurniture\/","https:\/\/www.instagram.com\/retros.ro\/"],"telephone":[],"openingHoursSpecification":[{"@type":"OpeningHoursSpecification","dayOfWeek":["Monday","Tuesday","Wednesday","Thursday","Friday","Saturday","Sunday"],"opens":"09:00","closes":"17:00"}]},{"@type":"ImageObject","inLanguage":"ro-RO","@id":"https:\/\/www.retros-gallery.com\/collection\/seating\/sofas\/vintage-bamboo-bedframe-asia-1990s\/#local-main-organization-logo","url":"https:\/\/www.retros-gallery.com\/wp-content\/uploads\/2023\/02\/Asset-2@4x-1.png","contentUrl":"https:\/\/www.retros-gallery.com\/wp-content\/uploads\/2023\/02\/Asset-2@4x-1.png","width":2329,"height":248,"caption":"Retros Gallery"}]},"product_price_amount":"900","product_price_currency":"EUR","og_availability":"instock","product_availability":"instock","product_retailer_item_id":"BED0225BM06","product_condition":"new"},"_links":{"self":[{"href":"https:\/\/www.retros-gallery.com\/ro\/wp-json\/wp\/v2\/product\/10512","targetHints":{"allow":["GET"]}}],"collection":[{"href":"https:\/\/www.retros-gallery.com\/ro\/wp-json\/wp\/v2\/product"}],"about":[{"href":"https:\/\/www.retros-gallery.com\/ro\/wp-json\/wp\/v2\/types\/product"}],"replies":[{"embeddable":true,"href":"https:\/\/www.retros-gallery.com\/ro\/wp-json\/wp\/v2\/comments?post=10512"}],"wp:featuredmedia":[{"embeddable":true,"href":"https:\/\/www.retros-gallery.com\/ro\/wp-json\/wp\/v2\/media\/10514"}],"wp:attachment":[{"href":"https:\/\/www.retros-gallery.com\/ro\/wp-json\/wp\/v2\/media?parent=10512"}],"wp:term":[{"taxonomy":"product_brand","embeddable":true,"href":"https:\/\/www.retros-gallery.com\/ro\/wp-json\/wp\/v2\/product_brand?post=10512"},{"taxonomy":"product_cat","embeddable":true,"href":"https:\/\/www.retros-gallery.com\/ro\/wp-json\/wp\/v2\/product_cat?post=10512"},{"taxonomy":"product_tag","embeddable":true,"href":"https:\/\/www.retros-gallery.com\/ro\/wp-json\/wp\/v2\/product_tag?post=10512"}],"curies":[{"name":"wp","href":"https:\/\/api.w.org\/{rel}","templated":true}]}}