{"id":10709,"date":"2026-02-04T19:07:36","date_gmt":"2026-02-04T16:07:36","guid":{"rendered":"https:\/\/www.retros-gallery.com\/?post_type=product&#038;p=10709"},"modified":"2026-04-07T21:19:31","modified_gmt":"2026-04-07T18:19:31","slug":"post-modern-spyder-table-by-ettore-sottsass-for-knoll-italy1980s","status":"publish","type":"product","link":"https:\/\/www.retros-gallery.com\/ro\/colectii\/mobilier\/mese-dining\/post-modern-spyder-table-by-ettore-sottsass-for-knoll-italy1980s\/","title":{"rendered":"Post Modern Spyder Table By Ettore Sottsass For Knoll ,Italy1980\u2019s"},"content":{"rendered":"<p data-start=\"329\" data-end=\"758\">A rare post-modern dining table designed by Ettore Sottsass for Knoll in Italy during the 1980&#8217;s. The table features a painted steel tube base with a glossy finish supporting a clear round glass top. This design received the Stuttgart Design Prize from the German Design Center in 1987. Perfect as a living room table, modern interior centerpiece, or a collectible post-modern designer piece.<\/p>\n<p data-start=\"760\" data-end=\"798\"><strong data-start=\"760\" data-end=\"796\">Why This Spyder Table Stands Out<\/strong><\/p>\n<p data-start=\"800\" data-end=\"1108\">\u2022 Designed by Ettore Sottsass for Knoll<br data-start=\"839\" data-end=\"842\" \/>\u2022 Produced in Italy, 1980&#8217;s<br data-start=\"868\" data-end=\"871\" \/>\u2022 Painted steel tube base with gloss finish<br data-start=\"914\" data-end=\"917\" \/>\u2022 Clear round glass top<br data-start=\"940\" data-end=\"943\" \/>\u2022 Awarded the Stuttgart Design Prize, 1987<br data-start=\"985\" data-end=\"988\" \/>\u2022 Rare and collectible post-modern Italian designer furniture<br data-start=\"1049\" data-end=\"1052\" \/>\u2022 Ideal for dining rooms, offices, or modern interiors<\/p>\n<p data-start=\"1110\" data-end=\"1140\"><strong data-start=\"1110\" data-end=\"1138\">Specifica\u021bii \u0219i detalii<\/strong><\/p>\n<p data-start=\"1142\" data-end=\"1245\">Origine: Italia<br data-start=\"1155\" data-end=\"1158\" \/>Period: 1980&#8217;s<br data-start=\"1171\" data-end=\"1174\" \/>Designer: Ettore Sottsass<br data-start=\"1199\" data-end=\"1202\" \/>Producer: Knoll<br data-start=\"1217\" data-end=\"1220\" \/>Materials: Glass, metal<\/p>\n<p data-start=\"1247\" data-end=\"1299\"><strong data-start=\"1247\" data-end=\"1262\">Dimensiuni:<\/strong><br data-start=\"1262\" data-end=\"1265\" \/>Diameter: 120 cm<br data-start=\"1281\" data-end=\"1284\" \/>\u00cen\u0103l\u021bime: 72 cm<\/p>\n<p data-start=\"1301\" data-end=\"1341\"><strong>Stare:<\/strong> very good condition<\/p>\n<p data-start=\"1343\" data-end=\"1472\">A rare post-modern Spyder dining table by Ettore Sottsass\u00a0 for Knoll \u2014 available now from Retros Gallery.<\/p>\n<p data-start=\"1343\" data-end=\"1472\">","protected":false},"excerpt":{"rendered":"<p>A rare post-modern dining table designed by Ettore Sottsass for Knoll in Italy during the 1980&#8217;s. The table features a painted steel tube base with a glossy finish supporting a clear round glass top. This design received the Stuttgart Design Prize from the German Design Center in 1987. Perfect as a living room table, modern [&hellip;]<\/p>","protected":false},"featured_media":11058,"comment_status":"open","ping_status":"closed","template":"","meta":[],"product_brand":[],"product_cat":[35,45],"product_tag":[],"class_list":{"0":"post-10709","1":"product","2":"type-product","3":"status-publish","4":"has-post-thumbnail","6":"product_cat-furniture","7":"product_cat-dining-tables","9":"first","10":"instock","11":"shipping-taxable","12":"purchasable","13":"product-type-simple"},"yoast_head":"<!-- This site is optimized with the Yoast SEO Premium plugin v24.6 (Yoast SEO v27.4) - https:\/\/yoast.com\/product\/yoast-seo-premium-wordpress\/ -->\n<title>Dining Table By Ettore Sottsass For Knoll Post Modern Spyder<\/title>\n<meta name=\"description\" content=\"Post-Modern Spyder Dining Table by Ettore Sottsass for Knoll Italy 1980&#039;s, perfect for living rooms modern interiors, and collectible post-modern furniture.\" \/>\n<meta name=\"robots\" content=\"index, follow, max-snippet:-1, max-image-preview:large, max-video-preview:-1\" \/>\n<link rel=\"canonical\" href=\"https:\/\/www.retros-gallery.com\/ro\/colectii\/mobilier\/mese-dining\/post-modern-spyder-table-by-ettore-sottsass-for-knoll-italy1980s\/\" \/>\n<meta property=\"og:locale\" content=\"ro_RO\" \/>\n<meta property=\"og:type\" content=\"article\" \/>\n<meta property=\"og:title\" content=\"Post Modern Spyder Table By Ettore Sottsass For Knoll ,Italy1980\u2019s\" \/>\n<meta property=\"og:description\" content=\"Post-Modern Spyder Dining Table by Ettore Sottsass for Knoll Italy 1980&#039;s, perfect for living rooms modern interiors, and collectible post-modern furniture.\" \/>\n<meta property=\"og:url\" content=\"https:\/\/www.retros-gallery.com\/ro\/colectii\/mobilier\/mese-dining\/post-modern-spyder-table-by-ettore-sottsass-for-knoll-italy1980s\/\" \/>\n<meta property=\"og:site_name\" content=\"Retros Gallery\" \/>\n<meta property=\"article:publisher\" content=\"https:\/\/www.facebook.com\/retrosfurniture\/\" \/>\n<meta property=\"article:modified_time\" content=\"2026-04-07T18:19:31+00:00\" \/>\n<meta property=\"og:image\" content=\"https:\/\/www.retros-gallery.com\/wp-content\/uploads\/2026\/02\/post-modern-spyder-table-ettore-sottsass-knoll-italy-1980s.jpg\" \/>\n\t<meta property=\"og:image:width\" content=\"1300\" \/>\n\t<meta property=\"og:image:height\" content=\"867\" \/>\n\t<meta property=\"og:image:type\" content=\"image\/jpeg\" \/>\n<meta name=\"twitter:card\" content=\"summary_large_image\" \/>\n<meta name=\"twitter:label1\" content=\"Pre\u021b\" \/>\n\t<meta name=\"twitter:data1\" content=\"\u20ac1.500\" \/>\n\t<meta name=\"twitter:label2\" content=\"Disponibilitate\" \/>\n\t<meta name=\"twitter:data2\" content=\"\u00cen stoc\" \/>\n<script type=\"application\/ld+json\" class=\"yoast-schema-graph\">{\"@context\":\"https:\\\/\\\/schema.org\",\"@graph\":[{\"@type\":\"WebPage\",\"@id\":\"https:\\\/\\\/www.retros-gallery.com\\\/collection\\\/furniture\\\/dining-tables\\\/post-modern-spyder-table-by-ettore-sottsass-for-knoll-italy1980s\\\/\",\"url\":\"https:\\\/\\\/www.retros-gallery.com\\\/collection\\\/furniture\\\/dining-tables\\\/post-modern-spyder-table-by-ettore-sottsass-for-knoll-italy1980s\\\/\",\"name\":\"Dining Table By Ettore Sottsass For Knoll Post Modern Spyder\",\"isPartOf\":{\"@id\":\"https:\\\/\\\/www.retros-gallery.com\\\/#website\"},\"primaryImageOfPage\":{\"@id\":\"https:\\\/\\\/www.retros-gallery.com\\\/collection\\\/furniture\\\/dining-tables\\\/post-modern-spyder-table-by-ettore-sottsass-for-knoll-italy1980s\\\/#primaryimage\"},\"image\":{\"@id\":\"https:\\\/\\\/www.retros-gallery.com\\\/collection\\\/furniture\\\/dining-tables\\\/post-modern-spyder-table-by-ettore-sottsass-for-knoll-italy1980s\\\/#primaryimage\"},\"thumbnailUrl\":\"https:\\\/\\\/www.retros-gallery.com\\\/wp-content\\\/uploads\\\/2026\\\/02\\\/post-modern-spyder-table-ettore-sottsass-knoll-italy-1980s.jpg\",\"datePublished\":\"2026-02-04T16:07:36+00:00\",\"dateModified\":\"2026-04-07T18:19:31+00:00\",\"description\":\"Post-Modern Spyder Dining Table by Ettore Sottsass for Knoll Italy 1980's, perfect for living rooms modern interiors, and collectible post-modern furniture.\",\"breadcrumb\":{\"@id\":\"https:\\\/\\\/www.retros-gallery.com\\\/collection\\\/furniture\\\/dining-tables\\\/post-modern-spyder-table-by-ettore-sottsass-for-knoll-italy1980s\\\/#breadcrumb\"},\"inLanguage\":\"ro-RO\",\"potentialAction\":[{\"@type\":\"ReadAction\",\"target\":[\"https:\\\/\\\/www.retros-gallery.com\\\/collection\\\/furniture\\\/dining-tables\\\/post-modern-spyder-table-by-ettore-sottsass-for-knoll-italy1980s\\\/\"]}]},{\"@type\":\"ImageObject\",\"inLanguage\":\"ro-RO\",\"@id\":\"https:\\\/\\\/www.retros-gallery.com\\\/collection\\\/furniture\\\/dining-tables\\\/post-modern-spyder-table-by-ettore-sottsass-for-knoll-italy1980s\\\/#primaryimage\",\"url\":\"https:\\\/\\\/www.retros-gallery.com\\\/wp-content\\\/uploads\\\/2026\\\/02\\\/post-modern-spyder-table-ettore-sottsass-knoll-italy-1980s.jpg\",\"contentUrl\":\"https:\\\/\\\/www.retros-gallery.com\\\/wp-content\\\/uploads\\\/2026\\\/02\\\/post-modern-spyder-table-ettore-sottsass-knoll-italy-1980s.jpg\",\"width\":1300,\"height\":867,\"caption\":\"post-modern-spyder-table-ettore-sottsass-knoll-italy-1980s\"},{\"@type\":\"BreadcrumbList\",\"@id\":\"https:\\\/\\\/www.retros-gallery.com\\\/collection\\\/furniture\\\/dining-tables\\\/post-modern-spyder-table-by-ettore-sottsass-for-knoll-italy1980s\\\/#breadcrumb\",\"itemListElement\":[{\"@type\":\"ListItem\",\"position\":1,\"name\":\"Home\",\"item\":\"https:\\\/\\\/www.retros-gallery.com\\\/\"},{\"@type\":\"ListItem\",\"position\":2,\"name\":\"Collection\",\"item\":\"https:\\\/\\\/www.retros-gallery.com\\\/collection\\\/\"},{\"@type\":\"ListItem\",\"position\":3,\"name\":\"Furniture\",\"item\":\"https:\\\/\\\/www.retros-gallery.com\\\/product-category\\\/furniture\\\/\"},{\"@type\":\"ListItem\",\"position\":4,\"name\":\"Dining Tables\",\"item\":\"https:\\\/\\\/www.retros-gallery.com\\\/product-category\\\/furniture\\\/dining-tables\\\/\"},{\"@type\":\"ListItem\",\"position\":5,\"name\":\"Post Modern Spyder Table By Ettore Sottsass For Knoll ,Italy1980\u2019s\"}]},{\"@type\":\"WebSite\",\"@id\":\"https:\\\/\\\/www.retros-gallery.com\\\/#website\",\"url\":\"https:\\\/\\\/www.retros-gallery.com\\\/\",\"name\":\"Retros Gallery\",\"description\":\"Vintage Furniture Vendor\",\"publisher\":{\"@id\":\"https:\\\/\\\/www.retros-gallery.com\\\/#organization\"},\"potentialAction\":[{\"@type\":\"SearchAction\",\"target\":{\"@type\":\"EntryPoint\",\"urlTemplate\":\"https:\\\/\\\/www.retros-gallery.com\\\/?s={search_term_string}\"},\"query-input\":{\"@type\":\"PropertyValueSpecification\",\"valueRequired\":true,\"valueName\":\"search_term_string\"}}],\"inLanguage\":\"ro-RO\"},{\"@type\":[\"Organization\",\"Place\"],\"@id\":\"https:\\\/\\\/www.retros-gallery.com\\\/#organization\",\"name\":\"Retros Gallery\",\"url\":\"https:\\\/\\\/www.retros-gallery.com\\\/\",\"logo\":{\"@id\":\"https:\\\/\\\/www.retros-gallery.com\\\/collection\\\/furniture\\\/dining-tables\\\/post-modern-spyder-table-by-ettore-sottsass-for-knoll-italy1980s\\\/#local-main-organization-logo\"},\"image\":{\"@id\":\"https:\\\/\\\/www.retros-gallery.com\\\/collection\\\/furniture\\\/dining-tables\\\/post-modern-spyder-table-by-ettore-sottsass-for-knoll-italy1980s\\\/#local-main-organization-logo\"},\"sameAs\":[\"https:\\\/\\\/www.facebook.com\\\/retrosfurniture\\\/\",\"https:\\\/\\\/www.instagram.com\\\/retros.ro\\\/\"],\"telephone\":[],\"openingHoursSpecification\":[{\"@type\":\"OpeningHoursSpecification\",\"dayOfWeek\":[\"Monday\",\"Tuesday\",\"Wednesday\",\"Thursday\",\"Friday\",\"Saturday\",\"Sunday\"],\"opens\":\"09:00\",\"closes\":\"17:00\"}]},{\"@type\":\"ImageObject\",\"inLanguage\":\"ro-RO\",\"@id\":\"https:\\\/\\\/www.retros-gallery.com\\\/collection\\\/furniture\\\/dining-tables\\\/post-modern-spyder-table-by-ettore-sottsass-for-knoll-italy1980s\\\/#local-main-organization-logo\",\"url\":\"https:\\\/\\\/www.retros-gallery.com\\\/wp-content\\\/uploads\\\/2023\\\/02\\\/Asset-2@4x-1.png\",\"contentUrl\":\"https:\\\/\\\/www.retros-gallery.com\\\/wp-content\\\/uploads\\\/2023\\\/02\\\/Asset-2@4x-1.png\",\"width\":2329,\"height\":248,\"caption\":\"Retros Gallery\"}]}<\/script>\n<meta property=\"product:price:amount\" content=\"1500\" \/>\n<meta property=\"product:price:currency\" content=\"EUR\" \/>\n<meta property=\"og:availability\" content=\"instock\" \/>\n<meta property=\"product:availability\" content=\"instock\" \/>\n<meta property=\"product:retailer_item_id\" content=\"consignatie\" \/>\n<meta property=\"product:condition\" content=\"new\" \/>\n<!-- \/ Yoast SEO Premium plugin. -->","yoast_head_json":{"title":"Dining Table By Ettore Sottsass For Knoll Post Modern Spyder","description":"Post-Modern Spyder Dining Table by Ettore Sottsass for Knoll Italy 1980's, perfect for living rooms modern interiors, and collectible post-modern furniture.","robots":{"index":"index","follow":"follow","max-snippet":"max-snippet:-1","max-image-preview":"max-image-preview:large","max-video-preview":"max-video-preview:-1"},"canonical":"https:\/\/www.retros-gallery.com\/ro\/colectii\/mobilier\/mese-dining\/post-modern-spyder-table-by-ettore-sottsass-for-knoll-italy1980s\/","og_locale":"ro_RO","og_type":"article","og_title":"Post Modern Spyder Table By Ettore Sottsass For Knoll ,Italy1980\u2019s","og_description":"Post-Modern Spyder Dining Table by Ettore Sottsass for Knoll Italy 1980's, perfect for living rooms modern interiors, and collectible post-modern furniture.","og_url":"https:\/\/www.retros-gallery.com\/ro\/colectii\/mobilier\/mese-dining\/post-modern-spyder-table-by-ettore-sottsass-for-knoll-italy1980s\/","og_site_name":"Retros Gallery","article_publisher":"https:\/\/www.facebook.com\/retrosfurniture\/","article_modified_time":"2026-04-07T18:19:31+00:00","og_image":[{"width":1300,"height":867,"url":"https:\/\/www.retros-gallery.com\/wp-content\/uploads\/2026\/02\/post-modern-spyder-table-ettore-sottsass-knoll-italy-1980s.jpg","type":"image\/jpeg"}],"twitter_card":"summary_large_image","twitter_misc":{"Pre\u021b":"\u20ac1.500","Disponibilitate":"\u00cen stoc"},"schema":{"@context":"https:\/\/schema.org","@graph":[{"@type":"WebPage","@id":"https:\/\/www.retros-gallery.com\/collection\/furniture\/dining-tables\/post-modern-spyder-table-by-ettore-sottsass-for-knoll-italy1980s\/","url":"https:\/\/www.retros-gallery.com\/collection\/furniture\/dining-tables\/post-modern-spyder-table-by-ettore-sottsass-for-knoll-italy1980s\/","name":"Dining Table By Ettore Sottsass For Knoll Post Modern Spyder","isPartOf":{"@id":"https:\/\/www.retros-gallery.com\/#website"},"primaryImageOfPage":{"@id":"https:\/\/www.retros-gallery.com\/collection\/furniture\/dining-tables\/post-modern-spyder-table-by-ettore-sottsass-for-knoll-italy1980s\/#primaryimage"},"image":{"@id":"https:\/\/www.retros-gallery.com\/collection\/furniture\/dining-tables\/post-modern-spyder-table-by-ettore-sottsass-for-knoll-italy1980s\/#primaryimage"},"thumbnailUrl":"https:\/\/www.retros-gallery.com\/wp-content\/uploads\/2026\/02\/post-modern-spyder-table-ettore-sottsass-knoll-italy-1980s.jpg","datePublished":"2026-02-04T16:07:36+00:00","dateModified":"2026-04-07T18:19:31+00:00","description":"Post-Modern Spyder Dining Table by Ettore Sottsass for Knoll Italy 1980's, perfect for living rooms modern interiors, and collectible post-modern furniture.","breadcrumb":{"@id":"https:\/\/www.retros-gallery.com\/collection\/furniture\/dining-tables\/post-modern-spyder-table-by-ettore-sottsass-for-knoll-italy1980s\/#breadcrumb"},"inLanguage":"ro-RO","potentialAction":[{"@type":"ReadAction","target":["https:\/\/www.retros-gallery.com\/collection\/furniture\/dining-tables\/post-modern-spyder-table-by-ettore-sottsass-for-knoll-italy1980s\/"]}]},{"@type":"ImageObject","inLanguage":"ro-RO","@id":"https:\/\/www.retros-gallery.com\/collection\/furniture\/dining-tables\/post-modern-spyder-table-by-ettore-sottsass-for-knoll-italy1980s\/#primaryimage","url":"https:\/\/www.retros-gallery.com\/wp-content\/uploads\/2026\/02\/post-modern-spyder-table-ettore-sottsass-knoll-italy-1980s.jpg","contentUrl":"https:\/\/www.retros-gallery.com\/wp-content\/uploads\/2026\/02\/post-modern-spyder-table-ettore-sottsass-knoll-italy-1980s.jpg","width":1300,"height":867,"caption":"post-modern-spyder-table-ettore-sottsass-knoll-italy-1980s"},{"@type":"BreadcrumbList","@id":"https:\/\/www.retros-gallery.com\/collection\/furniture\/dining-tables\/post-modern-spyder-table-by-ettore-sottsass-for-knoll-italy1980s\/#breadcrumb","itemListElement":[{"@type":"ListItem","position":1,"name":"Home","item":"https:\/\/www.retros-gallery.com\/"},{"@type":"ListItem","position":2,"name":"Collection","item":"https:\/\/www.retros-gallery.com\/collection\/"},{"@type":"ListItem","position":3,"name":"Furniture","item":"https:\/\/www.retros-gallery.com\/product-category\/furniture\/"},{"@type":"ListItem","position":4,"name":"Dining Tables","item":"https:\/\/www.retros-gallery.com\/product-category\/furniture\/dining-tables\/"},{"@type":"ListItem","position":5,"name":"Post Modern Spyder Table By Ettore Sottsass For Knoll ,Italy1980\u2019s"}]},{"@type":"WebSite","@id":"https:\/\/www.retros-gallery.com\/#website","url":"https:\/\/www.retros-gallery.com\/","name":"Retros Gallery","description":"V\u00e2nz\u0103tor de mobil\u0103 de epoc\u0103","publisher":{"@id":"https:\/\/www.retros-gallery.com\/#organization"},"potentialAction":[{"@type":"SearchAction","target":{"@type":"EntryPoint","urlTemplate":"https:\/\/www.retros-gallery.com\/?s={search_term_string}"},"query-input":{"@type":"PropertyValueSpecification","valueRequired":true,"valueName":"search_term_string"}}],"inLanguage":"ro-RO"},{"@type":["Organization","Place"],"@id":"https:\/\/www.retros-gallery.com\/#organization","name":"Retros Gallery","url":"https:\/\/www.retros-gallery.com\/","logo":{"@id":"https:\/\/www.retros-gallery.com\/collection\/furniture\/dining-tables\/post-modern-spyder-table-by-ettore-sottsass-for-knoll-italy1980s\/#local-main-organization-logo"},"image":{"@id":"https:\/\/www.retros-gallery.com\/collection\/furniture\/dining-tables\/post-modern-spyder-table-by-ettore-sottsass-for-knoll-italy1980s\/#local-main-organization-logo"},"sameAs":["https:\/\/www.facebook.com\/retrosfurniture\/","https:\/\/www.instagram.com\/retros.ro\/"],"telephone":[],"openingHoursSpecification":[{"@type":"OpeningHoursSpecification","dayOfWeek":["Monday","Tuesday","Wednesday","Thursday","Friday","Saturday","Sunday"],"opens":"09:00","closes":"17:00"}]},{"@type":"ImageObject","inLanguage":"ro-RO","@id":"https:\/\/www.retros-gallery.com\/collection\/furniture\/dining-tables\/post-modern-spyder-table-by-ettore-sottsass-for-knoll-italy1980s\/#local-main-organization-logo","url":"https:\/\/www.retros-gallery.com\/wp-content\/uploads\/2023\/02\/Asset-2@4x-1.png","contentUrl":"https:\/\/www.retros-gallery.com\/wp-content\/uploads\/2023\/02\/Asset-2@4x-1.png","width":2329,"height":248,"caption":"Retros Gallery"}]},"product_price_amount":"1500","product_price_currency":"EUR","og_availability":"instock","product_availability":"instock","product_retailer_item_id":"consignatie","product_condition":"new"},"_links":{"self":[{"href":"https:\/\/www.retros-gallery.com\/ro\/wp-json\/wp\/v2\/product\/10709","targetHints":{"allow":["GET"]}}],"collection":[{"href":"https:\/\/www.retros-gallery.com\/ro\/wp-json\/wp\/v2\/product"}],"about":[{"href":"https:\/\/www.retros-gallery.com\/ro\/wp-json\/wp\/v2\/types\/product"}],"replies":[{"embeddable":true,"href":"https:\/\/www.retros-gallery.com\/ro\/wp-json\/wp\/v2\/comments?post=10709"}],"wp:featuredmedia":[{"embeddable":true,"href":"https:\/\/www.retros-gallery.com\/ro\/wp-json\/wp\/v2\/media\/11058"}],"wp:attachment":[{"href":"https:\/\/www.retros-gallery.com\/ro\/wp-json\/wp\/v2\/media?parent=10709"}],"wp:term":[{"taxonomy":"product_brand","embeddable":true,"href":"https:\/\/www.retros-gallery.com\/ro\/wp-json\/wp\/v2\/product_brand?post=10709"},{"taxonomy":"product_cat","embeddable":true,"href":"https:\/\/www.retros-gallery.com\/ro\/wp-json\/wp\/v2\/product_cat?post=10709"},{"taxonomy":"product_tag","embeddable":true,"href":"https:\/\/www.retros-gallery.com\/ro\/wp-json\/wp\/v2\/product_tag?post=10709"}],"curies":[{"name":"wp","href":"https:\/\/api.w.org\/{rel}","templated":true}]}}