{"id":10771,"date":"2026-03-04T00:00:43","date_gmt":"2026-03-03T21:00:43","guid":{"rendered":"https:\/\/www.retros-gallery.com\/?post_type=product&#038;p=10771"},"modified":"2026-04-07T19:26:48","modified_gmt":"2026-04-07T16:26:48","slug":"vintage-red-ceramic-floor-vase-germany-1970s","status":"publish","type":"product","link":"https:\/\/www.retros-gallery.com\/ro\/colectii\/obiecte-decorative\/vaze\/vintage-red-ceramic-floor-vase-germany-1970s\/","title":{"rendered":"Vintage Red Ceramic Floor Vase , Germany 1970\u2019s"},"content":{"rendered":"<div class=\"flex flex-col text-sm\">\n<article class=\"text-token-text-primary w-full focus:outline-none [--shadow-height:45px] has-data-writing-block:pointer-events-none has-data-writing-block:-mt-(--shadow-height) has-data-writing-block:pt-(--shadow-height) [&amp;:has([data-writing-block])&gt;*]:pointer-events-auto scroll-mt-[calc(var(--header-height)+min(200px,max(70px,20svh)))]\" dir=\"auto\" data-turn-id=\"request-WEB:95541beb-f168-4efb-95c6-09d10f7e0d4b-17\" data-testid=\"conversation-turn-36\" data-scroll-anchor=\"true\" data-turn=\"assistant\">\n<div class=\"text-base my-auto mx-auto pb-10 [--thread-content-margin:--spacing(4)] @w-sm\/main:[--thread-content-margin:--spacing(6)] @w-lg\/main:[--thread-content-margin:--spacing(16)] px-(--thread-content-margin)\">\n<div class=\"[--thread-content-max-width:40rem] @w-lg\/main:[--thread-content-max-width:48rem] mx-auto max-w-(--thread-content-max-width) flex-1 group\/turn-messages focus-visible:outline-hidden relative flex w-full min-w-0 flex-col agent-turn\">\n<div class=\"flex max-w-full flex-col grow\">\n<div class=\"min-h-8 text-message relative flex w-full flex-col items-end gap-2 text-start break-words whitespace-normal [.text-message+&amp;]:mt-1\" dir=\"auto\" data-message-author-role=\"assistant\" data-message-id=\"8fd5b156-05d9-489d-adf4-243feb5693bf\" data-message-model-slug=\"gpt-5-2\">\n<div class=\"flex w-full flex-col gap-1 empty:hidden first:pt-[1px]\">\n<div class=\"markdown prose dark:prose-invert w-full wrap-break-word light markdown-new-styling\">\n<p data-start=\"51\" data-end=\"266\">A bold red ceramic floor vase from Germany, dating to the 1970s. It has a clean, simple shape with a strong glossy glaze, giving it a modern and striking look. A classic example of West German mid-century pottery.<\/p>\n<p data-start=\"268\" data-end=\"368\" data-is-last-node=\"\" data-is-only-node=\"\">Tall and sturdy, it can also be used as an umbrella holder, making it both decorative and practical.<\/p>\n<h2 data-start=\"545\" data-end=\"572\">Why This Vase Stands Out<\/h2>\n<p data-start=\"574\" data-end=\"748\">\u2022 Germany, 1970s<br data-start=\"590\" data-end=\"593\" \/>\u2022 Classic West German ceramic design<br data-start=\"629\" data-end=\"632\" \/>\u2022 Bold red glaze<br data-start=\"648\" data-end=\"651\" \/>\u2022 Tall floor vase form<br data-start=\"673\" data-end=\"676\" \/>\u2022 Can also be used as an umbrella holder<br data-start=\"716\" data-end=\"719\" \/>\u2022 Decorative and functional<\/p>\n<h2 data-start=\"750\" data-end=\"777\">Specifica\u021bii \u0219i detalii<\/h2>\n<p data-start=\"779\" data-end=\"874\">Designer: Necunoscut<br data-start=\"796\" data-end=\"799\" \/>Producer: Unknown<br data-start=\"816\" data-end=\"819\" \/>Period: 1970&#8217;s<br data-start=\"832\" data-end=\"835\" \/>Country: Germany<br data-start=\"851\" data-end=\"854\" \/>Materials: Ceramic<\/p>\n<p data-start=\"876\" data-end=\"923\">Dimensiuni:<br data-start=\"887\" data-end=\"890\" \/>Height: 40 cm<br data-start=\"903\" data-end=\"906\" \/>Diameter: 16 cm<\/p>\n<p data-start=\"925\" data-end=\"957\">Condition: Very good condition<\/p>\n<p data-start=\"959\" data-end=\"1072\" data-is-last-node=\"\" data-is-only-node=\"\">A practical and eye-catching vintage ceramic floor vase \u2014 perfect for modern, eclectic, or mid-century interiors.<\/p>\n<\/div>\n<\/div>\n<\/div>\n<\/div>\n<div class=\"z-0 flex min-h-[46px] justify-start\"><\/div>\n<\/div>\n<\/div>\n<\/article>\n<\/div>\n<div class=\"pointer-events-none h-px w-px absolute bottom-0\" aria-hidden=\"true\" data-edge=\"true\"><\/div>","protected":false},"excerpt":{"rendered":"<p>A bold red ceramic floor vase from Germany, dating to the 1970s. It has a clean, simple shape with a strong glossy glaze, giving it a modern and striking look. A classic example of West German mid-century pottery. Tall and sturdy, it can also be used as an umbrella holder, making it both decorative and [&hellip;]<\/p>","protected":false},"featured_media":11030,"comment_status":"open","ping_status":"closed","template":"","meta":[],"product_brand":[],"product_cat":[35,37,53],"product_tag":[],"class_list":{"0":"post-10771","1":"product","2":"type-product","3":"status-publish","4":"has-post-thumbnail","6":"product_cat-furniture","7":"product_cat-decorative-objects","8":"product_cat-vases","10":"first","11":"instock","12":"shipping-taxable","13":"purchasable","14":"product-type-simple"},"yoast_head":"<!-- This site is optimized with the Yoast SEO Premium plugin v24.6 (Yoast SEO v27.5) - https:\/\/yoast.com\/product\/yoast-seo-premium-wordpress\/ -->\n<title>Vintage Red Ceramic Floor Vase , Germany 1970\u2019s - Retros Gallery<\/title>\n<meta name=\"description\" content=\"Vintage red ceramic floor vase, Germany 1970s, pottery with glossy finish, stylish, practical, and perfect as a decorative piece or umbrella holder.\" \/>\n<meta name=\"robots\" content=\"index, follow, max-snippet:-1, max-image-preview:large, max-video-preview:-1\" \/>\n<link rel=\"canonical\" href=\"https:\/\/www.retros-gallery.com\/ro\/colectii\/obiecte-decorative\/vaze\/vintage-red-ceramic-floor-vase-germany-1970s\/\" \/>\n<meta property=\"og:locale\" content=\"ro_RO\" \/>\n<meta property=\"og:type\" content=\"article\" \/>\n<meta property=\"og:title\" content=\"Vintage Red Ceramic Floor Vase , Germany 1970\u2019s\" \/>\n<meta property=\"og:description\" content=\"Vintage red ceramic floor vase, Germany 1970s, pottery with glossy finish, stylish, practical, and perfect as a decorative piece or umbrella holder.\" \/>\n<meta property=\"og:url\" content=\"https:\/\/www.retros-gallery.com\/ro\/colectii\/obiecte-decorative\/vaze\/vintage-red-ceramic-floor-vase-germany-1970s\/\" \/>\n<meta property=\"og:site_name\" content=\"Retros Gallery\" \/>\n<meta property=\"article:publisher\" content=\"https:\/\/www.facebook.com\/retrosfurniture\/\" \/>\n<meta property=\"article:modified_time\" content=\"2026-04-07T16:26:48+00:00\" \/>\n<meta property=\"og:image\" content=\"https:\/\/www.retros-gallery.com\/wp-content\/uploads\/2026\/03\/vintage-red-ceramic-floor-vase-germany-1970s-retro-decor.jpg\" \/>\n\t<meta property=\"og:image:width\" content=\"1300\" \/>\n\t<meta property=\"og:image:height\" content=\"867\" \/>\n\t<meta property=\"og:image:type\" content=\"image\/jpeg\" \/>\n<meta name=\"twitter:card\" content=\"summary_large_image\" \/>\n<meta name=\"twitter:label1\" content=\"Pre\u021b\" \/>\n\t<meta name=\"twitter:data1\" content=\"\u20ac70\" \/>\n\t<meta name=\"twitter:label2\" content=\"Disponibilitate\" \/>\n\t<meta name=\"twitter:data2\" content=\"\u00cen stoc\" \/>\n<script type=\"application\/ld+json\" class=\"yoast-schema-graph\">{\"@context\":\"https:\\\/\\\/schema.org\",\"@graph\":[{\"@type\":\"WebPage\",\"@id\":\"https:\\\/\\\/www.retros-gallery.com\\\/collection\\\/decorative-objects\\\/vases\\\/vintage-red-ceramic-floor-vase-germany-1970s\\\/\",\"url\":\"https:\\\/\\\/www.retros-gallery.com\\\/collection\\\/decorative-objects\\\/vases\\\/vintage-red-ceramic-floor-vase-germany-1970s\\\/\",\"name\":\"Vintage Red Ceramic Floor Vase , Germany 1970\u2019s - Retros Gallery\",\"isPartOf\":{\"@id\":\"https:\\\/\\\/www.retros-gallery.com\\\/#website\"},\"primaryImageOfPage\":{\"@id\":\"https:\\\/\\\/www.retros-gallery.com\\\/collection\\\/decorative-objects\\\/vases\\\/vintage-red-ceramic-floor-vase-germany-1970s\\\/#primaryimage\"},\"image\":{\"@id\":\"https:\\\/\\\/www.retros-gallery.com\\\/collection\\\/decorative-objects\\\/vases\\\/vintage-red-ceramic-floor-vase-germany-1970s\\\/#primaryimage\"},\"thumbnailUrl\":\"https:\\\/\\\/www.retros-gallery.com\\\/wp-content\\\/uploads\\\/2026\\\/03\\\/vintage-red-ceramic-floor-vase-germany-1970s-retro-decor.jpg\",\"datePublished\":\"2026-03-03T21:00:43+00:00\",\"dateModified\":\"2026-04-07T16:26:48+00:00\",\"description\":\"Vintage red ceramic floor vase, Germany 1970s, pottery with glossy finish, stylish, practical, and perfect as a decorative piece or umbrella holder.\",\"breadcrumb\":{\"@id\":\"https:\\\/\\\/www.retros-gallery.com\\\/collection\\\/decorative-objects\\\/vases\\\/vintage-red-ceramic-floor-vase-germany-1970s\\\/#breadcrumb\"},\"inLanguage\":\"ro-RO\",\"potentialAction\":[{\"@type\":\"ReadAction\",\"target\":[\"https:\\\/\\\/www.retros-gallery.com\\\/collection\\\/decorative-objects\\\/vases\\\/vintage-red-ceramic-floor-vase-germany-1970s\\\/\"]}]},{\"@type\":\"ImageObject\",\"inLanguage\":\"ro-RO\",\"@id\":\"https:\\\/\\\/www.retros-gallery.com\\\/collection\\\/decorative-objects\\\/vases\\\/vintage-red-ceramic-floor-vase-germany-1970s\\\/#primaryimage\",\"url\":\"https:\\\/\\\/www.retros-gallery.com\\\/wp-content\\\/uploads\\\/2026\\\/03\\\/vintage-red-ceramic-floor-vase-germany-1970s-retro-decor.jpg\",\"contentUrl\":\"https:\\\/\\\/www.retros-gallery.com\\\/wp-content\\\/uploads\\\/2026\\\/03\\\/vintage-red-ceramic-floor-vase-germany-1970s-retro-decor.jpg\",\"width\":1300,\"height\":867,\"caption\":\"vintage-red-ceramic-floor-vase-germany-1970s-retro-decor\"},{\"@type\":\"BreadcrumbList\",\"@id\":\"https:\\\/\\\/www.retros-gallery.com\\\/collection\\\/decorative-objects\\\/vases\\\/vintage-red-ceramic-floor-vase-germany-1970s\\\/#breadcrumb\",\"itemListElement\":[{\"@type\":\"ListItem\",\"position\":1,\"name\":\"Home\",\"item\":\"https:\\\/\\\/www.retros-gallery.com\\\/\"},{\"@type\":\"ListItem\",\"position\":2,\"name\":\"Collection\",\"item\":\"https:\\\/\\\/www.retros-gallery.com\\\/collection\\\/\"},{\"@type\":\"ListItem\",\"position\":3,\"name\":\"Decorative objects\",\"item\":\"https:\\\/\\\/www.retros-gallery.com\\\/product-category\\\/decorative-objects\\\/\"},{\"@type\":\"ListItem\",\"position\":4,\"name\":\"Vases\",\"item\":\"https:\\\/\\\/www.retros-gallery.com\\\/product-category\\\/decorative-objects\\\/vases\\\/\"},{\"@type\":\"ListItem\",\"position\":5,\"name\":\"Vintage Red Ceramic Floor Vase , Germany 1970\u2019s\"}]},{\"@type\":\"WebSite\",\"@id\":\"https:\\\/\\\/www.retros-gallery.com\\\/#website\",\"url\":\"https:\\\/\\\/www.retros-gallery.com\\\/\",\"name\":\"Retros Gallery\",\"description\":\"Vintage Furniture Vendor\",\"publisher\":{\"@id\":\"https:\\\/\\\/www.retros-gallery.com\\\/#organization\"},\"potentialAction\":[{\"@type\":\"SearchAction\",\"target\":{\"@type\":\"EntryPoint\",\"urlTemplate\":\"https:\\\/\\\/www.retros-gallery.com\\\/?s={search_term_string}\"},\"query-input\":{\"@type\":\"PropertyValueSpecification\",\"valueRequired\":true,\"valueName\":\"search_term_string\"}}],\"inLanguage\":\"ro-RO\"},{\"@type\":[\"Organization\",\"Place\"],\"@id\":\"https:\\\/\\\/www.retros-gallery.com\\\/#organization\",\"name\":\"Retros Gallery\",\"url\":\"https:\\\/\\\/www.retros-gallery.com\\\/\",\"logo\":{\"@id\":\"https:\\\/\\\/www.retros-gallery.com\\\/collection\\\/decorative-objects\\\/vases\\\/vintage-red-ceramic-floor-vase-germany-1970s\\\/#local-main-organization-logo\"},\"image\":{\"@id\":\"https:\\\/\\\/www.retros-gallery.com\\\/collection\\\/decorative-objects\\\/vases\\\/vintage-red-ceramic-floor-vase-germany-1970s\\\/#local-main-organization-logo\"},\"sameAs\":[\"https:\\\/\\\/www.facebook.com\\\/retrosfurniture\\\/\",\"https:\\\/\\\/www.instagram.com\\\/retros.ro\\\/\"],\"telephone\":[],\"openingHoursSpecification\":[{\"@type\":\"OpeningHoursSpecification\",\"dayOfWeek\":[\"Monday\",\"Tuesday\",\"Wednesday\",\"Thursday\",\"Friday\",\"Saturday\",\"Sunday\"],\"opens\":\"09:00\",\"closes\":\"17:00\"}]},{\"@type\":\"ImageObject\",\"inLanguage\":\"ro-RO\",\"@id\":\"https:\\\/\\\/www.retros-gallery.com\\\/collection\\\/decorative-objects\\\/vases\\\/vintage-red-ceramic-floor-vase-germany-1970s\\\/#local-main-organization-logo\",\"url\":\"https:\\\/\\\/www.retros-gallery.com\\\/wp-content\\\/uploads\\\/2023\\\/02\\\/Asset-2@4x-1.png\",\"contentUrl\":\"https:\\\/\\\/www.retros-gallery.com\\\/wp-content\\\/uploads\\\/2023\\\/02\\\/Asset-2@4x-1.png\",\"width\":2329,\"height\":248,\"caption\":\"Retros Gallery\"}]}<\/script>\n<meta property=\"product:price:amount\" content=\"70\" \/>\n<meta property=\"product:price:currency\" content=\"EUR\" \/>\n<meta property=\"og:availability\" content=\"instock\" \/>\n<meta property=\"product:availability\" content=\"instock\" \/>\n<meta property=\"product:retailer_item_id\" content=\"V3\" \/>\n<meta property=\"product:condition\" content=\"new\" \/>\n<!-- \/ Yoast SEO Premium plugin. -->","yoast_head_json":{"title":"Vintage Red Ceramic Floor Vase , Germany 1970\u2019s - Retros Gallery","description":"Vintage red ceramic floor vase, Germany 1970s, pottery with glossy finish, stylish, practical, and perfect as a decorative piece or umbrella holder.","robots":{"index":"index","follow":"follow","max-snippet":"max-snippet:-1","max-image-preview":"max-image-preview:large","max-video-preview":"max-video-preview:-1"},"canonical":"https:\/\/www.retros-gallery.com\/ro\/colectii\/obiecte-decorative\/vaze\/vintage-red-ceramic-floor-vase-germany-1970s\/","og_locale":"ro_RO","og_type":"article","og_title":"Vintage Red Ceramic Floor Vase , Germany 1970\u2019s","og_description":"Vintage red ceramic floor vase, Germany 1970s, pottery with glossy finish, stylish, practical, and perfect as a decorative piece or umbrella holder.","og_url":"https:\/\/www.retros-gallery.com\/ro\/colectii\/obiecte-decorative\/vaze\/vintage-red-ceramic-floor-vase-germany-1970s\/","og_site_name":"Retros Gallery","article_publisher":"https:\/\/www.facebook.com\/retrosfurniture\/","article_modified_time":"2026-04-07T16:26:48+00:00","og_image":[{"width":1300,"height":867,"url":"https:\/\/www.retros-gallery.com\/wp-content\/uploads\/2026\/03\/vintage-red-ceramic-floor-vase-germany-1970s-retro-decor.jpg","type":"image\/jpeg"}],"twitter_card":"summary_large_image","twitter_misc":{"Pre\u021b":"\u20ac70","Disponibilitate":"\u00cen stoc"},"schema":{"@context":"https:\/\/schema.org","@graph":[{"@type":"WebPage","@id":"https:\/\/www.retros-gallery.com\/collection\/decorative-objects\/vases\/vintage-red-ceramic-floor-vase-germany-1970s\/","url":"https:\/\/www.retros-gallery.com\/collection\/decorative-objects\/vases\/vintage-red-ceramic-floor-vase-germany-1970s\/","name":"Vintage Red Ceramic Floor Vase , Germany 1970\u2019s - Retros Gallery","isPartOf":{"@id":"https:\/\/www.retros-gallery.com\/#website"},"primaryImageOfPage":{"@id":"https:\/\/www.retros-gallery.com\/collection\/decorative-objects\/vases\/vintage-red-ceramic-floor-vase-germany-1970s\/#primaryimage"},"image":{"@id":"https:\/\/www.retros-gallery.com\/collection\/decorative-objects\/vases\/vintage-red-ceramic-floor-vase-germany-1970s\/#primaryimage"},"thumbnailUrl":"https:\/\/www.retros-gallery.com\/wp-content\/uploads\/2026\/03\/vintage-red-ceramic-floor-vase-germany-1970s-retro-decor.jpg","datePublished":"2026-03-03T21:00:43+00:00","dateModified":"2026-04-07T16:26:48+00:00","description":"Vintage red ceramic floor vase, Germany 1970s, pottery with glossy finish, stylish, practical, and perfect as a decorative piece or umbrella holder.","breadcrumb":{"@id":"https:\/\/www.retros-gallery.com\/collection\/decorative-objects\/vases\/vintage-red-ceramic-floor-vase-germany-1970s\/#breadcrumb"},"inLanguage":"ro-RO","potentialAction":[{"@type":"ReadAction","target":["https:\/\/www.retros-gallery.com\/collection\/decorative-objects\/vases\/vintage-red-ceramic-floor-vase-germany-1970s\/"]}]},{"@type":"ImageObject","inLanguage":"ro-RO","@id":"https:\/\/www.retros-gallery.com\/collection\/decorative-objects\/vases\/vintage-red-ceramic-floor-vase-germany-1970s\/#primaryimage","url":"https:\/\/www.retros-gallery.com\/wp-content\/uploads\/2026\/03\/vintage-red-ceramic-floor-vase-germany-1970s-retro-decor.jpg","contentUrl":"https:\/\/www.retros-gallery.com\/wp-content\/uploads\/2026\/03\/vintage-red-ceramic-floor-vase-germany-1970s-retro-decor.jpg","width":1300,"height":867,"caption":"vintage-red-ceramic-floor-vase-germany-1970s-retro-decor"},{"@type":"BreadcrumbList","@id":"https:\/\/www.retros-gallery.com\/collection\/decorative-objects\/vases\/vintage-red-ceramic-floor-vase-germany-1970s\/#breadcrumb","itemListElement":[{"@type":"ListItem","position":1,"name":"Home","item":"https:\/\/www.retros-gallery.com\/"},{"@type":"ListItem","position":2,"name":"Collection","item":"https:\/\/www.retros-gallery.com\/collection\/"},{"@type":"ListItem","position":3,"name":"Decorative objects","item":"https:\/\/www.retros-gallery.com\/product-category\/decorative-objects\/"},{"@type":"ListItem","position":4,"name":"Vases","item":"https:\/\/www.retros-gallery.com\/product-category\/decorative-objects\/vases\/"},{"@type":"ListItem","position":5,"name":"Vintage Red Ceramic Floor Vase , Germany 1970\u2019s"}]},{"@type":"WebSite","@id":"https:\/\/www.retros-gallery.com\/#website","url":"https:\/\/www.retros-gallery.com\/","name":"Retros Gallery","description":"V\u00e2nz\u0103tor de mobil\u0103 de epoc\u0103","publisher":{"@id":"https:\/\/www.retros-gallery.com\/#organization"},"potentialAction":[{"@type":"SearchAction","target":{"@type":"EntryPoint","urlTemplate":"https:\/\/www.retros-gallery.com\/?s={search_term_string}"},"query-input":{"@type":"PropertyValueSpecification","valueRequired":true,"valueName":"search_term_string"}}],"inLanguage":"ro-RO"},{"@type":["Organization","Place"],"@id":"https:\/\/www.retros-gallery.com\/#organization","name":"Retros Gallery","url":"https:\/\/www.retros-gallery.com\/","logo":{"@id":"https:\/\/www.retros-gallery.com\/collection\/decorative-objects\/vases\/vintage-red-ceramic-floor-vase-germany-1970s\/#local-main-organization-logo"},"image":{"@id":"https:\/\/www.retros-gallery.com\/collection\/decorative-objects\/vases\/vintage-red-ceramic-floor-vase-germany-1970s\/#local-main-organization-logo"},"sameAs":["https:\/\/www.facebook.com\/retrosfurniture\/","https:\/\/www.instagram.com\/retros.ro\/"],"telephone":[],"openingHoursSpecification":[{"@type":"OpeningHoursSpecification","dayOfWeek":["Monday","Tuesday","Wednesday","Thursday","Friday","Saturday","Sunday"],"opens":"09:00","closes":"17:00"}]},{"@type":"ImageObject","inLanguage":"ro-RO","@id":"https:\/\/www.retros-gallery.com\/collection\/decorative-objects\/vases\/vintage-red-ceramic-floor-vase-germany-1970s\/#local-main-organization-logo","url":"https:\/\/www.retros-gallery.com\/wp-content\/uploads\/2023\/02\/Asset-2@4x-1.png","contentUrl":"https:\/\/www.retros-gallery.com\/wp-content\/uploads\/2023\/02\/Asset-2@4x-1.png","width":2329,"height":248,"caption":"Retros Gallery"}]},"product_price_amount":"70","product_price_currency":"EUR","og_availability":"instock","product_availability":"instock","product_retailer_item_id":"V3","product_condition":"new"},"_links":{"self":[{"href":"https:\/\/www.retros-gallery.com\/ro\/wp-json\/wp\/v2\/product\/10771","targetHints":{"allow":["GET"]}}],"collection":[{"href":"https:\/\/www.retros-gallery.com\/ro\/wp-json\/wp\/v2\/product"}],"about":[{"href":"https:\/\/www.retros-gallery.com\/ro\/wp-json\/wp\/v2\/types\/product"}],"replies":[{"embeddable":true,"href":"https:\/\/www.retros-gallery.com\/ro\/wp-json\/wp\/v2\/comments?post=10771"}],"wp:featuredmedia":[{"embeddable":true,"href":"https:\/\/www.retros-gallery.com\/ro\/wp-json\/wp\/v2\/media\/11030"}],"wp:attachment":[{"href":"https:\/\/www.retros-gallery.com\/ro\/wp-json\/wp\/v2\/media?parent=10771"}],"wp:term":[{"taxonomy":"product_brand","embeddable":true,"href":"https:\/\/www.retros-gallery.com\/ro\/wp-json\/wp\/v2\/product_brand?post=10771"},{"taxonomy":"product_cat","embeddable":true,"href":"https:\/\/www.retros-gallery.com\/ro\/wp-json\/wp\/v2\/product_cat?post=10771"},{"taxonomy":"product_tag","embeddable":true,"href":"https:\/\/www.retros-gallery.com\/ro\/wp-json\/wp\/v2\/product_tag?post=10771"}],"curies":[{"name":"wp","href":"https:\/\/api.w.org\/{rel}","templated":true}]}}