{"id":10797,"date":"2026-03-04T00:00:54","date_gmt":"2026-03-03T21:00:54","guid":{"rendered":"https:\/\/www.retros-gallery.com\/?post_type=product&#038;p=10797"},"modified":"2026-04-07T19:18:33","modified_gmt":"2026-04-07T16:18:33","slug":"vintage-white-bisque-porcelain-germany-1960s-set-of-2","status":"publish","type":"product","link":"https:\/\/www.retros-gallery.com\/ro\/colectii\/obiecte-decorative\/vaze\/vintage-white-bisque-porcelain-germany-1960s-set-of-2\/","title":{"rendered":"Vintage White Bisque Porcelain , Germany 1960\u2019s Set of 2"},"content":{"rendered":"<div class=\"flex flex-col text-sm pb-25\">\n<article class=\"text-token-text-primary w-full focus:outline-none [--shadow-height:45px] has-data-writing-block:pointer-events-none has-data-writing-block:-mt-(--shadow-height) has-data-writing-block:pt-(--shadow-height) [&amp;:has([data-writing-block])&gt;*]:pointer-events-auto scroll-mt-[calc(var(--header-height)+min(200px,max(70px,20svh)))]\" dir=\"auto\" data-turn-id=\"request-WEB:95541beb-f168-4efb-95c6-09d10f7e0d4b-31\" data-testid=\"conversation-turn-64\" data-scroll-anchor=\"true\" data-turn=\"assistant\">\n<div class=\"text-base my-auto mx-auto pb-10 [--thread-content-margin:--spacing(4)] @w-sm\/main:[--thread-content-margin:--spacing(6)] @w-lg\/main:[--thread-content-margin:--spacing(16)] px-(--thread-content-margin)\">\n<div class=\"[--thread-content-max-width:40rem] @w-lg\/main:[--thread-content-max-width:48rem] mx-auto max-w-(--thread-content-max-width) flex-1 group\/turn-messages focus-visible:outline-hidden relative flex w-full min-w-0 flex-col agent-turn\">\n<div class=\"flex max-w-full flex-col grow\">\n<div class=\"min-h-8 text-message relative flex w-full flex-col items-end gap-2 text-start break-words whitespace-normal [.text-message+&amp;]:mt-1\" dir=\"auto\" data-message-author-role=\"assistant\" data-message-id=\"56ba7ea3-822a-4db5-9cfe-081f5ebd2729\" data-message-model-slug=\"gpt-5-mini\">\n<div class=\"flex w-full flex-col gap-1 empty:hidden first:pt-[1px]\">\n<div class=\"markdown prose dark:prose-invert w-full wrap-break-word light markdown-new-styling\">\n<p data-start=\"0\" data-end=\"140\">A rare set of two vintage porcelain vases from Germany, 1960&#8217;s. They have white bisque bases and long, elegant necks in glossy white glaze.<\/p>\n<p data-start=\"142\" data-end=\"265\">Both vases feature a delicate relief pattern of dots and abstract daisy blossoms, creating a subtle star-map-like design.<\/p>\n<p data-start=\"267\" data-end=\"465\" data-is-last-node=\"\" data-is-only-node=\"\">These vases are timeless examples of Mid-Century Modern design. They make a beautiful decorative pair for shelves, tables, or mantels and are perfect for collectors or lovers of modernist porcelain.<\/p>\n<\/div>\n<\/div>\n<\/div>\n<\/div>\n<div class=\"z-0 flex min-h-[46px] justify-start\"><\/div>\n<\/div>\n<\/div>\n<\/article>\n<\/div>\n<div class=\"pointer-events-none h-px w-px absolute bottom-0\" aria-hidden=\"true\" data-edge=\"true\">\n<h2 data-start=\"539\" data-end=\"569\">Why These Vases Stand Out<\/h2>\n<p data-start=\"571\" data-end=\"795\">\u2022 Germany, 1960s<br data-start=\"587\" data-end=\"590\" \/>\u2022 Set of two rare porcelain vases<br data-start=\"623\" data-end=\"626\" \/>\u2022 White bisque base with glossy white neck<br data-start=\"668\" data-end=\"671\" \/>\u2022 Relief pattern of dots and abstract daisy blossoms<br data-start=\"723\" data-end=\"726\" \/>\u2022 Timeless Mid-Century Modern design<br data-start=\"762\" data-end=\"765\" \/>\u2022 Decorative and collectible<\/p>\n<h2 data-start=\"797\" data-end=\"826\">Specifica\u021bii \u0219i detalii<\/h2>\n<p data-start=\"828\" data-end=\"925\">Designer: Necunoscut<br data-start=\"845\" data-end=\"848\" \/>Producer: Unknown<br data-start=\"865\" data-end=\"868\" \/>Perioada: 1960<br data-start=\"881\" data-end=\"884\" \/>Country: Germany<br data-start=\"900\" data-end=\"903\" \/>Materials: Porcelain<\/p>\n<p data-start=\"927\" data-end=\"978\">Dimensiuni:<br data-start=\"938\" data-end=\"941\" \/>Height: 16 cm \/ 18 cm<br data-start=\"962\" data-end=\"965\" \/>Width: 6 cm<\/p>\n<p data-start=\"980\" data-end=\"1012\">Condition: Very good condition<\/p>\n<p data-start=\"1014\" data-end=\"1113\" data-is-last-node=\"\" data-is-only-node=\"\">A beautiful vintage porcelain set \u2014 perfect for adding Mid-Century Modern elegance to any interior.<\/p>\n<\/div>","protected":false},"excerpt":{"rendered":"<p>A rare set of two vintage porcelain vases from Germany, 1960&#8217;s. They have white bisque bases and long, elegant necks in glossy white glaze. Both vases feature a delicate relief pattern of dots and abstract daisy blossoms, creating a subtle star-map-like design. These vases are timeless examples of Mid-Century Modern design. They make a beautiful [&hellip;]<\/p>","protected":false},"featured_media":11018,"comment_status":"open","ping_status":"closed","template":"","meta":[],"product_brand":[],"product_cat":[35,37,53],"product_tag":[],"class_list":{"0":"post-10797","1":"product","2":"type-product","3":"status-publish","4":"has-post-thumbnail","6":"product_cat-furniture","7":"product_cat-decorative-objects","8":"product_cat-vases","10":"first","11":"instock","12":"shipping-taxable","13":"purchasable","14":"product-type-simple"},"yoast_head":"<!-- This site is optimized with the Yoast SEO Premium plugin v24.6 (Yoast SEO v27.5) - https:\/\/yoast.com\/product\/yoast-seo-premium-wordpress\/ -->\n<title>Vintage White Bisque Porcelain , Germany 1960\u2019s Set of 2 - Retros Gallery<\/title>\n<meta name=\"description\" content=\"Set of two vintage white bisque porcelain vases, Germany 1960s. Glossy long necks with delicate relief pattern \u2014 elegant Mid-Century Modern design.\" \/>\n<meta name=\"robots\" content=\"index, follow, max-snippet:-1, max-image-preview:large, max-video-preview:-1\" \/>\n<link rel=\"canonical\" href=\"https:\/\/www.retros-gallery.com\/ro\/colectii\/obiecte-decorative\/vaze\/vintage-white-bisque-porcelain-germany-1960s-set-of-2\/\" \/>\n<meta property=\"og:locale\" content=\"ro_RO\" \/>\n<meta property=\"og:type\" content=\"article\" \/>\n<meta property=\"og:title\" content=\"Vintage White Bisque Porcelain , Germany 1960\u2019s Set of 2\" \/>\n<meta property=\"og:description\" content=\"Set of two vintage white bisque porcelain vases, Germany 1960s. Glossy long necks with delicate relief pattern \u2014 elegant Mid-Century Modern design.\" \/>\n<meta property=\"og:url\" content=\"https:\/\/www.retros-gallery.com\/ro\/colectii\/obiecte-decorative\/vaze\/vintage-white-bisque-porcelain-germany-1960s-set-of-2\/\" \/>\n<meta property=\"og:site_name\" content=\"Retros Gallery\" \/>\n<meta property=\"article:publisher\" content=\"https:\/\/www.facebook.com\/retrosfurniture\/\" \/>\n<meta property=\"article:modified_time\" content=\"2026-04-07T16:18:33+00:00\" \/>\n<meta property=\"og:image\" content=\"https:\/\/www.retros-gallery.com\/wp-content\/uploads\/2026\/03\/german-white-bisque-porcelain-set-1960s-vintage-ceramic.jpg\" \/>\n\t<meta property=\"og:image:width\" content=\"1300\" \/>\n\t<meta property=\"og:image:height\" content=\"867\" \/>\n\t<meta property=\"og:image:type\" content=\"image\/jpeg\" \/>\n<meta name=\"twitter:card\" content=\"summary_large_image\" \/>\n<meta name=\"twitter:label1\" content=\"Pre\u021b\" \/>\n\t<meta name=\"twitter:data1\" content=\"\u20ac160\" \/>\n\t<meta name=\"twitter:label2\" content=\"Disponibilitate\" \/>\n\t<meta name=\"twitter:data2\" content=\"\u00cen stoc\" \/>\n<script type=\"application\/ld+json\" class=\"yoast-schema-graph\">{\"@context\":\"https:\\\/\\\/schema.org\",\"@graph\":[{\"@type\":\"WebPage\",\"@id\":\"https:\\\/\\\/www.retros-gallery.com\\\/collection\\\/decorative-objects\\\/vases\\\/vintage-white-bisque-porcelain-germany-1960s-set-of-2\\\/\",\"url\":\"https:\\\/\\\/www.retros-gallery.com\\\/collection\\\/decorative-objects\\\/vases\\\/vintage-white-bisque-porcelain-germany-1960s-set-of-2\\\/\",\"name\":\"Vintage White Bisque Porcelain , Germany 1960\u2019s Set of 2 - Retros Gallery\",\"isPartOf\":{\"@id\":\"https:\\\/\\\/www.retros-gallery.com\\\/#website\"},\"primaryImageOfPage\":{\"@id\":\"https:\\\/\\\/www.retros-gallery.com\\\/collection\\\/decorative-objects\\\/vases\\\/vintage-white-bisque-porcelain-germany-1960s-set-of-2\\\/#primaryimage\"},\"image\":{\"@id\":\"https:\\\/\\\/www.retros-gallery.com\\\/collection\\\/decorative-objects\\\/vases\\\/vintage-white-bisque-porcelain-germany-1960s-set-of-2\\\/#primaryimage\"},\"thumbnailUrl\":\"https:\\\/\\\/www.retros-gallery.com\\\/wp-content\\\/uploads\\\/2026\\\/03\\\/german-white-bisque-porcelain-set-1960s-vintage-ceramic.jpg\",\"datePublished\":\"2026-03-03T21:00:54+00:00\",\"dateModified\":\"2026-04-07T16:18:33+00:00\",\"description\":\"Set of two vintage white bisque porcelain vases, Germany 1960s. Glossy long necks with delicate relief pattern \u2014 elegant Mid-Century Modern design.\",\"breadcrumb\":{\"@id\":\"https:\\\/\\\/www.retros-gallery.com\\\/collection\\\/decorative-objects\\\/vases\\\/vintage-white-bisque-porcelain-germany-1960s-set-of-2\\\/#breadcrumb\"},\"inLanguage\":\"ro-RO\",\"potentialAction\":[{\"@type\":\"ReadAction\",\"target\":[\"https:\\\/\\\/www.retros-gallery.com\\\/collection\\\/decorative-objects\\\/vases\\\/vintage-white-bisque-porcelain-germany-1960s-set-of-2\\\/\"]}]},{\"@type\":\"ImageObject\",\"inLanguage\":\"ro-RO\",\"@id\":\"https:\\\/\\\/www.retros-gallery.com\\\/collection\\\/decorative-objects\\\/vases\\\/vintage-white-bisque-porcelain-germany-1960s-set-of-2\\\/#primaryimage\",\"url\":\"https:\\\/\\\/www.retros-gallery.com\\\/wp-content\\\/uploads\\\/2026\\\/03\\\/german-white-bisque-porcelain-set-1960s-vintage-ceramic.jpg\",\"contentUrl\":\"https:\\\/\\\/www.retros-gallery.com\\\/wp-content\\\/uploads\\\/2026\\\/03\\\/german-white-bisque-porcelain-set-1960s-vintage-ceramic.jpg\",\"width\":1300,\"height\":867,\"caption\":\"german-white-bisque-porcelain-set-1960s-vintage-ceramic\"},{\"@type\":\"BreadcrumbList\",\"@id\":\"https:\\\/\\\/www.retros-gallery.com\\\/collection\\\/decorative-objects\\\/vases\\\/vintage-white-bisque-porcelain-germany-1960s-set-of-2\\\/#breadcrumb\",\"itemListElement\":[{\"@type\":\"ListItem\",\"position\":1,\"name\":\"Home\",\"item\":\"https:\\\/\\\/www.retros-gallery.com\\\/\"},{\"@type\":\"ListItem\",\"position\":2,\"name\":\"Collection\",\"item\":\"https:\\\/\\\/www.retros-gallery.com\\\/collection\\\/\"},{\"@type\":\"ListItem\",\"position\":3,\"name\":\"Decorative objects\",\"item\":\"https:\\\/\\\/www.retros-gallery.com\\\/product-category\\\/decorative-objects\\\/\"},{\"@type\":\"ListItem\",\"position\":4,\"name\":\"Vases\",\"item\":\"https:\\\/\\\/www.retros-gallery.com\\\/product-category\\\/decorative-objects\\\/vases\\\/\"},{\"@type\":\"ListItem\",\"position\":5,\"name\":\"Vintage White Bisque Porcelain , Germany 1960\u2019s Set of 2\"}]},{\"@type\":\"WebSite\",\"@id\":\"https:\\\/\\\/www.retros-gallery.com\\\/#website\",\"url\":\"https:\\\/\\\/www.retros-gallery.com\\\/\",\"name\":\"Retros Gallery\",\"description\":\"Vintage Furniture Vendor\",\"publisher\":{\"@id\":\"https:\\\/\\\/www.retros-gallery.com\\\/#organization\"},\"potentialAction\":[{\"@type\":\"SearchAction\",\"target\":{\"@type\":\"EntryPoint\",\"urlTemplate\":\"https:\\\/\\\/www.retros-gallery.com\\\/?s={search_term_string}\"},\"query-input\":{\"@type\":\"PropertyValueSpecification\",\"valueRequired\":true,\"valueName\":\"search_term_string\"}}],\"inLanguage\":\"ro-RO\"},{\"@type\":[\"Organization\",\"Place\"],\"@id\":\"https:\\\/\\\/www.retros-gallery.com\\\/#organization\",\"name\":\"Retros Gallery\",\"url\":\"https:\\\/\\\/www.retros-gallery.com\\\/\",\"logo\":{\"@id\":\"https:\\\/\\\/www.retros-gallery.com\\\/collection\\\/decorative-objects\\\/vases\\\/vintage-white-bisque-porcelain-germany-1960s-set-of-2\\\/#local-main-organization-logo\"},\"image\":{\"@id\":\"https:\\\/\\\/www.retros-gallery.com\\\/collection\\\/decorative-objects\\\/vases\\\/vintage-white-bisque-porcelain-germany-1960s-set-of-2\\\/#local-main-organization-logo\"},\"sameAs\":[\"https:\\\/\\\/www.facebook.com\\\/retrosfurniture\\\/\",\"https:\\\/\\\/www.instagram.com\\\/retros.ro\\\/\"],\"telephone\":[],\"openingHoursSpecification\":[{\"@type\":\"OpeningHoursSpecification\",\"dayOfWeek\":[\"Monday\",\"Tuesday\",\"Wednesday\",\"Thursday\",\"Friday\",\"Saturday\",\"Sunday\"],\"opens\":\"09:00\",\"closes\":\"17:00\"}]},{\"@type\":\"ImageObject\",\"inLanguage\":\"ro-RO\",\"@id\":\"https:\\\/\\\/www.retros-gallery.com\\\/collection\\\/decorative-objects\\\/vases\\\/vintage-white-bisque-porcelain-germany-1960s-set-of-2\\\/#local-main-organization-logo\",\"url\":\"https:\\\/\\\/www.retros-gallery.com\\\/wp-content\\\/uploads\\\/2023\\\/02\\\/Asset-2@4x-1.png\",\"contentUrl\":\"https:\\\/\\\/www.retros-gallery.com\\\/wp-content\\\/uploads\\\/2023\\\/02\\\/Asset-2@4x-1.png\",\"width\":2329,\"height\":248,\"caption\":\"Retros Gallery\"}]}<\/script>\n<meta property=\"product:price:amount\" content=\"160\" \/>\n<meta property=\"product:price:currency\" content=\"EUR\" \/>\n<meta property=\"og:availability\" content=\"instock\" \/>\n<meta property=\"product:availability\" content=\"instock\" \/>\n<meta property=\"product:retailer_item_id\" content=\"V7\" \/>\n<meta property=\"product:condition\" content=\"new\" \/>\n<!-- \/ Yoast SEO Premium plugin. -->","yoast_head_json":{"title":"Vintage White Bisque Porcelain , Germany 1960\u2019s Set of 2 - Retros Gallery","description":"Set of two vintage white bisque porcelain vases, Germany 1960s. Glossy long necks with delicate relief pattern \u2014 elegant Mid-Century Modern design.","robots":{"index":"index","follow":"follow","max-snippet":"max-snippet:-1","max-image-preview":"max-image-preview:large","max-video-preview":"max-video-preview:-1"},"canonical":"https:\/\/www.retros-gallery.com\/ro\/colectii\/obiecte-decorative\/vaze\/vintage-white-bisque-porcelain-germany-1960s-set-of-2\/","og_locale":"ro_RO","og_type":"article","og_title":"Vintage White Bisque Porcelain , Germany 1960\u2019s Set of 2","og_description":"Set of two vintage white bisque porcelain vases, Germany 1960s. Glossy long necks with delicate relief pattern \u2014 elegant Mid-Century Modern design.","og_url":"https:\/\/www.retros-gallery.com\/ro\/colectii\/obiecte-decorative\/vaze\/vintage-white-bisque-porcelain-germany-1960s-set-of-2\/","og_site_name":"Retros Gallery","article_publisher":"https:\/\/www.facebook.com\/retrosfurniture\/","article_modified_time":"2026-04-07T16:18:33+00:00","og_image":[{"width":1300,"height":867,"url":"https:\/\/www.retros-gallery.com\/wp-content\/uploads\/2026\/03\/german-white-bisque-porcelain-set-1960s-vintage-ceramic.jpg","type":"image\/jpeg"}],"twitter_card":"summary_large_image","twitter_misc":{"Pre\u021b":"\u20ac160","Disponibilitate":"\u00cen stoc"},"schema":{"@context":"https:\/\/schema.org","@graph":[{"@type":"WebPage","@id":"https:\/\/www.retros-gallery.com\/collection\/decorative-objects\/vases\/vintage-white-bisque-porcelain-germany-1960s-set-of-2\/","url":"https:\/\/www.retros-gallery.com\/collection\/decorative-objects\/vases\/vintage-white-bisque-porcelain-germany-1960s-set-of-2\/","name":"Vintage White Bisque Porcelain , Germany 1960\u2019s Set of 2 - Retros Gallery","isPartOf":{"@id":"https:\/\/www.retros-gallery.com\/#website"},"primaryImageOfPage":{"@id":"https:\/\/www.retros-gallery.com\/collection\/decorative-objects\/vases\/vintage-white-bisque-porcelain-germany-1960s-set-of-2\/#primaryimage"},"image":{"@id":"https:\/\/www.retros-gallery.com\/collection\/decorative-objects\/vases\/vintage-white-bisque-porcelain-germany-1960s-set-of-2\/#primaryimage"},"thumbnailUrl":"https:\/\/www.retros-gallery.com\/wp-content\/uploads\/2026\/03\/german-white-bisque-porcelain-set-1960s-vintage-ceramic.jpg","datePublished":"2026-03-03T21:00:54+00:00","dateModified":"2026-04-07T16:18:33+00:00","description":"Set of two vintage white bisque porcelain vases, Germany 1960s. Glossy long necks with delicate relief pattern \u2014 elegant Mid-Century Modern design.","breadcrumb":{"@id":"https:\/\/www.retros-gallery.com\/collection\/decorative-objects\/vases\/vintage-white-bisque-porcelain-germany-1960s-set-of-2\/#breadcrumb"},"inLanguage":"ro-RO","potentialAction":[{"@type":"ReadAction","target":["https:\/\/www.retros-gallery.com\/collection\/decorative-objects\/vases\/vintage-white-bisque-porcelain-germany-1960s-set-of-2\/"]}]},{"@type":"ImageObject","inLanguage":"ro-RO","@id":"https:\/\/www.retros-gallery.com\/collection\/decorative-objects\/vases\/vintage-white-bisque-porcelain-germany-1960s-set-of-2\/#primaryimage","url":"https:\/\/www.retros-gallery.com\/wp-content\/uploads\/2026\/03\/german-white-bisque-porcelain-set-1960s-vintage-ceramic.jpg","contentUrl":"https:\/\/www.retros-gallery.com\/wp-content\/uploads\/2026\/03\/german-white-bisque-porcelain-set-1960s-vintage-ceramic.jpg","width":1300,"height":867,"caption":"german-white-bisque-porcelain-set-1960s-vintage-ceramic"},{"@type":"BreadcrumbList","@id":"https:\/\/www.retros-gallery.com\/collection\/decorative-objects\/vases\/vintage-white-bisque-porcelain-germany-1960s-set-of-2\/#breadcrumb","itemListElement":[{"@type":"ListItem","position":1,"name":"Home","item":"https:\/\/www.retros-gallery.com\/"},{"@type":"ListItem","position":2,"name":"Collection","item":"https:\/\/www.retros-gallery.com\/collection\/"},{"@type":"ListItem","position":3,"name":"Decorative objects","item":"https:\/\/www.retros-gallery.com\/product-category\/decorative-objects\/"},{"@type":"ListItem","position":4,"name":"Vases","item":"https:\/\/www.retros-gallery.com\/product-category\/decorative-objects\/vases\/"},{"@type":"ListItem","position":5,"name":"Vintage White Bisque Porcelain , Germany 1960\u2019s Set of 2"}]},{"@type":"WebSite","@id":"https:\/\/www.retros-gallery.com\/#website","url":"https:\/\/www.retros-gallery.com\/","name":"Retros Gallery","description":"V\u00e2nz\u0103tor de mobil\u0103 de epoc\u0103","publisher":{"@id":"https:\/\/www.retros-gallery.com\/#organization"},"potentialAction":[{"@type":"SearchAction","target":{"@type":"EntryPoint","urlTemplate":"https:\/\/www.retros-gallery.com\/?s={search_term_string}"},"query-input":{"@type":"PropertyValueSpecification","valueRequired":true,"valueName":"search_term_string"}}],"inLanguage":"ro-RO"},{"@type":["Organization","Place"],"@id":"https:\/\/www.retros-gallery.com\/#organization","name":"Retros Gallery","url":"https:\/\/www.retros-gallery.com\/","logo":{"@id":"https:\/\/www.retros-gallery.com\/collection\/decorative-objects\/vases\/vintage-white-bisque-porcelain-germany-1960s-set-of-2\/#local-main-organization-logo"},"image":{"@id":"https:\/\/www.retros-gallery.com\/collection\/decorative-objects\/vases\/vintage-white-bisque-porcelain-germany-1960s-set-of-2\/#local-main-organization-logo"},"sameAs":["https:\/\/www.facebook.com\/retrosfurniture\/","https:\/\/www.instagram.com\/retros.ro\/"],"telephone":[],"openingHoursSpecification":[{"@type":"OpeningHoursSpecification","dayOfWeek":["Monday","Tuesday","Wednesday","Thursday","Friday","Saturday","Sunday"],"opens":"09:00","closes":"17:00"}]},{"@type":"ImageObject","inLanguage":"ro-RO","@id":"https:\/\/www.retros-gallery.com\/collection\/decorative-objects\/vases\/vintage-white-bisque-porcelain-germany-1960s-set-of-2\/#local-main-organization-logo","url":"https:\/\/www.retros-gallery.com\/wp-content\/uploads\/2023\/02\/Asset-2@4x-1.png","contentUrl":"https:\/\/www.retros-gallery.com\/wp-content\/uploads\/2023\/02\/Asset-2@4x-1.png","width":2329,"height":248,"caption":"Retros Gallery"}]},"product_price_amount":"160","product_price_currency":"EUR","og_availability":"instock","product_availability":"instock","product_retailer_item_id":"V7","product_condition":"new"},"_links":{"self":[{"href":"https:\/\/www.retros-gallery.com\/ro\/wp-json\/wp\/v2\/product\/10797","targetHints":{"allow":["GET"]}}],"collection":[{"href":"https:\/\/www.retros-gallery.com\/ro\/wp-json\/wp\/v2\/product"}],"about":[{"href":"https:\/\/www.retros-gallery.com\/ro\/wp-json\/wp\/v2\/types\/product"}],"replies":[{"embeddable":true,"href":"https:\/\/www.retros-gallery.com\/ro\/wp-json\/wp\/v2\/comments?post=10797"}],"wp:featuredmedia":[{"embeddable":true,"href":"https:\/\/www.retros-gallery.com\/ro\/wp-json\/wp\/v2\/media\/11018"}],"wp:attachment":[{"href":"https:\/\/www.retros-gallery.com\/ro\/wp-json\/wp\/v2\/media?parent=10797"}],"wp:term":[{"taxonomy":"product_brand","embeddable":true,"href":"https:\/\/www.retros-gallery.com\/ro\/wp-json\/wp\/v2\/product_brand?post=10797"},{"taxonomy":"product_cat","embeddable":true,"href":"https:\/\/www.retros-gallery.com\/ro\/wp-json\/wp\/v2\/product_cat?post=10797"},{"taxonomy":"product_tag","embeddable":true,"href":"https:\/\/www.retros-gallery.com\/ro\/wp-json\/wp\/v2\/product_tag?post=10797"}],"curies":[{"name":"wp","href":"https:\/\/api.w.org\/{rel}","templated":true}]}}