{"id":11413,"date":"2026-04-09T07:04:56","date_gmt":"2026-04-09T04:04:56","guid":{"rendered":"https:\/\/www.retros-gallery.com\/?post_type=product&#038;p=11413"},"modified":"2026-04-09T07:04:57","modified_gmt":"2026-04-09T04:04:57","slug":"vintage-black-2-bulbs-floor-lamp-germany-1970s","status":"publish","type":"product","link":"https:\/\/www.retros-gallery.com\/ro\/colectii\/iluminat\/lampi-de-podea\/vintage-black-2-bulbs-floor-lamp-germany-1970s\/","title":{"rendered":"Vintage Black 2 Bulbs Floor Lamp, Germany  1970&#8217;s"},"content":{"rendered":"<p data-start=\"119\" data-end=\"307\">A vintage black 2-bulb floor lamp from Germany, produced in the 1970&#8217;s. The designer and producer are unknown. Made from metal and cast iron, this lamp features a slim, minimalist design.<\/p>\n<p data-start=\"309\" data-end=\"581\">This chrome-plated floor lamp has two movable reflectors that can be turned on and off separately. The angle of the light can be directed anywhere, making it both practical and stylish. Its clean lines and functional design make it ideal for modern or vintage interiors.<\/p>\n<h2 data-section-id=\"63deit\" data-start=\"641\" data-end=\"673\"><span role=\"text\"><strong data-start=\"644\" data-end=\"673\">Why This Chair Stands Out<\/strong><\/span><\/h2>\n<p data-start=\"615\" data-end=\"814\">\u2022 Germany, 1970&#8217;s<br data-start=\"631\" data-end=\"634\" \/>\u2022 Two movable reflectors<br data-start=\"658\" data-end=\"661\" \/>\u2022 Chrome-plated with metal and cast iron structure<br data-start=\"711\" data-end=\"714\" \/>\u2022 Slim, minimalist design<br data-start=\"739\" data-end=\"742\" \/>\u2022 Adjustable light direction<br data-start=\"770\" data-end=\"773\" \/>\u2022 Separate on\/off control for each bulb<\/p>\n<p data-start=\"816\" data-end=\"846\"><strong data-start=\"816\" data-end=\"844\">Specifica\u021bii \u0219i detalii<\/strong><\/p>\n<p data-start=\"848\" data-end=\"952\">Designer: Necunoscut<br data-start=\"865\" data-end=\"868\" \/>Producer: Unknown<br data-start=\"885\" data-end=\"888\" \/>Period: 1970&#8217;s<br data-start=\"901\" data-end=\"904\" \/>Country: Germany<br data-start=\"920\" data-end=\"923\" \/>Materials: Metal, cast iron<\/p>\n<p data-start=\"954\" data-end=\"1006\"><strong data-start=\"954\" data-end=\"969\">Dimensiuni:<\/strong><br data-start=\"969\" data-end=\"972\" \/>Height: 160 cm<br data-start=\"986\" data-end=\"989\" \/>Diameter: 22 cm<\/p>\n<p data-start=\"1008\" data-end=\"1044\"><strong data-start=\"1008\" data-end=\"1022\">Stare:<\/strong> Very good condition<\/p>\n<p data-start=\"1046\" data-end=\"1152\">A vintage black 2-bulb floor lamp \u2014 elegant, versatile, and perfect for both modern and retro interiors.<\/p>","protected":false},"excerpt":{"rendered":"<p>A vintage black 2-bulb floor lamp from Germany, produced in the 1970&#8217;s. The designer and producer are unknown. Made from metal and cast iron, this lamp features a slim, minimalist design. This chrome-plated floor lamp has two movable reflectors that can be turned on and off separately. The angle of the light can be directed [&hellip;]<\/p>","protected":false},"featured_media":11414,"comment_status":"open","ping_status":"closed","template":"","meta":[],"product_brand":[],"product_cat":[35,38,57],"product_tag":[],"class_list":{"0":"post-11413","1":"product","2":"type-product","3":"status-publish","4":"has-post-thumbnail","6":"product_cat-furniture","7":"product_cat-lighting","8":"product_cat-floor-lamps","10":"first","11":"instock","12":"shipping-taxable","13":"purchasable","14":"product-type-simple"},"yoast_head":"<!-- This site is optimized with the Yoast SEO Premium plugin v24.6 (Yoast SEO v27.4) - https:\/\/yoast.com\/product\/yoast-seo-premium-wordpress\/ -->\n<title>Vintage Black 2 Bulbs Floor Lamp, Germany 1970&#039;s - Retros Gallery<\/title>\n<meta name=\"description\" content=\"Vintage black 2-bulb floor lamp from Germany, 1970s. Adjustable chrome-plated reflectors, metal and cast iron construction ideal for interiors.\" \/>\n<meta name=\"robots\" content=\"index, follow, max-snippet:-1, max-image-preview:large, max-video-preview:-1\" \/>\n<link rel=\"canonical\" href=\"https:\/\/www.retros-gallery.com\/ro\/colectii\/iluminat\/lampi-de-podea\/vintage-black-2-bulbs-floor-lamp-germany-1970s\/\" \/>\n<meta property=\"og:locale\" content=\"ro_RO\" \/>\n<meta property=\"og:type\" content=\"article\" \/>\n<meta property=\"og:title\" content=\"Vintage Black 2 Bulbs Floor Lamp, Germany 1970&#039;s\" \/>\n<meta property=\"og:description\" content=\"Vintage black 2-bulb floor lamp from Germany, 1970s. Adjustable chrome-plated reflectors, metal and cast iron construction ideal for interiors.\" \/>\n<meta property=\"og:url\" content=\"https:\/\/www.retros-gallery.com\/ro\/colectii\/iluminat\/lampi-de-podea\/vintage-black-2-bulbs-floor-lamp-germany-1970s\/\" \/>\n<meta property=\"og:site_name\" content=\"Retros Gallery\" \/>\n<meta property=\"article:publisher\" content=\"https:\/\/www.facebook.com\/retrosfurniture\/\" \/>\n<meta property=\"article:modified_time\" content=\"2026-04-09T04:04:57+00:00\" \/>\n<meta property=\"og:image\" content=\"https:\/\/www.retros-gallery.com\/wp-content\/uploads\/2026\/04\/1-vintage-black-2-bulbs-floor-lamp-germany-1970s.jpg\" \/>\n\t<meta property=\"og:image:width\" content=\"1300\" \/>\n\t<meta property=\"og:image:height\" content=\"867\" \/>\n\t<meta property=\"og:image:type\" content=\"image\/jpeg\" \/>\n<meta name=\"twitter:card\" content=\"summary_large_image\" \/>\n<meta name=\"twitter:label1\" content=\"Pre\u021b\" \/>\n\t<meta name=\"twitter:data1\" content=\"\u20ac320\" \/>\n\t<meta name=\"twitter:label2\" content=\"Disponibilitate\" \/>\n\t<meta name=\"twitter:data2\" content=\"\u00cen stoc\" \/>\n<script type=\"application\/ld+json\" class=\"yoast-schema-graph\">{\"@context\":\"https:\\\/\\\/schema.org\",\"@graph\":[{\"@type\":\"WebPage\",\"@id\":\"https:\\\/\\\/www.retros-gallery.com\\\/collection\\\/lighting\\\/floor-lamps\\\/vintage-black-2-bulbs-floor-lamp-germany-1970s\\\/\",\"url\":\"https:\\\/\\\/www.retros-gallery.com\\\/collection\\\/lighting\\\/floor-lamps\\\/vintage-black-2-bulbs-floor-lamp-germany-1970s\\\/\",\"name\":\"Vintage Black 2 Bulbs Floor Lamp, Germany 1970's - Retros Gallery\",\"isPartOf\":{\"@id\":\"https:\\\/\\\/www.retros-gallery.com\\\/#website\"},\"primaryImageOfPage\":{\"@id\":\"https:\\\/\\\/www.retros-gallery.com\\\/collection\\\/lighting\\\/floor-lamps\\\/vintage-black-2-bulbs-floor-lamp-germany-1970s\\\/#primaryimage\"},\"image\":{\"@id\":\"https:\\\/\\\/www.retros-gallery.com\\\/collection\\\/lighting\\\/floor-lamps\\\/vintage-black-2-bulbs-floor-lamp-germany-1970s\\\/#primaryimage\"},\"thumbnailUrl\":\"https:\\\/\\\/www.retros-gallery.com\\\/wp-content\\\/uploads\\\/2026\\\/04\\\/1-vintage-black-2-bulbs-floor-lamp-germany-1970s.jpg\",\"datePublished\":\"2026-04-09T04:04:56+00:00\",\"dateModified\":\"2026-04-09T04:04:57+00:00\",\"description\":\"Vintage black 2-bulb floor lamp from Germany, 1970s. Adjustable chrome-plated reflectors, metal and cast iron construction ideal for interiors.\",\"breadcrumb\":{\"@id\":\"https:\\\/\\\/www.retros-gallery.com\\\/collection\\\/lighting\\\/floor-lamps\\\/vintage-black-2-bulbs-floor-lamp-germany-1970s\\\/#breadcrumb\"},\"inLanguage\":\"ro-RO\",\"potentialAction\":[{\"@type\":\"ReadAction\",\"target\":[\"https:\\\/\\\/www.retros-gallery.com\\\/collection\\\/lighting\\\/floor-lamps\\\/vintage-black-2-bulbs-floor-lamp-germany-1970s\\\/\"]}]},{\"@type\":\"ImageObject\",\"inLanguage\":\"ro-RO\",\"@id\":\"https:\\\/\\\/www.retros-gallery.com\\\/collection\\\/lighting\\\/floor-lamps\\\/vintage-black-2-bulbs-floor-lamp-germany-1970s\\\/#primaryimage\",\"url\":\"https:\\\/\\\/www.retros-gallery.com\\\/wp-content\\\/uploads\\\/2026\\\/04\\\/1-vintage-black-2-bulbs-floor-lamp-germany-1970s.jpg\",\"contentUrl\":\"https:\\\/\\\/www.retros-gallery.com\\\/wp-content\\\/uploads\\\/2026\\\/04\\\/1-vintage-black-2-bulbs-floor-lamp-germany-1970s.jpg\",\"width\":1300,\"height\":867,\"caption\":\"vintage-black-2-bulbs-floor-lamp-germany-1970s\"},{\"@type\":\"BreadcrumbList\",\"@id\":\"https:\\\/\\\/www.retros-gallery.com\\\/collection\\\/lighting\\\/floor-lamps\\\/vintage-black-2-bulbs-floor-lamp-germany-1970s\\\/#breadcrumb\",\"itemListElement\":[{\"@type\":\"ListItem\",\"position\":1,\"name\":\"Home\",\"item\":\"https:\\\/\\\/www.retros-gallery.com\\\/\"},{\"@type\":\"ListItem\",\"position\":2,\"name\":\"Collection\",\"item\":\"https:\\\/\\\/www.retros-gallery.com\\\/collection\\\/\"},{\"@type\":\"ListItem\",\"position\":3,\"name\":\"Lighting\",\"item\":\"https:\\\/\\\/www.retros-gallery.com\\\/product-category\\\/lighting\\\/\"},{\"@type\":\"ListItem\",\"position\":4,\"name\":\"Floor Lamps\",\"item\":\"https:\\\/\\\/www.retros-gallery.com\\\/product-category\\\/lighting\\\/floor-lamps\\\/\"},{\"@type\":\"ListItem\",\"position\":5,\"name\":\"Vintage Black 2 Bulbs Floor Lamp, Germany 1970&#8217;s\"}]},{\"@type\":\"WebSite\",\"@id\":\"https:\\\/\\\/www.retros-gallery.com\\\/#website\",\"url\":\"https:\\\/\\\/www.retros-gallery.com\\\/\",\"name\":\"Retros Gallery\",\"description\":\"Vintage Furniture Vendor\",\"publisher\":{\"@id\":\"https:\\\/\\\/www.retros-gallery.com\\\/#organization\"},\"potentialAction\":[{\"@type\":\"SearchAction\",\"target\":{\"@type\":\"EntryPoint\",\"urlTemplate\":\"https:\\\/\\\/www.retros-gallery.com\\\/?s={search_term_string}\"},\"query-input\":{\"@type\":\"PropertyValueSpecification\",\"valueRequired\":true,\"valueName\":\"search_term_string\"}}],\"inLanguage\":\"ro-RO\"},{\"@type\":[\"Organization\",\"Place\"],\"@id\":\"https:\\\/\\\/www.retros-gallery.com\\\/#organization\",\"name\":\"Retros Gallery\",\"url\":\"https:\\\/\\\/www.retros-gallery.com\\\/\",\"logo\":{\"@id\":\"https:\\\/\\\/www.retros-gallery.com\\\/collection\\\/lighting\\\/floor-lamps\\\/vintage-black-2-bulbs-floor-lamp-germany-1970s\\\/#local-main-organization-logo\"},\"image\":{\"@id\":\"https:\\\/\\\/www.retros-gallery.com\\\/collection\\\/lighting\\\/floor-lamps\\\/vintage-black-2-bulbs-floor-lamp-germany-1970s\\\/#local-main-organization-logo\"},\"sameAs\":[\"https:\\\/\\\/www.facebook.com\\\/retrosfurniture\\\/\",\"https:\\\/\\\/www.instagram.com\\\/retros.ro\\\/\"],\"telephone\":[],\"openingHoursSpecification\":[{\"@type\":\"OpeningHoursSpecification\",\"dayOfWeek\":[\"Monday\",\"Tuesday\",\"Wednesday\",\"Thursday\",\"Friday\",\"Saturday\",\"Sunday\"],\"opens\":\"09:00\",\"closes\":\"17:00\"}]},{\"@type\":\"ImageObject\",\"inLanguage\":\"ro-RO\",\"@id\":\"https:\\\/\\\/www.retros-gallery.com\\\/collection\\\/lighting\\\/floor-lamps\\\/vintage-black-2-bulbs-floor-lamp-germany-1970s\\\/#local-main-organization-logo\",\"url\":\"https:\\\/\\\/www.retros-gallery.com\\\/wp-content\\\/uploads\\\/2023\\\/02\\\/Asset-2@4x-1.png\",\"contentUrl\":\"https:\\\/\\\/www.retros-gallery.com\\\/wp-content\\\/uploads\\\/2023\\\/02\\\/Asset-2@4x-1.png\",\"width\":2329,\"height\":248,\"caption\":\"Retros Gallery\"}]}<\/script>\n<meta property=\"product:price:amount\" content=\"320\" \/>\n<meta property=\"product:price:currency\" content=\"EUR\" \/>\n<meta property=\"og:availability\" content=\"instock\" \/>\n<meta property=\"product:availability\" content=\"instock\" \/>\n<meta property=\"product:retailer_item_id\" content=\"INV826\" \/>\n<meta property=\"product:condition\" content=\"new\" \/>\n<!-- \/ Yoast SEO Premium plugin. -->","yoast_head_json":{"title":"Vintage Black 2 Bulbs Floor Lamp, Germany 1970's - Retros Gallery","description":"Vintage black 2-bulb floor lamp from Germany, 1970s. Adjustable chrome-plated reflectors, metal and cast iron construction ideal for interiors.","robots":{"index":"index","follow":"follow","max-snippet":"max-snippet:-1","max-image-preview":"max-image-preview:large","max-video-preview":"max-video-preview:-1"},"canonical":"https:\/\/www.retros-gallery.com\/ro\/colectii\/iluminat\/lampi-de-podea\/vintage-black-2-bulbs-floor-lamp-germany-1970s\/","og_locale":"ro_RO","og_type":"article","og_title":"Vintage Black 2 Bulbs Floor Lamp, Germany 1970's","og_description":"Vintage black 2-bulb floor lamp from Germany, 1970s. Adjustable chrome-plated reflectors, metal and cast iron construction ideal for interiors.","og_url":"https:\/\/www.retros-gallery.com\/ro\/colectii\/iluminat\/lampi-de-podea\/vintage-black-2-bulbs-floor-lamp-germany-1970s\/","og_site_name":"Retros Gallery","article_publisher":"https:\/\/www.facebook.com\/retrosfurniture\/","article_modified_time":"2026-04-09T04:04:57+00:00","og_image":[{"width":1300,"height":867,"url":"https:\/\/www.retros-gallery.com\/wp-content\/uploads\/2026\/04\/1-vintage-black-2-bulbs-floor-lamp-germany-1970s.jpg","type":"image\/jpeg"}],"twitter_card":"summary_large_image","twitter_misc":{"Pre\u021b":"\u20ac320","Disponibilitate":"\u00cen stoc"},"schema":{"@context":"https:\/\/schema.org","@graph":[{"@type":"WebPage","@id":"https:\/\/www.retros-gallery.com\/collection\/lighting\/floor-lamps\/vintage-black-2-bulbs-floor-lamp-germany-1970s\/","url":"https:\/\/www.retros-gallery.com\/collection\/lighting\/floor-lamps\/vintage-black-2-bulbs-floor-lamp-germany-1970s\/","name":"Vintage Black 2 Bulbs Floor Lamp, Germany 1970's - Retros Gallery","isPartOf":{"@id":"https:\/\/www.retros-gallery.com\/#website"},"primaryImageOfPage":{"@id":"https:\/\/www.retros-gallery.com\/collection\/lighting\/floor-lamps\/vintage-black-2-bulbs-floor-lamp-germany-1970s\/#primaryimage"},"image":{"@id":"https:\/\/www.retros-gallery.com\/collection\/lighting\/floor-lamps\/vintage-black-2-bulbs-floor-lamp-germany-1970s\/#primaryimage"},"thumbnailUrl":"https:\/\/www.retros-gallery.com\/wp-content\/uploads\/2026\/04\/1-vintage-black-2-bulbs-floor-lamp-germany-1970s.jpg","datePublished":"2026-04-09T04:04:56+00:00","dateModified":"2026-04-09T04:04:57+00:00","description":"Vintage black 2-bulb floor lamp from Germany, 1970s. Adjustable chrome-plated reflectors, metal and cast iron construction ideal for interiors.","breadcrumb":{"@id":"https:\/\/www.retros-gallery.com\/collection\/lighting\/floor-lamps\/vintage-black-2-bulbs-floor-lamp-germany-1970s\/#breadcrumb"},"inLanguage":"ro-RO","potentialAction":[{"@type":"ReadAction","target":["https:\/\/www.retros-gallery.com\/collection\/lighting\/floor-lamps\/vintage-black-2-bulbs-floor-lamp-germany-1970s\/"]}]},{"@type":"ImageObject","inLanguage":"ro-RO","@id":"https:\/\/www.retros-gallery.com\/collection\/lighting\/floor-lamps\/vintage-black-2-bulbs-floor-lamp-germany-1970s\/#primaryimage","url":"https:\/\/www.retros-gallery.com\/wp-content\/uploads\/2026\/04\/1-vintage-black-2-bulbs-floor-lamp-germany-1970s.jpg","contentUrl":"https:\/\/www.retros-gallery.com\/wp-content\/uploads\/2026\/04\/1-vintage-black-2-bulbs-floor-lamp-germany-1970s.jpg","width":1300,"height":867,"caption":"vintage-black-2-bulbs-floor-lamp-germany-1970s"},{"@type":"BreadcrumbList","@id":"https:\/\/www.retros-gallery.com\/collection\/lighting\/floor-lamps\/vintage-black-2-bulbs-floor-lamp-germany-1970s\/#breadcrumb","itemListElement":[{"@type":"ListItem","position":1,"name":"Home","item":"https:\/\/www.retros-gallery.com\/"},{"@type":"ListItem","position":2,"name":"Collection","item":"https:\/\/www.retros-gallery.com\/collection\/"},{"@type":"ListItem","position":3,"name":"Lighting","item":"https:\/\/www.retros-gallery.com\/product-category\/lighting\/"},{"@type":"ListItem","position":4,"name":"Floor Lamps","item":"https:\/\/www.retros-gallery.com\/product-category\/lighting\/floor-lamps\/"},{"@type":"ListItem","position":5,"name":"Vintage Black 2 Bulbs Floor Lamp, Germany 1970&#8217;s"}]},{"@type":"WebSite","@id":"https:\/\/www.retros-gallery.com\/#website","url":"https:\/\/www.retros-gallery.com\/","name":"Retros Gallery","description":"V\u00e2nz\u0103tor de mobil\u0103 de epoc\u0103","publisher":{"@id":"https:\/\/www.retros-gallery.com\/#organization"},"potentialAction":[{"@type":"SearchAction","target":{"@type":"EntryPoint","urlTemplate":"https:\/\/www.retros-gallery.com\/?s={search_term_string}"},"query-input":{"@type":"PropertyValueSpecification","valueRequired":true,"valueName":"search_term_string"}}],"inLanguage":"ro-RO"},{"@type":["Organization","Place"],"@id":"https:\/\/www.retros-gallery.com\/#organization","name":"Retros Gallery","url":"https:\/\/www.retros-gallery.com\/","logo":{"@id":"https:\/\/www.retros-gallery.com\/collection\/lighting\/floor-lamps\/vintage-black-2-bulbs-floor-lamp-germany-1970s\/#local-main-organization-logo"},"image":{"@id":"https:\/\/www.retros-gallery.com\/collection\/lighting\/floor-lamps\/vintage-black-2-bulbs-floor-lamp-germany-1970s\/#local-main-organization-logo"},"sameAs":["https:\/\/www.facebook.com\/retrosfurniture\/","https:\/\/www.instagram.com\/retros.ro\/"],"telephone":[],"openingHoursSpecification":[{"@type":"OpeningHoursSpecification","dayOfWeek":["Monday","Tuesday","Wednesday","Thursday","Friday","Saturday","Sunday"],"opens":"09:00","closes":"17:00"}]},{"@type":"ImageObject","inLanguage":"ro-RO","@id":"https:\/\/www.retros-gallery.com\/collection\/lighting\/floor-lamps\/vintage-black-2-bulbs-floor-lamp-germany-1970s\/#local-main-organization-logo","url":"https:\/\/www.retros-gallery.com\/wp-content\/uploads\/2023\/02\/Asset-2@4x-1.png","contentUrl":"https:\/\/www.retros-gallery.com\/wp-content\/uploads\/2023\/02\/Asset-2@4x-1.png","width":2329,"height":248,"caption":"Retros Gallery"}]},"product_price_amount":"320","product_price_currency":"EUR","og_availability":"instock","product_availability":"instock","product_retailer_item_id":"INV826","product_condition":"new"},"_links":{"self":[{"href":"https:\/\/www.retros-gallery.com\/ro\/wp-json\/wp\/v2\/product\/11413","targetHints":{"allow":["GET"]}}],"collection":[{"href":"https:\/\/www.retros-gallery.com\/ro\/wp-json\/wp\/v2\/product"}],"about":[{"href":"https:\/\/www.retros-gallery.com\/ro\/wp-json\/wp\/v2\/types\/product"}],"replies":[{"embeddable":true,"href":"https:\/\/www.retros-gallery.com\/ro\/wp-json\/wp\/v2\/comments?post=11413"}],"wp:featuredmedia":[{"embeddable":true,"href":"https:\/\/www.retros-gallery.com\/ro\/wp-json\/wp\/v2\/media\/11414"}],"wp:attachment":[{"href":"https:\/\/www.retros-gallery.com\/ro\/wp-json\/wp\/v2\/media?parent=11413"}],"wp:term":[{"taxonomy":"product_brand","embeddable":true,"href":"https:\/\/www.retros-gallery.com\/ro\/wp-json\/wp\/v2\/product_brand?post=11413"},{"taxonomy":"product_cat","embeddable":true,"href":"https:\/\/www.retros-gallery.com\/ro\/wp-json\/wp\/v2\/product_cat?post=11413"},{"taxonomy":"product_tag","embeddable":true,"href":"https:\/\/www.retros-gallery.com\/ro\/wp-json\/wp\/v2\/product_tag?post=11413"}],"curies":[{"name":"wp","href":"https:\/\/api.w.org\/{rel}","templated":true}]}}