{"id":11469,"date":"2026-04-09T06:58:37","date_gmt":"2026-04-09T03:58:37","guid":{"rendered":"https:\/\/www.retros-gallery.com\/?post_type=product&#038;p=11469"},"modified":"2026-04-09T06:58:38","modified_gmt":"2026-04-09T03:58:38","slug":"nicoletti-salotti-post-modern-leather-sofa-italy-1980s","status":"publish","type":"product","link":"https:\/\/www.retros-gallery.com\/ro\/colectii\/canapele-fotolii-scaune\/canapele\/nicoletti-salotti-post-modern-leather-sofa-italy-1980s\/","title":{"rendered":"Nicoletti Salotti Post-Modern Leather Sofa, Italy 1980&#8217;s"},"content":{"rendered":"<p data-start=\"159\" data-end=\"386\">A Nicoletti Salotti post-modern leather sofa and armchair set from Italy, 1980&#8217;s. Produced by Avanti and designed by Nicoletti Salotti, this Italian set reflects refined post-modern design with elegant and distinctive details.<\/p>\n<p data-start=\"388\" data-end=\"672\">The set features a blue leather sofa and armchair, both offering wide, comfortable seating. Unique back supports and legs upholstered in thick, soft leather give the pieces character. Inspired by pop-art aesthetics, this set adds a sophisticated and lively presence to any interior.<\/p>\n<p data-start=\"674\" data-end=\"804\">Perfect for living rooms, offices, or design-focused spaces, it combines comfort, style, and high-quality Italian craftsmanship.<\/p>\n<h2 data-section-id=\"oj3ki7\" data-start=\"806\" data-end=\"837\"><span role=\"text\"><strong data-start=\"809\" data-end=\"837\">Why This Sofa Stands Out<\/strong><\/span><\/h2>\n<p data-start=\"839\" data-end=\"1065\">\u2022 Designed by Nicoletti Salotti<br data-start=\"870\" data-end=\"873\" \/>\u2022 Produced by Avanti<br data-start=\"893\" data-end=\"896\" \/>\u2022 Italy, 1980&#8217;s<br data-start=\"910\" data-end=\"913\" \/>\u2022 Elegant post-modern Italian design<br data-start=\"949\" data-end=\"952\" \/>\u2022 Blue leather upholstery<br data-start=\"977\" data-end=\"980\" \/>\u2022 Unique back supports and leather-covered legs<br data-start=\"1027\" data-end=\"1030\" \/>\u2022 Sophisticated, lively aesthetic<\/p>\n<p data-start=\"1067\" data-end=\"1095\"><strong data-start=\"1067\" data-end=\"1095\">Specifica\u021bii \u0219i detalii<\/strong><\/p>\n<p data-start=\"1097\" data-end=\"1199\">Designer: Nicoletti Salotti<br data-start=\"1124\" data-end=\"1127\" \/>Producer: Avanti<br data-start=\"1143\" data-end=\"1146\" \/>Period: 1980&#8217;s<br data-start=\"1159\" data-end=\"1162\" \/>Country: Italy<br data-start=\"1176\" data-end=\"1179\" \/>Materials: Leather<\/p>\n<p data-start=\"1201\" data-end=\"1364\"><strong data-start=\"1201\" data-end=\"1216\">Dimensiuni:<\/strong><br data-start=\"1216\" data-end=\"1219\" \/>Sofa: Length 350 cm\u00a0 \u00a0Depth 92 cm\u00a0 \u00a0Height 85 cm\u00a0 \u00a0Seat Height 42 cm<br data-start=\"1287\" data-end=\"1290\" \/>Armchair: Length 110 cm\u00a0 \u00a0Depth 90 cm\u00a0 \u00a0Height 85 cm\u00a0 \u00a0Seat Height 42 cm<\/p>\n<p data-start=\"1366\" data-end=\"1410\"><strong data-start=\"1366\" data-end=\"1380\">Stare:<\/strong> Very good condition<\/p>\n<p data-start=\"1412\" data-end=\"1541\">A Nicoletti Salotti post-modern leather set \u2014 stylish, comfortable, and a statement piece for modern and post-modern interiors.<\/p>","protected":false},"excerpt":{"rendered":"<p>A Nicoletti Salotti post-modern leather sofa and armchair set from Italy, 1980&#8217;s. Produced by Avanti and designed by Nicoletti Salotti, this Italian set reflects refined post-modern design with elegant and distinctive details. The set features a blue leather sofa and armchair, both offering wide, comfortable seating. Unique back supports and legs upholstered in thick, soft [&hellip;]<\/p>","protected":false},"featured_media":11471,"comment_status":"open","ping_status":"closed","template":"","meta":[],"product_brand":[],"product_cat":[35,36,61],"product_tag":[],"class_list":{"0":"post-11469","1":"product","2":"type-product","3":"status-publish","4":"has-post-thumbnail","6":"product_cat-furniture","7":"product_cat-seating","8":"product_cat-sofas","10":"first","11":"instock","12":"shipping-taxable","13":"purchasable","14":"product-type-simple"},"yoast_head":"<!-- This site is optimized with the Yoast SEO Premium plugin v24.6 (Yoast SEO v27.4) - https:\/\/yoast.com\/product\/yoast-seo-premium-wordpress\/ -->\n<title>Nicoletti Salotti Post-Modern Leather Sofa, Italy 1980&#039;s - Retros Gallery<\/title>\n<meta name=\"description\" content=\"Nicoletti Salotti post-modern leather sofa and armchair, Italy 1980s. Blue leather, stylish design, perfect for modern interiors.\" \/>\n<meta name=\"robots\" content=\"index, follow, max-snippet:-1, max-image-preview:large, max-video-preview:-1\" \/>\n<link rel=\"canonical\" href=\"https:\/\/www.retros-gallery.com\/ro\/colectii\/canapele-fotolii-scaune\/canapele\/nicoletti-salotti-post-modern-leather-sofa-italy-1980s\/\" \/>\n<meta property=\"og:locale\" content=\"ro_RO\" \/>\n<meta property=\"og:type\" content=\"article\" \/>\n<meta property=\"og:title\" content=\"Nicoletti Salotti Post-Modern Leather Sofa, Italy 1980&#039;s\" \/>\n<meta property=\"og:description\" content=\"Nicoletti Salotti post-modern leather sofa and armchair, Italy 1980s. Blue leather, stylish design, perfect for modern interiors.\" \/>\n<meta property=\"og:url\" content=\"https:\/\/www.retros-gallery.com\/ro\/colectii\/canapele-fotolii-scaune\/canapele\/nicoletti-salotti-post-modern-leather-sofa-italy-1980s\/\" \/>\n<meta property=\"og:site_name\" content=\"Retros Gallery\" \/>\n<meta property=\"article:publisher\" content=\"https:\/\/www.facebook.com\/retrosfurniture\/\" \/>\n<meta property=\"article:modified_time\" content=\"2026-04-09T03:58:38+00:00\" \/>\n<meta property=\"og:image\" content=\"https:\/\/www.retros-gallery.com\/wp-content\/uploads\/2026\/04\/2-post-modern-leather-sofa-nicoletti-salotti-italy-1980s.jpg\" \/>\n\t<meta property=\"og:image:width\" content=\"1300\" \/>\n\t<meta property=\"og:image:height\" content=\"867\" \/>\n\t<meta property=\"og:image:type\" content=\"image\/jpeg\" \/>\n<meta name=\"twitter:card\" content=\"summary_large_image\" \/>\n<meta name=\"twitter:label1\" content=\"Pre\u021b\" \/>\n\t<meta name=\"twitter:data1\" content=\"\u20ac3.500\" \/>\n\t<meta name=\"twitter:label2\" content=\"Disponibilitate\" \/>\n\t<meta name=\"twitter:data2\" content=\"\u00cen stoc\" \/>\n<script type=\"application\/ld+json\" class=\"yoast-schema-graph\">{\"@context\":\"https:\\\/\\\/schema.org\",\"@graph\":[{\"@type\":\"WebPage\",\"@id\":\"https:\\\/\\\/www.retros-gallery.com\\\/collection\\\/seating\\\/sofas\\\/nicoletti-salotti-post-modern-leather-sofa-italy-1980s\\\/\",\"url\":\"https:\\\/\\\/www.retros-gallery.com\\\/collection\\\/seating\\\/sofas\\\/nicoletti-salotti-post-modern-leather-sofa-italy-1980s\\\/\",\"name\":\"Nicoletti Salotti Post-Modern Leather Sofa, Italy 1980's - Retros Gallery\",\"isPartOf\":{\"@id\":\"https:\\\/\\\/www.retros-gallery.com\\\/#website\"},\"primaryImageOfPage\":{\"@id\":\"https:\\\/\\\/www.retros-gallery.com\\\/collection\\\/seating\\\/sofas\\\/nicoletti-salotti-post-modern-leather-sofa-italy-1980s\\\/#primaryimage\"},\"image\":{\"@id\":\"https:\\\/\\\/www.retros-gallery.com\\\/collection\\\/seating\\\/sofas\\\/nicoletti-salotti-post-modern-leather-sofa-italy-1980s\\\/#primaryimage\"},\"thumbnailUrl\":\"https:\\\/\\\/www.retros-gallery.com\\\/wp-content\\\/uploads\\\/2026\\\/04\\\/2-post-modern-leather-sofa-nicoletti-salotti-italy-1980s.jpg\",\"datePublished\":\"2026-04-09T03:58:37+00:00\",\"dateModified\":\"2026-04-09T03:58:38+00:00\",\"description\":\"Nicoletti Salotti post-modern leather sofa and armchair, Italy 1980s. Blue leather, stylish design, perfect for modern interiors.\",\"breadcrumb\":{\"@id\":\"https:\\\/\\\/www.retros-gallery.com\\\/collection\\\/seating\\\/sofas\\\/nicoletti-salotti-post-modern-leather-sofa-italy-1980s\\\/#breadcrumb\"},\"inLanguage\":\"ro-RO\",\"potentialAction\":[{\"@type\":\"ReadAction\",\"target\":[\"https:\\\/\\\/www.retros-gallery.com\\\/collection\\\/seating\\\/sofas\\\/nicoletti-salotti-post-modern-leather-sofa-italy-1980s\\\/\"]}]},{\"@type\":\"ImageObject\",\"inLanguage\":\"ro-RO\",\"@id\":\"https:\\\/\\\/www.retros-gallery.com\\\/collection\\\/seating\\\/sofas\\\/nicoletti-salotti-post-modern-leather-sofa-italy-1980s\\\/#primaryimage\",\"url\":\"https:\\\/\\\/www.retros-gallery.com\\\/wp-content\\\/uploads\\\/2026\\\/04\\\/2-post-modern-leather-sofa-nicoletti-salotti-italy-1980s.jpg\",\"contentUrl\":\"https:\\\/\\\/www.retros-gallery.com\\\/wp-content\\\/uploads\\\/2026\\\/04\\\/2-post-modern-leather-sofa-nicoletti-salotti-italy-1980s.jpg\",\"width\":1300,\"height\":867,\"caption\":\"post-modern-leather-sofa-nicoletti-salotti-italy-1980s\"},{\"@type\":\"BreadcrumbList\",\"@id\":\"https:\\\/\\\/www.retros-gallery.com\\\/collection\\\/seating\\\/sofas\\\/nicoletti-salotti-post-modern-leather-sofa-italy-1980s\\\/#breadcrumb\",\"itemListElement\":[{\"@type\":\"ListItem\",\"position\":1,\"name\":\"Home\",\"item\":\"https:\\\/\\\/www.retros-gallery.com\\\/\"},{\"@type\":\"ListItem\",\"position\":2,\"name\":\"Collection\",\"item\":\"https:\\\/\\\/www.retros-gallery.com\\\/collection\\\/\"},{\"@type\":\"ListItem\",\"position\":3,\"name\":\"Seating\",\"item\":\"https:\\\/\\\/www.retros-gallery.com\\\/product-category\\\/seating\\\/\"},{\"@type\":\"ListItem\",\"position\":4,\"name\":\"Sofas\",\"item\":\"https:\\\/\\\/www.retros-gallery.com\\\/product-category\\\/seating\\\/sofas\\\/\"},{\"@type\":\"ListItem\",\"position\":5,\"name\":\"Nicoletti Salotti Post-Modern Leather Sofa, Italy 1980&#8217;s\"}]},{\"@type\":\"WebSite\",\"@id\":\"https:\\\/\\\/www.retros-gallery.com\\\/#website\",\"url\":\"https:\\\/\\\/www.retros-gallery.com\\\/\",\"name\":\"Retros Gallery\",\"description\":\"Vintage Furniture Vendor\",\"publisher\":{\"@id\":\"https:\\\/\\\/www.retros-gallery.com\\\/#organization\"},\"potentialAction\":[{\"@type\":\"SearchAction\",\"target\":{\"@type\":\"EntryPoint\",\"urlTemplate\":\"https:\\\/\\\/www.retros-gallery.com\\\/?s={search_term_string}\"},\"query-input\":{\"@type\":\"PropertyValueSpecification\",\"valueRequired\":true,\"valueName\":\"search_term_string\"}}],\"inLanguage\":\"ro-RO\"},{\"@type\":[\"Organization\",\"Place\"],\"@id\":\"https:\\\/\\\/www.retros-gallery.com\\\/#organization\",\"name\":\"Retros Gallery\",\"url\":\"https:\\\/\\\/www.retros-gallery.com\\\/\",\"logo\":{\"@id\":\"https:\\\/\\\/www.retros-gallery.com\\\/collection\\\/seating\\\/sofas\\\/nicoletti-salotti-post-modern-leather-sofa-italy-1980s\\\/#local-main-organization-logo\"},\"image\":{\"@id\":\"https:\\\/\\\/www.retros-gallery.com\\\/collection\\\/seating\\\/sofas\\\/nicoletti-salotti-post-modern-leather-sofa-italy-1980s\\\/#local-main-organization-logo\"},\"sameAs\":[\"https:\\\/\\\/www.facebook.com\\\/retrosfurniture\\\/\",\"https:\\\/\\\/www.instagram.com\\\/retros.ro\\\/\"],\"telephone\":[],\"openingHoursSpecification\":[{\"@type\":\"OpeningHoursSpecification\",\"dayOfWeek\":[\"Monday\",\"Tuesday\",\"Wednesday\",\"Thursday\",\"Friday\",\"Saturday\",\"Sunday\"],\"opens\":\"09:00\",\"closes\":\"17:00\"}]},{\"@type\":\"ImageObject\",\"inLanguage\":\"ro-RO\",\"@id\":\"https:\\\/\\\/www.retros-gallery.com\\\/collection\\\/seating\\\/sofas\\\/nicoletti-salotti-post-modern-leather-sofa-italy-1980s\\\/#local-main-organization-logo\",\"url\":\"https:\\\/\\\/www.retros-gallery.com\\\/wp-content\\\/uploads\\\/2023\\\/02\\\/Asset-2@4x-1.png\",\"contentUrl\":\"https:\\\/\\\/www.retros-gallery.com\\\/wp-content\\\/uploads\\\/2023\\\/02\\\/Asset-2@4x-1.png\",\"width\":2329,\"height\":248,\"caption\":\"Retros Gallery\"}]}<\/script>\n<meta property=\"product:price:amount\" content=\"3500\" \/>\n<meta property=\"product:price:currency\" content=\"EUR\" \/>\n<meta property=\"og:availability\" content=\"instock\" \/>\n<meta property=\"product:availability\" content=\"instock\" \/>\n<meta property=\"product:retailer_item_id\" content=\"NICOLLETI\" \/>\n<meta property=\"product:condition\" content=\"new\" \/>\n<!-- \/ Yoast SEO Premium plugin. -->","yoast_head_json":{"title":"Nicoletti Salotti Post-Modern Leather Sofa, Italy 1980's - Retros Gallery","description":"Nicoletti Salotti post-modern leather sofa and armchair, Italy 1980s. Blue leather, stylish design, perfect for modern interiors.","robots":{"index":"index","follow":"follow","max-snippet":"max-snippet:-1","max-image-preview":"max-image-preview:large","max-video-preview":"max-video-preview:-1"},"canonical":"https:\/\/www.retros-gallery.com\/ro\/colectii\/canapele-fotolii-scaune\/canapele\/nicoletti-salotti-post-modern-leather-sofa-italy-1980s\/","og_locale":"ro_RO","og_type":"article","og_title":"Nicoletti Salotti Post-Modern Leather Sofa, Italy 1980's","og_description":"Nicoletti Salotti post-modern leather sofa and armchair, Italy 1980s. Blue leather, stylish design, perfect for modern interiors.","og_url":"https:\/\/www.retros-gallery.com\/ro\/colectii\/canapele-fotolii-scaune\/canapele\/nicoletti-salotti-post-modern-leather-sofa-italy-1980s\/","og_site_name":"Retros Gallery","article_publisher":"https:\/\/www.facebook.com\/retrosfurniture\/","article_modified_time":"2026-04-09T03:58:38+00:00","og_image":[{"width":1300,"height":867,"url":"https:\/\/www.retros-gallery.com\/wp-content\/uploads\/2026\/04\/2-post-modern-leather-sofa-nicoletti-salotti-italy-1980s.jpg","type":"image\/jpeg"}],"twitter_card":"summary_large_image","twitter_misc":{"Pre\u021b":"\u20ac3.500","Disponibilitate":"\u00cen stoc"},"schema":{"@context":"https:\/\/schema.org","@graph":[{"@type":"WebPage","@id":"https:\/\/www.retros-gallery.com\/collection\/seating\/sofas\/nicoletti-salotti-post-modern-leather-sofa-italy-1980s\/","url":"https:\/\/www.retros-gallery.com\/collection\/seating\/sofas\/nicoletti-salotti-post-modern-leather-sofa-italy-1980s\/","name":"Nicoletti Salotti Post-Modern Leather Sofa, Italy 1980's - Retros Gallery","isPartOf":{"@id":"https:\/\/www.retros-gallery.com\/#website"},"primaryImageOfPage":{"@id":"https:\/\/www.retros-gallery.com\/collection\/seating\/sofas\/nicoletti-salotti-post-modern-leather-sofa-italy-1980s\/#primaryimage"},"image":{"@id":"https:\/\/www.retros-gallery.com\/collection\/seating\/sofas\/nicoletti-salotti-post-modern-leather-sofa-italy-1980s\/#primaryimage"},"thumbnailUrl":"https:\/\/www.retros-gallery.com\/wp-content\/uploads\/2026\/04\/2-post-modern-leather-sofa-nicoletti-salotti-italy-1980s.jpg","datePublished":"2026-04-09T03:58:37+00:00","dateModified":"2026-04-09T03:58:38+00:00","description":"Nicoletti Salotti post-modern leather sofa and armchair, Italy 1980s. Blue leather, stylish design, perfect for modern interiors.","breadcrumb":{"@id":"https:\/\/www.retros-gallery.com\/collection\/seating\/sofas\/nicoletti-salotti-post-modern-leather-sofa-italy-1980s\/#breadcrumb"},"inLanguage":"ro-RO","potentialAction":[{"@type":"ReadAction","target":["https:\/\/www.retros-gallery.com\/collection\/seating\/sofas\/nicoletti-salotti-post-modern-leather-sofa-italy-1980s\/"]}]},{"@type":"ImageObject","inLanguage":"ro-RO","@id":"https:\/\/www.retros-gallery.com\/collection\/seating\/sofas\/nicoletti-salotti-post-modern-leather-sofa-italy-1980s\/#primaryimage","url":"https:\/\/www.retros-gallery.com\/wp-content\/uploads\/2026\/04\/2-post-modern-leather-sofa-nicoletti-salotti-italy-1980s.jpg","contentUrl":"https:\/\/www.retros-gallery.com\/wp-content\/uploads\/2026\/04\/2-post-modern-leather-sofa-nicoletti-salotti-italy-1980s.jpg","width":1300,"height":867,"caption":"post-modern-leather-sofa-nicoletti-salotti-italy-1980s"},{"@type":"BreadcrumbList","@id":"https:\/\/www.retros-gallery.com\/collection\/seating\/sofas\/nicoletti-salotti-post-modern-leather-sofa-italy-1980s\/#breadcrumb","itemListElement":[{"@type":"ListItem","position":1,"name":"Home","item":"https:\/\/www.retros-gallery.com\/"},{"@type":"ListItem","position":2,"name":"Collection","item":"https:\/\/www.retros-gallery.com\/collection\/"},{"@type":"ListItem","position":3,"name":"Seating","item":"https:\/\/www.retros-gallery.com\/product-category\/seating\/"},{"@type":"ListItem","position":4,"name":"Sofas","item":"https:\/\/www.retros-gallery.com\/product-category\/seating\/sofas\/"},{"@type":"ListItem","position":5,"name":"Nicoletti Salotti Post-Modern Leather Sofa, Italy 1980&#8217;s"}]},{"@type":"WebSite","@id":"https:\/\/www.retros-gallery.com\/#website","url":"https:\/\/www.retros-gallery.com\/","name":"Retros Gallery","description":"V\u00e2nz\u0103tor de mobil\u0103 de epoc\u0103","publisher":{"@id":"https:\/\/www.retros-gallery.com\/#organization"},"potentialAction":[{"@type":"SearchAction","target":{"@type":"EntryPoint","urlTemplate":"https:\/\/www.retros-gallery.com\/?s={search_term_string}"},"query-input":{"@type":"PropertyValueSpecification","valueRequired":true,"valueName":"search_term_string"}}],"inLanguage":"ro-RO"},{"@type":["Organization","Place"],"@id":"https:\/\/www.retros-gallery.com\/#organization","name":"Retros Gallery","url":"https:\/\/www.retros-gallery.com\/","logo":{"@id":"https:\/\/www.retros-gallery.com\/collection\/seating\/sofas\/nicoletti-salotti-post-modern-leather-sofa-italy-1980s\/#local-main-organization-logo"},"image":{"@id":"https:\/\/www.retros-gallery.com\/collection\/seating\/sofas\/nicoletti-salotti-post-modern-leather-sofa-italy-1980s\/#local-main-organization-logo"},"sameAs":["https:\/\/www.facebook.com\/retrosfurniture\/","https:\/\/www.instagram.com\/retros.ro\/"],"telephone":[],"openingHoursSpecification":[{"@type":"OpeningHoursSpecification","dayOfWeek":["Monday","Tuesday","Wednesday","Thursday","Friday","Saturday","Sunday"],"opens":"09:00","closes":"17:00"}]},{"@type":"ImageObject","inLanguage":"ro-RO","@id":"https:\/\/www.retros-gallery.com\/collection\/seating\/sofas\/nicoletti-salotti-post-modern-leather-sofa-italy-1980s\/#local-main-organization-logo","url":"https:\/\/www.retros-gallery.com\/wp-content\/uploads\/2023\/02\/Asset-2@4x-1.png","contentUrl":"https:\/\/www.retros-gallery.com\/wp-content\/uploads\/2023\/02\/Asset-2@4x-1.png","width":2329,"height":248,"caption":"Retros Gallery"}]},"product_price_amount":"3500","product_price_currency":"EUR","og_availability":"instock","product_availability":"instock","product_retailer_item_id":"NICOLLETI","product_condition":"new"},"_links":{"self":[{"href":"https:\/\/www.retros-gallery.com\/ro\/wp-json\/wp\/v2\/product\/11469","targetHints":{"allow":["GET"]}}],"collection":[{"href":"https:\/\/www.retros-gallery.com\/ro\/wp-json\/wp\/v2\/product"}],"about":[{"href":"https:\/\/www.retros-gallery.com\/ro\/wp-json\/wp\/v2\/types\/product"}],"replies":[{"embeddable":true,"href":"https:\/\/www.retros-gallery.com\/ro\/wp-json\/wp\/v2\/comments?post=11469"}],"wp:featuredmedia":[{"embeddable":true,"href":"https:\/\/www.retros-gallery.com\/ro\/wp-json\/wp\/v2\/media\/11471"}],"wp:attachment":[{"href":"https:\/\/www.retros-gallery.com\/ro\/wp-json\/wp\/v2\/media?parent=11469"}],"wp:term":[{"taxonomy":"product_brand","embeddable":true,"href":"https:\/\/www.retros-gallery.com\/ro\/wp-json\/wp\/v2\/product_brand?post=11469"},{"taxonomy":"product_cat","embeddable":true,"href":"https:\/\/www.retros-gallery.com\/ro\/wp-json\/wp\/v2\/product_cat?post=11469"},{"taxonomy":"product_tag","embeddable":true,"href":"https:\/\/www.retros-gallery.com\/ro\/wp-json\/wp\/v2\/product_tag?post=11469"}],"curies":[{"name":"wp","href":"https:\/\/api.w.org\/{rel}","templated":true}]}}