{"id":3315,"date":"2023-05-05T08:00:18","date_gmt":"2023-05-05T05:00:18","guid":{"rendered":"https:\/\/www.retros-gallery.com\/?post_type=product&#038;p=3315"},"modified":"2026-04-05T16:26:25","modified_gmt":"2026-04-05T13:26:25","slug":"masuta-de-cafea-din-marmura-kamikaze-egg-by-corina-olaru-romania-2023s","status":"publish","type":"product","link":"https:\/\/www.retros-gallery.com\/ro\/colectii\/retros\/l-apero-retros-x-corina-olaru\/masuta-de-cafea-din-marmura-kamikaze-egg-by-corina-olaru-romania-2023s\/","title":{"rendered":"Masuta de cafea Kamikaze Egg Marble de Corina Olaru, Romania, 2023&#039;s"},"content":{"rendered":"<p>Masu\u021ba de cafea Kamikaze Egg Marble - o capodopera func\u021bional\u0103 realizata\u0103 de artista Corina Olaru din Romania. Aceast\u0103 m\u0103su\u021b\u0103 de cafea remarcabil\u0103 face parte din colec\u021bia L'apero creat\u0103 de  Corina Olaru pentru Retros \u0219i prezint\u0103 un amestec captivant de design vintage \u0219i contemporan. Inser\u021biile de marmur\u0103 \u0219i onyx sunt \u00eencadrate f\u0103r\u0103 cusur \u00een cadrul vintage de tek masiv.<\/p>\n<p>Aceast\u0103 m\u0103su\u021b\u0103 de cafea este o adev\u0103rat\u0103 s\u0103rb\u0103toare a materialelor naturale, av\u00e2nd o baz\u0103 de tec care ofer\u0103 un contrast bogat cu inser\u021biile de marmur\u0103 verde, galben\u0103 \u0219i alb\u0103 care creeaz\u0103 un joc fascinant de culori \u0219i modele. Mi\u0219carea fluid\u0103 \u0219i gra\u021bioas\u0103 a marmurei seam\u0103n\u0103 cu un ou, impregnand masa cu o calitate eteric\u0103 care \u00eenc\u00e2nt\u0103 privirea.<\/p>","protected":false},"excerpt":{"rendered":"<p>Behold the Kamikaze Egg Marble Coffee Table, a functional masterpiece crafted by the artist Corina Olaru from Romania. This remarkable coffee table is a part of the L&#8217;apero collection by Corina Olaru for Retros, and showcases a captivating blend of vintage and contemporary design. This coffee table is a true celebration of natural materials, featuring [&hellip;]<\/p>","protected":false},"featured_media":3889,"comment_status":"open","ping_status":"closed","template":"","meta":[],"product_brand":[],"product_cat":[35,42,39,193],"product_tag":[],"class_list":{"0":"post-3315","1":"product","2":"type-product","3":"status-publish","4":"has-post-thumbnail","6":"product_cat-furniture","7":"product_cat-coffee-tables","8":"product_cat-retros-x","9":"product_cat-l-apero-retros-x-corina-olaru","11":"first","12":"instock","13":"shipping-taxable","14":"purchasable","15":"product-type-simple"},"yoast_head":"<!-- This site is optimized with the Yoast SEO Premium plugin v24.6 (Yoast SEO v27.4) - https:\/\/yoast.com\/product\/yoast-seo-premium-wordpress\/ -->\n<title>Kamikaze Egg Marble Coffee Table by Corina Olaru, Romania, 2023&#039;s - Retros Gallery<\/title>\n<meta name=\"description\" content=\"Explore the Kamikaze Egg Marble Coffee Table, a fusion of vintage and contemporary design by Romanian artist Corina Olaru for Retros&#039; L&#039;apero collection.\" \/>\n<meta name=\"robots\" content=\"index, follow, max-snippet:-1, max-image-preview:large, max-video-preview:-1\" \/>\n<link rel=\"canonical\" href=\"https:\/\/www.retros-gallery.com\/ro\/colectii\/retros\/l-apero-retros-x-corina-olaru\/masuta-de-cafea-din-marmura-kamikaze-egg-by-corina-olaru-romania-2023s\/\" \/>\n<meta property=\"og:locale\" content=\"ro_RO\" \/>\n<meta property=\"og:type\" content=\"article\" \/>\n<meta property=\"og:title\" content=\"Kamikaze Egg Marble Coffee Table by Corina Olaru, Romania, 2023&#039;s\" \/>\n<meta property=\"og:description\" content=\"Explore the Kamikaze Egg Marble Coffee Table, a fusion of vintage and contemporary design by Romanian artist Corina Olaru for Retros&#039; L&#039;apero collection.\" \/>\n<meta property=\"og:url\" content=\"https:\/\/www.retros-gallery.com\/ro\/colectii\/retros\/l-apero-retros-x-corina-olaru\/masuta-de-cafea-din-marmura-kamikaze-egg-by-corina-olaru-romania-2023s\/\" \/>\n<meta property=\"og:site_name\" content=\"Retros Gallery\" \/>\n<meta property=\"article:publisher\" content=\"https:\/\/www.facebook.com\/retrosfurniture\/\" \/>\n<meta property=\"article:modified_time\" content=\"2026-04-05T13:26:25+00:00\" \/>\n<meta property=\"og:image\" content=\"https:\/\/www.retros-gallery.com\/wp-content\/uploads\/2023\/05\/0D9A5783p-1.jpg\" \/>\n\t<meta property=\"og:image:width\" content=\"1300\" \/>\n\t<meta property=\"og:image:height\" content=\"867\" \/>\n\t<meta property=\"og:image:type\" content=\"image\/jpeg\" \/>\n<meta name=\"twitter:card\" content=\"summary_large_image\" \/>\n<meta name=\"twitter:label1\" content=\"Pre\u021b\" \/>\n\t<meta name=\"twitter:data1\" content=\"\u20ac1.570\" \/>\n\t<meta name=\"twitter:label2\" content=\"Disponibilitate\" \/>\n\t<meta name=\"twitter:data2\" content=\"\u00cen stoc\" \/>\n<script type=\"application\/ld+json\" class=\"yoast-schema-graph\">{\"@context\":\"https:\\\/\\\/schema.org\",\"@graph\":[{\"@type\":\"WebPage\",\"@id\":\"https:\\\/\\\/www.retros-gallery.com\\\/collection\\\/retros-x\\\/l-apero-retros-x-corina-olaru\\\/kamikaze-egg-marble-coffee-table-by-corina-olaru-romania-2023s\\\/\",\"url\":\"https:\\\/\\\/www.retros-gallery.com\\\/collection\\\/retros-x\\\/l-apero-retros-x-corina-olaru\\\/kamikaze-egg-marble-coffee-table-by-corina-olaru-romania-2023s\\\/\",\"name\":\"Kamikaze Egg Marble Coffee Table by Corina Olaru, Romania, 2023's - Retros Gallery\",\"isPartOf\":{\"@id\":\"https:\\\/\\\/www.retros-gallery.com\\\/#website\"},\"primaryImageOfPage\":{\"@id\":\"https:\\\/\\\/www.retros-gallery.com\\\/collection\\\/retros-x\\\/l-apero-retros-x-corina-olaru\\\/kamikaze-egg-marble-coffee-table-by-corina-olaru-romania-2023s\\\/#primaryimage\"},\"image\":{\"@id\":\"https:\\\/\\\/www.retros-gallery.com\\\/collection\\\/retros-x\\\/l-apero-retros-x-corina-olaru\\\/kamikaze-egg-marble-coffee-table-by-corina-olaru-romania-2023s\\\/#primaryimage\"},\"thumbnailUrl\":\"https:\\\/\\\/www.retros-gallery.com\\\/wp-content\\\/uploads\\\/2023\\\/05\\\/0D9A5783p-1.jpg\",\"datePublished\":\"2023-05-05T05:00:18+00:00\",\"dateModified\":\"2026-04-05T13:26:25+00:00\",\"description\":\"Explore the Kamikaze Egg Marble Coffee Table, a fusion of vintage and contemporary design by Romanian artist Corina Olaru for Retros' L'apero collection.\",\"breadcrumb\":{\"@id\":\"https:\\\/\\\/www.retros-gallery.com\\\/collection\\\/retros-x\\\/l-apero-retros-x-corina-olaru\\\/kamikaze-egg-marble-coffee-table-by-corina-olaru-romania-2023s\\\/#breadcrumb\"},\"inLanguage\":\"ro-RO\",\"potentialAction\":[{\"@type\":\"ReadAction\",\"target\":[\"https:\\\/\\\/www.retros-gallery.com\\\/collection\\\/retros-x\\\/l-apero-retros-x-corina-olaru\\\/kamikaze-egg-marble-coffee-table-by-corina-olaru-romania-2023s\\\/\"]}]},{\"@type\":\"ImageObject\",\"inLanguage\":\"ro-RO\",\"@id\":\"https:\\\/\\\/www.retros-gallery.com\\\/collection\\\/retros-x\\\/l-apero-retros-x-corina-olaru\\\/kamikaze-egg-marble-coffee-table-by-corina-olaru-romania-2023s\\\/#primaryimage\",\"url\":\"https:\\\/\\\/www.retros-gallery.com\\\/wp-content\\\/uploads\\\/2023\\\/05\\\/0D9A5783p-1.jpg\",\"contentUrl\":\"https:\\\/\\\/www.retros-gallery.com\\\/wp-content\\\/uploads\\\/2023\\\/05\\\/0D9A5783p-1.jpg\",\"width\":1300,\"height\":867},{\"@type\":\"BreadcrumbList\",\"@id\":\"https:\\\/\\\/www.retros-gallery.com\\\/collection\\\/retros-x\\\/l-apero-retros-x-corina-olaru\\\/kamikaze-egg-marble-coffee-table-by-corina-olaru-romania-2023s\\\/#breadcrumb\",\"itemListElement\":[{\"@type\":\"ListItem\",\"position\":1,\"name\":\"Home\",\"item\":\"https:\\\/\\\/www.retros-gallery.com\\\/\"},{\"@type\":\"ListItem\",\"position\":2,\"name\":\"Collection\",\"item\":\"https:\\\/\\\/www.retros-gallery.com\\\/collection\\\/\"},{\"@type\":\"ListItem\",\"position\":3,\"name\":\"Retros X\",\"item\":\"https:\\\/\\\/www.retros-gallery.com\\\/product-category\\\/retros-x\\\/\"},{\"@type\":\"ListItem\",\"position\":4,\"name\":\"L\u2019 Ap\u00e9ro - Retros X Corina Olaru\",\"item\":\"https:\\\/\\\/www.retros-gallery.com\\\/product-category\\\/retros-x\\\/l-apero-retros-x-corina-olaru\\\/\"},{\"@type\":\"ListItem\",\"position\":5,\"name\":\"Kamikaze Egg Marble Coffee Table by Corina Olaru, Romania, 2023&#8217;s\"}]},{\"@type\":\"WebSite\",\"@id\":\"https:\\\/\\\/www.retros-gallery.com\\\/#website\",\"url\":\"https:\\\/\\\/www.retros-gallery.com\\\/\",\"name\":\"Retros Gallery\",\"description\":\"Vintage Furniture Vendor\",\"publisher\":{\"@id\":\"https:\\\/\\\/www.retros-gallery.com\\\/#organization\"},\"potentialAction\":[{\"@type\":\"SearchAction\",\"target\":{\"@type\":\"EntryPoint\",\"urlTemplate\":\"https:\\\/\\\/www.retros-gallery.com\\\/?s={search_term_string}\"},\"query-input\":{\"@type\":\"PropertyValueSpecification\",\"valueRequired\":true,\"valueName\":\"search_term_string\"}}],\"inLanguage\":\"ro-RO\"},{\"@type\":[\"Organization\",\"Place\"],\"@id\":\"https:\\\/\\\/www.retros-gallery.com\\\/#organization\",\"name\":\"Retros Gallery\",\"url\":\"https:\\\/\\\/www.retros-gallery.com\\\/\",\"logo\":{\"@id\":\"https:\\\/\\\/www.retros-gallery.com\\\/collection\\\/retros-x\\\/l-apero-retros-x-corina-olaru\\\/kamikaze-egg-marble-coffee-table-by-corina-olaru-romania-2023s\\\/#local-main-organization-logo\"},\"image\":{\"@id\":\"https:\\\/\\\/www.retros-gallery.com\\\/collection\\\/retros-x\\\/l-apero-retros-x-corina-olaru\\\/kamikaze-egg-marble-coffee-table-by-corina-olaru-romania-2023s\\\/#local-main-organization-logo\"},\"sameAs\":[\"https:\\\/\\\/www.facebook.com\\\/retrosfurniture\\\/\",\"https:\\\/\\\/www.instagram.com\\\/retros.ro\\\/\"],\"telephone\":[],\"openingHoursSpecification\":[{\"@type\":\"OpeningHoursSpecification\",\"dayOfWeek\":[\"Monday\",\"Tuesday\",\"Wednesday\",\"Thursday\",\"Friday\",\"Saturday\",\"Sunday\"],\"opens\":\"09:00\",\"closes\":\"17:00\"}]},{\"@type\":\"ImageObject\",\"inLanguage\":\"ro-RO\",\"@id\":\"https:\\\/\\\/www.retros-gallery.com\\\/collection\\\/retros-x\\\/l-apero-retros-x-corina-olaru\\\/kamikaze-egg-marble-coffee-table-by-corina-olaru-romania-2023s\\\/#local-main-organization-logo\",\"url\":\"https:\\\/\\\/www.retros-gallery.com\\\/wp-content\\\/uploads\\\/2023\\\/02\\\/Asset-2@4x-1.png\",\"contentUrl\":\"https:\\\/\\\/www.retros-gallery.com\\\/wp-content\\\/uploads\\\/2023\\\/02\\\/Asset-2@4x-1.png\",\"width\":2329,\"height\":248,\"caption\":\"Retros Gallery\"}]}<\/script>\n<meta property=\"product:price:amount\" content=\"1570\" \/>\n<meta property=\"product:price:currency\" content=\"EUR\" \/>\n<meta property=\"og:availability\" content=\"instock\" \/>\n<meta property=\"product:availability\" content=\"instock\" \/>\n<meta property=\"product:retailer_item_id\" content=\"TAB0223CO97\" \/>\n<meta property=\"product:condition\" content=\"new\" \/>\n<!-- \/ Yoast SEO Premium plugin. -->","yoast_head_json":{"title":"Masuta de cafea Kamikaze Egg Marble de Corina Olaru, Romania, anii 2023 - Retros Gallery","description":"Explora\u021bi Masuta de cafea Kamikaze Egg Marble, o fuziune a designului vintage \u0219i contemporan a artistei rom\u00e2ne Corina Olaru pentru colec\u021bia L&#039;apero a Retros.","robots":{"index":"index","follow":"follow","max-snippet":"max-snippet:-1","max-image-preview":"max-image-preview:large","max-video-preview":"max-video-preview:-1"},"canonical":"https:\/\/www.retros-gallery.com\/ro\/colectii\/retros\/l-apero-retros-x-corina-olaru\/masuta-de-cafea-din-marmura-kamikaze-egg-by-corina-olaru-romania-2023s\/","og_locale":"ro_RO","og_type":"article","og_title":"Kamikaze Egg Marble Coffee Table by Corina Olaru, Romania, 2023's","og_description":"Explore the Kamikaze Egg Marble Coffee Table, a fusion of vintage and contemporary design by Romanian artist Corina Olaru for Retros' L'apero collection.","og_url":"https:\/\/www.retros-gallery.com\/ro\/colectii\/retros\/l-apero-retros-x-corina-olaru\/masuta-de-cafea-din-marmura-kamikaze-egg-by-corina-olaru-romania-2023s\/","og_site_name":"Retros Gallery","article_publisher":"https:\/\/www.facebook.com\/retrosfurniture\/","article_modified_time":"2026-04-05T13:26:25+00:00","og_image":[{"width":1300,"height":867,"url":"https:\/\/www.retros-gallery.com\/wp-content\/uploads\/2023\/05\/0D9A5783p-1.jpg","type":"image\/jpeg"}],"twitter_card":"summary_large_image","twitter_misc":{"Pre\u021b":"\u20ac1.570","Disponibilitate":"\u00cen stoc"},"schema":{"@context":"https:\/\/schema.org","@graph":[{"@type":"WebPage","@id":"https:\/\/www.retros-gallery.com\/collection\/retros-x\/l-apero-retros-x-corina-olaru\/kamikaze-egg-marble-coffee-table-by-corina-olaru-romania-2023s\/","url":"https:\/\/www.retros-gallery.com\/collection\/retros-x\/l-apero-retros-x-corina-olaru\/kamikaze-egg-marble-coffee-table-by-corina-olaru-romania-2023s\/","name":"Masuta de cafea Kamikaze Egg Marble de Corina Olaru, Romania, anii 2023 - Retros Gallery","isPartOf":{"@id":"https:\/\/www.retros-gallery.com\/#website"},"primaryImageOfPage":{"@id":"https:\/\/www.retros-gallery.com\/collection\/retros-x\/l-apero-retros-x-corina-olaru\/kamikaze-egg-marble-coffee-table-by-corina-olaru-romania-2023s\/#primaryimage"},"image":{"@id":"https:\/\/www.retros-gallery.com\/collection\/retros-x\/l-apero-retros-x-corina-olaru\/kamikaze-egg-marble-coffee-table-by-corina-olaru-romania-2023s\/#primaryimage"},"thumbnailUrl":"https:\/\/www.retros-gallery.com\/wp-content\/uploads\/2023\/05\/0D9A5783p-1.jpg","datePublished":"2023-05-05T05:00:18+00:00","dateModified":"2026-04-05T13:26:25+00:00","description":"Explora\u021bi Masuta de cafea Kamikaze Egg Marble, o fuziune a designului vintage \u0219i contemporan a artistei rom\u00e2ne Corina Olaru pentru colec\u021bia L&#039;apero a Retros.","breadcrumb":{"@id":"https:\/\/www.retros-gallery.com\/collection\/retros-x\/l-apero-retros-x-corina-olaru\/kamikaze-egg-marble-coffee-table-by-corina-olaru-romania-2023s\/#breadcrumb"},"inLanguage":"ro-RO","potentialAction":[{"@type":"ReadAction","target":["https:\/\/www.retros-gallery.com\/collection\/retros-x\/l-apero-retros-x-corina-olaru\/kamikaze-egg-marble-coffee-table-by-corina-olaru-romania-2023s\/"]}]},{"@type":"ImageObject","inLanguage":"ro-RO","@id":"https:\/\/www.retros-gallery.com\/collection\/retros-x\/l-apero-retros-x-corina-olaru\/kamikaze-egg-marble-coffee-table-by-corina-olaru-romania-2023s\/#primaryimage","url":"https:\/\/www.retros-gallery.com\/wp-content\/uploads\/2023\/05\/0D9A5783p-1.jpg","contentUrl":"https:\/\/www.retros-gallery.com\/wp-content\/uploads\/2023\/05\/0D9A5783p-1.jpg","width":1300,"height":867},{"@type":"BreadcrumbList","@id":"https:\/\/www.retros-gallery.com\/collection\/retros-x\/l-apero-retros-x-corina-olaru\/kamikaze-egg-marble-coffee-table-by-corina-olaru-romania-2023s\/#breadcrumb","itemListElement":[{"@type":"ListItem","position":1,"name":"Home","item":"https:\/\/www.retros-gallery.com\/"},{"@type":"ListItem","position":2,"name":"Collection","item":"https:\/\/www.retros-gallery.com\/collection\/"},{"@type":"ListItem","position":3,"name":"Retros X","item":"https:\/\/www.retros-gallery.com\/product-category\/retros-x\/"},{"@type":"ListItem","position":4,"name":"L\u2019 Ap\u00e9ro - Retros X Corina Olaru","item":"https:\/\/www.retros-gallery.com\/product-category\/retros-x\/l-apero-retros-x-corina-olaru\/"},{"@type":"ListItem","position":5,"name":"Kamikaze Egg Marble Coffee Table by Corina Olaru, Romania, 2023&#8217;s"}]},{"@type":"WebSite","@id":"https:\/\/www.retros-gallery.com\/#website","url":"https:\/\/www.retros-gallery.com\/","name":"Retros Gallery","description":"V\u00e2nz\u0103tor de mobil\u0103 de epoc\u0103","publisher":{"@id":"https:\/\/www.retros-gallery.com\/#organization"},"potentialAction":[{"@type":"SearchAction","target":{"@type":"EntryPoint","urlTemplate":"https:\/\/www.retros-gallery.com\/?s={search_term_string}"},"query-input":{"@type":"PropertyValueSpecification","valueRequired":true,"valueName":"search_term_string"}}],"inLanguage":"ro-RO"},{"@type":["Organization","Place"],"@id":"https:\/\/www.retros-gallery.com\/#organization","name":"Retros Gallery","url":"https:\/\/www.retros-gallery.com\/","logo":{"@id":"https:\/\/www.retros-gallery.com\/collection\/retros-x\/l-apero-retros-x-corina-olaru\/kamikaze-egg-marble-coffee-table-by-corina-olaru-romania-2023s\/#local-main-organization-logo"},"image":{"@id":"https:\/\/www.retros-gallery.com\/collection\/retros-x\/l-apero-retros-x-corina-olaru\/kamikaze-egg-marble-coffee-table-by-corina-olaru-romania-2023s\/#local-main-organization-logo"},"sameAs":["https:\/\/www.facebook.com\/retrosfurniture\/","https:\/\/www.instagram.com\/retros.ro\/"],"telephone":[],"openingHoursSpecification":[{"@type":"OpeningHoursSpecification","dayOfWeek":["Monday","Tuesday","Wednesday","Thursday","Friday","Saturday","Sunday"],"opens":"09:00","closes":"17:00"}]},{"@type":"ImageObject","inLanguage":"ro-RO","@id":"https:\/\/www.retros-gallery.com\/collection\/retros-x\/l-apero-retros-x-corina-olaru\/kamikaze-egg-marble-coffee-table-by-corina-olaru-romania-2023s\/#local-main-organization-logo","url":"https:\/\/www.retros-gallery.com\/wp-content\/uploads\/2023\/02\/Asset-2@4x-1.png","contentUrl":"https:\/\/www.retros-gallery.com\/wp-content\/uploads\/2023\/02\/Asset-2@4x-1.png","width":2329,"height":248,"caption":"Retros Gallery"}]},"product_price_amount":"1570","product_price_currency":"EUR","og_availability":"instock","product_availability":"instock","product_retailer_item_id":"TAB0223CO97","product_condition":"new"},"_links":{"self":[{"href":"https:\/\/www.retros-gallery.com\/ro\/wp-json\/wp\/v2\/product\/3315","targetHints":{"allow":["GET"]}}],"collection":[{"href":"https:\/\/www.retros-gallery.com\/ro\/wp-json\/wp\/v2\/product"}],"about":[{"href":"https:\/\/www.retros-gallery.com\/ro\/wp-json\/wp\/v2\/types\/product"}],"replies":[{"embeddable":true,"href":"https:\/\/www.retros-gallery.com\/ro\/wp-json\/wp\/v2\/comments?post=3315"}],"wp:featuredmedia":[{"embeddable":true,"href":"https:\/\/www.retros-gallery.com\/ro\/wp-json\/wp\/v2\/media\/3889"}],"wp:attachment":[{"href":"https:\/\/www.retros-gallery.com\/ro\/wp-json\/wp\/v2\/media?parent=3315"}],"wp:term":[{"taxonomy":"product_brand","embeddable":true,"href":"https:\/\/www.retros-gallery.com\/ro\/wp-json\/wp\/v2\/product_brand?post=3315"},{"taxonomy":"product_cat","embeddable":true,"href":"https:\/\/www.retros-gallery.com\/ro\/wp-json\/wp\/v2\/product_cat?post=3315"},{"taxonomy":"product_tag","embeddable":true,"href":"https:\/\/www.retros-gallery.com\/ro\/wp-json\/wp\/v2\/product_tag?post=3315"}],"curies":[{"name":"wp","href":"https:\/\/api.w.org\/{rel}","templated":true}]}}