{"id":4511,"date":"2023-08-02T10:41:58","date_gmt":"2023-08-02T07:41:58","guid":{"rendered":"https:\/\/www.retros-gallery.com\/?post_type=product&#038;p=4511"},"modified":"2025-12-22T01:46:10","modified_gmt":"2025-12-21T22:46:10","slug":"ligne-roset-alcantara-fotolii-francia-anii-2000","status":"publish","type":"product","link":"https:\/\/www.retros-gallery.com\/ro\/colectii\/canapele-fotolii-scaune\/fotolii\/ligne-roset-alcantara-fotolii-francia-anii-2000\/","title":{"rendered":"Fotoliu Ligne Roset Alcantara, Franta, anii 2000 Disponibil 4 bucati fara cotiere"},"content":{"rendered":"<p>Scaunul Lignet Roset Alcantara, realizat in Franta, in anii 2000, este o piesa remarcabila de mobilier care evidentiaza fuziunea perfecta dintre arta si functionalitate. Acest scaun are o structura si picioare robuste din crom, oferind stabilitate si durabilitate, in timp ce tapiteria sa luxurianta din catifea mov adauga o nota de lux si confort.<\/p>\n<p>&nbsp;<\/p>\n<p>Disponibil 4 piese fara cotiere<\/p>\n<p>L:55 D:55 H:75 Hscaun: 46<\/p>","protected":false},"excerpt":{"rendered":"<p>The Lignet Roset Alcantara Chair, crafted in France during the 2000s, is a stunning piece of furniture that showcases the perfect fusion of art and functionality. This chair features a strong chromium frame and legs that provide stability and durability, while its lush purple velvet upholstery adds a touch of luxury and comfort. &nbsp; Available [&hellip;]<\/p>","protected":false},"featured_media":4513,"comment_status":"open","ping_status":"closed","template":"","meta":[],"product_brand":[],"product_cat":[35,36,49],"product_tag":[],"class_list":{"0":"post-4511","1":"product","2":"type-product","3":"status-publish","4":"has-post-thumbnail","6":"product_cat-furniture","7":"product_cat-seating","8":"product_cat-armchairs","10":"first","11":"instock","12":"shipping-taxable","13":"purchasable","14":"product-type-simple"},"yoast_head":"<!-- This site is optimized with the Yoast SEO Premium plugin v24.6 (Yoast SEO v27.5) - https:\/\/yoast.com\/product\/yoast-seo-premium-wordpress\/ -->\n<title>Ligne Roset Alcantara Armchair, France, 2000&#039;s Available 4 pieces without armrests - Retros Gallery<\/title>\n<meta name=\"description\" content=\"Crafted in 2000s France, the Lignet Roset Alcantara Chair offers luxurious comfort and style with its chromium frame and plush purple velvet upholstery.\" \/>\n<meta name=\"robots\" content=\"index, follow, max-snippet:-1, max-image-preview:large, max-video-preview:-1\" \/>\n<link rel=\"canonical\" href=\"https:\/\/www.retros-gallery.com\/ro\/colectii\/canapele-fotolii-scaune\/fotolii\/ligne-roset-alcantara-fotolii-francia-anii-2000\/\" \/>\n<meta property=\"og:locale\" content=\"ro_RO\" \/>\n<meta property=\"og:type\" content=\"article\" \/>\n<meta property=\"og:title\" content=\"Ligne Roset Alcantara Armchair, France, 2000&#039;s Available 4 pieces without armrests\" \/>\n<meta property=\"og:description\" content=\"Crafted in 2000s France, the Lignet Roset Alcantara Chair offers luxurious comfort and style with its chromium frame and plush purple velvet upholstery.\" \/>\n<meta property=\"og:url\" content=\"https:\/\/www.retros-gallery.com\/ro\/colectii\/canapele-fotolii-scaune\/fotolii\/ligne-roset-alcantara-fotolii-francia-anii-2000\/\" \/>\n<meta property=\"og:site_name\" content=\"Retros Gallery\" \/>\n<meta property=\"article:publisher\" content=\"https:\/\/www.facebook.com\/retrosfurniture\/\" \/>\n<meta property=\"article:modified_time\" content=\"2025-12-21T22:46:10+00:00\" \/>\n<meta property=\"og:image\" content=\"https:\/\/www.retros-gallery.com\/wp-content\/uploads\/2023\/06\/0D9A5805p.jpg\" \/>\n\t<meta property=\"og:image:width\" content=\"1300\" \/>\n\t<meta property=\"og:image:height\" content=\"867\" \/>\n\t<meta property=\"og:image:type\" content=\"image\/jpeg\" \/>\n<meta name=\"twitter:card\" content=\"summary_large_image\" \/>\n<meta name=\"twitter:label1\" content=\"Pre\u021b\" \/>\n\t<meta name=\"twitter:data1\" content=\"\u20ac180\" \/>\n\t<meta name=\"twitter:label2\" content=\"Disponibilitate\" \/>\n\t<meta name=\"twitter:data2\" content=\"\u00cen stoc\" \/>\n<script type=\"application\/ld+json\" class=\"yoast-schema-graph\">{\"@context\":\"https:\\\/\\\/schema.org\",\"@graph\":[{\"@type\":\"WebPage\",\"@id\":\"https:\\\/\\\/www.retros-gallery.com\\\/collection\\\/seating\\\/armchairs\\\/ligne-roset-alcantara-armchairs-france-2000s\\\/\",\"url\":\"https:\\\/\\\/www.retros-gallery.com\\\/collection\\\/seating\\\/armchairs\\\/ligne-roset-alcantara-armchairs-france-2000s\\\/\",\"name\":\"Ligne Roset Alcantara Armchair, France, 2000's Available 4 pieces without armrests - Retros Gallery\",\"isPartOf\":{\"@id\":\"https:\\\/\\\/www.retros-gallery.com\\\/#website\"},\"primaryImageOfPage\":{\"@id\":\"https:\\\/\\\/www.retros-gallery.com\\\/collection\\\/seating\\\/armchairs\\\/ligne-roset-alcantara-armchairs-france-2000s\\\/#primaryimage\"},\"image\":{\"@id\":\"https:\\\/\\\/www.retros-gallery.com\\\/collection\\\/seating\\\/armchairs\\\/ligne-roset-alcantara-armchairs-france-2000s\\\/#primaryimage\"},\"thumbnailUrl\":\"https:\\\/\\\/www.retros-gallery.com\\\/wp-content\\\/uploads\\\/2023\\\/06\\\/0D9A5805p.jpg\",\"datePublished\":\"2023-08-02T07:41:58+00:00\",\"dateModified\":\"2025-12-21T22:46:10+00:00\",\"description\":\"Crafted in 2000s France, the Lignet Roset Alcantara Chair offers luxurious comfort and style with its chromium frame and plush purple velvet upholstery.\",\"breadcrumb\":{\"@id\":\"https:\\\/\\\/www.retros-gallery.com\\\/collection\\\/seating\\\/armchairs\\\/ligne-roset-alcantara-armchairs-france-2000s\\\/#breadcrumb\"},\"inLanguage\":\"ro-RO\",\"potentialAction\":[{\"@type\":\"ReadAction\",\"target\":[\"https:\\\/\\\/www.retros-gallery.com\\\/collection\\\/seating\\\/armchairs\\\/ligne-roset-alcantara-armchairs-france-2000s\\\/\"]}]},{\"@type\":\"ImageObject\",\"inLanguage\":\"ro-RO\",\"@id\":\"https:\\\/\\\/www.retros-gallery.com\\\/collection\\\/seating\\\/armchairs\\\/ligne-roset-alcantara-armchairs-france-2000s\\\/#primaryimage\",\"url\":\"https:\\\/\\\/www.retros-gallery.com\\\/wp-content\\\/uploads\\\/2023\\\/06\\\/0D9A5805p.jpg\",\"contentUrl\":\"https:\\\/\\\/www.retros-gallery.com\\\/wp-content\\\/uploads\\\/2023\\\/06\\\/0D9A5805p.jpg\",\"width\":1300,\"height\":867},{\"@type\":\"BreadcrumbList\",\"@id\":\"https:\\\/\\\/www.retros-gallery.com\\\/collection\\\/seating\\\/armchairs\\\/ligne-roset-alcantara-armchairs-france-2000s\\\/#breadcrumb\",\"itemListElement\":[{\"@type\":\"ListItem\",\"position\":1,\"name\":\"Home\",\"item\":\"https:\\\/\\\/www.retros-gallery.com\\\/\"},{\"@type\":\"ListItem\",\"position\":2,\"name\":\"Collection\",\"item\":\"https:\\\/\\\/www.retros-gallery.com\\\/collection\\\/\"},{\"@type\":\"ListItem\",\"position\":3,\"name\":\"Seating\",\"item\":\"https:\\\/\\\/www.retros-gallery.com\\\/product-category\\\/seating\\\/\"},{\"@type\":\"ListItem\",\"position\":4,\"name\":\"Armchairs\",\"item\":\"https:\\\/\\\/www.retros-gallery.com\\\/product-category\\\/seating\\\/armchairs\\\/\"},{\"@type\":\"ListItem\",\"position\":5,\"name\":\"Ligne Roset Alcantara Armchair, France, 2000&#8217;s Available 4 pieces without armrests\"}]},{\"@type\":\"WebSite\",\"@id\":\"https:\\\/\\\/www.retros-gallery.com\\\/#website\",\"url\":\"https:\\\/\\\/www.retros-gallery.com\\\/\",\"name\":\"Retros Gallery\",\"description\":\"Vintage Furniture Vendor\",\"publisher\":{\"@id\":\"https:\\\/\\\/www.retros-gallery.com\\\/#organization\"},\"potentialAction\":[{\"@type\":\"SearchAction\",\"target\":{\"@type\":\"EntryPoint\",\"urlTemplate\":\"https:\\\/\\\/www.retros-gallery.com\\\/?s={search_term_string}\"},\"query-input\":{\"@type\":\"PropertyValueSpecification\",\"valueRequired\":true,\"valueName\":\"search_term_string\"}}],\"inLanguage\":\"ro-RO\"},{\"@type\":[\"Organization\",\"Place\"],\"@id\":\"https:\\\/\\\/www.retros-gallery.com\\\/#organization\",\"name\":\"Retros Gallery\",\"url\":\"https:\\\/\\\/www.retros-gallery.com\\\/\",\"logo\":{\"@id\":\"https:\\\/\\\/www.retros-gallery.com\\\/collection\\\/seating\\\/armchairs\\\/ligne-roset-alcantara-armchairs-france-2000s\\\/#local-main-organization-logo\"},\"image\":{\"@id\":\"https:\\\/\\\/www.retros-gallery.com\\\/collection\\\/seating\\\/armchairs\\\/ligne-roset-alcantara-armchairs-france-2000s\\\/#local-main-organization-logo\"},\"sameAs\":[\"https:\\\/\\\/www.facebook.com\\\/retrosfurniture\\\/\",\"https:\\\/\\\/www.instagram.com\\\/retros.ro\\\/\"],\"telephone\":[],\"openingHoursSpecification\":[{\"@type\":\"OpeningHoursSpecification\",\"dayOfWeek\":[\"Monday\",\"Tuesday\",\"Wednesday\",\"Thursday\",\"Friday\",\"Saturday\",\"Sunday\"],\"opens\":\"09:00\",\"closes\":\"17:00\"}]},{\"@type\":\"ImageObject\",\"inLanguage\":\"ro-RO\",\"@id\":\"https:\\\/\\\/www.retros-gallery.com\\\/collection\\\/seating\\\/armchairs\\\/ligne-roset-alcantara-armchairs-france-2000s\\\/#local-main-organization-logo\",\"url\":\"https:\\\/\\\/www.retros-gallery.com\\\/wp-content\\\/uploads\\\/2023\\\/02\\\/Asset-2@4x-1.png\",\"contentUrl\":\"https:\\\/\\\/www.retros-gallery.com\\\/wp-content\\\/uploads\\\/2023\\\/02\\\/Asset-2@4x-1.png\",\"width\":2329,\"height\":248,\"caption\":\"Retros Gallery\"}]}<\/script>\n<meta property=\"product:price:amount\" content=\"180\" \/>\n<meta property=\"product:price:currency\" content=\"EUR\" \/>\n<meta property=\"og:availability\" content=\"instock\" \/>\n<meta property=\"product:availability\" content=\"instock\" \/>\n<meta property=\"product:retailer_item_id\" content=\"ARMO523PR16\" \/>\n<meta property=\"product:condition\" content=\"new\" \/>\n<!-- \/ Yoast SEO Premium plugin. -->","yoast_head_json":{"title":"Fotoliu Ligne Roset Alcantara, Franta, anii 2000 Disponibil 4 bucati fara cotiere - Retros Gallery","description":"Fabricat \u00een Fran\u021ba anilor 2000, scaunul Lignet Roset Alcantara ofer\u0103 confort \u0219i stil luxos cu cadrul cromat \u0219i tapi\u021beria moale din catifea mov.","robots":{"index":"index","follow":"follow","max-snippet":"max-snippet:-1","max-image-preview":"max-image-preview:large","max-video-preview":"max-video-preview:-1"},"canonical":"https:\/\/www.retros-gallery.com\/ro\/colectii\/canapele-fotolii-scaune\/fotolii\/ligne-roset-alcantara-fotolii-francia-anii-2000\/","og_locale":"ro_RO","og_type":"article","og_title":"Ligne Roset Alcantara Armchair, France, 2000's Available 4 pieces without armrests","og_description":"Crafted in 2000s France, the Lignet Roset Alcantara Chair offers luxurious comfort and style with its chromium frame and plush purple velvet upholstery.","og_url":"https:\/\/www.retros-gallery.com\/ro\/colectii\/canapele-fotolii-scaune\/fotolii\/ligne-roset-alcantara-fotolii-francia-anii-2000\/","og_site_name":"Retros Gallery","article_publisher":"https:\/\/www.facebook.com\/retrosfurniture\/","article_modified_time":"2025-12-21T22:46:10+00:00","og_image":[{"width":1300,"height":867,"url":"https:\/\/www.retros-gallery.com\/wp-content\/uploads\/2023\/06\/0D9A5805p.jpg","type":"image\/jpeg"}],"twitter_card":"summary_large_image","twitter_misc":{"Pre\u021b":"\u20ac180","Disponibilitate":"\u00cen stoc"},"schema":{"@context":"https:\/\/schema.org","@graph":[{"@type":"WebPage","@id":"https:\/\/www.retros-gallery.com\/collection\/seating\/armchairs\/ligne-roset-alcantara-armchairs-france-2000s\/","url":"https:\/\/www.retros-gallery.com\/collection\/seating\/armchairs\/ligne-roset-alcantara-armchairs-france-2000s\/","name":"Fotoliu Ligne Roset Alcantara, Franta, anii 2000 Disponibil 4 bucati fara cotiere - Retros Gallery","isPartOf":{"@id":"https:\/\/www.retros-gallery.com\/#website"},"primaryImageOfPage":{"@id":"https:\/\/www.retros-gallery.com\/collection\/seating\/armchairs\/ligne-roset-alcantara-armchairs-france-2000s\/#primaryimage"},"image":{"@id":"https:\/\/www.retros-gallery.com\/collection\/seating\/armchairs\/ligne-roset-alcantara-armchairs-france-2000s\/#primaryimage"},"thumbnailUrl":"https:\/\/www.retros-gallery.com\/wp-content\/uploads\/2023\/06\/0D9A5805p.jpg","datePublished":"2023-08-02T07:41:58+00:00","dateModified":"2025-12-21T22:46:10+00:00","description":"Fabricat \u00een Fran\u021ba anilor 2000, scaunul Lignet Roset Alcantara ofer\u0103 confort \u0219i stil luxos cu cadrul cromat \u0219i tapi\u021beria moale din catifea mov.","breadcrumb":{"@id":"https:\/\/www.retros-gallery.com\/collection\/seating\/armchairs\/ligne-roset-alcantara-armchairs-france-2000s\/#breadcrumb"},"inLanguage":"ro-RO","potentialAction":[{"@type":"ReadAction","target":["https:\/\/www.retros-gallery.com\/collection\/seating\/armchairs\/ligne-roset-alcantara-armchairs-france-2000s\/"]}]},{"@type":"ImageObject","inLanguage":"ro-RO","@id":"https:\/\/www.retros-gallery.com\/collection\/seating\/armchairs\/ligne-roset-alcantara-armchairs-france-2000s\/#primaryimage","url":"https:\/\/www.retros-gallery.com\/wp-content\/uploads\/2023\/06\/0D9A5805p.jpg","contentUrl":"https:\/\/www.retros-gallery.com\/wp-content\/uploads\/2023\/06\/0D9A5805p.jpg","width":1300,"height":867},{"@type":"BreadcrumbList","@id":"https:\/\/www.retros-gallery.com\/collection\/seating\/armchairs\/ligne-roset-alcantara-armchairs-france-2000s\/#breadcrumb","itemListElement":[{"@type":"ListItem","position":1,"name":"Home","item":"https:\/\/www.retros-gallery.com\/"},{"@type":"ListItem","position":2,"name":"Collection","item":"https:\/\/www.retros-gallery.com\/collection\/"},{"@type":"ListItem","position":3,"name":"Seating","item":"https:\/\/www.retros-gallery.com\/product-category\/seating\/"},{"@type":"ListItem","position":4,"name":"Armchairs","item":"https:\/\/www.retros-gallery.com\/product-category\/seating\/armchairs\/"},{"@type":"ListItem","position":5,"name":"Ligne Roset Alcantara Armchair, France, 2000&#8217;s Available 4 pieces without armrests"}]},{"@type":"WebSite","@id":"https:\/\/www.retros-gallery.com\/#website","url":"https:\/\/www.retros-gallery.com\/","name":"Retros Gallery","description":"V\u00e2nz\u0103tor de mobil\u0103 de epoc\u0103","publisher":{"@id":"https:\/\/www.retros-gallery.com\/#organization"},"potentialAction":[{"@type":"SearchAction","target":{"@type":"EntryPoint","urlTemplate":"https:\/\/www.retros-gallery.com\/?s={search_term_string}"},"query-input":{"@type":"PropertyValueSpecification","valueRequired":true,"valueName":"search_term_string"}}],"inLanguage":"ro-RO"},{"@type":["Organization","Place"],"@id":"https:\/\/www.retros-gallery.com\/#organization","name":"Retros Gallery","url":"https:\/\/www.retros-gallery.com\/","logo":{"@id":"https:\/\/www.retros-gallery.com\/collection\/seating\/armchairs\/ligne-roset-alcantara-armchairs-france-2000s\/#local-main-organization-logo"},"image":{"@id":"https:\/\/www.retros-gallery.com\/collection\/seating\/armchairs\/ligne-roset-alcantara-armchairs-france-2000s\/#local-main-organization-logo"},"sameAs":["https:\/\/www.facebook.com\/retrosfurniture\/","https:\/\/www.instagram.com\/retros.ro\/"],"telephone":[],"openingHoursSpecification":[{"@type":"OpeningHoursSpecification","dayOfWeek":["Monday","Tuesday","Wednesday","Thursday","Friday","Saturday","Sunday"],"opens":"09:00","closes":"17:00"}]},{"@type":"ImageObject","inLanguage":"ro-RO","@id":"https:\/\/www.retros-gallery.com\/collection\/seating\/armchairs\/ligne-roset-alcantara-armchairs-france-2000s\/#local-main-organization-logo","url":"https:\/\/www.retros-gallery.com\/wp-content\/uploads\/2023\/02\/Asset-2@4x-1.png","contentUrl":"https:\/\/www.retros-gallery.com\/wp-content\/uploads\/2023\/02\/Asset-2@4x-1.png","width":2329,"height":248,"caption":"Retros Gallery"}]},"product_price_amount":"180","product_price_currency":"EUR","og_availability":"instock","product_availability":"instock","product_retailer_item_id":"ARMO523PR16","product_condition":"new"},"_links":{"self":[{"href":"https:\/\/www.retros-gallery.com\/ro\/wp-json\/wp\/v2\/product\/4511","targetHints":{"allow":["GET"]}}],"collection":[{"href":"https:\/\/www.retros-gallery.com\/ro\/wp-json\/wp\/v2\/product"}],"about":[{"href":"https:\/\/www.retros-gallery.com\/ro\/wp-json\/wp\/v2\/types\/product"}],"replies":[{"embeddable":true,"href":"https:\/\/www.retros-gallery.com\/ro\/wp-json\/wp\/v2\/comments?post=4511"}],"wp:featuredmedia":[{"embeddable":true,"href":"https:\/\/www.retros-gallery.com\/ro\/wp-json\/wp\/v2\/media\/4513"}],"wp:attachment":[{"href":"https:\/\/www.retros-gallery.com\/ro\/wp-json\/wp\/v2\/media?parent=4511"}],"wp:term":[{"taxonomy":"product_brand","embeddable":true,"href":"https:\/\/www.retros-gallery.com\/ro\/wp-json\/wp\/v2\/product_brand?post=4511"},{"taxonomy":"product_cat","embeddable":true,"href":"https:\/\/www.retros-gallery.com\/ro\/wp-json\/wp\/v2\/product_cat?post=4511"},{"taxonomy":"product_tag","embeddable":true,"href":"https:\/\/www.retros-gallery.com\/ro\/wp-json\/wp\/v2\/product_tag?post=4511"}],"curies":[{"name":"wp","href":"https:\/\/api.w.org\/{rel}","templated":true}]}}