{"id":4624,"date":"2023-09-07T11:54:35","date_gmt":"2023-09-07T08:54:35","guid":{"rendered":"https:\/\/www.retros-gallery.com\/?post_type=product&#038;p=4624"},"modified":"2026-01-31T10:25:16","modified_gmt":"2026-01-31T07:25:16","slug":"scaun-vitra-din-aluminiu-ea-108-din-piele-rosie-de-charles-si-ray-eames-germania-anilor-90","status":"publish","type":"product","link":"https:\/\/www.retros-gallery.com\/ro\/colectii\/canapele-fotolii-scaune\/scaune-2\/scaun-vitra-din-aluminiu-ea-108-din-piele-rosie-de-charles-si-ray-eames-germania-anilor-90\/","title":{"rendered":"Scaun Vitra EA 108 de Charles \u0219i Ray Eames, Germania, anii 1990"},"content":{"rendered":"<p>Scaunul EA 108 este un design remarcabil al secolului al XX-lea. Creat\u0103 \u00een 1958 de Charles \u0219i Ray Eames pentru locuin\u021ba personal\u0103 a unui pasionat de art\u0103 american, aceast\u0103 pies\u0103 inovatoare s-a \u00eendep\u0103rtat de modelele tradi\u021bionale in form\u0103 de scoic\u0103. \u00cen schimb, duo-ul Eames a modelat ingenios un scaun cu cadru de aluminiu \u00eembr\u0103cat \u00een piele. Acest scaun unic se adapteaz\u0103 perfect corpului uman, oferind un confort excep\u021bional.<\/p>\n<p>Avalaible 7\u00a0 pcs.<\/p>\n<p>&nbsp;<\/p>\n<p>L: 57 D: 57 H: 83 H loc: 46<\/p>","protected":false},"excerpt":{"rendered":"<p>The EA 108 chair is a standout design of the 20th century. Crafted in 1958 by Charles and Ray Eames for the personal abode of an American art enthusiast, this innovative piece diverged from traditional shell-based designs. Instead, the Eames duo ingeniously fashioned a seat comprising two aluminum bars adorned with leather. This unique chair [&hellip;]<\/p>","protected":false},"featured_media":4626,"comment_status":"open","ping_status":"closed","template":"","meta":[],"product_brand":[],"product_cat":[35,36,60],"product_tag":[],"class_list":{"0":"post-4624","1":"product","2":"type-product","3":"status-publish","4":"has-post-thumbnail","6":"product_cat-furniture","7":"product_cat-seating","8":"product_cat-chairs","10":"first","11":"instock","12":"shipping-taxable","13":"purchasable","14":"product-type-simple"},"yoast_head":"<!-- This site is optimized with the Yoast SEO Premium plugin v24.6 (Yoast SEO v27.4) - https:\/\/yoast.com\/product\/yoast-seo-premium-wordpress\/ -->\n<title>Vitra EA 108 Chair by Charles And Ray Eames, Germany, 1990&#039;s - Retros Gallery<\/title>\n<meta name=\"description\" content=\"Vitra EA 108 Chair by Charles And Ray Eames, Germany, 1990&#039;s, features innovative aluminum and leather construction, offering exceptional comfort.\" \/>\n<meta name=\"robots\" content=\"index, follow, max-snippet:-1, max-image-preview:large, max-video-preview:-1\" \/>\n<link rel=\"canonical\" href=\"https:\/\/www.retros-gallery.com\/ro\/colectii\/canapele-fotolii-scaune\/scaune-2\/scaun-vitra-din-aluminiu-ea-108-din-piele-rosie-de-charles-si-ray-eames-germania-anilor-90\/\" \/>\n<meta property=\"og:locale\" content=\"ro_RO\" \/>\n<meta property=\"og:type\" content=\"article\" \/>\n<meta property=\"og:title\" content=\"Vitra EA 108 Chair by Charles And Ray Eames, Germany, 1990&#039;s\" \/>\n<meta property=\"og:description\" content=\"Vitra EA 108 Chair by Charles And Ray Eames, Germany, 1990&#039;s, features innovative aluminum and leather construction, offering exceptional comfort.\" \/>\n<meta property=\"og:url\" content=\"https:\/\/www.retros-gallery.com\/ro\/colectii\/canapele-fotolii-scaune\/scaune-2\/scaun-vitra-din-aluminiu-ea-108-din-piele-rosie-de-charles-si-ray-eames-germania-anilor-90\/\" \/>\n<meta property=\"og:site_name\" content=\"Retros Gallery\" \/>\n<meta property=\"article:publisher\" content=\"https:\/\/www.facebook.com\/retrosfurniture\/\" \/>\n<meta property=\"article:modified_time\" content=\"2026-01-31T07:25:16+00:00\" \/>\n<meta property=\"og:image\" content=\"https:\/\/www.retros-gallery.com\/wp-content\/uploads\/2023\/09\/0D9A9342mm.jpg\" \/>\n\t<meta property=\"og:image:width\" content=\"1300\" \/>\n\t<meta property=\"og:image:height\" content=\"867\" \/>\n\t<meta property=\"og:image:type\" content=\"image\/jpeg\" \/>\n<meta name=\"twitter:card\" content=\"summary_large_image\" \/>\n<meta name=\"twitter:label1\" content=\"Pre\u021b\" \/>\n\t<meta name=\"twitter:data1\" content=\"\u20ac1.130\" \/>\n\t<meta name=\"twitter:label2\" content=\"Disponibilitate\" \/>\n\t<meta name=\"twitter:data2\" content=\"\u00cen stoc\" \/>\n<script type=\"application\/ld+json\" class=\"yoast-schema-graph\">{\"@context\":\"https:\\\/\\\/schema.org\",\"@graph\":[{\"@type\":\"WebPage\",\"@id\":\"https:\\\/\\\/www.retros-gallery.com\\\/collection\\\/seating\\\/chairs\\\/vitra-aluminium-chair-ea-108-in-red-leather-by-charles-and-ray-eames-germany1990s\\\/\",\"url\":\"https:\\\/\\\/www.retros-gallery.com\\\/collection\\\/seating\\\/chairs\\\/vitra-aluminium-chair-ea-108-in-red-leather-by-charles-and-ray-eames-germany1990s\\\/\",\"name\":\"Vitra EA 108 Chair by Charles And Ray Eames, Germany, 1990's - Retros Gallery\",\"isPartOf\":{\"@id\":\"https:\\\/\\\/www.retros-gallery.com\\\/#website\"},\"primaryImageOfPage\":{\"@id\":\"https:\\\/\\\/www.retros-gallery.com\\\/collection\\\/seating\\\/chairs\\\/vitra-aluminium-chair-ea-108-in-red-leather-by-charles-and-ray-eames-germany1990s\\\/#primaryimage\"},\"image\":{\"@id\":\"https:\\\/\\\/www.retros-gallery.com\\\/collection\\\/seating\\\/chairs\\\/vitra-aluminium-chair-ea-108-in-red-leather-by-charles-and-ray-eames-germany1990s\\\/#primaryimage\"},\"thumbnailUrl\":\"https:\\\/\\\/www.retros-gallery.com\\\/wp-content\\\/uploads\\\/2023\\\/09\\\/0D9A9342mm.jpg\",\"datePublished\":\"2023-09-07T08:54:35+00:00\",\"dateModified\":\"2026-01-31T07:25:16+00:00\",\"description\":\"Vitra EA 108 Chair by Charles And Ray Eames, Germany, 1990's, features innovative aluminum and leather construction, offering exceptional comfort.\",\"breadcrumb\":{\"@id\":\"https:\\\/\\\/www.retros-gallery.com\\\/collection\\\/seating\\\/chairs\\\/vitra-aluminium-chair-ea-108-in-red-leather-by-charles-and-ray-eames-germany1990s\\\/#breadcrumb\"},\"inLanguage\":\"ro-RO\",\"potentialAction\":[{\"@type\":\"ReadAction\",\"target\":[\"https:\\\/\\\/www.retros-gallery.com\\\/collection\\\/seating\\\/chairs\\\/vitra-aluminium-chair-ea-108-in-red-leather-by-charles-and-ray-eames-germany1990s\\\/\"]}]},{\"@type\":\"ImageObject\",\"inLanguage\":\"ro-RO\",\"@id\":\"https:\\\/\\\/www.retros-gallery.com\\\/collection\\\/seating\\\/chairs\\\/vitra-aluminium-chair-ea-108-in-red-leather-by-charles-and-ray-eames-germany1990s\\\/#primaryimage\",\"url\":\"https:\\\/\\\/www.retros-gallery.com\\\/wp-content\\\/uploads\\\/2023\\\/09\\\/0D9A9342mm.jpg\",\"contentUrl\":\"https:\\\/\\\/www.retros-gallery.com\\\/wp-content\\\/uploads\\\/2023\\\/09\\\/0D9A9342mm.jpg\",\"width\":1300,\"height\":867},{\"@type\":\"BreadcrumbList\",\"@id\":\"https:\\\/\\\/www.retros-gallery.com\\\/collection\\\/seating\\\/chairs\\\/vitra-aluminium-chair-ea-108-in-red-leather-by-charles-and-ray-eames-germany1990s\\\/#breadcrumb\",\"itemListElement\":[{\"@type\":\"ListItem\",\"position\":1,\"name\":\"Home\",\"item\":\"https:\\\/\\\/www.retros-gallery.com\\\/\"},{\"@type\":\"ListItem\",\"position\":2,\"name\":\"Collection\",\"item\":\"https:\\\/\\\/www.retros-gallery.com\\\/collection\\\/\"},{\"@type\":\"ListItem\",\"position\":3,\"name\":\"Seating\",\"item\":\"https:\\\/\\\/www.retros-gallery.com\\\/product-category\\\/seating\\\/\"},{\"@type\":\"ListItem\",\"position\":4,\"name\":\"Chairs\",\"item\":\"https:\\\/\\\/www.retros-gallery.com\\\/product-category\\\/seating\\\/chairs\\\/\"},{\"@type\":\"ListItem\",\"position\":5,\"name\":\"Vitra EA 108 Chair by Charles And Ray Eames, Germany, 1990&#8217;s\"}]},{\"@type\":\"WebSite\",\"@id\":\"https:\\\/\\\/www.retros-gallery.com\\\/#website\",\"url\":\"https:\\\/\\\/www.retros-gallery.com\\\/\",\"name\":\"Retros Gallery\",\"description\":\"Vintage Furniture Vendor\",\"publisher\":{\"@id\":\"https:\\\/\\\/www.retros-gallery.com\\\/#organization\"},\"potentialAction\":[{\"@type\":\"SearchAction\",\"target\":{\"@type\":\"EntryPoint\",\"urlTemplate\":\"https:\\\/\\\/www.retros-gallery.com\\\/?s={search_term_string}\"},\"query-input\":{\"@type\":\"PropertyValueSpecification\",\"valueRequired\":true,\"valueName\":\"search_term_string\"}}],\"inLanguage\":\"ro-RO\"},{\"@type\":[\"Organization\",\"Place\"],\"@id\":\"https:\\\/\\\/www.retros-gallery.com\\\/#organization\",\"name\":\"Retros Gallery\",\"url\":\"https:\\\/\\\/www.retros-gallery.com\\\/\",\"logo\":{\"@id\":\"https:\\\/\\\/www.retros-gallery.com\\\/collection\\\/seating\\\/chairs\\\/vitra-aluminium-chair-ea-108-in-red-leather-by-charles-and-ray-eames-germany1990s\\\/#local-main-organization-logo\"},\"image\":{\"@id\":\"https:\\\/\\\/www.retros-gallery.com\\\/collection\\\/seating\\\/chairs\\\/vitra-aluminium-chair-ea-108-in-red-leather-by-charles-and-ray-eames-germany1990s\\\/#local-main-organization-logo\"},\"sameAs\":[\"https:\\\/\\\/www.facebook.com\\\/retrosfurniture\\\/\",\"https:\\\/\\\/www.instagram.com\\\/retros.ro\\\/\"],\"telephone\":[],\"openingHoursSpecification\":[{\"@type\":\"OpeningHoursSpecification\",\"dayOfWeek\":[\"Monday\",\"Tuesday\",\"Wednesday\",\"Thursday\",\"Friday\",\"Saturday\",\"Sunday\"],\"opens\":\"09:00\",\"closes\":\"17:00\"}]},{\"@type\":\"ImageObject\",\"inLanguage\":\"ro-RO\",\"@id\":\"https:\\\/\\\/www.retros-gallery.com\\\/collection\\\/seating\\\/chairs\\\/vitra-aluminium-chair-ea-108-in-red-leather-by-charles-and-ray-eames-germany1990s\\\/#local-main-organization-logo\",\"url\":\"https:\\\/\\\/www.retros-gallery.com\\\/wp-content\\\/uploads\\\/2023\\\/02\\\/Asset-2@4x-1.png\",\"contentUrl\":\"https:\\\/\\\/www.retros-gallery.com\\\/wp-content\\\/uploads\\\/2023\\\/02\\\/Asset-2@4x-1.png\",\"width\":2329,\"height\":248,\"caption\":\"Retros Gallery\"}]}<\/script>\n<meta property=\"product:price:amount\" content=\"1130\" \/>\n<meta property=\"product:price:currency\" content=\"EUR\" \/>\n<meta property=\"og:availability\" content=\"instock\" \/>\n<meta property=\"product:availability\" content=\"instock\" \/>\n<meta property=\"product:retailer_item_id\" content=\"CHA0623EA01\" \/>\n<meta property=\"product:condition\" content=\"new\" \/>\n<!-- \/ Yoast SEO Premium plugin. -->","yoast_head_json":{"title":"Scaun Vitra EA 108 de Charles \u0219i Ray Eames, Germania, anii 1990 - Retros Gallery","description":"Scaunul Vitra EA 108 de Charles And Ray Eames, Germania, anii 1990, are o construc\u021bie inovatoare din aluminiu \u0219i piele, oferind un confort excep\u021bional.","robots":{"index":"index","follow":"follow","max-snippet":"max-snippet:-1","max-image-preview":"max-image-preview:large","max-video-preview":"max-video-preview:-1"},"canonical":"https:\/\/www.retros-gallery.com\/ro\/colectii\/canapele-fotolii-scaune\/scaune-2\/scaun-vitra-din-aluminiu-ea-108-din-piele-rosie-de-charles-si-ray-eames-germania-anilor-90\/","og_locale":"ro_RO","og_type":"article","og_title":"Vitra EA 108 Chair by Charles And Ray Eames, Germany, 1990's","og_description":"Vitra EA 108 Chair by Charles And Ray Eames, Germany, 1990's, features innovative aluminum and leather construction, offering exceptional comfort.","og_url":"https:\/\/www.retros-gallery.com\/ro\/colectii\/canapele-fotolii-scaune\/scaune-2\/scaun-vitra-din-aluminiu-ea-108-din-piele-rosie-de-charles-si-ray-eames-germania-anilor-90\/","og_site_name":"Retros Gallery","article_publisher":"https:\/\/www.facebook.com\/retrosfurniture\/","article_modified_time":"2026-01-31T07:25:16+00:00","og_image":[{"width":1300,"height":867,"url":"https:\/\/www.retros-gallery.com\/wp-content\/uploads\/2023\/09\/0D9A9342mm.jpg","type":"image\/jpeg"}],"twitter_card":"summary_large_image","twitter_misc":{"Pre\u021b":"\u20ac1.130","Disponibilitate":"\u00cen stoc"},"schema":{"@context":"https:\/\/schema.org","@graph":[{"@type":"WebPage","@id":"https:\/\/www.retros-gallery.com\/collection\/seating\/chairs\/vitra-aluminium-chair-ea-108-in-red-leather-by-charles-and-ray-eames-germany1990s\/","url":"https:\/\/www.retros-gallery.com\/collection\/seating\/chairs\/vitra-aluminium-chair-ea-108-in-red-leather-by-charles-and-ray-eames-germany1990s\/","name":"Scaun Vitra EA 108 de Charles \u0219i Ray Eames, Germania, anii 1990 - Retros Gallery","isPartOf":{"@id":"https:\/\/www.retros-gallery.com\/#website"},"primaryImageOfPage":{"@id":"https:\/\/www.retros-gallery.com\/collection\/seating\/chairs\/vitra-aluminium-chair-ea-108-in-red-leather-by-charles-and-ray-eames-germany1990s\/#primaryimage"},"image":{"@id":"https:\/\/www.retros-gallery.com\/collection\/seating\/chairs\/vitra-aluminium-chair-ea-108-in-red-leather-by-charles-and-ray-eames-germany1990s\/#primaryimage"},"thumbnailUrl":"https:\/\/www.retros-gallery.com\/wp-content\/uploads\/2023\/09\/0D9A9342mm.jpg","datePublished":"2023-09-07T08:54:35+00:00","dateModified":"2026-01-31T07:25:16+00:00","description":"Scaunul Vitra EA 108 de Charles And Ray Eames, Germania, anii 1990, are o construc\u021bie inovatoare din aluminiu \u0219i piele, oferind un confort excep\u021bional.","breadcrumb":{"@id":"https:\/\/www.retros-gallery.com\/collection\/seating\/chairs\/vitra-aluminium-chair-ea-108-in-red-leather-by-charles-and-ray-eames-germany1990s\/#breadcrumb"},"inLanguage":"ro-RO","potentialAction":[{"@type":"ReadAction","target":["https:\/\/www.retros-gallery.com\/collection\/seating\/chairs\/vitra-aluminium-chair-ea-108-in-red-leather-by-charles-and-ray-eames-germany1990s\/"]}]},{"@type":"ImageObject","inLanguage":"ro-RO","@id":"https:\/\/www.retros-gallery.com\/collection\/seating\/chairs\/vitra-aluminium-chair-ea-108-in-red-leather-by-charles-and-ray-eames-germany1990s\/#primaryimage","url":"https:\/\/www.retros-gallery.com\/wp-content\/uploads\/2023\/09\/0D9A9342mm.jpg","contentUrl":"https:\/\/www.retros-gallery.com\/wp-content\/uploads\/2023\/09\/0D9A9342mm.jpg","width":1300,"height":867},{"@type":"BreadcrumbList","@id":"https:\/\/www.retros-gallery.com\/collection\/seating\/chairs\/vitra-aluminium-chair-ea-108-in-red-leather-by-charles-and-ray-eames-germany1990s\/#breadcrumb","itemListElement":[{"@type":"ListItem","position":1,"name":"Home","item":"https:\/\/www.retros-gallery.com\/"},{"@type":"ListItem","position":2,"name":"Collection","item":"https:\/\/www.retros-gallery.com\/collection\/"},{"@type":"ListItem","position":3,"name":"Seating","item":"https:\/\/www.retros-gallery.com\/product-category\/seating\/"},{"@type":"ListItem","position":4,"name":"Chairs","item":"https:\/\/www.retros-gallery.com\/product-category\/seating\/chairs\/"},{"@type":"ListItem","position":5,"name":"Vitra EA 108 Chair by Charles And Ray Eames, Germany, 1990&#8217;s"}]},{"@type":"WebSite","@id":"https:\/\/www.retros-gallery.com\/#website","url":"https:\/\/www.retros-gallery.com\/","name":"Retros Gallery","description":"V\u00e2nz\u0103tor de mobil\u0103 de epoc\u0103","publisher":{"@id":"https:\/\/www.retros-gallery.com\/#organization"},"potentialAction":[{"@type":"SearchAction","target":{"@type":"EntryPoint","urlTemplate":"https:\/\/www.retros-gallery.com\/?s={search_term_string}"},"query-input":{"@type":"PropertyValueSpecification","valueRequired":true,"valueName":"search_term_string"}}],"inLanguage":"ro-RO"},{"@type":["Organization","Place"],"@id":"https:\/\/www.retros-gallery.com\/#organization","name":"Retros Gallery","url":"https:\/\/www.retros-gallery.com\/","logo":{"@id":"https:\/\/www.retros-gallery.com\/collection\/seating\/chairs\/vitra-aluminium-chair-ea-108-in-red-leather-by-charles-and-ray-eames-germany1990s\/#local-main-organization-logo"},"image":{"@id":"https:\/\/www.retros-gallery.com\/collection\/seating\/chairs\/vitra-aluminium-chair-ea-108-in-red-leather-by-charles-and-ray-eames-germany1990s\/#local-main-organization-logo"},"sameAs":["https:\/\/www.facebook.com\/retrosfurniture\/","https:\/\/www.instagram.com\/retros.ro\/"],"telephone":[],"openingHoursSpecification":[{"@type":"OpeningHoursSpecification","dayOfWeek":["Monday","Tuesday","Wednesday","Thursday","Friday","Saturday","Sunday"],"opens":"09:00","closes":"17:00"}]},{"@type":"ImageObject","inLanguage":"ro-RO","@id":"https:\/\/www.retros-gallery.com\/collection\/seating\/chairs\/vitra-aluminium-chair-ea-108-in-red-leather-by-charles-and-ray-eames-germany1990s\/#local-main-organization-logo","url":"https:\/\/www.retros-gallery.com\/wp-content\/uploads\/2023\/02\/Asset-2@4x-1.png","contentUrl":"https:\/\/www.retros-gallery.com\/wp-content\/uploads\/2023\/02\/Asset-2@4x-1.png","width":2329,"height":248,"caption":"Retros Gallery"}]},"product_price_amount":"1130","product_price_currency":"EUR","og_availability":"instock","product_availability":"instock","product_retailer_item_id":"CHA0623EA01","product_condition":"new"},"_links":{"self":[{"href":"https:\/\/www.retros-gallery.com\/ro\/wp-json\/wp\/v2\/product\/4624","targetHints":{"allow":["GET"]}}],"collection":[{"href":"https:\/\/www.retros-gallery.com\/ro\/wp-json\/wp\/v2\/product"}],"about":[{"href":"https:\/\/www.retros-gallery.com\/ro\/wp-json\/wp\/v2\/types\/product"}],"replies":[{"embeddable":true,"href":"https:\/\/www.retros-gallery.com\/ro\/wp-json\/wp\/v2\/comments?post=4624"}],"wp:featuredmedia":[{"embeddable":true,"href":"https:\/\/www.retros-gallery.com\/ro\/wp-json\/wp\/v2\/media\/4626"}],"wp:attachment":[{"href":"https:\/\/www.retros-gallery.com\/ro\/wp-json\/wp\/v2\/media?parent=4624"}],"wp:term":[{"taxonomy":"product_brand","embeddable":true,"href":"https:\/\/www.retros-gallery.com\/ro\/wp-json\/wp\/v2\/product_brand?post=4624"},{"taxonomy":"product_cat","embeddable":true,"href":"https:\/\/www.retros-gallery.com\/ro\/wp-json\/wp\/v2\/product_cat?post=4624"},{"taxonomy":"product_tag","embeddable":true,"href":"https:\/\/www.retros-gallery.com\/ro\/wp-json\/wp\/v2\/product_tag?post=4624"}],"curies":[{"name":"wp","href":"https:\/\/api.w.org\/{rel}","templated":true}]}}