{"id":4871,"date":"2023-12-04T08:00:18","date_gmt":"2023-12-04T05:00:18","guid":{"rendered":"https:\/\/www.retros-gallery.com\/?post_type=product&#038;p=4871"},"modified":"2025-12-22T01:46:11","modified_gmt":"2025-12-21T22:46:11","slug":"masuta-de-cafea-din-metal-negru-si-aluminiu-danemarca-anii-1970","status":"publish","type":"product","link":"https:\/\/www.retros-gallery.com\/ro\/colectii\/mobilier\/masute-de-cafea\/masuta-de-cafea-din-metal-negru-si-aluminiu-danemarca-anii-1970\/","title":{"rendered":"Masuta de cafea din metal negru si aluminiu, Danemarca, anii 1970"},"content":{"rendered":"<p>Incorporand devotamentul epocii fata de design functional si elegant, piesa este o combinatie de materiale de calitate, linii curate si un strop de eleganta minimalista. Compozitia cadrelor de aluminiu si modelul gaurit al blatului negru confera piesei o atmosfera office.<\/p>","protected":false},"excerpt":{"rendered":"<p>Incorporand devotamentul epocii fata de design functional si elegant, piesa este o combinatie de materiale de calitate, linii curate si un strop de eleganta minimalista. Compozitia cadrelor de aluminiu si modelul gaurit al blatului negru confera piesei o atmosfera office.<\/p>","protected":false},"featured_media":4873,"comment_status":"open","ping_status":"closed","template":"","meta":[],"product_brand":[],"product_cat":[35,42],"product_tag":[],"class_list":{"0":"post-4871","1":"product","2":"type-product","3":"status-publish","4":"has-post-thumbnail","6":"product_cat-furniture","7":"product_cat-coffee-tables","9":"first","10":"instock","11":"shipping-taxable","12":"purchasable","13":"product-type-simple"},"yoast_head":"<!-- This site is optimized with the Yoast SEO Premium plugin v24.6 (Yoast SEO v27.4) - https:\/\/yoast.com\/product\/yoast-seo-premium-wordpress\/ -->\n<title>Black Metal And Aluminium Coffee Table, Denmark, 1970&#039;s - Retros Gallery<\/title>\n<meta name=\"description\" content=\"Our Black Metal And Aluminium Coffee Table, Denmark, 1970&#039;s exudes a professional office ambiance.Visit our website for more timeless pieces.\" \/>\n<meta name=\"robots\" content=\"index, follow, max-snippet:-1, max-image-preview:large, max-video-preview:-1\" \/>\n<link rel=\"canonical\" href=\"https:\/\/www.retros-gallery.com\/ro\/colectii\/mobilier\/masute-de-cafea\/masuta-de-cafea-din-metal-negru-si-aluminiu-danemarca-anii-1970\/\" \/>\n<meta property=\"og:locale\" content=\"ro_RO\" \/>\n<meta property=\"og:type\" content=\"article\" \/>\n<meta property=\"og:title\" content=\"Black Metal And Aluminium Coffee Table, Denmark, 1970&#039;s\" \/>\n<meta property=\"og:description\" content=\"Our Black Metal And Aluminium Coffee Table, Denmark, 1970&#039;s exudes a professional office ambiance.Visit our website for more timeless pieces.\" \/>\n<meta property=\"og:url\" content=\"https:\/\/www.retros-gallery.com\/ro\/colectii\/mobilier\/masute-de-cafea\/masuta-de-cafea-din-metal-negru-si-aluminiu-danemarca-anii-1970\/\" \/>\n<meta property=\"og:site_name\" content=\"Retros Gallery\" \/>\n<meta property=\"article:publisher\" content=\"https:\/\/www.facebook.com\/retrosfurniture\/\" \/>\n<meta property=\"article:modified_time\" content=\"2025-12-21T22:46:11+00:00\" \/>\n<meta property=\"og:image\" content=\"https:\/\/www.retros-gallery.com\/wp-content\/uploads\/2023\/11\/0D9A9677pm.jpg\" \/>\n\t<meta property=\"og:image:width\" content=\"1300\" \/>\n\t<meta property=\"og:image:height\" content=\"867\" \/>\n\t<meta property=\"og:image:type\" content=\"image\/jpeg\" \/>\n<meta name=\"twitter:card\" content=\"summary_large_image\" \/>\n<meta name=\"twitter:label1\" content=\"Pre\u021b\" \/>\n\t<meta name=\"twitter:data1\" content=\"\u20ac270\" \/>\n\t<meta name=\"twitter:label2\" content=\"Disponibilitate\" \/>\n\t<meta name=\"twitter:data2\" content=\"\u00cen stoc\" \/>\n<script type=\"application\/ld+json\" class=\"yoast-schema-graph\">{\"@context\":\"https:\\\/\\\/schema.org\",\"@graph\":[{\"@type\":\"WebPage\",\"@id\":\"https:\\\/\\\/www.retros-gallery.com\\\/collection\\\/furniture\\\/coffee-tables\\\/black-metal-and-aluminium-coffee-table-denmark-1970s\\\/\",\"url\":\"https:\\\/\\\/www.retros-gallery.com\\\/collection\\\/furniture\\\/coffee-tables\\\/black-metal-and-aluminium-coffee-table-denmark-1970s\\\/\",\"name\":\"Black Metal And Aluminium Coffee Table, Denmark, 1970's - Retros Gallery\",\"isPartOf\":{\"@id\":\"https:\\\/\\\/www.retros-gallery.com\\\/#website\"},\"primaryImageOfPage\":{\"@id\":\"https:\\\/\\\/www.retros-gallery.com\\\/collection\\\/furniture\\\/coffee-tables\\\/black-metal-and-aluminium-coffee-table-denmark-1970s\\\/#primaryimage\"},\"image\":{\"@id\":\"https:\\\/\\\/www.retros-gallery.com\\\/collection\\\/furniture\\\/coffee-tables\\\/black-metal-and-aluminium-coffee-table-denmark-1970s\\\/#primaryimage\"},\"thumbnailUrl\":\"https:\\\/\\\/www.retros-gallery.com\\\/wp-content\\\/uploads\\\/2023\\\/11\\\/0D9A9677pm.jpg\",\"datePublished\":\"2023-12-04T05:00:18+00:00\",\"dateModified\":\"2025-12-21T22:46:11+00:00\",\"description\":\"Our Black Metal And Aluminium Coffee Table, Denmark, 1970's exudes a professional office ambiance.Visit our website for more timeless pieces.\",\"breadcrumb\":{\"@id\":\"https:\\\/\\\/www.retros-gallery.com\\\/collection\\\/furniture\\\/coffee-tables\\\/black-metal-and-aluminium-coffee-table-denmark-1970s\\\/#breadcrumb\"},\"inLanguage\":\"ro-RO\",\"potentialAction\":[{\"@type\":\"ReadAction\",\"target\":[\"https:\\\/\\\/www.retros-gallery.com\\\/collection\\\/furniture\\\/coffee-tables\\\/black-metal-and-aluminium-coffee-table-denmark-1970s\\\/\"]}]},{\"@type\":\"ImageObject\",\"inLanguage\":\"ro-RO\",\"@id\":\"https:\\\/\\\/www.retros-gallery.com\\\/collection\\\/furniture\\\/coffee-tables\\\/black-metal-and-aluminium-coffee-table-denmark-1970s\\\/#primaryimage\",\"url\":\"https:\\\/\\\/www.retros-gallery.com\\\/wp-content\\\/uploads\\\/2023\\\/11\\\/0D9A9677pm.jpg\",\"contentUrl\":\"https:\\\/\\\/www.retros-gallery.com\\\/wp-content\\\/uploads\\\/2023\\\/11\\\/0D9A9677pm.jpg\",\"width\":1300,\"height\":867},{\"@type\":\"BreadcrumbList\",\"@id\":\"https:\\\/\\\/www.retros-gallery.com\\\/collection\\\/furniture\\\/coffee-tables\\\/black-metal-and-aluminium-coffee-table-denmark-1970s\\\/#breadcrumb\",\"itemListElement\":[{\"@type\":\"ListItem\",\"position\":1,\"name\":\"Home\",\"item\":\"https:\\\/\\\/www.retros-gallery.com\\\/\"},{\"@type\":\"ListItem\",\"position\":2,\"name\":\"Collection\",\"item\":\"https:\\\/\\\/www.retros-gallery.com\\\/collection\\\/\"},{\"@type\":\"ListItem\",\"position\":3,\"name\":\"Furniture\",\"item\":\"https:\\\/\\\/www.retros-gallery.com\\\/product-category\\\/furniture\\\/\"},{\"@type\":\"ListItem\",\"position\":4,\"name\":\"Coffee Tables\",\"item\":\"https:\\\/\\\/www.retros-gallery.com\\\/product-category\\\/furniture\\\/coffee-tables\\\/\"},{\"@type\":\"ListItem\",\"position\":5,\"name\":\"Black Metal And Aluminium Coffee Table, Denmark, 1970&#8217;s\"}]},{\"@type\":\"WebSite\",\"@id\":\"https:\\\/\\\/www.retros-gallery.com\\\/#website\",\"url\":\"https:\\\/\\\/www.retros-gallery.com\\\/\",\"name\":\"Retros Gallery\",\"description\":\"Vintage Furniture Vendor\",\"publisher\":{\"@id\":\"https:\\\/\\\/www.retros-gallery.com\\\/#organization\"},\"potentialAction\":[{\"@type\":\"SearchAction\",\"target\":{\"@type\":\"EntryPoint\",\"urlTemplate\":\"https:\\\/\\\/www.retros-gallery.com\\\/?s={search_term_string}\"},\"query-input\":{\"@type\":\"PropertyValueSpecification\",\"valueRequired\":true,\"valueName\":\"search_term_string\"}}],\"inLanguage\":\"ro-RO\"},{\"@type\":[\"Organization\",\"Place\"],\"@id\":\"https:\\\/\\\/www.retros-gallery.com\\\/#organization\",\"name\":\"Retros Gallery\",\"url\":\"https:\\\/\\\/www.retros-gallery.com\\\/\",\"logo\":{\"@id\":\"https:\\\/\\\/www.retros-gallery.com\\\/collection\\\/furniture\\\/coffee-tables\\\/black-metal-and-aluminium-coffee-table-denmark-1970s\\\/#local-main-organization-logo\"},\"image\":{\"@id\":\"https:\\\/\\\/www.retros-gallery.com\\\/collection\\\/furniture\\\/coffee-tables\\\/black-metal-and-aluminium-coffee-table-denmark-1970s\\\/#local-main-organization-logo\"},\"sameAs\":[\"https:\\\/\\\/www.facebook.com\\\/retrosfurniture\\\/\",\"https:\\\/\\\/www.instagram.com\\\/retros.ro\\\/\"],\"telephone\":[],\"openingHoursSpecification\":[{\"@type\":\"OpeningHoursSpecification\",\"dayOfWeek\":[\"Monday\",\"Tuesday\",\"Wednesday\",\"Thursday\",\"Friday\",\"Saturday\",\"Sunday\"],\"opens\":\"09:00\",\"closes\":\"17:00\"}]},{\"@type\":\"ImageObject\",\"inLanguage\":\"ro-RO\",\"@id\":\"https:\\\/\\\/www.retros-gallery.com\\\/collection\\\/furniture\\\/coffee-tables\\\/black-metal-and-aluminium-coffee-table-denmark-1970s\\\/#local-main-organization-logo\",\"url\":\"https:\\\/\\\/www.retros-gallery.com\\\/wp-content\\\/uploads\\\/2023\\\/02\\\/Asset-2@4x-1.png\",\"contentUrl\":\"https:\\\/\\\/www.retros-gallery.com\\\/wp-content\\\/uploads\\\/2023\\\/02\\\/Asset-2@4x-1.png\",\"width\":2329,\"height\":248,\"caption\":\"Retros Gallery\"}]}<\/script>\n<meta property=\"product:price:amount\" content=\"270\" \/>\n<meta property=\"product:price:currency\" content=\"EUR\" \/>\n<meta property=\"og:availability\" content=\"instock\" \/>\n<meta property=\"product:availability\" content=\"instock\" \/>\n<meta property=\"product:retailer_item_id\" content=\"COF0923MT107\" \/>\n<meta property=\"product:condition\" content=\"new\" \/>\n<!-- \/ Yoast SEO Premium plugin. -->","yoast_head_json":{"title":"Masuta de cafea din metal negru si aluminiu, Danemarca, anii 1970 - Galeria Retro","description":"Masa noastr\u0103 de cafea din metal negru \u0219i aluminiu, Danemarca, anii 1970 eman\u0103 o ambian\u021b\u0103 profesional\u0103 de birou. Vizita\u021bi site-ul nostru pentru mai multe piese atemporale.","robots":{"index":"index","follow":"follow","max-snippet":"max-snippet:-1","max-image-preview":"max-image-preview:large","max-video-preview":"max-video-preview:-1"},"canonical":"https:\/\/www.retros-gallery.com\/ro\/colectii\/mobilier\/masute-de-cafea\/masuta-de-cafea-din-metal-negru-si-aluminiu-danemarca-anii-1970\/","og_locale":"ro_RO","og_type":"article","og_title":"Black Metal And Aluminium Coffee Table, Denmark, 1970's","og_description":"Our Black Metal And Aluminium Coffee Table, Denmark, 1970's exudes a professional office ambiance.Visit our website for more timeless pieces.","og_url":"https:\/\/www.retros-gallery.com\/ro\/colectii\/mobilier\/masute-de-cafea\/masuta-de-cafea-din-metal-negru-si-aluminiu-danemarca-anii-1970\/","og_site_name":"Retros Gallery","article_publisher":"https:\/\/www.facebook.com\/retrosfurniture\/","article_modified_time":"2025-12-21T22:46:11+00:00","og_image":[{"width":1300,"height":867,"url":"https:\/\/www.retros-gallery.com\/wp-content\/uploads\/2023\/11\/0D9A9677pm.jpg","type":"image\/jpeg"}],"twitter_card":"summary_large_image","twitter_misc":{"Pre\u021b":"\u20ac270","Disponibilitate":"\u00cen stoc"},"schema":{"@context":"https:\/\/schema.org","@graph":[{"@type":"WebPage","@id":"https:\/\/www.retros-gallery.com\/collection\/furniture\/coffee-tables\/black-metal-and-aluminium-coffee-table-denmark-1970s\/","url":"https:\/\/www.retros-gallery.com\/collection\/furniture\/coffee-tables\/black-metal-and-aluminium-coffee-table-denmark-1970s\/","name":"Masuta de cafea din metal negru si aluminiu, Danemarca, anii 1970 - Galeria Retro","isPartOf":{"@id":"https:\/\/www.retros-gallery.com\/#website"},"primaryImageOfPage":{"@id":"https:\/\/www.retros-gallery.com\/collection\/furniture\/coffee-tables\/black-metal-and-aluminium-coffee-table-denmark-1970s\/#primaryimage"},"image":{"@id":"https:\/\/www.retros-gallery.com\/collection\/furniture\/coffee-tables\/black-metal-and-aluminium-coffee-table-denmark-1970s\/#primaryimage"},"thumbnailUrl":"https:\/\/www.retros-gallery.com\/wp-content\/uploads\/2023\/11\/0D9A9677pm.jpg","datePublished":"2023-12-04T05:00:18+00:00","dateModified":"2025-12-21T22:46:11+00:00","description":"Masa noastr\u0103 de cafea din metal negru \u0219i aluminiu, Danemarca, anii 1970 eman\u0103 o ambian\u021b\u0103 profesional\u0103 de birou. Vizita\u021bi site-ul nostru pentru mai multe piese atemporale.","breadcrumb":{"@id":"https:\/\/www.retros-gallery.com\/collection\/furniture\/coffee-tables\/black-metal-and-aluminium-coffee-table-denmark-1970s\/#breadcrumb"},"inLanguage":"ro-RO","potentialAction":[{"@type":"ReadAction","target":["https:\/\/www.retros-gallery.com\/collection\/furniture\/coffee-tables\/black-metal-and-aluminium-coffee-table-denmark-1970s\/"]}]},{"@type":"ImageObject","inLanguage":"ro-RO","@id":"https:\/\/www.retros-gallery.com\/collection\/furniture\/coffee-tables\/black-metal-and-aluminium-coffee-table-denmark-1970s\/#primaryimage","url":"https:\/\/www.retros-gallery.com\/wp-content\/uploads\/2023\/11\/0D9A9677pm.jpg","contentUrl":"https:\/\/www.retros-gallery.com\/wp-content\/uploads\/2023\/11\/0D9A9677pm.jpg","width":1300,"height":867},{"@type":"BreadcrumbList","@id":"https:\/\/www.retros-gallery.com\/collection\/furniture\/coffee-tables\/black-metal-and-aluminium-coffee-table-denmark-1970s\/#breadcrumb","itemListElement":[{"@type":"ListItem","position":1,"name":"Home","item":"https:\/\/www.retros-gallery.com\/"},{"@type":"ListItem","position":2,"name":"Collection","item":"https:\/\/www.retros-gallery.com\/collection\/"},{"@type":"ListItem","position":3,"name":"Furniture","item":"https:\/\/www.retros-gallery.com\/product-category\/furniture\/"},{"@type":"ListItem","position":4,"name":"Coffee Tables","item":"https:\/\/www.retros-gallery.com\/product-category\/furniture\/coffee-tables\/"},{"@type":"ListItem","position":5,"name":"Black Metal And Aluminium Coffee Table, Denmark, 1970&#8217;s"}]},{"@type":"WebSite","@id":"https:\/\/www.retros-gallery.com\/#website","url":"https:\/\/www.retros-gallery.com\/","name":"Retros Gallery","description":"V\u00e2nz\u0103tor de mobil\u0103 de epoc\u0103","publisher":{"@id":"https:\/\/www.retros-gallery.com\/#organization"},"potentialAction":[{"@type":"SearchAction","target":{"@type":"EntryPoint","urlTemplate":"https:\/\/www.retros-gallery.com\/?s={search_term_string}"},"query-input":{"@type":"PropertyValueSpecification","valueRequired":true,"valueName":"search_term_string"}}],"inLanguage":"ro-RO"},{"@type":["Organization","Place"],"@id":"https:\/\/www.retros-gallery.com\/#organization","name":"Retros Gallery","url":"https:\/\/www.retros-gallery.com\/","logo":{"@id":"https:\/\/www.retros-gallery.com\/collection\/furniture\/coffee-tables\/black-metal-and-aluminium-coffee-table-denmark-1970s\/#local-main-organization-logo"},"image":{"@id":"https:\/\/www.retros-gallery.com\/collection\/furniture\/coffee-tables\/black-metal-and-aluminium-coffee-table-denmark-1970s\/#local-main-organization-logo"},"sameAs":["https:\/\/www.facebook.com\/retrosfurniture\/","https:\/\/www.instagram.com\/retros.ro\/"],"telephone":[],"openingHoursSpecification":[{"@type":"OpeningHoursSpecification","dayOfWeek":["Monday","Tuesday","Wednesday","Thursday","Friday","Saturday","Sunday"],"opens":"09:00","closes":"17:00"}]},{"@type":"ImageObject","inLanguage":"ro-RO","@id":"https:\/\/www.retros-gallery.com\/collection\/furniture\/coffee-tables\/black-metal-and-aluminium-coffee-table-denmark-1970s\/#local-main-organization-logo","url":"https:\/\/www.retros-gallery.com\/wp-content\/uploads\/2023\/02\/Asset-2@4x-1.png","contentUrl":"https:\/\/www.retros-gallery.com\/wp-content\/uploads\/2023\/02\/Asset-2@4x-1.png","width":2329,"height":248,"caption":"Retros Gallery"}]},"product_price_amount":"270","product_price_currency":"EUR","og_availability":"instock","product_availability":"instock","product_retailer_item_id":"COF0923MT107","product_condition":"new"},"_links":{"self":[{"href":"https:\/\/www.retros-gallery.com\/ro\/wp-json\/wp\/v2\/product\/4871","targetHints":{"allow":["GET"]}}],"collection":[{"href":"https:\/\/www.retros-gallery.com\/ro\/wp-json\/wp\/v2\/product"}],"about":[{"href":"https:\/\/www.retros-gallery.com\/ro\/wp-json\/wp\/v2\/types\/product"}],"replies":[{"embeddable":true,"href":"https:\/\/www.retros-gallery.com\/ro\/wp-json\/wp\/v2\/comments?post=4871"}],"wp:featuredmedia":[{"embeddable":true,"href":"https:\/\/www.retros-gallery.com\/ro\/wp-json\/wp\/v2\/media\/4873"}],"wp:attachment":[{"href":"https:\/\/www.retros-gallery.com\/ro\/wp-json\/wp\/v2\/media?parent=4871"}],"wp:term":[{"taxonomy":"product_brand","embeddable":true,"href":"https:\/\/www.retros-gallery.com\/ro\/wp-json\/wp\/v2\/product_brand?post=4871"},{"taxonomy":"product_cat","embeddable":true,"href":"https:\/\/www.retros-gallery.com\/ro\/wp-json\/wp\/v2\/product_cat?post=4871"},{"taxonomy":"product_tag","embeddable":true,"href":"https:\/\/www.retros-gallery.com\/ro\/wp-json\/wp\/v2\/product_tag?post=4871"}],"curies":[{"name":"wp","href":"https:\/\/api.w.org\/{rel}","templated":true}]}}