{"id":5204,"date":"2024-03-13T07:55:51","date_gmt":"2024-03-13T04:55:51","guid":{"rendered":"https:\/\/www.retros-gallery.com\/?post_type=product&#038;p=5204"},"modified":"2025-12-22T01:46:11","modified_gmt":"2025-12-21T22:46:11","slug":"scaun-de-birou-model-151s-de-hadi-tehrani-pentru-intersthul-anii-2000","status":"publish","type":"product","link":"https:\/\/www.retros-gallery.com\/ro\/colectii\/mobilier\/scaun-de-birou-model-151s-de-hadi-tehrani-pentru-intersthul-anii-2000\/","title":{"rendered":"Scaun de birou model 151S de Hadi Tehrani pentru Intersthul, anii 2000"},"content":{"rendered":"<p>Scaunul de birou Model 151S de la Hadi Tehrani pentru Interstuhl, originar din anii 2000, \u00eentruchipeaz\u0103 designul contemporan \u0219i confortul ergonomic. Cu o siluet\u0103 elegant\u0103 \u0219i o inginerie avansat\u0103, acest scaun ofer\u0103 caracteristici personalizabile pentru un sprijin optim \u00een timpul orelor lungi de lucru. Designul s\u0103u elegant, dar func\u021bional, \u00eel face un plus perfect pentru mediile moderne de birou.<\/p>\n<p>L: 60 D: 50 H: 108 Hseat: 54<\/p>","protected":false},"excerpt":{"rendered":"<p>The Model 151S Desk Chair by Hadi Tehrani for Interstuhl, originating from the 2000s, embodies contemporary design and ergonomic comfort. With a sleek silhouette and advanced engineering, this chair offers customizable features for optimal support during long hours of work. Its stylish yet functional design makes it a perfect addition to modern office environments. L: [&hellip;]<\/p>","protected":false},"featured_media":5881,"comment_status":"open","ping_status":"closed","template":"","meta":[],"product_brand":[],"product_cat":[35,36,60,62],"product_tag":[],"class_list":{"0":"post-5204","1":"product","2":"type-product","3":"status-publish","4":"has-post-thumbnail","6":"product_cat-furniture","7":"product_cat-seating","8":"product_cat-chairs","9":"product_cat-stools","11":"first","12":"instock","13":"shipping-taxable","14":"purchasable","15":"product-type-simple"},"yoast_head":"<!-- This site is optimized with the Yoast SEO Premium plugin v24.6 (Yoast SEO v27.5) - https:\/\/yoast.com\/product\/yoast-seo-premium-wordpress\/ -->\n<title>Model 151S Desk Chair By Hadi Tehrani For Intersthul, 2000&#039;s - Retros Gallery<\/title>\n<meta name=\"description\" content=\"Upgrade your office with the Model 151S Desk Chair. Experience ergonomic comfort and contemporary design. Work in style and comfort. Get yours now!\" \/>\n<meta name=\"robots\" content=\"index, follow, max-snippet:-1, max-image-preview:large, max-video-preview:-1\" \/>\n<link rel=\"canonical\" href=\"https:\/\/www.retros-gallery.com\/ro\/colectii\/mobilier\/scaun-de-birou-model-151s-de-hadi-tehrani-pentru-intersthul-anii-2000\/\" \/>\n<meta property=\"og:locale\" content=\"ro_RO\" \/>\n<meta property=\"og:type\" content=\"article\" \/>\n<meta property=\"og:title\" content=\"Model 151S Desk Chair By Hadi Tehrani For Intersthul, 2000&#039;s\" \/>\n<meta property=\"og:description\" content=\"Upgrade your office with the Model 151S Desk Chair. Experience ergonomic comfort and contemporary design. Work in style and comfort. Get yours now!\" \/>\n<meta property=\"og:url\" content=\"https:\/\/www.retros-gallery.com\/ro\/colectii\/mobilier\/scaun-de-birou-model-151s-de-hadi-tehrani-pentru-intersthul-anii-2000\/\" \/>\n<meta property=\"og:site_name\" content=\"Retros Gallery\" \/>\n<meta property=\"article:publisher\" content=\"https:\/\/www.facebook.com\/retrosfurniture\/\" \/>\n<meta property=\"article:modified_time\" content=\"2025-12-21T22:46:11+00:00\" \/>\n<meta property=\"og:image\" content=\"https:\/\/www.retros-gallery.com\/wp-content\/uploads\/2024\/03\/0D9A3977-1.jpg\" \/>\n\t<meta property=\"og:image:width\" content=\"1300\" \/>\n\t<meta property=\"og:image:height\" content=\"867\" \/>\n\t<meta property=\"og:image:type\" content=\"image\/jpeg\" \/>\n<meta name=\"twitter:card\" content=\"summary_large_image\" \/>\n<meta name=\"twitter:label1\" content=\"Pre\u021b\" \/>\n\t<meta name=\"twitter:data1\" content=\"\u20ac1.550\" \/>\n\t<meta name=\"twitter:label2\" content=\"Disponibilitate\" \/>\n\t<meta name=\"twitter:data2\" content=\"\u00cen stoc\" \/>\n<script type=\"application\/ld+json\" class=\"yoast-schema-graph\">{\"@context\":\"https:\\\/\\\/schema.org\",\"@graph\":[{\"@type\":\"WebPage\",\"@id\":\"https:\\\/\\\/www.retros-gallery.com\\\/collection\\\/furniture\\\/model-151s-desk-chair-by-hadi-tehrani-for-intersthul-2000s\\\/\",\"url\":\"https:\\\/\\\/www.retros-gallery.com\\\/collection\\\/furniture\\\/model-151s-desk-chair-by-hadi-tehrani-for-intersthul-2000s\\\/\",\"name\":\"Model 151S Desk Chair By Hadi Tehrani For Intersthul, 2000's - Retros Gallery\",\"isPartOf\":{\"@id\":\"https:\\\/\\\/www.retros-gallery.com\\\/#website\"},\"primaryImageOfPage\":{\"@id\":\"https:\\\/\\\/www.retros-gallery.com\\\/collection\\\/furniture\\\/model-151s-desk-chair-by-hadi-tehrani-for-intersthul-2000s\\\/#primaryimage\"},\"image\":{\"@id\":\"https:\\\/\\\/www.retros-gallery.com\\\/collection\\\/furniture\\\/model-151s-desk-chair-by-hadi-tehrani-for-intersthul-2000s\\\/#primaryimage\"},\"thumbnailUrl\":\"https:\\\/\\\/www.retros-gallery.com\\\/wp-content\\\/uploads\\\/2024\\\/03\\\/0D9A3977-1.jpg\",\"datePublished\":\"2024-03-13T04:55:51+00:00\",\"dateModified\":\"2025-12-21T22:46:11+00:00\",\"description\":\"Upgrade your office with the Model 151S Desk Chair. Experience ergonomic comfort and contemporary design. Work in style and comfort. Get yours now!\",\"breadcrumb\":{\"@id\":\"https:\\\/\\\/www.retros-gallery.com\\\/collection\\\/furniture\\\/model-151s-desk-chair-by-hadi-tehrani-for-intersthul-2000s\\\/#breadcrumb\"},\"inLanguage\":\"ro-RO\",\"potentialAction\":[{\"@type\":\"ReadAction\",\"target\":[\"https:\\\/\\\/www.retros-gallery.com\\\/collection\\\/furniture\\\/model-151s-desk-chair-by-hadi-tehrani-for-intersthul-2000s\\\/\"]}]},{\"@type\":\"ImageObject\",\"inLanguage\":\"ro-RO\",\"@id\":\"https:\\\/\\\/www.retros-gallery.com\\\/collection\\\/furniture\\\/model-151s-desk-chair-by-hadi-tehrani-for-intersthul-2000s\\\/#primaryimage\",\"url\":\"https:\\\/\\\/www.retros-gallery.com\\\/wp-content\\\/uploads\\\/2024\\\/03\\\/0D9A3977-1.jpg\",\"contentUrl\":\"https:\\\/\\\/www.retros-gallery.com\\\/wp-content\\\/uploads\\\/2024\\\/03\\\/0D9A3977-1.jpg\",\"width\":1300,\"height\":867,\"caption\":\"Model 151S Desk Chair By Hadi Tehrani For Intersthul, 2000's-poza1\"},{\"@type\":\"BreadcrumbList\",\"@id\":\"https:\\\/\\\/www.retros-gallery.com\\\/collection\\\/furniture\\\/model-151s-desk-chair-by-hadi-tehrani-for-intersthul-2000s\\\/#breadcrumb\",\"itemListElement\":[{\"@type\":\"ListItem\",\"position\":1,\"name\":\"Home\",\"item\":\"https:\\\/\\\/www.retros-gallery.com\\\/\"},{\"@type\":\"ListItem\",\"position\":2,\"name\":\"Collection\",\"item\":\"https:\\\/\\\/www.retros-gallery.com\\\/collection\\\/\"},{\"@type\":\"ListItem\",\"position\":3,\"name\":\"Furniture\",\"item\":\"https:\\\/\\\/www.retros-gallery.com\\\/product-category\\\/furniture\\\/\"},{\"@type\":\"ListItem\",\"position\":4,\"name\":\"Model 151S Desk Chair By Hadi Tehrani For Intersthul, 2000&#8217;s\"}]},{\"@type\":\"WebSite\",\"@id\":\"https:\\\/\\\/www.retros-gallery.com\\\/#website\",\"url\":\"https:\\\/\\\/www.retros-gallery.com\\\/\",\"name\":\"Retros Gallery\",\"description\":\"Vintage Furniture Vendor\",\"publisher\":{\"@id\":\"https:\\\/\\\/www.retros-gallery.com\\\/#organization\"},\"potentialAction\":[{\"@type\":\"SearchAction\",\"target\":{\"@type\":\"EntryPoint\",\"urlTemplate\":\"https:\\\/\\\/www.retros-gallery.com\\\/?s={search_term_string}\"},\"query-input\":{\"@type\":\"PropertyValueSpecification\",\"valueRequired\":true,\"valueName\":\"search_term_string\"}}],\"inLanguage\":\"ro-RO\"},{\"@type\":[\"Organization\",\"Place\"],\"@id\":\"https:\\\/\\\/www.retros-gallery.com\\\/#organization\",\"name\":\"Retros Gallery\",\"url\":\"https:\\\/\\\/www.retros-gallery.com\\\/\",\"logo\":{\"@id\":\"https:\\\/\\\/www.retros-gallery.com\\\/collection\\\/furniture\\\/model-151s-desk-chair-by-hadi-tehrani-for-intersthul-2000s\\\/#local-main-organization-logo\"},\"image\":{\"@id\":\"https:\\\/\\\/www.retros-gallery.com\\\/collection\\\/furniture\\\/model-151s-desk-chair-by-hadi-tehrani-for-intersthul-2000s\\\/#local-main-organization-logo\"},\"sameAs\":[\"https:\\\/\\\/www.facebook.com\\\/retrosfurniture\\\/\",\"https:\\\/\\\/www.instagram.com\\\/retros.ro\\\/\"],\"telephone\":[],\"openingHoursSpecification\":[{\"@type\":\"OpeningHoursSpecification\",\"dayOfWeek\":[\"Monday\",\"Tuesday\",\"Wednesday\",\"Thursday\",\"Friday\",\"Saturday\",\"Sunday\"],\"opens\":\"09:00\",\"closes\":\"17:00\"}]},{\"@type\":\"ImageObject\",\"inLanguage\":\"ro-RO\",\"@id\":\"https:\\\/\\\/www.retros-gallery.com\\\/collection\\\/furniture\\\/model-151s-desk-chair-by-hadi-tehrani-for-intersthul-2000s\\\/#local-main-organization-logo\",\"url\":\"https:\\\/\\\/www.retros-gallery.com\\\/wp-content\\\/uploads\\\/2023\\\/02\\\/Asset-2@4x-1.png\",\"contentUrl\":\"https:\\\/\\\/www.retros-gallery.com\\\/wp-content\\\/uploads\\\/2023\\\/02\\\/Asset-2@4x-1.png\",\"width\":2329,\"height\":248,\"caption\":\"Retros Gallery\"}]}<\/script>\n<meta property=\"product:price:amount\" content=\"1550\" \/>\n<meta property=\"product:price:currency\" content=\"EUR\" \/>\n<meta property=\"og:availability\" content=\"instock\" \/>\n<meta property=\"product:availability\" content=\"instock\" \/>\n<meta property=\"product:retailer_item_id\" content=\"ARM1023JB01\" \/>\n<meta property=\"product:condition\" content=\"new\" \/>\n<!-- \/ Yoast SEO Premium plugin. -->","yoast_head_json":{"title":"Scaun de birou model 151S de Hadi Tehrani pentru Intersthul, anii 2000 - Retros Gallery","description":"\u00cembun\u0103t\u0103\u021bi\u021bi-v\u0103 biroul cu scaunul de birou model 151S. Experimenta\u021bi confortul ergonomic \u0219i designul contemporan. Lucra\u021bi cu stil \u0219i confort. Ia-l pe al t\u0103u acum!","robots":{"index":"index","follow":"follow","max-snippet":"max-snippet:-1","max-image-preview":"max-image-preview:large","max-video-preview":"max-video-preview:-1"},"canonical":"https:\/\/www.retros-gallery.com\/ro\/colectii\/mobilier\/scaun-de-birou-model-151s-de-hadi-tehrani-pentru-intersthul-anii-2000\/","og_locale":"ro_RO","og_type":"article","og_title":"Model 151S Desk Chair By Hadi Tehrani For Intersthul, 2000's","og_description":"Upgrade your office with the Model 151S Desk Chair. Experience ergonomic comfort and contemporary design. Work in style and comfort. Get yours now!","og_url":"https:\/\/www.retros-gallery.com\/ro\/colectii\/mobilier\/scaun-de-birou-model-151s-de-hadi-tehrani-pentru-intersthul-anii-2000\/","og_site_name":"Retros Gallery","article_publisher":"https:\/\/www.facebook.com\/retrosfurniture\/","article_modified_time":"2025-12-21T22:46:11+00:00","og_image":[{"width":1300,"height":867,"url":"https:\/\/www.retros-gallery.com\/wp-content\/uploads\/2024\/03\/0D9A3977-1.jpg","type":"image\/jpeg"}],"twitter_card":"summary_large_image","twitter_misc":{"Pre\u021b":"\u20ac1.550","Disponibilitate":"\u00cen stoc"},"schema":{"@context":"https:\/\/schema.org","@graph":[{"@type":"WebPage","@id":"https:\/\/www.retros-gallery.com\/collection\/furniture\/model-151s-desk-chair-by-hadi-tehrani-for-intersthul-2000s\/","url":"https:\/\/www.retros-gallery.com\/collection\/furniture\/model-151s-desk-chair-by-hadi-tehrani-for-intersthul-2000s\/","name":"Scaun de birou model 151S de Hadi Tehrani pentru Intersthul, anii 2000 - Retros Gallery","isPartOf":{"@id":"https:\/\/www.retros-gallery.com\/#website"},"primaryImageOfPage":{"@id":"https:\/\/www.retros-gallery.com\/collection\/furniture\/model-151s-desk-chair-by-hadi-tehrani-for-intersthul-2000s\/#primaryimage"},"image":{"@id":"https:\/\/www.retros-gallery.com\/collection\/furniture\/model-151s-desk-chair-by-hadi-tehrani-for-intersthul-2000s\/#primaryimage"},"thumbnailUrl":"https:\/\/www.retros-gallery.com\/wp-content\/uploads\/2024\/03\/0D9A3977-1.jpg","datePublished":"2024-03-13T04:55:51+00:00","dateModified":"2025-12-21T22:46:11+00:00","description":"\u00cembun\u0103t\u0103\u021bi\u021bi-v\u0103 biroul cu scaunul de birou model 151S. Experimenta\u021bi confortul ergonomic \u0219i designul contemporan. Lucra\u021bi cu stil \u0219i confort. Ia-l pe al t\u0103u acum!","breadcrumb":{"@id":"https:\/\/www.retros-gallery.com\/collection\/furniture\/model-151s-desk-chair-by-hadi-tehrani-for-intersthul-2000s\/#breadcrumb"},"inLanguage":"ro-RO","potentialAction":[{"@type":"ReadAction","target":["https:\/\/www.retros-gallery.com\/collection\/furniture\/model-151s-desk-chair-by-hadi-tehrani-for-intersthul-2000s\/"]}]},{"@type":"ImageObject","inLanguage":"ro-RO","@id":"https:\/\/www.retros-gallery.com\/collection\/furniture\/model-151s-desk-chair-by-hadi-tehrani-for-intersthul-2000s\/#primaryimage","url":"https:\/\/www.retros-gallery.com\/wp-content\/uploads\/2024\/03\/0D9A3977-1.jpg","contentUrl":"https:\/\/www.retros-gallery.com\/wp-content\/uploads\/2024\/03\/0D9A3977-1.jpg","width":1300,"height":867,"caption":"Model 151S Desk Chair By Hadi Tehrani For Intersthul, 2000's-poza1"},{"@type":"BreadcrumbList","@id":"https:\/\/www.retros-gallery.com\/collection\/furniture\/model-151s-desk-chair-by-hadi-tehrani-for-intersthul-2000s\/#breadcrumb","itemListElement":[{"@type":"ListItem","position":1,"name":"Home","item":"https:\/\/www.retros-gallery.com\/"},{"@type":"ListItem","position":2,"name":"Collection","item":"https:\/\/www.retros-gallery.com\/collection\/"},{"@type":"ListItem","position":3,"name":"Furniture","item":"https:\/\/www.retros-gallery.com\/product-category\/furniture\/"},{"@type":"ListItem","position":4,"name":"Model 151S Desk Chair By Hadi Tehrani For Intersthul, 2000&#8217;s"}]},{"@type":"WebSite","@id":"https:\/\/www.retros-gallery.com\/#website","url":"https:\/\/www.retros-gallery.com\/","name":"Retros Gallery","description":"V\u00e2nz\u0103tor de mobil\u0103 de epoc\u0103","publisher":{"@id":"https:\/\/www.retros-gallery.com\/#organization"},"potentialAction":[{"@type":"SearchAction","target":{"@type":"EntryPoint","urlTemplate":"https:\/\/www.retros-gallery.com\/?s={search_term_string}"},"query-input":{"@type":"PropertyValueSpecification","valueRequired":true,"valueName":"search_term_string"}}],"inLanguage":"ro-RO"},{"@type":["Organization","Place"],"@id":"https:\/\/www.retros-gallery.com\/#organization","name":"Retros Gallery","url":"https:\/\/www.retros-gallery.com\/","logo":{"@id":"https:\/\/www.retros-gallery.com\/collection\/furniture\/model-151s-desk-chair-by-hadi-tehrani-for-intersthul-2000s\/#local-main-organization-logo"},"image":{"@id":"https:\/\/www.retros-gallery.com\/collection\/furniture\/model-151s-desk-chair-by-hadi-tehrani-for-intersthul-2000s\/#local-main-organization-logo"},"sameAs":["https:\/\/www.facebook.com\/retrosfurniture\/","https:\/\/www.instagram.com\/retros.ro\/"],"telephone":[],"openingHoursSpecification":[{"@type":"OpeningHoursSpecification","dayOfWeek":["Monday","Tuesday","Wednesday","Thursday","Friday","Saturday","Sunday"],"opens":"09:00","closes":"17:00"}]},{"@type":"ImageObject","inLanguage":"ro-RO","@id":"https:\/\/www.retros-gallery.com\/collection\/furniture\/model-151s-desk-chair-by-hadi-tehrani-for-intersthul-2000s\/#local-main-organization-logo","url":"https:\/\/www.retros-gallery.com\/wp-content\/uploads\/2023\/02\/Asset-2@4x-1.png","contentUrl":"https:\/\/www.retros-gallery.com\/wp-content\/uploads\/2023\/02\/Asset-2@4x-1.png","width":2329,"height":248,"caption":"Retros Gallery"}]},"product_price_amount":"1550","product_price_currency":"EUR","og_availability":"instock","product_availability":"instock","product_retailer_item_id":"ARM1023JB01","product_condition":"new"},"_links":{"self":[{"href":"https:\/\/www.retros-gallery.com\/ro\/wp-json\/wp\/v2\/product\/5204","targetHints":{"allow":["GET"]}}],"collection":[{"href":"https:\/\/www.retros-gallery.com\/ro\/wp-json\/wp\/v2\/product"}],"about":[{"href":"https:\/\/www.retros-gallery.com\/ro\/wp-json\/wp\/v2\/types\/product"}],"replies":[{"embeddable":true,"href":"https:\/\/www.retros-gallery.com\/ro\/wp-json\/wp\/v2\/comments?post=5204"}],"wp:featuredmedia":[{"embeddable":true,"href":"https:\/\/www.retros-gallery.com\/ro\/wp-json\/wp\/v2\/media\/5881"}],"wp:attachment":[{"href":"https:\/\/www.retros-gallery.com\/ro\/wp-json\/wp\/v2\/media?parent=5204"}],"wp:term":[{"taxonomy":"product_brand","embeddable":true,"href":"https:\/\/www.retros-gallery.com\/ro\/wp-json\/wp\/v2\/product_brand?post=5204"},{"taxonomy":"product_cat","embeddable":true,"href":"https:\/\/www.retros-gallery.com\/ro\/wp-json\/wp\/v2\/product_cat?post=5204"},{"taxonomy":"product_tag","embeddable":true,"href":"https:\/\/www.retros-gallery.com\/ro\/wp-json\/wp\/v2\/product_tag?post=5204"}],"curies":[{"name":"wp","href":"https:\/\/api.w.org\/{rel}","templated":true}]}}