{"id":5983,"date":"2024-05-03T18:44:27","date_gmt":"2024-05-03T15:44:27","guid":{"rendered":"https:\/\/www.retros-gallery.com\/?post_type=product&#038;p=5983"},"modified":"2025-12-22T01:46:10","modified_gmt":"2025-12-21T22:46:10","slug":"scaune-de-sufragerie-la-mijlocul-secolului-danemarca-anilor-1970-set-de-4","status":"publish","type":"product","link":"https:\/\/www.retros-gallery.com\/ro\/colectii\/canapele-fotolii-scaune\/scaune-2\/scaune-de-sufragerie-la-mijlocul-secolului-danemarca-anilor-1970-set-de-4\/","title":{"rendered":"Scaune de sufragerie Mid Century, Danemarca, anii 1970, set de 4"},"content":{"rendered":"<p>Aceste scaune provin din anii 1970, o perioad\u0103 cunoscut\u0103 pentru liniile sale curate, formele organice \u0219i estetica func\u021bional\u0103. Scaunele au o tapi\u021berie albastr\u0103 asem\u0103n\u0103toare cu oceanul. \u021aes\u0103tura este un amestec durabil, asigur\u00e2nd at\u00e2t confort, c\u00e2t \u0219i longevitate. Fabricate din stejar masiv, ramele prezint\u0103 frumuse\u021bea natural\u0103 a fibrei lemnului. Scaunul din spate este format din 4 linii drepte care coincid cu designul piesei.<\/p>\n<p>&nbsp;<\/p>\n<p>L: 46 D: 48 H: 68 H scaun: 42<\/p>","protected":false},"excerpt":{"rendered":"<p>These chairs hail from the 1970s, a period known for its clean lines, organic forms, and functional aesthetics. The chairs feature an ocean like shade of blue upholstery. The fabric is a durable blend, ensuring both comfort and longevity. Crafted from solid oak, the frames exhibit the natural beauty of wood grain. The back seat [&hellip;]<\/p>","protected":false},"featured_media":5985,"comment_status":"open","ping_status":"closed","template":"","meta":[],"product_brand":[],"product_cat":[35,36,60],"product_tag":[],"class_list":{"0":"post-5983","1":"product","2":"type-product","3":"status-publish","4":"has-post-thumbnail","6":"product_cat-furniture","7":"product_cat-seating","8":"product_cat-chairs","10":"first","11":"instock","12":"shipping-taxable","13":"purchasable","14":"product-type-simple"},"yoast_head":"<!-- This site is optimized with the Yoast SEO Premium plugin v24.6 (Yoast SEO v27.4) - https:\/\/yoast.com\/product\/yoast-seo-premium-wordpress\/ -->\n<title>Mid Century Dining Chairs, Denmark, 1970&#039;s, set of 4 - Retros Gallery<\/title>\n<meta name=\"description\" content=\"Enhance your dining experience with these vintage dining chairs, showcasing the iconic design aesthetic of the 1970s. Visit Retros Gallery for more!\" \/>\n<meta name=\"robots\" content=\"index, follow, max-snippet:-1, max-image-preview:large, max-video-preview:-1\" \/>\n<link rel=\"canonical\" href=\"https:\/\/www.retros-gallery.com\/ro\/colectii\/canapele-fotolii-scaune\/scaune-2\/scaune-de-sufragerie-la-mijlocul-secolului-danemarca-anilor-1970-set-de-4\/\" \/>\n<meta property=\"og:locale\" content=\"ro_RO\" \/>\n<meta property=\"og:type\" content=\"article\" \/>\n<meta property=\"og:title\" content=\"Mid Century Dining Chairs, Denmark, 1970&#039;s, set of 4\" \/>\n<meta property=\"og:description\" content=\"Enhance your dining experience with these vintage dining chairs, showcasing the iconic design aesthetic of the 1970s. Visit Retros Gallery for more!\" \/>\n<meta property=\"og:url\" content=\"https:\/\/www.retros-gallery.com\/ro\/colectii\/canapele-fotolii-scaune\/scaune-2\/scaune-de-sufragerie-la-mijlocul-secolului-danemarca-anilor-1970-set-de-4\/\" \/>\n<meta property=\"og:site_name\" content=\"Retros Gallery\" \/>\n<meta property=\"article:publisher\" content=\"https:\/\/www.facebook.com\/retrosfurniture\/\" \/>\n<meta property=\"article:modified_time\" content=\"2025-12-21T22:46:10+00:00\" \/>\n<meta property=\"og:image\" content=\"https:\/\/www.retros-gallery.com\/wp-content\/uploads\/2024\/04\/Mid-Century-Dining-Chairs-Denmark-1970s-set-of-4-poza2.jpg\" \/>\n\t<meta property=\"og:image:width\" content=\"1300\" \/>\n\t<meta property=\"og:image:height\" content=\"867\" \/>\n\t<meta property=\"og:image:type\" content=\"image\/jpeg\" \/>\n<meta name=\"twitter:card\" content=\"summary_large_image\" \/>\n<meta name=\"twitter:label1\" content=\"Pre\u021b\" \/>\n\t<meta name=\"twitter:data1\" content=\"\u20ac600\" \/>\n\t<meta name=\"twitter:label2\" content=\"Disponibilitate\" \/>\n\t<meta name=\"twitter:data2\" content=\"\u00cen stoc\" \/>\n<script type=\"application\/ld+json\" class=\"yoast-schema-graph\">{\"@context\":\"https:\\\/\\\/schema.org\",\"@graph\":[{\"@type\":\"WebPage\",\"@id\":\"https:\\\/\\\/www.retros-gallery.com\\\/collection\\\/seating\\\/chairs\\\/mid-century-dining-chairs-denmark-1970s-set-of-4\\\/\",\"url\":\"https:\\\/\\\/www.retros-gallery.com\\\/collection\\\/seating\\\/chairs\\\/mid-century-dining-chairs-denmark-1970s-set-of-4\\\/\",\"name\":\"Mid Century Dining Chairs, Denmark, 1970's, set of 4 - Retros Gallery\",\"isPartOf\":{\"@id\":\"https:\\\/\\\/www.retros-gallery.com\\\/#website\"},\"primaryImageOfPage\":{\"@id\":\"https:\\\/\\\/www.retros-gallery.com\\\/collection\\\/seating\\\/chairs\\\/mid-century-dining-chairs-denmark-1970s-set-of-4\\\/#primaryimage\"},\"image\":{\"@id\":\"https:\\\/\\\/www.retros-gallery.com\\\/collection\\\/seating\\\/chairs\\\/mid-century-dining-chairs-denmark-1970s-set-of-4\\\/#primaryimage\"},\"thumbnailUrl\":\"https:\\\/\\\/www.retros-gallery.com\\\/wp-content\\\/uploads\\\/2024\\\/04\\\/Mid-Century-Dining-Chairs-Denmark-1970s-set-of-4-poza2.jpg\",\"datePublished\":\"2024-05-03T15:44:27+00:00\",\"dateModified\":\"2025-12-21T22:46:10+00:00\",\"description\":\"Enhance your dining experience with these vintage dining chairs, showcasing the iconic design aesthetic of the 1970s. Visit Retros Gallery for more!\",\"breadcrumb\":{\"@id\":\"https:\\\/\\\/www.retros-gallery.com\\\/collection\\\/seating\\\/chairs\\\/mid-century-dining-chairs-denmark-1970s-set-of-4\\\/#breadcrumb\"},\"inLanguage\":\"ro-RO\",\"potentialAction\":[{\"@type\":\"ReadAction\",\"target\":[\"https:\\\/\\\/www.retros-gallery.com\\\/collection\\\/seating\\\/chairs\\\/mid-century-dining-chairs-denmark-1970s-set-of-4\\\/\"]}]},{\"@type\":\"ImageObject\",\"inLanguage\":\"ro-RO\",\"@id\":\"https:\\\/\\\/www.retros-gallery.com\\\/collection\\\/seating\\\/chairs\\\/mid-century-dining-chairs-denmark-1970s-set-of-4\\\/#primaryimage\",\"url\":\"https:\\\/\\\/www.retros-gallery.com\\\/wp-content\\\/uploads\\\/2024\\\/04\\\/Mid-Century-Dining-Chairs-Denmark-1970s-set-of-4-poza2.jpg\",\"contentUrl\":\"https:\\\/\\\/www.retros-gallery.com\\\/wp-content\\\/uploads\\\/2024\\\/04\\\/Mid-Century-Dining-Chairs-Denmark-1970s-set-of-4-poza2.jpg\",\"width\":1300,\"height\":867,\"caption\":\"Mid Century Dining Chairs, Denmark, 1970's set of 4-poza2\"},{\"@type\":\"BreadcrumbList\",\"@id\":\"https:\\\/\\\/www.retros-gallery.com\\\/collection\\\/seating\\\/chairs\\\/mid-century-dining-chairs-denmark-1970s-set-of-4\\\/#breadcrumb\",\"itemListElement\":[{\"@type\":\"ListItem\",\"position\":1,\"name\":\"Home\",\"item\":\"https:\\\/\\\/www.retros-gallery.com\\\/\"},{\"@type\":\"ListItem\",\"position\":2,\"name\":\"Collection\",\"item\":\"https:\\\/\\\/www.retros-gallery.com\\\/collection\\\/\"},{\"@type\":\"ListItem\",\"position\":3,\"name\":\"Seating\",\"item\":\"https:\\\/\\\/www.retros-gallery.com\\\/product-category\\\/seating\\\/\"},{\"@type\":\"ListItem\",\"position\":4,\"name\":\"Chairs\",\"item\":\"https:\\\/\\\/www.retros-gallery.com\\\/product-category\\\/seating\\\/chairs\\\/\"},{\"@type\":\"ListItem\",\"position\":5,\"name\":\"Mid Century Dining Chairs, Denmark, 1970&#8217;s, set of 4\"}]},{\"@type\":\"WebSite\",\"@id\":\"https:\\\/\\\/www.retros-gallery.com\\\/#website\",\"url\":\"https:\\\/\\\/www.retros-gallery.com\\\/\",\"name\":\"Retros Gallery\",\"description\":\"Vintage Furniture Vendor\",\"publisher\":{\"@id\":\"https:\\\/\\\/www.retros-gallery.com\\\/#organization\"},\"potentialAction\":[{\"@type\":\"SearchAction\",\"target\":{\"@type\":\"EntryPoint\",\"urlTemplate\":\"https:\\\/\\\/www.retros-gallery.com\\\/?s={search_term_string}\"},\"query-input\":{\"@type\":\"PropertyValueSpecification\",\"valueRequired\":true,\"valueName\":\"search_term_string\"}}],\"inLanguage\":\"ro-RO\"},{\"@type\":[\"Organization\",\"Place\"],\"@id\":\"https:\\\/\\\/www.retros-gallery.com\\\/#organization\",\"name\":\"Retros Gallery\",\"url\":\"https:\\\/\\\/www.retros-gallery.com\\\/\",\"logo\":{\"@id\":\"https:\\\/\\\/www.retros-gallery.com\\\/collection\\\/seating\\\/chairs\\\/mid-century-dining-chairs-denmark-1970s-set-of-4\\\/#local-main-organization-logo\"},\"image\":{\"@id\":\"https:\\\/\\\/www.retros-gallery.com\\\/collection\\\/seating\\\/chairs\\\/mid-century-dining-chairs-denmark-1970s-set-of-4\\\/#local-main-organization-logo\"},\"sameAs\":[\"https:\\\/\\\/www.facebook.com\\\/retrosfurniture\\\/\",\"https:\\\/\\\/www.instagram.com\\\/retros.ro\\\/\"],\"telephone\":[],\"openingHoursSpecification\":[{\"@type\":\"OpeningHoursSpecification\",\"dayOfWeek\":[\"Monday\",\"Tuesday\",\"Wednesday\",\"Thursday\",\"Friday\",\"Saturday\",\"Sunday\"],\"opens\":\"09:00\",\"closes\":\"17:00\"}]},{\"@type\":\"ImageObject\",\"inLanguage\":\"ro-RO\",\"@id\":\"https:\\\/\\\/www.retros-gallery.com\\\/collection\\\/seating\\\/chairs\\\/mid-century-dining-chairs-denmark-1970s-set-of-4\\\/#local-main-organization-logo\",\"url\":\"https:\\\/\\\/www.retros-gallery.com\\\/wp-content\\\/uploads\\\/2023\\\/02\\\/Asset-2@4x-1.png\",\"contentUrl\":\"https:\\\/\\\/www.retros-gallery.com\\\/wp-content\\\/uploads\\\/2023\\\/02\\\/Asset-2@4x-1.png\",\"width\":2329,\"height\":248,\"caption\":\"Retros Gallery\"}]}<\/script>\n<meta property=\"product:price:amount\" content=\"600\" \/>\n<meta property=\"product:price:currency\" content=\"EUR\" \/>\n<meta property=\"og:availability\" content=\"instock\" \/>\n<meta property=\"product:availability\" content=\"instock\" \/>\n<meta property=\"product:retailer_item_id\" content=\"CHA0424BL03\" \/>\n<meta property=\"product:condition\" content=\"new\" \/>\n<!-- \/ Yoast SEO Premium plugin. -->","yoast_head_json":{"title":"Scaune de sufragerie Mid Century, Danemarca, anii 1970, set de 4 - Retros Gallery","description":"\u00cembun\u0103t\u0103\u021bi\u021bi-v\u0103 experien\u021ba de luat masa cu aceste scaune de luat masa de epoc\u0103, prezent\u00e2nd estetica de design emblematic\u0103 a anilor 1970. Vizita\u021bi Galeria Retros pentru mai multe!","robots":{"index":"index","follow":"follow","max-snippet":"max-snippet:-1","max-image-preview":"max-image-preview:large","max-video-preview":"max-video-preview:-1"},"canonical":"https:\/\/www.retros-gallery.com\/ro\/colectii\/canapele-fotolii-scaune\/scaune-2\/scaune-de-sufragerie-la-mijlocul-secolului-danemarca-anilor-1970-set-de-4\/","og_locale":"ro_RO","og_type":"article","og_title":"Mid Century Dining Chairs, Denmark, 1970's, set of 4","og_description":"Enhance your dining experience with these vintage dining chairs, showcasing the iconic design aesthetic of the 1970s. Visit Retros Gallery for more!","og_url":"https:\/\/www.retros-gallery.com\/ro\/colectii\/canapele-fotolii-scaune\/scaune-2\/scaune-de-sufragerie-la-mijlocul-secolului-danemarca-anilor-1970-set-de-4\/","og_site_name":"Retros Gallery","article_publisher":"https:\/\/www.facebook.com\/retrosfurniture\/","article_modified_time":"2025-12-21T22:46:10+00:00","og_image":[{"width":1300,"height":867,"url":"https:\/\/www.retros-gallery.com\/wp-content\/uploads\/2024\/04\/Mid-Century-Dining-Chairs-Denmark-1970s-set-of-4-poza2.jpg","type":"image\/jpeg"}],"twitter_card":"summary_large_image","twitter_misc":{"Pre\u021b":"\u20ac600","Disponibilitate":"\u00cen stoc"},"schema":{"@context":"https:\/\/schema.org","@graph":[{"@type":"WebPage","@id":"https:\/\/www.retros-gallery.com\/collection\/seating\/chairs\/mid-century-dining-chairs-denmark-1970s-set-of-4\/","url":"https:\/\/www.retros-gallery.com\/collection\/seating\/chairs\/mid-century-dining-chairs-denmark-1970s-set-of-4\/","name":"Scaune de sufragerie Mid Century, Danemarca, anii 1970, set de 4 - Retros Gallery","isPartOf":{"@id":"https:\/\/www.retros-gallery.com\/#website"},"primaryImageOfPage":{"@id":"https:\/\/www.retros-gallery.com\/collection\/seating\/chairs\/mid-century-dining-chairs-denmark-1970s-set-of-4\/#primaryimage"},"image":{"@id":"https:\/\/www.retros-gallery.com\/collection\/seating\/chairs\/mid-century-dining-chairs-denmark-1970s-set-of-4\/#primaryimage"},"thumbnailUrl":"https:\/\/www.retros-gallery.com\/wp-content\/uploads\/2024\/04\/Mid-Century-Dining-Chairs-Denmark-1970s-set-of-4-poza2.jpg","datePublished":"2024-05-03T15:44:27+00:00","dateModified":"2025-12-21T22:46:10+00:00","description":"\u00cembun\u0103t\u0103\u021bi\u021bi-v\u0103 experien\u021ba de luat masa cu aceste scaune de luat masa de epoc\u0103, prezent\u00e2nd estetica de design emblematic\u0103 a anilor 1970. Vizita\u021bi Galeria Retros pentru mai multe!","breadcrumb":{"@id":"https:\/\/www.retros-gallery.com\/collection\/seating\/chairs\/mid-century-dining-chairs-denmark-1970s-set-of-4\/#breadcrumb"},"inLanguage":"ro-RO","potentialAction":[{"@type":"ReadAction","target":["https:\/\/www.retros-gallery.com\/collection\/seating\/chairs\/mid-century-dining-chairs-denmark-1970s-set-of-4\/"]}]},{"@type":"ImageObject","inLanguage":"ro-RO","@id":"https:\/\/www.retros-gallery.com\/collection\/seating\/chairs\/mid-century-dining-chairs-denmark-1970s-set-of-4\/#primaryimage","url":"https:\/\/www.retros-gallery.com\/wp-content\/uploads\/2024\/04\/Mid-Century-Dining-Chairs-Denmark-1970s-set-of-4-poza2.jpg","contentUrl":"https:\/\/www.retros-gallery.com\/wp-content\/uploads\/2024\/04\/Mid-Century-Dining-Chairs-Denmark-1970s-set-of-4-poza2.jpg","width":1300,"height":867,"caption":"Mid Century Dining Chairs, Denmark, 1970's set of 4-poza2"},{"@type":"BreadcrumbList","@id":"https:\/\/www.retros-gallery.com\/collection\/seating\/chairs\/mid-century-dining-chairs-denmark-1970s-set-of-4\/#breadcrumb","itemListElement":[{"@type":"ListItem","position":1,"name":"Home","item":"https:\/\/www.retros-gallery.com\/"},{"@type":"ListItem","position":2,"name":"Collection","item":"https:\/\/www.retros-gallery.com\/collection\/"},{"@type":"ListItem","position":3,"name":"Seating","item":"https:\/\/www.retros-gallery.com\/product-category\/seating\/"},{"@type":"ListItem","position":4,"name":"Chairs","item":"https:\/\/www.retros-gallery.com\/product-category\/seating\/chairs\/"},{"@type":"ListItem","position":5,"name":"Mid Century Dining Chairs, Denmark, 1970&#8217;s, set of 4"}]},{"@type":"WebSite","@id":"https:\/\/www.retros-gallery.com\/#website","url":"https:\/\/www.retros-gallery.com\/","name":"Retros Gallery","description":"V\u00e2nz\u0103tor de mobil\u0103 de epoc\u0103","publisher":{"@id":"https:\/\/www.retros-gallery.com\/#organization"},"potentialAction":[{"@type":"SearchAction","target":{"@type":"EntryPoint","urlTemplate":"https:\/\/www.retros-gallery.com\/?s={search_term_string}"},"query-input":{"@type":"PropertyValueSpecification","valueRequired":true,"valueName":"search_term_string"}}],"inLanguage":"ro-RO"},{"@type":["Organization","Place"],"@id":"https:\/\/www.retros-gallery.com\/#organization","name":"Retros Gallery","url":"https:\/\/www.retros-gallery.com\/","logo":{"@id":"https:\/\/www.retros-gallery.com\/collection\/seating\/chairs\/mid-century-dining-chairs-denmark-1970s-set-of-4\/#local-main-organization-logo"},"image":{"@id":"https:\/\/www.retros-gallery.com\/collection\/seating\/chairs\/mid-century-dining-chairs-denmark-1970s-set-of-4\/#local-main-organization-logo"},"sameAs":["https:\/\/www.facebook.com\/retrosfurniture\/","https:\/\/www.instagram.com\/retros.ro\/"],"telephone":[],"openingHoursSpecification":[{"@type":"OpeningHoursSpecification","dayOfWeek":["Monday","Tuesday","Wednesday","Thursday","Friday","Saturday","Sunday"],"opens":"09:00","closes":"17:00"}]},{"@type":"ImageObject","inLanguage":"ro-RO","@id":"https:\/\/www.retros-gallery.com\/collection\/seating\/chairs\/mid-century-dining-chairs-denmark-1970s-set-of-4\/#local-main-organization-logo","url":"https:\/\/www.retros-gallery.com\/wp-content\/uploads\/2023\/02\/Asset-2@4x-1.png","contentUrl":"https:\/\/www.retros-gallery.com\/wp-content\/uploads\/2023\/02\/Asset-2@4x-1.png","width":2329,"height":248,"caption":"Retros Gallery"}]},"product_price_amount":"600","product_price_currency":"EUR","og_availability":"instock","product_availability":"instock","product_retailer_item_id":"CHA0424BL03","product_condition":"new"},"_links":{"self":[{"href":"https:\/\/www.retros-gallery.com\/ro\/wp-json\/wp\/v2\/product\/5983","targetHints":{"allow":["GET"]}}],"collection":[{"href":"https:\/\/www.retros-gallery.com\/ro\/wp-json\/wp\/v2\/product"}],"about":[{"href":"https:\/\/www.retros-gallery.com\/ro\/wp-json\/wp\/v2\/types\/product"}],"replies":[{"embeddable":true,"href":"https:\/\/www.retros-gallery.com\/ro\/wp-json\/wp\/v2\/comments?post=5983"}],"wp:featuredmedia":[{"embeddable":true,"href":"https:\/\/www.retros-gallery.com\/ro\/wp-json\/wp\/v2\/media\/5985"}],"wp:attachment":[{"href":"https:\/\/www.retros-gallery.com\/ro\/wp-json\/wp\/v2\/media?parent=5983"}],"wp:term":[{"taxonomy":"product_brand","embeddable":true,"href":"https:\/\/www.retros-gallery.com\/ro\/wp-json\/wp\/v2\/product_brand?post=5983"},{"taxonomy":"product_cat","embeddable":true,"href":"https:\/\/www.retros-gallery.com\/ro\/wp-json\/wp\/v2\/product_cat?post=5983"},{"taxonomy":"product_tag","embeddable":true,"href":"https:\/\/www.retros-gallery.com\/ro\/wp-json\/wp\/v2\/product_tag?post=5983"}],"curies":[{"name":"wp","href":"https:\/\/api.w.org\/{rel}","templated":true}]}}