{"id":6475,"date":"2024-07-30T14:13:09","date_gmt":"2024-07-30T11:13:09","guid":{"rendered":"https:\/\/www.retros-gallery.com\/?post_type=product&#038;p=6475"},"modified":"2025-12-22T01:46:11","modified_gmt":"2025-12-21T22:46:11","slug":"mijlocul-secolului-walter-knoll-369-model-masuta-de-cafea-germania","status":"publish","type":"product","link":"https:\/\/www.retros-gallery.com\/ro\/colectii\/mobilier\/masute-de-cafea\/mijlocul-secolului-walter-knoll-369-model-masuta-de-cafea-germania\/","title":{"rendered":"Masuta de cafea model Walter Knoll 369 Mid Century, Germania"},"content":{"rendered":"<p>Masuta de cafea Model 369, proiectata de renumitul Walter Knoll este o oda simplitatii. Blatul s\u0103u din sticl\u0103 perfect rotund permite o vedere clar\u0103 a cadrului de dedesubt, dezv\u0103luind picioarele sub\u021biri cromate de dedesubt.<\/p>","protected":false},"excerpt":{"rendered":"<p>Masuta de cafea Model 369, proiectata de renumitul Walter Knoll este o oda simplitatii. Blatul s\u0103u din sticl\u0103 perfect rotund permite o vedere clar\u0103 a cadrului de dedesubt, dezv\u0103luind picioarele sub\u021biri cromate de dedesubt.<\/p>","protected":false},"featured_media":6477,"comment_status":"open","ping_status":"closed","template":"","meta":[],"product_brand":[],"product_cat":[35,42],"product_tag":[],"class_list":{"0":"post-6475","1":"product","2":"type-product","3":"status-publish","4":"has-post-thumbnail","6":"product_cat-furniture","7":"product_cat-coffee-tables","9":"first","10":"instock","11":"shipping-taxable","12":"purchasable","13":"product-type-simple"},"yoast_head":"<!-- This site is optimized with the Yoast SEO Premium plugin v24.6 (Yoast SEO v27.4) - https:\/\/yoast.com\/product\/yoast-seo-premium-wordpress\/ -->\n<title>Mid Century Walter Knoll 369 Model Coffee Table, Germany - Retros Gallery<\/title>\n<meta name=\"description\" content=\"Experience timeless elegance with the Knoll 369 Model Coffee Table, created by the famous designer. Visit Retros Gallery for more rare pieces!\" \/>\n<meta name=\"robots\" content=\"index, follow, max-snippet:-1, max-image-preview:large, max-video-preview:-1\" \/>\n<link rel=\"canonical\" href=\"https:\/\/www.retros-gallery.com\/ro\/colectii\/mobilier\/masute-de-cafea\/mijlocul-secolului-walter-knoll-369-model-masuta-de-cafea-germania\/\" \/>\n<meta property=\"og:locale\" content=\"ro_RO\" \/>\n<meta property=\"og:type\" content=\"article\" \/>\n<meta property=\"og:title\" content=\"Mid Century Walter Knoll 369 Model Coffee Table, Germany\" \/>\n<meta property=\"og:description\" content=\"Experience timeless elegance with the Knoll 369 Model Coffee Table, created by the famous designer. Visit Retros Gallery for more rare pieces!\" \/>\n<meta property=\"og:url\" content=\"https:\/\/www.retros-gallery.com\/ro\/colectii\/mobilier\/masute-de-cafea\/mijlocul-secolului-walter-knoll-369-model-masuta-de-cafea-germania\/\" \/>\n<meta property=\"og:site_name\" content=\"Retros Gallery\" \/>\n<meta property=\"article:publisher\" content=\"https:\/\/www.facebook.com\/retrosfurniture\/\" \/>\n<meta property=\"article:modified_time\" content=\"2025-12-21T22:46:11+00:00\" \/>\n<meta property=\"og:image\" content=\"https:\/\/www.retros-gallery.com\/wp-content\/uploads\/2024\/07\/Mid-Century-Walter-Knoll-369-Modell-Coffe-Table-Germany-poza2-scaled.jpeg\" \/>\n\t<meta property=\"og:image:width\" content=\"1920\" \/>\n\t<meta property=\"og:image:height\" content=\"2560\" \/>\n\t<meta property=\"og:image:type\" content=\"image\/jpeg\" \/>\n<meta name=\"twitter:card\" content=\"summary_large_image\" \/>\n<meta name=\"twitter:label1\" content=\"Pre\u021b\" \/>\n\t<meta name=\"twitter:data1\" content=\"\u20ac300\" \/>\n\t<meta name=\"twitter:label2\" content=\"Disponibilitate\" \/>\n\t<meta name=\"twitter:data2\" content=\"\u00cen stoc\" \/>\n<script type=\"application\/ld+json\" class=\"yoast-schema-graph\">{\"@context\":\"https:\\\/\\\/schema.org\",\"@graph\":[{\"@type\":\"WebPage\",\"@id\":\"https:\\\/\\\/www.retros-gallery.com\\\/collection\\\/furniture\\\/coffee-tables\\\/mid-century-walter-knoll-369-model-coffee-table-germany\\\/\",\"url\":\"https:\\\/\\\/www.retros-gallery.com\\\/collection\\\/furniture\\\/coffee-tables\\\/mid-century-walter-knoll-369-model-coffee-table-germany\\\/\",\"name\":\"Mid Century Walter Knoll 369 Model Coffee Table, Germany - Retros Gallery\",\"isPartOf\":{\"@id\":\"https:\\\/\\\/www.retros-gallery.com\\\/#website\"},\"primaryImageOfPage\":{\"@id\":\"https:\\\/\\\/www.retros-gallery.com\\\/collection\\\/furniture\\\/coffee-tables\\\/mid-century-walter-knoll-369-model-coffee-table-germany\\\/#primaryimage\"},\"image\":{\"@id\":\"https:\\\/\\\/www.retros-gallery.com\\\/collection\\\/furniture\\\/coffee-tables\\\/mid-century-walter-knoll-369-model-coffee-table-germany\\\/#primaryimage\"},\"thumbnailUrl\":\"https:\\\/\\\/www.retros-gallery.com\\\/wp-content\\\/uploads\\\/2024\\\/07\\\/Mid-Century-Walter-Knoll-369-Modell-Coffe-Table-Germany-poza2-scaled.jpeg\",\"datePublished\":\"2024-07-30T11:13:09+00:00\",\"dateModified\":\"2025-12-21T22:46:11+00:00\",\"description\":\"Experience timeless elegance with the Knoll 369 Model Coffee Table, created by the famous designer. Visit Retros Gallery for more rare pieces!\",\"breadcrumb\":{\"@id\":\"https:\\\/\\\/www.retros-gallery.com\\\/collection\\\/furniture\\\/coffee-tables\\\/mid-century-walter-knoll-369-model-coffee-table-germany\\\/#breadcrumb\"},\"inLanguage\":\"ro-RO\",\"potentialAction\":[{\"@type\":\"ReadAction\",\"target\":[\"https:\\\/\\\/www.retros-gallery.com\\\/collection\\\/furniture\\\/coffee-tables\\\/mid-century-walter-knoll-369-model-coffee-table-germany\\\/\"]}]},{\"@type\":\"ImageObject\",\"inLanguage\":\"ro-RO\",\"@id\":\"https:\\\/\\\/www.retros-gallery.com\\\/collection\\\/furniture\\\/coffee-tables\\\/mid-century-walter-knoll-369-model-coffee-table-germany\\\/#primaryimage\",\"url\":\"https:\\\/\\\/www.retros-gallery.com\\\/wp-content\\\/uploads\\\/2024\\\/07\\\/Mid-Century-Walter-Knoll-369-Modell-Coffe-Table-Germany-poza2-scaled.jpeg\",\"contentUrl\":\"https:\\\/\\\/www.retros-gallery.com\\\/wp-content\\\/uploads\\\/2024\\\/07\\\/Mid-Century-Walter-Knoll-369-Modell-Coffe-Table-Germany-poza2-scaled.jpeg\",\"width\":1920,\"height\":2560,\"caption\":\"Mid-Century-Walter-Knoll-369-Modell-Coffe-Table-Germany-poza2-scaled.jpeg\"},{\"@type\":\"BreadcrumbList\",\"@id\":\"https:\\\/\\\/www.retros-gallery.com\\\/collection\\\/furniture\\\/coffee-tables\\\/mid-century-walter-knoll-369-model-coffee-table-germany\\\/#breadcrumb\",\"itemListElement\":[{\"@type\":\"ListItem\",\"position\":1,\"name\":\"Home\",\"item\":\"https:\\\/\\\/www.retros-gallery.com\\\/\"},{\"@type\":\"ListItem\",\"position\":2,\"name\":\"Collection\",\"item\":\"https:\\\/\\\/www.retros-gallery.com\\\/collection\\\/\"},{\"@type\":\"ListItem\",\"position\":3,\"name\":\"Furniture\",\"item\":\"https:\\\/\\\/www.retros-gallery.com\\\/product-category\\\/furniture\\\/\"},{\"@type\":\"ListItem\",\"position\":4,\"name\":\"Coffee Tables\",\"item\":\"https:\\\/\\\/www.retros-gallery.com\\\/product-category\\\/furniture\\\/coffee-tables\\\/\"},{\"@type\":\"ListItem\",\"position\":5,\"name\":\"Mid Century Walter Knoll 369 Model Coffee Table, Germany\"}]},{\"@type\":\"WebSite\",\"@id\":\"https:\\\/\\\/www.retros-gallery.com\\\/#website\",\"url\":\"https:\\\/\\\/www.retros-gallery.com\\\/\",\"name\":\"Retros Gallery\",\"description\":\"Vintage Furniture Vendor\",\"publisher\":{\"@id\":\"https:\\\/\\\/www.retros-gallery.com\\\/#organization\"},\"potentialAction\":[{\"@type\":\"SearchAction\",\"target\":{\"@type\":\"EntryPoint\",\"urlTemplate\":\"https:\\\/\\\/www.retros-gallery.com\\\/?s={search_term_string}\"},\"query-input\":{\"@type\":\"PropertyValueSpecification\",\"valueRequired\":true,\"valueName\":\"search_term_string\"}}],\"inLanguage\":\"ro-RO\"},{\"@type\":[\"Organization\",\"Place\"],\"@id\":\"https:\\\/\\\/www.retros-gallery.com\\\/#organization\",\"name\":\"Retros Gallery\",\"url\":\"https:\\\/\\\/www.retros-gallery.com\\\/\",\"logo\":{\"@id\":\"https:\\\/\\\/www.retros-gallery.com\\\/collection\\\/furniture\\\/coffee-tables\\\/mid-century-walter-knoll-369-model-coffee-table-germany\\\/#local-main-organization-logo\"},\"image\":{\"@id\":\"https:\\\/\\\/www.retros-gallery.com\\\/collection\\\/furniture\\\/coffee-tables\\\/mid-century-walter-knoll-369-model-coffee-table-germany\\\/#local-main-organization-logo\"},\"sameAs\":[\"https:\\\/\\\/www.facebook.com\\\/retrosfurniture\\\/\",\"https:\\\/\\\/www.instagram.com\\\/retros.ro\\\/\"],\"telephone\":[],\"openingHoursSpecification\":[{\"@type\":\"OpeningHoursSpecification\",\"dayOfWeek\":[\"Monday\",\"Tuesday\",\"Wednesday\",\"Thursday\",\"Friday\",\"Saturday\",\"Sunday\"],\"opens\":\"09:00\",\"closes\":\"17:00\"}]},{\"@type\":\"ImageObject\",\"inLanguage\":\"ro-RO\",\"@id\":\"https:\\\/\\\/www.retros-gallery.com\\\/collection\\\/furniture\\\/coffee-tables\\\/mid-century-walter-knoll-369-model-coffee-table-germany\\\/#local-main-organization-logo\",\"url\":\"https:\\\/\\\/www.retros-gallery.com\\\/wp-content\\\/uploads\\\/2023\\\/02\\\/Asset-2@4x-1.png\",\"contentUrl\":\"https:\\\/\\\/www.retros-gallery.com\\\/wp-content\\\/uploads\\\/2023\\\/02\\\/Asset-2@4x-1.png\",\"width\":2329,\"height\":248,\"caption\":\"Retros Gallery\"}]}<\/script>\n<meta property=\"product:price:amount\" content=\"300\" \/>\n<meta property=\"product:price:currency\" content=\"EUR\" \/>\n<meta property=\"og:availability\" content=\"instock\" \/>\n<meta property=\"product:availability\" content=\"instock\" \/>\n<meta property=\"product:retailer_item_id\" content=\"WLT0624CH03\" \/>\n<meta property=\"product:condition\" content=\"new\" \/>\n<!-- \/ Yoast SEO Premium plugin. -->","yoast_head_json":{"title":"Masuta de cafea model Walter Knoll 369 Mid Century, Germania - Galeria Retro","description":"Experimenta\u021bi o elegan\u021b\u0103 atemporal\u0103 cu Masuta de cafea model Knoll 369, creat\u0103 de celebrul designer. Vizita\u021bi Galeria Retros pentru mai multe piese rare!","robots":{"index":"index","follow":"follow","max-snippet":"max-snippet:-1","max-image-preview":"max-image-preview:large","max-video-preview":"max-video-preview:-1"},"canonical":"https:\/\/www.retros-gallery.com\/ro\/colectii\/mobilier\/masute-de-cafea\/mijlocul-secolului-walter-knoll-369-model-masuta-de-cafea-germania\/","og_locale":"ro_RO","og_type":"article","og_title":"Mid Century Walter Knoll 369 Model Coffee Table, Germany","og_description":"Experience timeless elegance with the Knoll 369 Model Coffee Table, created by the famous designer. Visit Retros Gallery for more rare pieces!","og_url":"https:\/\/www.retros-gallery.com\/ro\/colectii\/mobilier\/masute-de-cafea\/mijlocul-secolului-walter-knoll-369-model-masuta-de-cafea-germania\/","og_site_name":"Retros Gallery","article_publisher":"https:\/\/www.facebook.com\/retrosfurniture\/","article_modified_time":"2025-12-21T22:46:11+00:00","og_image":[{"width":1920,"height":2560,"url":"https:\/\/www.retros-gallery.com\/wp-content\/uploads\/2024\/07\/Mid-Century-Walter-Knoll-369-Modell-Coffe-Table-Germany-poza2-scaled.jpeg","type":"image\/jpeg"}],"twitter_card":"summary_large_image","twitter_misc":{"Pre\u021b":"\u20ac300","Disponibilitate":"\u00cen stoc"},"schema":{"@context":"https:\/\/schema.org","@graph":[{"@type":"WebPage","@id":"https:\/\/www.retros-gallery.com\/collection\/furniture\/coffee-tables\/mid-century-walter-knoll-369-model-coffee-table-germany\/","url":"https:\/\/www.retros-gallery.com\/collection\/furniture\/coffee-tables\/mid-century-walter-knoll-369-model-coffee-table-germany\/","name":"Masuta de cafea model Walter Knoll 369 Mid Century, Germania - Galeria Retro","isPartOf":{"@id":"https:\/\/www.retros-gallery.com\/#website"},"primaryImageOfPage":{"@id":"https:\/\/www.retros-gallery.com\/collection\/furniture\/coffee-tables\/mid-century-walter-knoll-369-model-coffee-table-germany\/#primaryimage"},"image":{"@id":"https:\/\/www.retros-gallery.com\/collection\/furniture\/coffee-tables\/mid-century-walter-knoll-369-model-coffee-table-germany\/#primaryimage"},"thumbnailUrl":"https:\/\/www.retros-gallery.com\/wp-content\/uploads\/2024\/07\/Mid-Century-Walter-Knoll-369-Modell-Coffe-Table-Germany-poza2-scaled.jpeg","datePublished":"2024-07-30T11:13:09+00:00","dateModified":"2025-12-21T22:46:11+00:00","description":"Experimenta\u021bi o elegan\u021b\u0103 atemporal\u0103 cu Masuta de cafea model Knoll 369, creat\u0103 de celebrul designer. Vizita\u021bi Galeria Retros pentru mai multe piese rare!","breadcrumb":{"@id":"https:\/\/www.retros-gallery.com\/collection\/furniture\/coffee-tables\/mid-century-walter-knoll-369-model-coffee-table-germany\/#breadcrumb"},"inLanguage":"ro-RO","potentialAction":[{"@type":"ReadAction","target":["https:\/\/www.retros-gallery.com\/collection\/furniture\/coffee-tables\/mid-century-walter-knoll-369-model-coffee-table-germany\/"]}]},{"@type":"ImageObject","inLanguage":"ro-RO","@id":"https:\/\/www.retros-gallery.com\/collection\/furniture\/coffee-tables\/mid-century-walter-knoll-369-model-coffee-table-germany\/#primaryimage","url":"https:\/\/www.retros-gallery.com\/wp-content\/uploads\/2024\/07\/Mid-Century-Walter-Knoll-369-Modell-Coffe-Table-Germany-poza2-scaled.jpeg","contentUrl":"https:\/\/www.retros-gallery.com\/wp-content\/uploads\/2024\/07\/Mid-Century-Walter-Knoll-369-Modell-Coffe-Table-Germany-poza2-scaled.jpeg","width":1920,"height":2560,"caption":"Mid-Century-Walter-Knoll-369-Modell-Coffe-Table-Germany-poza2-scaled.jpeg"},{"@type":"BreadcrumbList","@id":"https:\/\/www.retros-gallery.com\/collection\/furniture\/coffee-tables\/mid-century-walter-knoll-369-model-coffee-table-germany\/#breadcrumb","itemListElement":[{"@type":"ListItem","position":1,"name":"Home","item":"https:\/\/www.retros-gallery.com\/"},{"@type":"ListItem","position":2,"name":"Collection","item":"https:\/\/www.retros-gallery.com\/collection\/"},{"@type":"ListItem","position":3,"name":"Furniture","item":"https:\/\/www.retros-gallery.com\/product-category\/furniture\/"},{"@type":"ListItem","position":4,"name":"Coffee Tables","item":"https:\/\/www.retros-gallery.com\/product-category\/furniture\/coffee-tables\/"},{"@type":"ListItem","position":5,"name":"Mid Century Walter Knoll 369 Model Coffee Table, Germany"}]},{"@type":"WebSite","@id":"https:\/\/www.retros-gallery.com\/#website","url":"https:\/\/www.retros-gallery.com\/","name":"Retros Gallery","description":"V\u00e2nz\u0103tor de mobil\u0103 de epoc\u0103","publisher":{"@id":"https:\/\/www.retros-gallery.com\/#organization"},"potentialAction":[{"@type":"SearchAction","target":{"@type":"EntryPoint","urlTemplate":"https:\/\/www.retros-gallery.com\/?s={search_term_string}"},"query-input":{"@type":"PropertyValueSpecification","valueRequired":true,"valueName":"search_term_string"}}],"inLanguage":"ro-RO"},{"@type":["Organization","Place"],"@id":"https:\/\/www.retros-gallery.com\/#organization","name":"Retros Gallery","url":"https:\/\/www.retros-gallery.com\/","logo":{"@id":"https:\/\/www.retros-gallery.com\/collection\/furniture\/coffee-tables\/mid-century-walter-knoll-369-model-coffee-table-germany\/#local-main-organization-logo"},"image":{"@id":"https:\/\/www.retros-gallery.com\/collection\/furniture\/coffee-tables\/mid-century-walter-knoll-369-model-coffee-table-germany\/#local-main-organization-logo"},"sameAs":["https:\/\/www.facebook.com\/retrosfurniture\/","https:\/\/www.instagram.com\/retros.ro\/"],"telephone":[],"openingHoursSpecification":[{"@type":"OpeningHoursSpecification","dayOfWeek":["Monday","Tuesday","Wednesday","Thursday","Friday","Saturday","Sunday"],"opens":"09:00","closes":"17:00"}]},{"@type":"ImageObject","inLanguage":"ro-RO","@id":"https:\/\/www.retros-gallery.com\/collection\/furniture\/coffee-tables\/mid-century-walter-knoll-369-model-coffee-table-germany\/#local-main-organization-logo","url":"https:\/\/www.retros-gallery.com\/wp-content\/uploads\/2023\/02\/Asset-2@4x-1.png","contentUrl":"https:\/\/www.retros-gallery.com\/wp-content\/uploads\/2023\/02\/Asset-2@4x-1.png","width":2329,"height":248,"caption":"Retros Gallery"}]},"product_price_amount":"300","product_price_currency":"EUR","og_availability":"instock","product_availability":"instock","product_retailer_item_id":"WLT0624CH03","product_condition":"new"},"_links":{"self":[{"href":"https:\/\/www.retros-gallery.com\/ro\/wp-json\/wp\/v2\/product\/6475","targetHints":{"allow":["GET"]}}],"collection":[{"href":"https:\/\/www.retros-gallery.com\/ro\/wp-json\/wp\/v2\/product"}],"about":[{"href":"https:\/\/www.retros-gallery.com\/ro\/wp-json\/wp\/v2\/types\/product"}],"replies":[{"embeddable":true,"href":"https:\/\/www.retros-gallery.com\/ro\/wp-json\/wp\/v2\/comments?post=6475"}],"wp:featuredmedia":[{"embeddable":true,"href":"https:\/\/www.retros-gallery.com\/ro\/wp-json\/wp\/v2\/media\/6477"}],"wp:attachment":[{"href":"https:\/\/www.retros-gallery.com\/ro\/wp-json\/wp\/v2\/media?parent=6475"}],"wp:term":[{"taxonomy":"product_brand","embeddable":true,"href":"https:\/\/www.retros-gallery.com\/ro\/wp-json\/wp\/v2\/product_brand?post=6475"},{"taxonomy":"product_cat","embeddable":true,"href":"https:\/\/www.retros-gallery.com\/ro\/wp-json\/wp\/v2\/product_cat?post=6475"},{"taxonomy":"product_tag","embeddable":true,"href":"https:\/\/www.retros-gallery.com\/ro\/wp-json\/wp\/v2\/product_tag?post=6475"}],"curies":[{"name":"wp","href":"https:\/\/api.w.org\/{rel}","templated":true}]}}