{"id":7492,"date":"2024-11-29T01:11:36","date_gmt":"2024-11-28T22:11:36","guid":{"rendered":"https:\/\/www.retros-gallery.com\/?post_type=product&#038;p=7492"},"modified":"2026-04-05T16:36:28","modified_gmt":"2026-04-05T13:36:28","slug":"bufet-vintage-din-lemn-de-trandafir-danemarca-anii-1970","status":"publish","type":"product","link":"https:\/\/www.retros-gallery.com\/ro\/colectii\/mobilier\/comode-bufete-vintage\/bufet-vintage-din-lemn-de-trandafir-danemarca-anii-1970\/","title":{"rendered":"Comod\u0103 vintage din lemn de trandafir, Danemarca, anii 1970"},"content":{"rendered":"<p>Bufeta din lemn de trandafir, realizat\u0103 \u00een Danemarca \u00een anii 70, este o pies\u0103 uimitoare de design scandinav. Piesa are lemn de trandafir cu granula\u021bie bogat\u0103 \u0219i un design curat, care, \u00een plus, eviden\u021biaz\u0103 frumuse\u021bea natural\u0103 a lemnului. Cu mult spa\u021biu de depozitare, bufetul prezint\u0103 dou\u0103 materiale textile sub\u021biri speciale c\u0103ptu\u0219ite \u00een sertare verzi pentru bijuterii sau c\u0103r\u021bi de joc, ceea ce \u00eel face cu totul special.<\/p>","protected":false},"excerpt":{"rendered":"<p>The Rosewood Sideboard crafted in Denmark in the 70&#8217;s, is a stunning piece of Scandinavian design. The piece features rich grained rosewood and a clean design, which furthermore highlights the natural beauty of the wood. With plenty of storage space, the sideboard presents two special thin textile padded in green drawers for jewellery or playing [&hellip;]<\/p>","protected":false},"featured_media":8270,"comment_status":"open","ping_status":"closed","template":"","meta":[],"product_brand":[],"product_cat":[35,47],"product_tag":[],"class_list":{"0":"post-7492","1":"product","2":"type-product","3":"status-publish","4":"has-post-thumbnail","6":"product_cat-furniture","7":"product_cat-vintage-sideboards","9":"first","10":"instock","11":"shipping-taxable","12":"purchasable","13":"product-type-simple"},"yoast_head":"<!-- This site is optimized with the Yoast SEO Premium plugin v24.6 (Yoast SEO v27.5) - https:\/\/yoast.com\/product\/yoast-seo-premium-wordpress\/ -->\n<title>Vintage Rosewood Sideboard, Denmark 1970&#039;s - Retros Gallery<\/title>\n<meta name=\"description\" content=\"Mid-Century rosewood sideboard Denmark, 1970s. Showcasing rich wood grain, clean lines, and ample storage, perfect for timeless elegance in any space.\" \/>\n<meta name=\"robots\" content=\"index, follow, max-snippet:-1, max-image-preview:large, max-video-preview:-1\" \/>\n<link rel=\"canonical\" href=\"https:\/\/www.retros-gallery.com\/ro\/colectii\/mobilier\/comode-bufete-vintage\/bufet-vintage-din-lemn-de-trandafir-danemarca-anii-1970\/\" \/>\n<meta property=\"og:locale\" content=\"ro_RO\" \/>\n<meta property=\"og:type\" content=\"article\" \/>\n<meta property=\"og:title\" content=\"Vintage Rosewood Sideboard, Denmark 1970&#039;s\" \/>\n<meta property=\"og:description\" content=\"Mid-Century rosewood sideboard Denmark, 1970s. Showcasing rich wood grain, clean lines, and ample storage, perfect for timeless elegance in any space.\" \/>\n<meta property=\"og:url\" content=\"https:\/\/www.retros-gallery.com\/ro\/colectii\/mobilier\/comode-bufete-vintage\/bufet-vintage-din-lemn-de-trandafir-danemarca-anii-1970\/\" \/>\n<meta property=\"og:site_name\" content=\"Retros Gallery\" \/>\n<meta property=\"article:publisher\" content=\"https:\/\/www.facebook.com\/retrosfurniture\/\" \/>\n<meta property=\"article:modified_time\" content=\"2026-04-05T13:36:28+00:00\" \/>\n<meta property=\"og:image\" content=\"https:\/\/www.retros-gallery.com\/wp-content\/uploads\/2024\/11\/DSC01911-poza1-1.jpg\" \/>\n\t<meta property=\"og:image:width\" content=\"1300\" \/>\n\t<meta property=\"og:image:height\" content=\"867\" \/>\n\t<meta property=\"og:image:type\" content=\"image\/jpeg\" \/>\n<meta name=\"twitter:card\" content=\"summary_large_image\" \/>\n<meta name=\"twitter:label1\" content=\"Pre\u021b\" \/>\n\t<meta name=\"twitter:data1\" content=\"\u20ac1.600\" \/>\n\t<meta name=\"twitter:label2\" content=\"Disponibilitate\" \/>\n\t<meta name=\"twitter:data2\" content=\"\u00cen stoc\" \/>\n<script type=\"application\/ld+json\" class=\"yoast-schema-graph\">{\"@context\":\"https:\\\/\\\/schema.org\",\"@graph\":[{\"@type\":\"WebPage\",\"@id\":\"https:\\\/\\\/www.retros-gallery.com\\\/collection\\\/furniture\\\/vintage-sideboards\\\/vintage-rosewood-sideboard-denmark-1970s\\\/\",\"url\":\"https:\\\/\\\/www.retros-gallery.com\\\/collection\\\/furniture\\\/vintage-sideboards\\\/vintage-rosewood-sideboard-denmark-1970s\\\/\",\"name\":\"Vintage Rosewood Sideboard, Denmark 1970's - Retros Gallery\",\"isPartOf\":{\"@id\":\"https:\\\/\\\/www.retros-gallery.com\\\/#website\"},\"primaryImageOfPage\":{\"@id\":\"https:\\\/\\\/www.retros-gallery.com\\\/collection\\\/furniture\\\/vintage-sideboards\\\/vintage-rosewood-sideboard-denmark-1970s\\\/#primaryimage\"},\"image\":{\"@id\":\"https:\\\/\\\/www.retros-gallery.com\\\/collection\\\/furniture\\\/vintage-sideboards\\\/vintage-rosewood-sideboard-denmark-1970s\\\/#primaryimage\"},\"thumbnailUrl\":\"https:\\\/\\\/www.retros-gallery.com\\\/wp-content\\\/uploads\\\/2024\\\/11\\\/DSC01911-poza1-1.jpg\",\"datePublished\":\"2024-11-28T22:11:36+00:00\",\"dateModified\":\"2026-04-05T13:36:28+00:00\",\"description\":\"Mid-Century rosewood sideboard Denmark, 1970s. Showcasing rich wood grain, clean lines, and ample storage, perfect for timeless elegance in any space.\",\"breadcrumb\":{\"@id\":\"https:\\\/\\\/www.retros-gallery.com\\\/collection\\\/furniture\\\/vintage-sideboards\\\/vintage-rosewood-sideboard-denmark-1970s\\\/#breadcrumb\"},\"inLanguage\":\"ro-RO\",\"potentialAction\":[{\"@type\":\"ReadAction\",\"target\":[\"https:\\\/\\\/www.retros-gallery.com\\\/collection\\\/furniture\\\/vintage-sideboards\\\/vintage-rosewood-sideboard-denmark-1970s\\\/\"]}]},{\"@type\":\"ImageObject\",\"inLanguage\":\"ro-RO\",\"@id\":\"https:\\\/\\\/www.retros-gallery.com\\\/collection\\\/furniture\\\/vintage-sideboards\\\/vintage-rosewood-sideboard-denmark-1970s\\\/#primaryimage\",\"url\":\"https:\\\/\\\/www.retros-gallery.com\\\/wp-content\\\/uploads\\\/2024\\\/11\\\/DSC01911-poza1-1.jpg\",\"contentUrl\":\"https:\\\/\\\/www.retros-gallery.com\\\/wp-content\\\/uploads\\\/2024\\\/11\\\/DSC01911-poza1-1.jpg\",\"width\":1300,\"height\":867},{\"@type\":\"BreadcrumbList\",\"@id\":\"https:\\\/\\\/www.retros-gallery.com\\\/collection\\\/furniture\\\/vintage-sideboards\\\/vintage-rosewood-sideboard-denmark-1970s\\\/#breadcrumb\",\"itemListElement\":[{\"@type\":\"ListItem\",\"position\":1,\"name\":\"Home\",\"item\":\"https:\\\/\\\/www.retros-gallery.com\\\/\"},{\"@type\":\"ListItem\",\"position\":2,\"name\":\"Collection\",\"item\":\"https:\\\/\\\/www.retros-gallery.com\\\/collection\\\/\"},{\"@type\":\"ListItem\",\"position\":3,\"name\":\"Furniture\",\"item\":\"https:\\\/\\\/www.retros-gallery.com\\\/product-category\\\/furniture\\\/\"},{\"@type\":\"ListItem\",\"position\":4,\"name\":\"Sideboards\",\"item\":\"https:\\\/\\\/www.retros-gallery.com\\\/product-category\\\/furniture\\\/vintage-sideboards\\\/\"},{\"@type\":\"ListItem\",\"position\":5,\"name\":\"Vintage Rosewood Sideboard, Denmark 1970&#8217;s\"}]},{\"@type\":\"WebSite\",\"@id\":\"https:\\\/\\\/www.retros-gallery.com\\\/#website\",\"url\":\"https:\\\/\\\/www.retros-gallery.com\\\/\",\"name\":\"Retros Gallery\",\"description\":\"Vintage Furniture Vendor\",\"publisher\":{\"@id\":\"https:\\\/\\\/www.retros-gallery.com\\\/#organization\"},\"potentialAction\":[{\"@type\":\"SearchAction\",\"target\":{\"@type\":\"EntryPoint\",\"urlTemplate\":\"https:\\\/\\\/www.retros-gallery.com\\\/?s={search_term_string}\"},\"query-input\":{\"@type\":\"PropertyValueSpecification\",\"valueRequired\":true,\"valueName\":\"search_term_string\"}}],\"inLanguage\":\"ro-RO\"},{\"@type\":[\"Organization\",\"Place\"],\"@id\":\"https:\\\/\\\/www.retros-gallery.com\\\/#organization\",\"name\":\"Retros Gallery\",\"url\":\"https:\\\/\\\/www.retros-gallery.com\\\/\",\"logo\":{\"@id\":\"https:\\\/\\\/www.retros-gallery.com\\\/collection\\\/furniture\\\/vintage-sideboards\\\/vintage-rosewood-sideboard-denmark-1970s\\\/#local-main-organization-logo\"},\"image\":{\"@id\":\"https:\\\/\\\/www.retros-gallery.com\\\/collection\\\/furniture\\\/vintage-sideboards\\\/vintage-rosewood-sideboard-denmark-1970s\\\/#local-main-organization-logo\"},\"sameAs\":[\"https:\\\/\\\/www.facebook.com\\\/retrosfurniture\\\/\",\"https:\\\/\\\/www.instagram.com\\\/retros.ro\\\/\"],\"telephone\":[],\"openingHoursSpecification\":[{\"@type\":\"OpeningHoursSpecification\",\"dayOfWeek\":[\"Monday\",\"Tuesday\",\"Wednesday\",\"Thursday\",\"Friday\",\"Saturday\",\"Sunday\"],\"opens\":\"09:00\",\"closes\":\"17:00\"}]},{\"@type\":\"ImageObject\",\"inLanguage\":\"ro-RO\",\"@id\":\"https:\\\/\\\/www.retros-gallery.com\\\/collection\\\/furniture\\\/vintage-sideboards\\\/vintage-rosewood-sideboard-denmark-1970s\\\/#local-main-organization-logo\",\"url\":\"https:\\\/\\\/www.retros-gallery.com\\\/wp-content\\\/uploads\\\/2023\\\/02\\\/Asset-2@4x-1.png\",\"contentUrl\":\"https:\\\/\\\/www.retros-gallery.com\\\/wp-content\\\/uploads\\\/2023\\\/02\\\/Asset-2@4x-1.png\",\"width\":2329,\"height\":248,\"caption\":\"Retros Gallery\"}]}<\/script>\n<meta property=\"product:price:amount\" content=\"1600\" \/>\n<meta property=\"product:price:currency\" content=\"EUR\" \/>\n<meta property=\"og:availability\" content=\"instock\" \/>\n<meta property=\"product:availability\" content=\"instock\" \/>\n<meta property=\"product:retailer_item_id\" content=\"SDB1024CD01\" \/>\n<meta property=\"product:condition\" content=\"new\" \/>\n<!-- \/ Yoast SEO Premium plugin. -->","yoast_head_json":{"title":"Bufet\u0103 vintage din lemn de trandafir, Danemarca anii 1970 - Galeria Retro","description":"Bufet\u0103 din lemn de trandafir de la mijlocul secolului Danemarca, anii 1970. Prezint\u0103 granula\u021bie bogat\u0103 a lemnului, linii curate \u0219i spa\u021biu amplu de depozitare, perfect pentru o elegan\u021b\u0103 atemporal\u0103 \u00een orice spa\u021biu.","robots":{"index":"index","follow":"follow","max-snippet":"max-snippet:-1","max-image-preview":"max-image-preview:large","max-video-preview":"max-video-preview:-1"},"canonical":"https:\/\/www.retros-gallery.com\/ro\/colectii\/mobilier\/comode-bufete-vintage\/bufet-vintage-din-lemn-de-trandafir-danemarca-anii-1970\/","og_locale":"ro_RO","og_type":"article","og_title":"Vintage Rosewood Sideboard, Denmark 1970's","og_description":"Mid-Century rosewood sideboard Denmark, 1970s. Showcasing rich wood grain, clean lines, and ample storage, perfect for timeless elegance in any space.","og_url":"https:\/\/www.retros-gallery.com\/ro\/colectii\/mobilier\/comode-bufete-vintage\/bufet-vintage-din-lemn-de-trandafir-danemarca-anii-1970\/","og_site_name":"Retros Gallery","article_publisher":"https:\/\/www.facebook.com\/retrosfurniture\/","article_modified_time":"2026-04-05T13:36:28+00:00","og_image":[{"width":1300,"height":867,"url":"https:\/\/www.retros-gallery.com\/wp-content\/uploads\/2024\/11\/DSC01911-poza1-1.jpg","type":"image\/jpeg"}],"twitter_card":"summary_large_image","twitter_misc":{"Pre\u021b":"\u20ac1.600","Disponibilitate":"\u00cen stoc"},"schema":{"@context":"https:\/\/schema.org","@graph":[{"@type":"WebPage","@id":"https:\/\/www.retros-gallery.com\/collection\/furniture\/vintage-sideboards\/vintage-rosewood-sideboard-denmark-1970s\/","url":"https:\/\/www.retros-gallery.com\/collection\/furniture\/vintage-sideboards\/vintage-rosewood-sideboard-denmark-1970s\/","name":"Bufet\u0103 vintage din lemn de trandafir, Danemarca anii 1970 - Galeria Retro","isPartOf":{"@id":"https:\/\/www.retros-gallery.com\/#website"},"primaryImageOfPage":{"@id":"https:\/\/www.retros-gallery.com\/collection\/furniture\/vintage-sideboards\/vintage-rosewood-sideboard-denmark-1970s\/#primaryimage"},"image":{"@id":"https:\/\/www.retros-gallery.com\/collection\/furniture\/vintage-sideboards\/vintage-rosewood-sideboard-denmark-1970s\/#primaryimage"},"thumbnailUrl":"https:\/\/www.retros-gallery.com\/wp-content\/uploads\/2024\/11\/DSC01911-poza1-1.jpg","datePublished":"2024-11-28T22:11:36+00:00","dateModified":"2026-04-05T13:36:28+00:00","description":"Bufet\u0103 din lemn de trandafir de la mijlocul secolului Danemarca, anii 1970. Prezint\u0103 granula\u021bie bogat\u0103 a lemnului, linii curate \u0219i spa\u021biu amplu de depozitare, perfect pentru o elegan\u021b\u0103 atemporal\u0103 \u00een orice spa\u021biu.","breadcrumb":{"@id":"https:\/\/www.retros-gallery.com\/collection\/furniture\/vintage-sideboards\/vintage-rosewood-sideboard-denmark-1970s\/#breadcrumb"},"inLanguage":"ro-RO","potentialAction":[{"@type":"ReadAction","target":["https:\/\/www.retros-gallery.com\/collection\/furniture\/vintage-sideboards\/vintage-rosewood-sideboard-denmark-1970s\/"]}]},{"@type":"ImageObject","inLanguage":"ro-RO","@id":"https:\/\/www.retros-gallery.com\/collection\/furniture\/vintage-sideboards\/vintage-rosewood-sideboard-denmark-1970s\/#primaryimage","url":"https:\/\/www.retros-gallery.com\/wp-content\/uploads\/2024\/11\/DSC01911-poza1-1.jpg","contentUrl":"https:\/\/www.retros-gallery.com\/wp-content\/uploads\/2024\/11\/DSC01911-poza1-1.jpg","width":1300,"height":867},{"@type":"BreadcrumbList","@id":"https:\/\/www.retros-gallery.com\/collection\/furniture\/vintage-sideboards\/vintage-rosewood-sideboard-denmark-1970s\/#breadcrumb","itemListElement":[{"@type":"ListItem","position":1,"name":"Home","item":"https:\/\/www.retros-gallery.com\/"},{"@type":"ListItem","position":2,"name":"Collection","item":"https:\/\/www.retros-gallery.com\/collection\/"},{"@type":"ListItem","position":3,"name":"Furniture","item":"https:\/\/www.retros-gallery.com\/product-category\/furniture\/"},{"@type":"ListItem","position":4,"name":"Sideboards","item":"https:\/\/www.retros-gallery.com\/product-category\/furniture\/vintage-sideboards\/"},{"@type":"ListItem","position":5,"name":"Vintage Rosewood Sideboard, Denmark 1970&#8217;s"}]},{"@type":"WebSite","@id":"https:\/\/www.retros-gallery.com\/#website","url":"https:\/\/www.retros-gallery.com\/","name":"Retros Gallery","description":"V\u00e2nz\u0103tor de mobil\u0103 de epoc\u0103","publisher":{"@id":"https:\/\/www.retros-gallery.com\/#organization"},"potentialAction":[{"@type":"SearchAction","target":{"@type":"EntryPoint","urlTemplate":"https:\/\/www.retros-gallery.com\/?s={search_term_string}"},"query-input":{"@type":"PropertyValueSpecification","valueRequired":true,"valueName":"search_term_string"}}],"inLanguage":"ro-RO"},{"@type":["Organization","Place"],"@id":"https:\/\/www.retros-gallery.com\/#organization","name":"Retros Gallery","url":"https:\/\/www.retros-gallery.com\/","logo":{"@id":"https:\/\/www.retros-gallery.com\/collection\/furniture\/vintage-sideboards\/vintage-rosewood-sideboard-denmark-1970s\/#local-main-organization-logo"},"image":{"@id":"https:\/\/www.retros-gallery.com\/collection\/furniture\/vintage-sideboards\/vintage-rosewood-sideboard-denmark-1970s\/#local-main-organization-logo"},"sameAs":["https:\/\/www.facebook.com\/retrosfurniture\/","https:\/\/www.instagram.com\/retros.ro\/"],"telephone":[],"openingHoursSpecification":[{"@type":"OpeningHoursSpecification","dayOfWeek":["Monday","Tuesday","Wednesday","Thursday","Friday","Saturday","Sunday"],"opens":"09:00","closes":"17:00"}]},{"@type":"ImageObject","inLanguage":"ro-RO","@id":"https:\/\/www.retros-gallery.com\/collection\/furniture\/vintage-sideboards\/vintage-rosewood-sideboard-denmark-1970s\/#local-main-organization-logo","url":"https:\/\/www.retros-gallery.com\/wp-content\/uploads\/2023\/02\/Asset-2@4x-1.png","contentUrl":"https:\/\/www.retros-gallery.com\/wp-content\/uploads\/2023\/02\/Asset-2@4x-1.png","width":2329,"height":248,"caption":"Retros Gallery"}]},"product_price_amount":"1600","product_price_currency":"EUR","og_availability":"instock","product_availability":"instock","product_retailer_item_id":"SDB1024CD01","product_condition":"new"},"_links":{"self":[{"href":"https:\/\/www.retros-gallery.com\/ro\/wp-json\/wp\/v2\/product\/7492","targetHints":{"allow":["GET"]}}],"collection":[{"href":"https:\/\/www.retros-gallery.com\/ro\/wp-json\/wp\/v2\/product"}],"about":[{"href":"https:\/\/www.retros-gallery.com\/ro\/wp-json\/wp\/v2\/types\/product"}],"replies":[{"embeddable":true,"href":"https:\/\/www.retros-gallery.com\/ro\/wp-json\/wp\/v2\/comments?post=7492"}],"wp:featuredmedia":[{"embeddable":true,"href":"https:\/\/www.retros-gallery.com\/ro\/wp-json\/wp\/v2\/media\/8270"}],"wp:attachment":[{"href":"https:\/\/www.retros-gallery.com\/ro\/wp-json\/wp\/v2\/media?parent=7492"}],"wp:term":[{"taxonomy":"product_brand","embeddable":true,"href":"https:\/\/www.retros-gallery.com\/ro\/wp-json\/wp\/v2\/product_brand?post=7492"},{"taxonomy":"product_cat","embeddable":true,"href":"https:\/\/www.retros-gallery.com\/ro\/wp-json\/wp\/v2\/product_cat?post=7492"},{"taxonomy":"product_tag","embeddable":true,"href":"https:\/\/www.retros-gallery.com\/ro\/wp-json\/wp\/v2\/product_tag?post=7492"}],"curies":[{"name":"wp","href":"https:\/\/api.w.org\/{rel}","templated":true}]}}