{"id":7883,"date":"2025-01-28T18:04:15","date_gmt":"2025-01-28T15:04:15","guid":{"rendered":"https:\/\/www.retros-gallery.com\/?post_type=product&#038;p=7883"},"modified":"2025-12-22T01:46:12","modified_gmt":"2025-12-21T22:46:12","slug":"noptiere-vintage-set-de-2-italia-anii-1970","status":"publish","type":"product","link":"https:\/\/www.retros-gallery.com\/ro\/colectii\/mobilier\/noptiere\/noptiere-vintage-set-de-2-italia-anii-1970\/","title":{"rendered":"Noptiere vintage, set de 2, Italia 1970"},"content":{"rendered":"<p>Noptierele sunt proiectate cu linii curate, drepte si spatiu generos. Alura \u00eenalt\u0103 \u0219i unicitatea sunt date de picioarele lungi cu \u0219osete frumoase din alam\u0103. Frumuse\u021bea este completat\u0103 de furnirul din lemn de trandafir.<\/p>","protected":false},"excerpt":{"rendered":"<p>Noptierele sunt proiectate cu linii curate, drepte si spatiu generos. Alura \u00eenalt\u0103 \u0219i unicitatea sunt date de picioarele lungi cu \u0219osete frumoase din alam\u0103. Frumuse\u021bea este completat\u0103 de furnirul din lemn de trandafir.<\/p>","protected":false},"featured_media":7885,"comment_status":"open","ping_status":"closed","template":"","meta":[],"product_brand":[],"product_cat":[35,46],"product_tag":[],"class_list":{"0":"post-7883","1":"product","2":"type-product","3":"status-publish","4":"has-post-thumbnail","6":"product_cat-furniture","7":"product_cat-nightstands","9":"first","10":"instock","11":"shipping-taxable","12":"purchasable","13":"product-type-simple"},"yoast_head":"<!-- This site is optimized with the Yoast SEO Premium plugin v24.6 (Yoast SEO v27.5) - https:\/\/yoast.com\/product\/yoast-seo-premium-wordpress\/ -->\n<title>Vintage Nightstands, set of 2, Italy 1970&#039;s - Retros Gallery<\/title>\n<meta name=\"description\" content=\"Vintage Night Stands , Italy 1970&#039;s modern design, rich finishes, and functional storage. Perfect for adding timeless charm to any bedroom.\" \/>\n<meta name=\"robots\" content=\"index, follow, max-snippet:-1, max-image-preview:large, max-video-preview:-1\" \/>\n<link rel=\"canonical\" href=\"https:\/\/www.retros-gallery.com\/ro\/colectii\/mobilier\/noptiere\/noptiere-vintage-set-de-2-italia-anii-1970\/\" \/>\n<meta property=\"og:locale\" content=\"ro_RO\" \/>\n<meta property=\"og:type\" content=\"article\" \/>\n<meta property=\"og:title\" content=\"Vintage Nightstands, set of 2, Italy 1970&#039;s\" \/>\n<meta property=\"og:description\" content=\"Vintage Night Stands , Italy 1970&#039;s modern design, rich finishes, and functional storage. Perfect for adding timeless charm to any bedroom.\" \/>\n<meta property=\"og:url\" content=\"https:\/\/www.retros-gallery.com\/ro\/colectii\/mobilier\/noptiere\/noptiere-vintage-set-de-2-italia-anii-1970\/\" \/>\n<meta property=\"og:site_name\" content=\"Retros Gallery\" \/>\n<meta property=\"article:publisher\" content=\"https:\/\/www.facebook.com\/retrosfurniture\/\" \/>\n<meta property=\"article:modified_time\" content=\"2025-12-21T22:46:12+00:00\" \/>\n<meta property=\"og:image\" content=\"https:\/\/www.retros-gallery.com\/wp-content\/uploads\/2025\/01\/DSC09910-poza2.jpg\" \/>\n\t<meta property=\"og:image:width\" content=\"1500\" \/>\n\t<meta property=\"og:image:height\" content=\"1000\" \/>\n\t<meta property=\"og:image:type\" content=\"image\/jpeg\" \/>\n<meta name=\"twitter:card\" content=\"summary_large_image\" \/>\n<meta name=\"twitter:label1\" content=\"Pre\u021b\" \/>\n\t<meta name=\"twitter:data1\" content=\"\u20ac300\" \/>\n\t<meta name=\"twitter:label2\" content=\"Disponibilitate\" \/>\n\t<meta name=\"twitter:data2\" content=\"\u00cen stoc\" \/>\n<script type=\"application\/ld+json\" class=\"yoast-schema-graph\">{\"@context\":\"https:\\\/\\\/schema.org\",\"@graph\":[{\"@type\":\"WebPage\",\"@id\":\"https:\\\/\\\/www.retros-gallery.com\\\/collection\\\/furniture\\\/nightstands\\\/vintage-nightstands-set-of-2-italy-1970s\\\/\",\"url\":\"https:\\\/\\\/www.retros-gallery.com\\\/collection\\\/furniture\\\/nightstands\\\/vintage-nightstands-set-of-2-italy-1970s\\\/\",\"name\":\"Vintage Nightstands, set of 2, Italy 1970's - Retros Gallery\",\"isPartOf\":{\"@id\":\"https:\\\/\\\/www.retros-gallery.com\\\/#website\"},\"primaryImageOfPage\":{\"@id\":\"https:\\\/\\\/www.retros-gallery.com\\\/collection\\\/furniture\\\/nightstands\\\/vintage-nightstands-set-of-2-italy-1970s\\\/#primaryimage\"},\"image\":{\"@id\":\"https:\\\/\\\/www.retros-gallery.com\\\/collection\\\/furniture\\\/nightstands\\\/vintage-nightstands-set-of-2-italy-1970s\\\/#primaryimage\"},\"thumbnailUrl\":\"https:\\\/\\\/www.retros-gallery.com\\\/wp-content\\\/uploads\\\/2025\\\/01\\\/DSC09910-poza2.jpg\",\"datePublished\":\"2025-01-28T15:04:15+00:00\",\"dateModified\":\"2025-12-21T22:46:12+00:00\",\"description\":\"Vintage Night Stands , Italy 1970's modern design, rich finishes, and functional storage. Perfect for adding timeless charm to any bedroom.\",\"breadcrumb\":{\"@id\":\"https:\\\/\\\/www.retros-gallery.com\\\/collection\\\/furniture\\\/nightstands\\\/vintage-nightstands-set-of-2-italy-1970s\\\/#breadcrumb\"},\"inLanguage\":\"ro-RO\",\"potentialAction\":[{\"@type\":\"ReadAction\",\"target\":[\"https:\\\/\\\/www.retros-gallery.com\\\/collection\\\/furniture\\\/nightstands\\\/vintage-nightstands-set-of-2-italy-1970s\\\/\"]}]},{\"@type\":\"ImageObject\",\"inLanguage\":\"ro-RO\",\"@id\":\"https:\\\/\\\/www.retros-gallery.com\\\/collection\\\/furniture\\\/nightstands\\\/vintage-nightstands-set-of-2-italy-1970s\\\/#primaryimage\",\"url\":\"https:\\\/\\\/www.retros-gallery.com\\\/wp-content\\\/uploads\\\/2025\\\/01\\\/DSC09910-poza2.jpg\",\"contentUrl\":\"https:\\\/\\\/www.retros-gallery.com\\\/wp-content\\\/uploads\\\/2025\\\/01\\\/DSC09910-poza2.jpg\",\"width\":1500,\"height\":1000,\"caption\":\"DSC09910-poza2\"},{\"@type\":\"BreadcrumbList\",\"@id\":\"https:\\\/\\\/www.retros-gallery.com\\\/collection\\\/furniture\\\/nightstands\\\/vintage-nightstands-set-of-2-italy-1970s\\\/#breadcrumb\",\"itemListElement\":[{\"@type\":\"ListItem\",\"position\":1,\"name\":\"Home\",\"item\":\"https:\\\/\\\/www.retros-gallery.com\\\/\"},{\"@type\":\"ListItem\",\"position\":2,\"name\":\"Collection\",\"item\":\"https:\\\/\\\/www.retros-gallery.com\\\/collection\\\/\"},{\"@type\":\"ListItem\",\"position\":3,\"name\":\"Furniture\",\"item\":\"https:\\\/\\\/www.retros-gallery.com\\\/product-category\\\/furniture\\\/\"},{\"@type\":\"ListItem\",\"position\":4,\"name\":\"Nightstands\",\"item\":\"https:\\\/\\\/www.retros-gallery.com\\\/product-category\\\/furniture\\\/nightstands\\\/\"},{\"@type\":\"ListItem\",\"position\":5,\"name\":\"Vintage Nightstands, set of 2, Italy 1970&#8217;s\"}]},{\"@type\":\"WebSite\",\"@id\":\"https:\\\/\\\/www.retros-gallery.com\\\/#website\",\"url\":\"https:\\\/\\\/www.retros-gallery.com\\\/\",\"name\":\"Retros Gallery\",\"description\":\"Vintage Furniture Vendor\",\"publisher\":{\"@id\":\"https:\\\/\\\/www.retros-gallery.com\\\/#organization\"},\"potentialAction\":[{\"@type\":\"SearchAction\",\"target\":{\"@type\":\"EntryPoint\",\"urlTemplate\":\"https:\\\/\\\/www.retros-gallery.com\\\/?s={search_term_string}\"},\"query-input\":{\"@type\":\"PropertyValueSpecification\",\"valueRequired\":true,\"valueName\":\"search_term_string\"}}],\"inLanguage\":\"ro-RO\"},{\"@type\":[\"Organization\",\"Place\"],\"@id\":\"https:\\\/\\\/www.retros-gallery.com\\\/#organization\",\"name\":\"Retros Gallery\",\"url\":\"https:\\\/\\\/www.retros-gallery.com\\\/\",\"logo\":{\"@id\":\"https:\\\/\\\/www.retros-gallery.com\\\/collection\\\/furniture\\\/nightstands\\\/vintage-nightstands-set-of-2-italy-1970s\\\/#local-main-organization-logo\"},\"image\":{\"@id\":\"https:\\\/\\\/www.retros-gallery.com\\\/collection\\\/furniture\\\/nightstands\\\/vintage-nightstands-set-of-2-italy-1970s\\\/#local-main-organization-logo\"},\"sameAs\":[\"https:\\\/\\\/www.facebook.com\\\/retrosfurniture\\\/\",\"https:\\\/\\\/www.instagram.com\\\/retros.ro\\\/\"],\"telephone\":[],\"openingHoursSpecification\":[{\"@type\":\"OpeningHoursSpecification\",\"dayOfWeek\":[\"Monday\",\"Tuesday\",\"Wednesday\",\"Thursday\",\"Friday\",\"Saturday\",\"Sunday\"],\"opens\":\"09:00\",\"closes\":\"17:00\"}]},{\"@type\":\"ImageObject\",\"inLanguage\":\"ro-RO\",\"@id\":\"https:\\\/\\\/www.retros-gallery.com\\\/collection\\\/furniture\\\/nightstands\\\/vintage-nightstands-set-of-2-italy-1970s\\\/#local-main-organization-logo\",\"url\":\"https:\\\/\\\/www.retros-gallery.com\\\/wp-content\\\/uploads\\\/2023\\\/02\\\/Asset-2@4x-1.png\",\"contentUrl\":\"https:\\\/\\\/www.retros-gallery.com\\\/wp-content\\\/uploads\\\/2023\\\/02\\\/Asset-2@4x-1.png\",\"width\":2329,\"height\":248,\"caption\":\"Retros Gallery\"}]}<\/script>\n<meta property=\"product:price:amount\" content=\"300\" \/>\n<meta property=\"product:price:currency\" content=\"EUR\" \/>\n<meta property=\"og:availability\" content=\"instock\" \/>\n<meta property=\"product:availability\" content=\"instock\" \/>\n<meta property=\"product:retailer_item_id\" content=\"NGH0125ST03\" \/>\n<meta property=\"product:condition\" content=\"new\" \/>\n<!-- \/ Yoast SEO Premium plugin. -->","yoast_head_json":{"title":"Noptiere vintage, set de 2, Italia 1970 - Galeria Retro","description":"Noptiere vintage, Italia 1970 Design modern, finisaje bogate \u0219i depozitare func\u021bional\u0103. Perfect pentru a ad\u0103uga farmec atemporal oric\u0103rui dormitor.","robots":{"index":"index","follow":"follow","max-snippet":"max-snippet:-1","max-image-preview":"max-image-preview:large","max-video-preview":"max-video-preview:-1"},"canonical":"https:\/\/www.retros-gallery.com\/ro\/colectii\/mobilier\/noptiere\/noptiere-vintage-set-de-2-italia-anii-1970\/","og_locale":"ro_RO","og_type":"article","og_title":"Vintage Nightstands, set of 2, Italy 1970's","og_description":"Vintage Night Stands , Italy 1970's modern design, rich finishes, and functional storage. Perfect for adding timeless charm to any bedroom.","og_url":"https:\/\/www.retros-gallery.com\/ro\/colectii\/mobilier\/noptiere\/noptiere-vintage-set-de-2-italia-anii-1970\/","og_site_name":"Retros Gallery","article_publisher":"https:\/\/www.facebook.com\/retrosfurniture\/","article_modified_time":"2025-12-21T22:46:12+00:00","og_image":[{"width":1500,"height":1000,"url":"https:\/\/www.retros-gallery.com\/wp-content\/uploads\/2025\/01\/DSC09910-poza2.jpg","type":"image\/jpeg"}],"twitter_card":"summary_large_image","twitter_misc":{"Pre\u021b":"\u20ac300","Disponibilitate":"\u00cen stoc"},"schema":{"@context":"https:\/\/schema.org","@graph":[{"@type":"WebPage","@id":"https:\/\/www.retros-gallery.com\/collection\/furniture\/nightstands\/vintage-nightstands-set-of-2-italy-1970s\/","url":"https:\/\/www.retros-gallery.com\/collection\/furniture\/nightstands\/vintage-nightstands-set-of-2-italy-1970s\/","name":"Noptiere vintage, set de 2, Italia 1970 - Galeria Retro","isPartOf":{"@id":"https:\/\/www.retros-gallery.com\/#website"},"primaryImageOfPage":{"@id":"https:\/\/www.retros-gallery.com\/collection\/furniture\/nightstands\/vintage-nightstands-set-of-2-italy-1970s\/#primaryimage"},"image":{"@id":"https:\/\/www.retros-gallery.com\/collection\/furniture\/nightstands\/vintage-nightstands-set-of-2-italy-1970s\/#primaryimage"},"thumbnailUrl":"https:\/\/www.retros-gallery.com\/wp-content\/uploads\/2025\/01\/DSC09910-poza2.jpg","datePublished":"2025-01-28T15:04:15+00:00","dateModified":"2025-12-21T22:46:12+00:00","description":"Noptiere vintage, Italia 1970 Design modern, finisaje bogate \u0219i depozitare func\u021bional\u0103. Perfect pentru a ad\u0103uga farmec atemporal oric\u0103rui dormitor.","breadcrumb":{"@id":"https:\/\/www.retros-gallery.com\/collection\/furniture\/nightstands\/vintage-nightstands-set-of-2-italy-1970s\/#breadcrumb"},"inLanguage":"ro-RO","potentialAction":[{"@type":"ReadAction","target":["https:\/\/www.retros-gallery.com\/collection\/furniture\/nightstands\/vintage-nightstands-set-of-2-italy-1970s\/"]}]},{"@type":"ImageObject","inLanguage":"ro-RO","@id":"https:\/\/www.retros-gallery.com\/collection\/furniture\/nightstands\/vintage-nightstands-set-of-2-italy-1970s\/#primaryimage","url":"https:\/\/www.retros-gallery.com\/wp-content\/uploads\/2025\/01\/DSC09910-poza2.jpg","contentUrl":"https:\/\/www.retros-gallery.com\/wp-content\/uploads\/2025\/01\/DSC09910-poza2.jpg","width":1500,"height":1000,"caption":"DSC09910-poza2"},{"@type":"BreadcrumbList","@id":"https:\/\/www.retros-gallery.com\/collection\/furniture\/nightstands\/vintage-nightstands-set-of-2-italy-1970s\/#breadcrumb","itemListElement":[{"@type":"ListItem","position":1,"name":"Home","item":"https:\/\/www.retros-gallery.com\/"},{"@type":"ListItem","position":2,"name":"Collection","item":"https:\/\/www.retros-gallery.com\/collection\/"},{"@type":"ListItem","position":3,"name":"Furniture","item":"https:\/\/www.retros-gallery.com\/product-category\/furniture\/"},{"@type":"ListItem","position":4,"name":"Nightstands","item":"https:\/\/www.retros-gallery.com\/product-category\/furniture\/nightstands\/"},{"@type":"ListItem","position":5,"name":"Vintage Nightstands, set of 2, Italy 1970&#8217;s"}]},{"@type":"WebSite","@id":"https:\/\/www.retros-gallery.com\/#website","url":"https:\/\/www.retros-gallery.com\/","name":"Retros Gallery","description":"V\u00e2nz\u0103tor de mobil\u0103 de epoc\u0103","publisher":{"@id":"https:\/\/www.retros-gallery.com\/#organization"},"potentialAction":[{"@type":"SearchAction","target":{"@type":"EntryPoint","urlTemplate":"https:\/\/www.retros-gallery.com\/?s={search_term_string}"},"query-input":{"@type":"PropertyValueSpecification","valueRequired":true,"valueName":"search_term_string"}}],"inLanguage":"ro-RO"},{"@type":["Organization","Place"],"@id":"https:\/\/www.retros-gallery.com\/#organization","name":"Retros Gallery","url":"https:\/\/www.retros-gallery.com\/","logo":{"@id":"https:\/\/www.retros-gallery.com\/collection\/furniture\/nightstands\/vintage-nightstands-set-of-2-italy-1970s\/#local-main-organization-logo"},"image":{"@id":"https:\/\/www.retros-gallery.com\/collection\/furniture\/nightstands\/vintage-nightstands-set-of-2-italy-1970s\/#local-main-organization-logo"},"sameAs":["https:\/\/www.facebook.com\/retrosfurniture\/","https:\/\/www.instagram.com\/retros.ro\/"],"telephone":[],"openingHoursSpecification":[{"@type":"OpeningHoursSpecification","dayOfWeek":["Monday","Tuesday","Wednesday","Thursday","Friday","Saturday","Sunday"],"opens":"09:00","closes":"17:00"}]},{"@type":"ImageObject","inLanguage":"ro-RO","@id":"https:\/\/www.retros-gallery.com\/collection\/furniture\/nightstands\/vintage-nightstands-set-of-2-italy-1970s\/#local-main-organization-logo","url":"https:\/\/www.retros-gallery.com\/wp-content\/uploads\/2023\/02\/Asset-2@4x-1.png","contentUrl":"https:\/\/www.retros-gallery.com\/wp-content\/uploads\/2023\/02\/Asset-2@4x-1.png","width":2329,"height":248,"caption":"Retros Gallery"}]},"product_price_amount":"300","product_price_currency":"EUR","og_availability":"instock","product_availability":"instock","product_retailer_item_id":"NGH0125ST03","product_condition":"new"},"_links":{"self":[{"href":"https:\/\/www.retros-gallery.com\/ro\/wp-json\/wp\/v2\/product\/7883","targetHints":{"allow":["GET"]}}],"collection":[{"href":"https:\/\/www.retros-gallery.com\/ro\/wp-json\/wp\/v2\/product"}],"about":[{"href":"https:\/\/www.retros-gallery.com\/ro\/wp-json\/wp\/v2\/types\/product"}],"replies":[{"embeddable":true,"href":"https:\/\/www.retros-gallery.com\/ro\/wp-json\/wp\/v2\/comments?post=7883"}],"wp:featuredmedia":[{"embeddable":true,"href":"https:\/\/www.retros-gallery.com\/ro\/wp-json\/wp\/v2\/media\/7885"}],"wp:attachment":[{"href":"https:\/\/www.retros-gallery.com\/ro\/wp-json\/wp\/v2\/media?parent=7883"}],"wp:term":[{"taxonomy":"product_brand","embeddable":true,"href":"https:\/\/www.retros-gallery.com\/ro\/wp-json\/wp\/v2\/product_brand?post=7883"},{"taxonomy":"product_cat","embeddable":true,"href":"https:\/\/www.retros-gallery.com\/ro\/wp-json\/wp\/v2\/product_cat?post=7883"},{"taxonomy":"product_tag","embeddable":true,"href":"https:\/\/www.retros-gallery.com\/ro\/wp-json\/wp\/v2\/product_tag?post=7883"}],"curies":[{"name":"wp","href":"https:\/\/api.w.org\/{rel}","templated":true}]}}