{"id":7895,"date":"2025-01-28T17:59:20","date_gmt":"2025-01-28T14:59:20","guid":{"rendered":"https:\/\/www.retros-gallery.com\/?post_type=product&#038;p=7895"},"modified":"2026-04-05T16:41:32","modified_gmt":"2026-04-05T13:41:32","slug":"statie-de-lucru-vitra-ad-hoc-de-antonio-citterio-italia-anii-1990","status":"publish","type":"product","link":"https:\/\/www.retros-gallery.com\/ro\/colectii\/mobilier\/birouri-vintage\/statie-de-lucru-vitra-ad-hoc-de-antonio-citterio-italia-anii-1990\/","title":{"rendered":"Sta\u021bie de lucru Vitra Ad Hoc De Antonio Citterio, Italia, anii 1990"},"content":{"rendered":"<p>Construit\u0103 cu precizie, baza piesei are picioare din o\u021bel cu o form\u0103 \u0219i o senza\u021bie industrial\u0103. Corpul sta\u021biei de lucru este impresionant. Combina\u021bia dintre aluminiu, carton durabil \u0219i plastic realizeaz\u0103 un design complex cu detalii interesante, cum ar fi zone perforate sau diferite tipuri de suprafe\u021be.<\/p>","protected":false},"excerpt":{"rendered":"<p>Construit\u0103 cu precizie, baza piesei are picioare din o\u021bel cu o form\u0103 \u0219i o senza\u021bie industrial\u0103. Corpul sta\u021biei de lucru este impresionant. Combina\u021bia dintre aluminiu, carton durabil \u0219i plastic realizeaz\u0103 un design complex cu detalii interesante, cum ar fi zone perforate sau diferite tipuri de suprafe\u021be.<\/p>","protected":false},"featured_media":7897,"comment_status":"open","ping_status":"closed","template":"","meta":[],"product_brand":[],"product_cat":[35,44],"product_tag":[],"class_list":{"0":"post-7895","1":"product","2":"type-product","3":"status-publish","4":"has-post-thumbnail","6":"product_cat-furniture","7":"product_cat-vintage-desks","9":"first","10":"instock","11":"shipping-taxable","12":"purchasable","13":"product-type-simple"},"yoast_head":"<!-- This site is optimized with the Yoast SEO Premium plugin v24.6 (Yoast SEO v27.4) - https:\/\/yoast.com\/product\/yoast-seo-premium-wordpress\/ -->\n<title>Vitra Ad Hoc Workstation By Antonio Citterio, Italy\u00a01990\u2019s - Retros Gallery<\/title>\n<meta name=\"description\" content=\"Vitra Ad Hoc Workstation By Antonio Citterio Italy\u00a01990\u2019s a modular, sleek, and functional workstation designed for modern offices.\" \/>\n<meta name=\"robots\" content=\"index, follow, max-snippet:-1, max-image-preview:large, max-video-preview:-1\" \/>\n<link rel=\"canonical\" href=\"https:\/\/www.retros-gallery.com\/ro\/colectii\/mobilier\/birouri-vintage\/statie-de-lucru-vitra-ad-hoc-de-antonio-citterio-italia-anii-1990\/\" \/>\n<meta property=\"og:locale\" content=\"ro_RO\" \/>\n<meta property=\"og:type\" content=\"article\" \/>\n<meta property=\"og:title\" content=\"Vitra Ad Hoc Workstation By Antonio Citterio, Italy\u00a01990\u2019s\" \/>\n<meta property=\"og:description\" content=\"Vitra Ad Hoc Workstation By Antonio Citterio Italy\u00a01990\u2019s a modular, sleek, and functional workstation designed for modern offices.\" \/>\n<meta property=\"og:url\" content=\"https:\/\/www.retros-gallery.com\/ro\/colectii\/mobilier\/birouri-vintage\/statie-de-lucru-vitra-ad-hoc-de-antonio-citterio-italia-anii-1990\/\" \/>\n<meta property=\"og:site_name\" content=\"Retros Gallery\" \/>\n<meta property=\"article:publisher\" content=\"https:\/\/www.facebook.com\/retrosfurniture\/\" \/>\n<meta property=\"article:modified_time\" content=\"2026-04-05T13:41:32+00:00\" \/>\n<meta property=\"og:image\" content=\"https:\/\/www.retros-gallery.com\/wp-content\/uploads\/2025\/01\/DSC09922-poza2.jpg\" \/>\n\t<meta property=\"og:image:width\" content=\"1500\" \/>\n\t<meta property=\"og:image:height\" content=\"1000\" \/>\n\t<meta property=\"og:image:type\" content=\"image\/jpeg\" \/>\n<meta name=\"twitter:card\" content=\"summary_large_image\" \/>\n<meta name=\"twitter:label1\" content=\"Pre\u021b\" \/>\n\t<meta name=\"twitter:data1\" content=\"\u20ac1.500\" \/>\n\t<meta name=\"twitter:label2\" content=\"Disponibilitate\" \/>\n\t<meta name=\"twitter:data2\" content=\"\u00cen stoc\" \/>\n<script type=\"application\/ld+json\" class=\"yoast-schema-graph\">{\"@context\":\"https:\\\/\\\/schema.org\",\"@graph\":[{\"@type\":\"WebPage\",\"@id\":\"https:\\\/\\\/www.retros-gallery.com\\\/collection\\\/furniture\\\/vintage-desks\\\/vitra-ad-hoc-workstation-by-antonio-citterio-italy-1990s\\\/\",\"url\":\"https:\\\/\\\/www.retros-gallery.com\\\/collection\\\/furniture\\\/vintage-desks\\\/vitra-ad-hoc-workstation-by-antonio-citterio-italy-1990s\\\/\",\"name\":\"Vitra Ad Hoc Workstation By Antonio Citterio, Italy\u00a01990\u2019s - Retros Gallery\",\"isPartOf\":{\"@id\":\"https:\\\/\\\/www.retros-gallery.com\\\/#website\"},\"primaryImageOfPage\":{\"@id\":\"https:\\\/\\\/www.retros-gallery.com\\\/collection\\\/furniture\\\/vintage-desks\\\/vitra-ad-hoc-workstation-by-antonio-citterio-italy-1990s\\\/#primaryimage\"},\"image\":{\"@id\":\"https:\\\/\\\/www.retros-gallery.com\\\/collection\\\/furniture\\\/vintage-desks\\\/vitra-ad-hoc-workstation-by-antonio-citterio-italy-1990s\\\/#primaryimage\"},\"thumbnailUrl\":\"https:\\\/\\\/www.retros-gallery.com\\\/wp-content\\\/uploads\\\/2025\\\/01\\\/DSC09922-poza2.jpg\",\"datePublished\":\"2025-01-28T14:59:20+00:00\",\"dateModified\":\"2026-04-05T13:41:32+00:00\",\"description\":\"Vitra Ad Hoc Workstation By Antonio Citterio Italy\u00a01990\u2019s a modular, sleek, and functional workstation designed for modern offices.\",\"breadcrumb\":{\"@id\":\"https:\\\/\\\/www.retros-gallery.com\\\/collection\\\/furniture\\\/vintage-desks\\\/vitra-ad-hoc-workstation-by-antonio-citterio-italy-1990s\\\/#breadcrumb\"},\"inLanguage\":\"ro-RO\",\"potentialAction\":[{\"@type\":\"ReadAction\",\"target\":[\"https:\\\/\\\/www.retros-gallery.com\\\/collection\\\/furniture\\\/vintage-desks\\\/vitra-ad-hoc-workstation-by-antonio-citterio-italy-1990s\\\/\"]}]},{\"@type\":\"ImageObject\",\"inLanguage\":\"ro-RO\",\"@id\":\"https:\\\/\\\/www.retros-gallery.com\\\/collection\\\/furniture\\\/vintage-desks\\\/vitra-ad-hoc-workstation-by-antonio-citterio-italy-1990s\\\/#primaryimage\",\"url\":\"https:\\\/\\\/www.retros-gallery.com\\\/wp-content\\\/uploads\\\/2025\\\/01\\\/DSC09922-poza2.jpg\",\"contentUrl\":\"https:\\\/\\\/www.retros-gallery.com\\\/wp-content\\\/uploads\\\/2025\\\/01\\\/DSC09922-poza2.jpg\",\"width\":1500,\"height\":1000,\"caption\":\"DSC09922-poza2\"},{\"@type\":\"BreadcrumbList\",\"@id\":\"https:\\\/\\\/www.retros-gallery.com\\\/collection\\\/furniture\\\/vintage-desks\\\/vitra-ad-hoc-workstation-by-antonio-citterio-italy-1990s\\\/#breadcrumb\",\"itemListElement\":[{\"@type\":\"ListItem\",\"position\":1,\"name\":\"Home\",\"item\":\"https:\\\/\\\/www.retros-gallery.com\\\/\"},{\"@type\":\"ListItem\",\"position\":2,\"name\":\"Collection\",\"item\":\"https:\\\/\\\/www.retros-gallery.com\\\/collection\\\/\"},{\"@type\":\"ListItem\",\"position\":3,\"name\":\"Furniture\",\"item\":\"https:\\\/\\\/www.retros-gallery.com\\\/product-category\\\/furniture\\\/\"},{\"@type\":\"ListItem\",\"position\":4,\"name\":\"Desks\",\"item\":\"https:\\\/\\\/www.retros-gallery.com\\\/product-category\\\/furniture\\\/vintage-desks\\\/\"},{\"@type\":\"ListItem\",\"position\":5,\"name\":\"Vitra Ad Hoc Workstation By Antonio Citterio, Italy\u00a01990\u2019s\"}]},{\"@type\":\"WebSite\",\"@id\":\"https:\\\/\\\/www.retros-gallery.com\\\/#website\",\"url\":\"https:\\\/\\\/www.retros-gallery.com\\\/\",\"name\":\"Retros Gallery\",\"description\":\"Vintage Furniture Vendor\",\"publisher\":{\"@id\":\"https:\\\/\\\/www.retros-gallery.com\\\/#organization\"},\"potentialAction\":[{\"@type\":\"SearchAction\",\"target\":{\"@type\":\"EntryPoint\",\"urlTemplate\":\"https:\\\/\\\/www.retros-gallery.com\\\/?s={search_term_string}\"},\"query-input\":{\"@type\":\"PropertyValueSpecification\",\"valueRequired\":true,\"valueName\":\"search_term_string\"}}],\"inLanguage\":\"ro-RO\"},{\"@type\":[\"Organization\",\"Place\"],\"@id\":\"https:\\\/\\\/www.retros-gallery.com\\\/#organization\",\"name\":\"Retros Gallery\",\"url\":\"https:\\\/\\\/www.retros-gallery.com\\\/\",\"logo\":{\"@id\":\"https:\\\/\\\/www.retros-gallery.com\\\/collection\\\/furniture\\\/vintage-desks\\\/vitra-ad-hoc-workstation-by-antonio-citterio-italy-1990s\\\/#local-main-organization-logo\"},\"image\":{\"@id\":\"https:\\\/\\\/www.retros-gallery.com\\\/collection\\\/furniture\\\/vintage-desks\\\/vitra-ad-hoc-workstation-by-antonio-citterio-italy-1990s\\\/#local-main-organization-logo\"},\"sameAs\":[\"https:\\\/\\\/www.facebook.com\\\/retrosfurniture\\\/\",\"https:\\\/\\\/www.instagram.com\\\/retros.ro\\\/\"],\"telephone\":[],\"openingHoursSpecification\":[{\"@type\":\"OpeningHoursSpecification\",\"dayOfWeek\":[\"Monday\",\"Tuesday\",\"Wednesday\",\"Thursday\",\"Friday\",\"Saturday\",\"Sunday\"],\"opens\":\"09:00\",\"closes\":\"17:00\"}]},{\"@type\":\"ImageObject\",\"inLanguage\":\"ro-RO\",\"@id\":\"https:\\\/\\\/www.retros-gallery.com\\\/collection\\\/furniture\\\/vintage-desks\\\/vitra-ad-hoc-workstation-by-antonio-citterio-italy-1990s\\\/#local-main-organization-logo\",\"url\":\"https:\\\/\\\/www.retros-gallery.com\\\/wp-content\\\/uploads\\\/2023\\\/02\\\/Asset-2@4x-1.png\",\"contentUrl\":\"https:\\\/\\\/www.retros-gallery.com\\\/wp-content\\\/uploads\\\/2023\\\/02\\\/Asset-2@4x-1.png\",\"width\":2329,\"height\":248,\"caption\":\"Retros Gallery\"}]}<\/script>\n<meta property=\"product:price:amount\" content=\"1500\" \/>\n<meta property=\"product:price:currency\" content=\"EUR\" \/>\n<meta property=\"og:availability\" content=\"instock\" \/>\n<meta property=\"product:availability\" content=\"instock\" \/>\n<meta property=\"product:retailer_item_id\" content=\"DESK1224VITRA03\" \/>\n<meta property=\"product:condition\" content=\"new\" \/>\n<!-- \/ Yoast SEO Premium plugin. -->","yoast_head_json":{"title":"Sta\u021bie de lucru Vitra Ad Hoc De Antonio Citterio, Italia 1990 - Galeria Retro","description":"Sta\u021bie de lucru Vitra Ad Hoc De Antonio Citterio Italia Anii 1990 o sta\u021bie de lucru modular\u0103, elegant\u0103 \u0219i func\u021bional\u0103 conceput\u0103 pentru birourile moderne.","robots":{"index":"index","follow":"follow","max-snippet":"max-snippet:-1","max-image-preview":"max-image-preview:large","max-video-preview":"max-video-preview:-1"},"canonical":"https:\/\/www.retros-gallery.com\/ro\/colectii\/mobilier\/birouri-vintage\/statie-de-lucru-vitra-ad-hoc-de-antonio-citterio-italia-anii-1990\/","og_locale":"ro_RO","og_type":"article","og_title":"Vitra Ad Hoc Workstation By Antonio Citterio, Italy\u00a01990\u2019s","og_description":"Vitra Ad Hoc Workstation By Antonio Citterio Italy\u00a01990\u2019s a modular, sleek, and functional workstation designed for modern offices.","og_url":"https:\/\/www.retros-gallery.com\/ro\/colectii\/mobilier\/birouri-vintage\/statie-de-lucru-vitra-ad-hoc-de-antonio-citterio-italia-anii-1990\/","og_site_name":"Retros Gallery","article_publisher":"https:\/\/www.facebook.com\/retrosfurniture\/","article_modified_time":"2026-04-05T13:41:32+00:00","og_image":[{"width":1500,"height":1000,"url":"https:\/\/www.retros-gallery.com\/wp-content\/uploads\/2025\/01\/DSC09922-poza2.jpg","type":"image\/jpeg"}],"twitter_card":"summary_large_image","twitter_misc":{"Pre\u021b":"\u20ac1.500","Disponibilitate":"\u00cen stoc"},"schema":{"@context":"https:\/\/schema.org","@graph":[{"@type":"WebPage","@id":"https:\/\/www.retros-gallery.com\/collection\/furniture\/vintage-desks\/vitra-ad-hoc-workstation-by-antonio-citterio-italy-1990s\/","url":"https:\/\/www.retros-gallery.com\/collection\/furniture\/vintage-desks\/vitra-ad-hoc-workstation-by-antonio-citterio-italy-1990s\/","name":"Sta\u021bie de lucru Vitra Ad Hoc De Antonio Citterio, Italia 1990 - Galeria Retro","isPartOf":{"@id":"https:\/\/www.retros-gallery.com\/#website"},"primaryImageOfPage":{"@id":"https:\/\/www.retros-gallery.com\/collection\/furniture\/vintage-desks\/vitra-ad-hoc-workstation-by-antonio-citterio-italy-1990s\/#primaryimage"},"image":{"@id":"https:\/\/www.retros-gallery.com\/collection\/furniture\/vintage-desks\/vitra-ad-hoc-workstation-by-antonio-citterio-italy-1990s\/#primaryimage"},"thumbnailUrl":"https:\/\/www.retros-gallery.com\/wp-content\/uploads\/2025\/01\/DSC09922-poza2.jpg","datePublished":"2025-01-28T14:59:20+00:00","dateModified":"2026-04-05T13:41:32+00:00","description":"Sta\u021bie de lucru Vitra Ad Hoc De Antonio Citterio Italia Anii 1990 o sta\u021bie de lucru modular\u0103, elegant\u0103 \u0219i func\u021bional\u0103 conceput\u0103 pentru birourile moderne.","breadcrumb":{"@id":"https:\/\/www.retros-gallery.com\/collection\/furniture\/vintage-desks\/vitra-ad-hoc-workstation-by-antonio-citterio-italy-1990s\/#breadcrumb"},"inLanguage":"ro-RO","potentialAction":[{"@type":"ReadAction","target":["https:\/\/www.retros-gallery.com\/collection\/furniture\/vintage-desks\/vitra-ad-hoc-workstation-by-antonio-citterio-italy-1990s\/"]}]},{"@type":"ImageObject","inLanguage":"ro-RO","@id":"https:\/\/www.retros-gallery.com\/collection\/furniture\/vintage-desks\/vitra-ad-hoc-workstation-by-antonio-citterio-italy-1990s\/#primaryimage","url":"https:\/\/www.retros-gallery.com\/wp-content\/uploads\/2025\/01\/DSC09922-poza2.jpg","contentUrl":"https:\/\/www.retros-gallery.com\/wp-content\/uploads\/2025\/01\/DSC09922-poza2.jpg","width":1500,"height":1000,"caption":"DSC09922-poza2"},{"@type":"BreadcrumbList","@id":"https:\/\/www.retros-gallery.com\/collection\/furniture\/vintage-desks\/vitra-ad-hoc-workstation-by-antonio-citterio-italy-1990s\/#breadcrumb","itemListElement":[{"@type":"ListItem","position":1,"name":"Home","item":"https:\/\/www.retros-gallery.com\/"},{"@type":"ListItem","position":2,"name":"Collection","item":"https:\/\/www.retros-gallery.com\/collection\/"},{"@type":"ListItem","position":3,"name":"Furniture","item":"https:\/\/www.retros-gallery.com\/product-category\/furniture\/"},{"@type":"ListItem","position":4,"name":"Desks","item":"https:\/\/www.retros-gallery.com\/product-category\/furniture\/vintage-desks\/"},{"@type":"ListItem","position":5,"name":"Vitra Ad Hoc Workstation By Antonio Citterio, Italy\u00a01990\u2019s"}]},{"@type":"WebSite","@id":"https:\/\/www.retros-gallery.com\/#website","url":"https:\/\/www.retros-gallery.com\/","name":"Retros Gallery","description":"V\u00e2nz\u0103tor de mobil\u0103 de epoc\u0103","publisher":{"@id":"https:\/\/www.retros-gallery.com\/#organization"},"potentialAction":[{"@type":"SearchAction","target":{"@type":"EntryPoint","urlTemplate":"https:\/\/www.retros-gallery.com\/?s={search_term_string}"},"query-input":{"@type":"PropertyValueSpecification","valueRequired":true,"valueName":"search_term_string"}}],"inLanguage":"ro-RO"},{"@type":["Organization","Place"],"@id":"https:\/\/www.retros-gallery.com\/#organization","name":"Retros Gallery","url":"https:\/\/www.retros-gallery.com\/","logo":{"@id":"https:\/\/www.retros-gallery.com\/collection\/furniture\/vintage-desks\/vitra-ad-hoc-workstation-by-antonio-citterio-italy-1990s\/#local-main-organization-logo"},"image":{"@id":"https:\/\/www.retros-gallery.com\/collection\/furniture\/vintage-desks\/vitra-ad-hoc-workstation-by-antonio-citterio-italy-1990s\/#local-main-organization-logo"},"sameAs":["https:\/\/www.facebook.com\/retrosfurniture\/","https:\/\/www.instagram.com\/retros.ro\/"],"telephone":[],"openingHoursSpecification":[{"@type":"OpeningHoursSpecification","dayOfWeek":["Monday","Tuesday","Wednesday","Thursday","Friday","Saturday","Sunday"],"opens":"09:00","closes":"17:00"}]},{"@type":"ImageObject","inLanguage":"ro-RO","@id":"https:\/\/www.retros-gallery.com\/collection\/furniture\/vintage-desks\/vitra-ad-hoc-workstation-by-antonio-citterio-italy-1990s\/#local-main-organization-logo","url":"https:\/\/www.retros-gallery.com\/wp-content\/uploads\/2023\/02\/Asset-2@4x-1.png","contentUrl":"https:\/\/www.retros-gallery.com\/wp-content\/uploads\/2023\/02\/Asset-2@4x-1.png","width":2329,"height":248,"caption":"Retros Gallery"}]},"product_price_amount":"1500","product_price_currency":"EUR","og_availability":"instock","product_availability":"instock","product_retailer_item_id":"DESK1224VITRA03","product_condition":"new"},"_links":{"self":[{"href":"https:\/\/www.retros-gallery.com\/ro\/wp-json\/wp\/v2\/product\/7895","targetHints":{"allow":["GET"]}}],"collection":[{"href":"https:\/\/www.retros-gallery.com\/ro\/wp-json\/wp\/v2\/product"}],"about":[{"href":"https:\/\/www.retros-gallery.com\/ro\/wp-json\/wp\/v2\/types\/product"}],"replies":[{"embeddable":true,"href":"https:\/\/www.retros-gallery.com\/ro\/wp-json\/wp\/v2\/comments?post=7895"}],"wp:featuredmedia":[{"embeddable":true,"href":"https:\/\/www.retros-gallery.com\/ro\/wp-json\/wp\/v2\/media\/7897"}],"wp:attachment":[{"href":"https:\/\/www.retros-gallery.com\/ro\/wp-json\/wp\/v2\/media?parent=7895"}],"wp:term":[{"taxonomy":"product_brand","embeddable":true,"href":"https:\/\/www.retros-gallery.com\/ro\/wp-json\/wp\/v2\/product_brand?post=7895"},{"taxonomy":"product_cat","embeddable":true,"href":"https:\/\/www.retros-gallery.com\/ro\/wp-json\/wp\/v2\/product_cat?post=7895"},{"taxonomy":"product_tag","embeddable":true,"href":"https:\/\/www.retros-gallery.com\/ro\/wp-json\/wp\/v2\/product_tag?post=7895"}],"curies":[{"name":"wp","href":"https:\/\/api.w.org\/{rel}","templated":true}]}}