{"id":7950,"date":"2025-02-14T14:21:38","date_gmt":"2025-02-14T11:21:38","guid":{"rendered":"https:\/\/www.retros-gallery.com\/?post_type=product&#038;p=7950"},"modified":"2025-12-22T01:46:12","modified_gmt":"2025-12-21T22:46:12","slug":"la-mijlocul-secolului-plafoniera-cu-3-brate-italia-anii-1970","status":"publish","type":"product","link":"https:\/\/www.retros-gallery.com\/ro\/colectii\/iluminat\/candelabre\/la-mijlocul-secolului-plafoniera-cu-3-brate-italia-anii-1970\/","title":{"rendered":"Plafoniera Mid-Century cu 3 bra\u021be, Italia, anii 1970"},"content":{"rendered":"<p>Lampa de tavan cu 3 bra\u021be este o dovad\u0103 a designului remarcabil italian de la mijlocul secolului. Complexitatea sa \u0219i materialele unice \u00eel fac un obiect atemporal. Corpul l\u0103mpii este construit din crom, care prezint\u0103 detalii frumoase care \u00eembr\u0103\u021bi\u0219eaz\u0103 nuan\u021bele fulgerului, de asemenea, cu o transparen\u021b\u0103 \u0219i o culoare deosebite.<\/p>\n<p>&nbsp;<\/p>","protected":false},"excerpt":{"rendered":"<p>Lampa de tavan cu 3 bra\u021be este o dovad\u0103 a designului remarcabil italian de la mijlocul secolului. Complexitatea sa \u0219i materialele unice \u00eel fac un obiect atemporal. Corpul l\u0103mpii este construit din crom, care prezint\u0103 detalii frumoase care \u00eembr\u0103\u021bi\u0219eaz\u0103 nuan\u021bele fulgerului, de asemenea, cu o transparen\u021b\u0103 \u0219i o culoare deosebite. &nbsp;<\/p>","protected":false},"featured_media":7952,"comment_status":"open","ping_status":"closed","template":"","meta":[],"product_brand":[],"product_cat":[38,58],"product_tag":[],"class_list":{"0":"post-7950","1":"product","2":"type-product","3":"status-publish","4":"has-post-thumbnail","6":"product_cat-lighting","7":"product_cat-chandellers","9":"first","10":"instock","11":"shipping-taxable","12":"purchasable","13":"product-type-simple"},"yoast_head":"<!-- This site is optimized with the Yoast SEO Premium plugin v24.6 (Yoast SEO v27.4) - https:\/\/yoast.com\/product\/yoast-seo-premium-wordpress\/ -->\n<title>Mid-Century 3-Arm Ceiling Lamp, Italy, 1970s - Retros Gallery<\/title>\n<meta name=\"description\" content=\"Mid-Century 3-Arm Ceiling Lamp, Italy, 1970s \u2013 Elegant vintage Italian design with a sleek brass frame and adjustable arms. Perfect for stylish interiors.\" \/>\n<meta name=\"robots\" content=\"index, follow, max-snippet:-1, max-image-preview:large, max-video-preview:-1\" \/>\n<link rel=\"canonical\" href=\"https:\/\/www.retros-gallery.com\/ro\/colectii\/iluminat\/candelabre\/la-mijlocul-secolului-plafoniera-cu-3-brate-italia-anii-1970\/\" \/>\n<meta property=\"og:locale\" content=\"ro_RO\" \/>\n<meta property=\"og:type\" content=\"article\" \/>\n<meta property=\"og:title\" content=\"Mid-Century 3-Arm Ceiling Lamp, Italy, 1970s\" \/>\n<meta property=\"og:description\" content=\"Mid-Century 3-Arm Ceiling Lamp, Italy, 1970s \u2013 Elegant vintage Italian design with a sleek brass frame and adjustable arms. Perfect for stylish interiors.\" \/>\n<meta property=\"og:url\" content=\"https:\/\/www.retros-gallery.com\/ro\/colectii\/iluminat\/candelabre\/la-mijlocul-secolului-plafoniera-cu-3-brate-italia-anii-1970\/\" \/>\n<meta property=\"og:site_name\" content=\"Retros Gallery\" \/>\n<meta property=\"article:publisher\" content=\"https:\/\/www.facebook.com\/retrosfurniture\/\" \/>\n<meta property=\"article:modified_time\" content=\"2025-12-21T22:46:12+00:00\" \/>\n<meta property=\"og:image\" content=\"https:\/\/www.retros-gallery.com\/wp-content\/uploads\/2025\/02\/DSC09952-poza2.jpg\" \/>\n\t<meta property=\"og:image:width\" content=\"1500\" \/>\n\t<meta property=\"og:image:height\" content=\"1000\" \/>\n\t<meta property=\"og:image:type\" content=\"image\/jpeg\" \/>\n<meta name=\"twitter:card\" content=\"summary_large_image\" \/>\n<meta name=\"twitter:label1\" content=\"Pre\u021b\" \/>\n\t<meta name=\"twitter:data1\" content=\"\u20ac600\" \/>\n\t<meta name=\"twitter:label2\" content=\"Disponibilitate\" \/>\n\t<meta name=\"twitter:data2\" content=\"\u00cen stoc\" \/>\n<script type=\"application\/ld+json\" class=\"yoast-schema-graph\">{\"@context\":\"https:\\\/\\\/schema.org\",\"@graph\":[{\"@type\":\"WebPage\",\"@id\":\"https:\\\/\\\/www.retros-gallery.com\\\/collection\\\/lighting\\\/chandellers\\\/mid-century-3-arm-ceiling-lamp-italy-1970s\\\/\",\"url\":\"https:\\\/\\\/www.retros-gallery.com\\\/collection\\\/lighting\\\/chandellers\\\/mid-century-3-arm-ceiling-lamp-italy-1970s\\\/\",\"name\":\"Mid-Century 3-Arm Ceiling Lamp, Italy, 1970s - Retros Gallery\",\"isPartOf\":{\"@id\":\"https:\\\/\\\/www.retros-gallery.com\\\/#website\"},\"primaryImageOfPage\":{\"@id\":\"https:\\\/\\\/www.retros-gallery.com\\\/collection\\\/lighting\\\/chandellers\\\/mid-century-3-arm-ceiling-lamp-italy-1970s\\\/#primaryimage\"},\"image\":{\"@id\":\"https:\\\/\\\/www.retros-gallery.com\\\/collection\\\/lighting\\\/chandellers\\\/mid-century-3-arm-ceiling-lamp-italy-1970s\\\/#primaryimage\"},\"thumbnailUrl\":\"https:\\\/\\\/www.retros-gallery.com\\\/wp-content\\\/uploads\\\/2025\\\/02\\\/DSC09952-poza2.jpg\",\"datePublished\":\"2025-02-14T11:21:38+00:00\",\"dateModified\":\"2025-12-21T22:46:12+00:00\",\"description\":\"Mid-Century 3-Arm Ceiling Lamp, Italy, 1970s \u2013 Elegant vintage Italian design with a sleek brass frame and adjustable arms. Perfect for stylish interiors.\",\"breadcrumb\":{\"@id\":\"https:\\\/\\\/www.retros-gallery.com\\\/collection\\\/lighting\\\/chandellers\\\/mid-century-3-arm-ceiling-lamp-italy-1970s\\\/#breadcrumb\"},\"inLanguage\":\"ro-RO\",\"potentialAction\":[{\"@type\":\"ReadAction\",\"target\":[\"https:\\\/\\\/www.retros-gallery.com\\\/collection\\\/lighting\\\/chandellers\\\/mid-century-3-arm-ceiling-lamp-italy-1970s\\\/\"]}]},{\"@type\":\"ImageObject\",\"inLanguage\":\"ro-RO\",\"@id\":\"https:\\\/\\\/www.retros-gallery.com\\\/collection\\\/lighting\\\/chandellers\\\/mid-century-3-arm-ceiling-lamp-italy-1970s\\\/#primaryimage\",\"url\":\"https:\\\/\\\/www.retros-gallery.com\\\/wp-content\\\/uploads\\\/2025\\\/02\\\/DSC09952-poza2.jpg\",\"contentUrl\":\"https:\\\/\\\/www.retros-gallery.com\\\/wp-content\\\/uploads\\\/2025\\\/02\\\/DSC09952-poza2.jpg\",\"width\":1500,\"height\":1000,\"caption\":\"DSC09952-poza2\"},{\"@type\":\"BreadcrumbList\",\"@id\":\"https:\\\/\\\/www.retros-gallery.com\\\/collection\\\/lighting\\\/chandellers\\\/mid-century-3-arm-ceiling-lamp-italy-1970s\\\/#breadcrumb\",\"itemListElement\":[{\"@type\":\"ListItem\",\"position\":1,\"name\":\"Home\",\"item\":\"https:\\\/\\\/www.retros-gallery.com\\\/\"},{\"@type\":\"ListItem\",\"position\":2,\"name\":\"Collection\",\"item\":\"https:\\\/\\\/www.retros-gallery.com\\\/collection\\\/\"},{\"@type\":\"ListItem\",\"position\":3,\"name\":\"Lighting\",\"item\":\"https:\\\/\\\/www.retros-gallery.com\\\/product-category\\\/lighting\\\/\"},{\"@type\":\"ListItem\",\"position\":4,\"name\":\"Chandeliers\",\"item\":\"https:\\\/\\\/www.retros-gallery.com\\\/product-category\\\/lighting\\\/chandellers\\\/\"},{\"@type\":\"ListItem\",\"position\":5,\"name\":\"Mid-Century 3-Arm Ceiling Lamp, Italy, 1970s\"}]},{\"@type\":\"WebSite\",\"@id\":\"https:\\\/\\\/www.retros-gallery.com\\\/#website\",\"url\":\"https:\\\/\\\/www.retros-gallery.com\\\/\",\"name\":\"Retros Gallery\",\"description\":\"Vintage Furniture Vendor\",\"publisher\":{\"@id\":\"https:\\\/\\\/www.retros-gallery.com\\\/#organization\"},\"potentialAction\":[{\"@type\":\"SearchAction\",\"target\":{\"@type\":\"EntryPoint\",\"urlTemplate\":\"https:\\\/\\\/www.retros-gallery.com\\\/?s={search_term_string}\"},\"query-input\":{\"@type\":\"PropertyValueSpecification\",\"valueRequired\":true,\"valueName\":\"search_term_string\"}}],\"inLanguage\":\"ro-RO\"},{\"@type\":[\"Organization\",\"Place\"],\"@id\":\"https:\\\/\\\/www.retros-gallery.com\\\/#organization\",\"name\":\"Retros Gallery\",\"url\":\"https:\\\/\\\/www.retros-gallery.com\\\/\",\"logo\":{\"@id\":\"https:\\\/\\\/www.retros-gallery.com\\\/collection\\\/lighting\\\/chandellers\\\/mid-century-3-arm-ceiling-lamp-italy-1970s\\\/#local-main-organization-logo\"},\"image\":{\"@id\":\"https:\\\/\\\/www.retros-gallery.com\\\/collection\\\/lighting\\\/chandellers\\\/mid-century-3-arm-ceiling-lamp-italy-1970s\\\/#local-main-organization-logo\"},\"sameAs\":[\"https:\\\/\\\/www.facebook.com\\\/retrosfurniture\\\/\",\"https:\\\/\\\/www.instagram.com\\\/retros.ro\\\/\"],\"telephone\":[],\"openingHoursSpecification\":[{\"@type\":\"OpeningHoursSpecification\",\"dayOfWeek\":[\"Monday\",\"Tuesday\",\"Wednesday\",\"Thursday\",\"Friday\",\"Saturday\",\"Sunday\"],\"opens\":\"09:00\",\"closes\":\"17:00\"}]},{\"@type\":\"ImageObject\",\"inLanguage\":\"ro-RO\",\"@id\":\"https:\\\/\\\/www.retros-gallery.com\\\/collection\\\/lighting\\\/chandellers\\\/mid-century-3-arm-ceiling-lamp-italy-1970s\\\/#local-main-organization-logo\",\"url\":\"https:\\\/\\\/www.retros-gallery.com\\\/wp-content\\\/uploads\\\/2023\\\/02\\\/Asset-2@4x-1.png\",\"contentUrl\":\"https:\\\/\\\/www.retros-gallery.com\\\/wp-content\\\/uploads\\\/2023\\\/02\\\/Asset-2@4x-1.png\",\"width\":2329,\"height\":248,\"caption\":\"Retros Gallery\"}]}<\/script>\n<meta property=\"product:price:amount\" content=\"600\" \/>\n<meta property=\"product:price:currency\" content=\"EUR\" \/>\n<meta property=\"og:availability\" content=\"instock\" \/>\n<meta property=\"product:availability\" content=\"instock\" \/>\n<meta property=\"product:retailer_item_id\" content=\"CEI0224LM49\" \/>\n<meta property=\"product:condition\" content=\"new\" \/>\n<!-- \/ Yoast SEO Premium plugin. -->","yoast_head_json":{"title":"Plafoniera Mid-Century cu 3 bra\u021be, Italia, anii 1970 - Galeria Retros","description":"Plafoniera Mid-Century cu 3 bra\u021be, Italia, anii 1970 \u2013 Design italian vintage elegant, cu un cadru elegant din alam\u0103 \u0219i bra\u021be reglabile. Perfect pentru interioare elegante.","robots":{"index":"index","follow":"follow","max-snippet":"max-snippet:-1","max-image-preview":"max-image-preview:large","max-video-preview":"max-video-preview:-1"},"canonical":"https:\/\/www.retros-gallery.com\/ro\/colectii\/iluminat\/candelabre\/la-mijlocul-secolului-plafoniera-cu-3-brate-italia-anii-1970\/","og_locale":"ro_RO","og_type":"article","og_title":"Mid-Century 3-Arm Ceiling Lamp, Italy, 1970s","og_description":"Mid-Century 3-Arm Ceiling Lamp, Italy, 1970s \u2013 Elegant vintage Italian design with a sleek brass frame and adjustable arms. Perfect for stylish interiors.","og_url":"https:\/\/www.retros-gallery.com\/ro\/colectii\/iluminat\/candelabre\/la-mijlocul-secolului-plafoniera-cu-3-brate-italia-anii-1970\/","og_site_name":"Retros Gallery","article_publisher":"https:\/\/www.facebook.com\/retrosfurniture\/","article_modified_time":"2025-12-21T22:46:12+00:00","og_image":[{"width":1500,"height":1000,"url":"https:\/\/www.retros-gallery.com\/wp-content\/uploads\/2025\/02\/DSC09952-poza2.jpg","type":"image\/jpeg"}],"twitter_card":"summary_large_image","twitter_misc":{"Pre\u021b":"\u20ac600","Disponibilitate":"\u00cen stoc"},"schema":{"@context":"https:\/\/schema.org","@graph":[{"@type":"WebPage","@id":"https:\/\/www.retros-gallery.com\/collection\/lighting\/chandellers\/mid-century-3-arm-ceiling-lamp-italy-1970s\/","url":"https:\/\/www.retros-gallery.com\/collection\/lighting\/chandellers\/mid-century-3-arm-ceiling-lamp-italy-1970s\/","name":"Plafoniera Mid-Century cu 3 bra\u021be, Italia, anii 1970 - Galeria Retros","isPartOf":{"@id":"https:\/\/www.retros-gallery.com\/#website"},"primaryImageOfPage":{"@id":"https:\/\/www.retros-gallery.com\/collection\/lighting\/chandellers\/mid-century-3-arm-ceiling-lamp-italy-1970s\/#primaryimage"},"image":{"@id":"https:\/\/www.retros-gallery.com\/collection\/lighting\/chandellers\/mid-century-3-arm-ceiling-lamp-italy-1970s\/#primaryimage"},"thumbnailUrl":"https:\/\/www.retros-gallery.com\/wp-content\/uploads\/2025\/02\/DSC09952-poza2.jpg","datePublished":"2025-02-14T11:21:38+00:00","dateModified":"2025-12-21T22:46:12+00:00","description":"Plafoniera Mid-Century cu 3 bra\u021be, Italia, anii 1970 \u2013 Design italian vintage elegant, cu un cadru elegant din alam\u0103 \u0219i bra\u021be reglabile. Perfect pentru interioare elegante.","breadcrumb":{"@id":"https:\/\/www.retros-gallery.com\/collection\/lighting\/chandellers\/mid-century-3-arm-ceiling-lamp-italy-1970s\/#breadcrumb"},"inLanguage":"ro-RO","potentialAction":[{"@type":"ReadAction","target":["https:\/\/www.retros-gallery.com\/collection\/lighting\/chandellers\/mid-century-3-arm-ceiling-lamp-italy-1970s\/"]}]},{"@type":"ImageObject","inLanguage":"ro-RO","@id":"https:\/\/www.retros-gallery.com\/collection\/lighting\/chandellers\/mid-century-3-arm-ceiling-lamp-italy-1970s\/#primaryimage","url":"https:\/\/www.retros-gallery.com\/wp-content\/uploads\/2025\/02\/DSC09952-poza2.jpg","contentUrl":"https:\/\/www.retros-gallery.com\/wp-content\/uploads\/2025\/02\/DSC09952-poza2.jpg","width":1500,"height":1000,"caption":"DSC09952-poza2"},{"@type":"BreadcrumbList","@id":"https:\/\/www.retros-gallery.com\/collection\/lighting\/chandellers\/mid-century-3-arm-ceiling-lamp-italy-1970s\/#breadcrumb","itemListElement":[{"@type":"ListItem","position":1,"name":"Home","item":"https:\/\/www.retros-gallery.com\/"},{"@type":"ListItem","position":2,"name":"Collection","item":"https:\/\/www.retros-gallery.com\/collection\/"},{"@type":"ListItem","position":3,"name":"Lighting","item":"https:\/\/www.retros-gallery.com\/product-category\/lighting\/"},{"@type":"ListItem","position":4,"name":"Chandeliers","item":"https:\/\/www.retros-gallery.com\/product-category\/lighting\/chandellers\/"},{"@type":"ListItem","position":5,"name":"Mid-Century 3-Arm Ceiling Lamp, Italy, 1970s"}]},{"@type":"WebSite","@id":"https:\/\/www.retros-gallery.com\/#website","url":"https:\/\/www.retros-gallery.com\/","name":"Retros Gallery","description":"V\u00e2nz\u0103tor de mobil\u0103 de epoc\u0103","publisher":{"@id":"https:\/\/www.retros-gallery.com\/#organization"},"potentialAction":[{"@type":"SearchAction","target":{"@type":"EntryPoint","urlTemplate":"https:\/\/www.retros-gallery.com\/?s={search_term_string}"},"query-input":{"@type":"PropertyValueSpecification","valueRequired":true,"valueName":"search_term_string"}}],"inLanguage":"ro-RO"},{"@type":["Organization","Place"],"@id":"https:\/\/www.retros-gallery.com\/#organization","name":"Retros Gallery","url":"https:\/\/www.retros-gallery.com\/","logo":{"@id":"https:\/\/www.retros-gallery.com\/collection\/lighting\/chandellers\/mid-century-3-arm-ceiling-lamp-italy-1970s\/#local-main-organization-logo"},"image":{"@id":"https:\/\/www.retros-gallery.com\/collection\/lighting\/chandellers\/mid-century-3-arm-ceiling-lamp-italy-1970s\/#local-main-organization-logo"},"sameAs":["https:\/\/www.facebook.com\/retrosfurniture\/","https:\/\/www.instagram.com\/retros.ro\/"],"telephone":[],"openingHoursSpecification":[{"@type":"OpeningHoursSpecification","dayOfWeek":["Monday","Tuesday","Wednesday","Thursday","Friday","Saturday","Sunday"],"opens":"09:00","closes":"17:00"}]},{"@type":"ImageObject","inLanguage":"ro-RO","@id":"https:\/\/www.retros-gallery.com\/collection\/lighting\/chandellers\/mid-century-3-arm-ceiling-lamp-italy-1970s\/#local-main-organization-logo","url":"https:\/\/www.retros-gallery.com\/wp-content\/uploads\/2023\/02\/Asset-2@4x-1.png","contentUrl":"https:\/\/www.retros-gallery.com\/wp-content\/uploads\/2023\/02\/Asset-2@4x-1.png","width":2329,"height":248,"caption":"Retros Gallery"}]},"product_price_amount":"600","product_price_currency":"EUR","og_availability":"instock","product_availability":"instock","product_retailer_item_id":"CEI0224LM49","product_condition":"new"},"_links":{"self":[{"href":"https:\/\/www.retros-gallery.com\/ro\/wp-json\/wp\/v2\/product\/7950","targetHints":{"allow":["GET"]}}],"collection":[{"href":"https:\/\/www.retros-gallery.com\/ro\/wp-json\/wp\/v2\/product"}],"about":[{"href":"https:\/\/www.retros-gallery.com\/ro\/wp-json\/wp\/v2\/types\/product"}],"replies":[{"embeddable":true,"href":"https:\/\/www.retros-gallery.com\/ro\/wp-json\/wp\/v2\/comments?post=7950"}],"wp:featuredmedia":[{"embeddable":true,"href":"https:\/\/www.retros-gallery.com\/ro\/wp-json\/wp\/v2\/media\/7952"}],"wp:attachment":[{"href":"https:\/\/www.retros-gallery.com\/ro\/wp-json\/wp\/v2\/media?parent=7950"}],"wp:term":[{"taxonomy":"product_brand","embeddable":true,"href":"https:\/\/www.retros-gallery.com\/ro\/wp-json\/wp\/v2\/product_brand?post=7950"},{"taxonomy":"product_cat","embeddable":true,"href":"https:\/\/www.retros-gallery.com\/ro\/wp-json\/wp\/v2\/product_cat?post=7950"},{"taxonomy":"product_tag","embeddable":true,"href":"https:\/\/www.retros-gallery.com\/ro\/wp-json\/wp\/v2\/product_tag?post=7950"}],"curies":[{"name":"wp","href":"https:\/\/api.w.org\/{rel}","templated":true}]}}